{"id":999,"date":"2024-04-03T08:30:50","date_gmt":"2024-04-03T08:30:50","guid":{"rendered":"https:\/\/sqardance.com\/?page_id=999"},"modified":"2025-01-24T05:41:42","modified_gmt":"2025-01-24T05:41:42","slug":"lista-de-pasos","status":"publish","type":"page","link":"https:\/\/sqardance.com\/index.php\/litefeet-dance\/lista-de-pasos\/","title":{"rendered":"Lista de pasos de Lite Feet"},"content":{"rendered":"\n<p>Lite Feet es uno de los estilos de baile dentro del Hip Hop m\u00e1s alegres, adem\u00e1s de ser muy din\u00e1mico tiene un excelente trabajo de pies (footwork). Adem\u00e1s es un estilo que muestra la evoluci\u00f3n del Hip Hop original de New York, por lo que es muy interesante conocerlo. Ac\u00e1 te traigo los pasos m\u00e1s importantes.<\/p>\n\n\n\n<h2 class=\"wp-block-heading\">Lista de los movimientos b\u00e1sicos del Lite Feet<\/h2>\n\n\n\n<p>Seg\u00fan el bailar\u00edn y uno de los creadores de este estilo de baile, ChryBaby, los pasos fundamentales del Lite Feet son los siguientes:<\/p>\n\n\n\n<ul class=\"wp-block-list\">\n<li><a href=\"https:\/\/sqardance.com\/index.php\/litefeet-dance\/lista-de-pasos\/chicken-nooddle-soup\/\" data-type=\"page\" data-id=\"1001\">Chicken Nooddle Soup<\/a><\/li>\n\n\n\n<li><a href=\"https:\/\/sqardance.com\/index.php\/hip-hop\/lista-de-pasos\/tone-whop\/\" data-type=\"page\" data-id=\"1384\">Tone whop<\/a><\/li>\n\n\n\n<li>Rev Up<\/li>\n\n\n\n<li>Bad one<\/li>\n\n\n\n<li>Lock in<\/li>\n<\/ul>\n\n\n\n<p>Si aprendes bien esos pasos, ya ser\u00eda suficiente para aprender a bailar Lite Feet de una manera b\u00e1sica.<\/p>\n\n\n\n<figure class=\"wp-block-embed alignwide is-type-video is-provider-youtube wp-block-embed-youtube\"><div class=\"wp-block-embed__wrapper\">\n<div class=\"nv-iframe-embed\"><div class=\"container-lazyload preview-lazyload container-youtube js-lazyload--not-loaded\"><a href=\"https:\/\/youtu.be\/o8FcG9fncx8?list=PLy8OOwQC7wjwbumKRpskHRQFjZ5awGIom&#038;t=343\" class=\"lazy-load-youtube preview-lazyload preview-youtube\" data-video-title=\"LITEFEET -... to New York (Part Three)\" title=\"Play video &quot;LITEFEET -... to New York (Part Three)&quot;\" target=\"_blank\" rel=\"noopener\">https:\/\/youtu.be\/o8FcG9fncx8?list=PLy8OOwQC7wjwbumKRpskHRQFjZ5awGIom&#038;t=343<\/a><noscript>Video can&#8217;t be loaded because JavaScript is disabled: <a href=\"https:\/\/youtu.be\/o8FcG9fncx8?list=PLy8OOwQC7wjwbumKRpskHRQFjZ5awGIom&#038;t=343\" title=\"LITEFEET -... to New York (Part Three)\" target=\"_blank\" rel=\"noopener\">LITEFEET -&#8230; to New York (Part Three) (https:\/\/youtu.be\/o8FcG9fncx8?list=PLy8OOwQC7wjwbumKRpskHRQFjZ5awGIom&#038;t=343)<\/a><\/noscript><\/div><\/div>\n<\/div><\/figure>\n\n\n\n<h2 class=\"wp-block-heading\">Otros pasos<\/h2>\n\n\n\n<p>Adem\u00e1s de los pasos b\u00e1sicos, tambi\u00e9n existen otros con los que puedes expandir tu baile con esta lista de pasos de lite feet.<\/p>\n\n\n\n<ul class=\"wp-block-list\">\n<li>Tic Tac Toe<\/li>\n\n\n\n<li>Aunt Jackie<\/li>\n\n\n\n<li>good one<\/li>\n\n\n\n<li>pin drop<\/li>\n\n\n\n<li>10GZ<\/li>\n\n\n\n<li>Swiss drop<\/li>\n\n\n\n<li>Stuna Dive<\/li>\n\n\n\n<li>John o clap<\/li>\n<\/ul>\n","protected":false},"excerpt":{"rendered":"<p>Lite Feet es uno de los estilos de baile dentro del Hip Hop m\u00e1s alegres, adem\u00e1s de ser muy din\u00e1mico tiene un excelente trabajo de pies (footwork). Adem\u00e1s es un estilo que muestra la evoluci\u00f3n del Hip Hop original de New York, por lo que es muy interesante conocerlo. Ac\u00e1 te traigo los pasos m\u00e1s&hellip;&nbsp;<a href=\"https:\/\/sqardance.com\/index.php\/litefeet-dance\/lista-de-pasos\/\" rel=\"bookmark\"><span class=\"screen-reader-text\">Lista de pasos de Lite Feet<\/span><\/a><\/p>\n","protected":false},"author":1,"featured_media":0,"parent":993,"menu_order":0,"comment_status":"closed","ping_status":"closed","template":"","meta":{"neve_meta_sidebar":"","neve_meta_container":"","neve_meta_enable_content_width":"","neve_meta_content_width":0,"neve_meta_title_alignment":"","neve_meta_author_avatar":"","neve_post_elements_order":"","neve_meta_disable_header":"","neve_meta_disable_footer":"","neve_meta_disable_title":"","footnotes":""},"class_list":["post-999","page","type-page","status-publish","hentry"],"_links":{"self":[{"href":"https:\/\/sqardance.com\/index.php\/wp-json\/wp\/v2\/pages\/999","targetHints":{"allow":["GET"]}}],"collection":[{"href":"https:\/\/sqardance.com\/index.php\/wp-json\/wp\/v2\/pages"}],"about":[{"href":"https:\/\/sqardance.com\/index.php\/wp-json\/wp\/v2\/types\/page"}],"author":[{"embeddable":true,"href":"https:\/\/sqardance.com\/index.php\/wp-json\/wp\/v2\/users\/1"}],"replies":[{"embeddable":true,"href":"https:\/\/sqardance.com\/index.php\/wp-json\/wp\/v2\/comments?post=999"}],"version-history":[{"count":9,"href":"https:\/\/sqardance.com\/index.php\/wp-json\/wp\/v2\/pages\/999\/revisions"}],"predecessor-version":[{"id":1560,"href":"https:\/\/sqardance.com\/index.php\/wp-json\/wp\/v2\/pages\/999\/revisions\/1560"}],"up":[{"embeddable":true,"href":"https:\/\/sqardance.com\/index.php\/wp-json\/wp\/v2\/pages\/993"}],"wp:attachment":[{"href":"https:\/\/sqardance.com\/index.php\/wp-json\/wp\/v2\/media?parent=999"}],"curies":[{"name":"wp","href":"https:\/\/api.w.org\/{rel}","templated":true}]}}