{"id":993,"date":"2024-04-03T08:21:27","date_gmt":"2024-04-03T08:21:27","guid":{"rendered":"https:\/\/sqardance.com\/?page_id=993"},"modified":"2025-09-09T04:25:43","modified_gmt":"2025-09-09T04:25:43","slug":"litefeet-dance","status":"publish","type":"page","link":"https:\/\/sqardance.com\/index.php\/litefeet-dance\/","title":{"rendered":"Litefeet Dance"},"content":{"rendered":"\n<p>El litefeet es un estilo de baile que se encuentra dentro de la cultura del Hip Hop, es uno de los m\u00e1s populares en Nueva York y muchos consideran que es la evoluci\u00f3n del Hip Hop original. Te invito a conocerlo con los siguientes art\u00edculos.<\/p>\n\n\n\n<figure class=\"wp-block-gallery has-nested-images columns-default is-cropped wp-block-gallery-1 is-layout-flex wp-block-gallery-is-layout-flex\">\n<figure class=\"wp-block-image size-large\"><a href=\"https:\/\/sqardance.com\/index.php\/litefeet-dance\/que-es\/\"><img decoding=\"async\" width=\"640\" height=\"960\" data-id=\"906\" data-src=\"https:\/\/sqardance.com\/wp-content\/uploads\/2024\/03\/pexels-bianca-gabas-2467768.jpg\" alt=\"\" class=\"wp-image-906 lazyload\" data-srcset=\"https:\/\/sqardance.com\/wp-content\/uploads\/2024\/03\/pexels-bianca-gabas-2467768.jpg 640w, https:\/\/sqardance.com\/wp-content\/uploads\/2024\/03\/pexels-bianca-gabas-2467768-200x300.jpg 200w\" data-sizes=\"(max-width: 640px) 100vw, 640px\" src=\"data:image\/svg+xml;base64,PHN2ZyB3aWR0aD0iMSIgaGVpZ2h0PSIxIiB4bWxucz0iaHR0cDovL3d3dy53My5vcmcvMjAwMC9zdmciPjwvc3ZnPg==\" style=\"--smush-placeholder-width: 640px; --smush-placeholder-aspect-ratio: 640\/960;\" \/><\/a><figcaption class=\"wp-element-caption\"><a href=\"https:\/\/sqardance.com\/index.php\/litefeet-dance\/que-es\/\" data-type=\"page\" data-id=\"981\">Qu\u00e9 es el Lite Feet<\/a><\/figcaption><\/figure>\n\n\n\n<figure class=\"wp-block-image size-large\"><a href=\"https:\/\/sqardance.com\/index.php\/litefeet-dance\/historia\/\"><img decoding=\"async\" width=\"1024\" height=\"576\" data-id=\"1052\" data-src=\"https:\/\/sqardance.com\/wp-content\/uploads\/2024\/04\/Chrybaby-1024x576.jpg\" alt=\"\" class=\"wp-image-1052 lazyload\" data-srcset=\"https:\/\/sqardance.com\/wp-content\/uploads\/2024\/04\/Chrybaby-1024x576.jpg 1024w, https:\/\/sqardance.com\/wp-content\/uploads\/2024\/04\/Chrybaby-300x169.jpg 300w, https:\/\/sqardance.com\/wp-content\/uploads\/2024\/04\/Chrybaby-768x432.jpg 768w, https:\/\/sqardance.com\/wp-content\/uploads\/2024\/04\/Chrybaby-scaled.jpg 1000w\" data-sizes=\"(max-width: 1024px) 100vw, 1024px\" src=\"data:image\/svg+xml;base64,PHN2ZyB3aWR0aD0iMSIgaGVpZ2h0PSIxIiB4bWxucz0iaHR0cDovL3d3dy53My5vcmcvMjAwMC9zdmciPjwvc3ZnPg==\" style=\"--smush-placeholder-width: 1024px; --smush-placeholder-aspect-ratio: 1024\/576;\" \/><\/a><figcaption class=\"wp-element-caption\"><a href=\"https:\/\/sqardance.com\/index.php\/litefeet-dance\/historia\/\" data-type=\"page\" data-id=\"1020\">Historia del Lite Feet<\/a><\/figcaption><\/figure>\n\n\n\n<figure class=\"wp-block-image size-large\"><a href=\"https:\/\/sqardance.com\/index.php\/litefeet-dance\/lista-de-pasos\/\"><img decoding=\"async\" width=\"600\" height=\"469\" data-id=\"1035\" data-src=\"https:\/\/sqardance.com\/wp-content\/uploads\/2024\/03\/ChickenNoodelSoup-1.png\" alt=\"Chicken Noodle Soup paso de Lite Feet\" class=\"wp-image-1035 lazyload\" data-srcset=\"https:\/\/sqardance.com\/wp-content\/uploads\/2024\/03\/ChickenNoodelSoup-1.png 600w, https:\/\/sqardance.com\/wp-content\/uploads\/2024\/03\/ChickenNoodelSoup-1-300x235.png 300w\" data-sizes=\"(max-width: 600px) 100vw, 600px\" src=\"data:image\/svg+xml;base64,PHN2ZyB3aWR0aD0iMSIgaGVpZ2h0PSIxIiB4bWxucz0iaHR0cDovL3d3dy53My5vcmcvMjAwMC9zdmciPjwvc3ZnPg==\" style=\"--smush-placeholder-width: 600px; --smush-placeholder-aspect-ratio: 600\/469;\" \/><\/a><figcaption class=\"wp-element-caption\"><a href=\"https:\/\/sqardance.com\/index.php\/litefeet-dance\/lista-de-pasos\/\" data-type=\"page\" data-id=\"999\">Lista de pasos del Lite Feet<\/a><\/figcaption><\/figure>\n<\/figure>\n","protected":false},"excerpt":{"rendered":"<p>El litefeet es un estilo de baile que se encuentra dentro de la cultura del Hip Hop, es uno de los m\u00e1s populares en Nueva York y muchos consideran que es la evoluci\u00f3n del Hip Hop original. Te invito a conocerlo con los siguientes art\u00edculos.<\/p>\n","protected":false},"author":1,"featured_media":0,"parent":0,"menu_order":0,"comment_status":"closed","ping_status":"closed","template":"","meta":{"neve_meta_sidebar":"","neve_meta_container":"","neve_meta_enable_content_width":"","neve_meta_content_width":0,"neve_meta_title_alignment":"","neve_meta_author_avatar":"","neve_post_elements_order":"","neve_meta_disable_header":"","neve_meta_disable_footer":"","neve_meta_disable_title":"","footnotes":""},"class_list":["post-993","page","type-page","status-publish","hentry"],"_links":{"self":[{"href":"https:\/\/sqardance.com\/index.php\/wp-json\/wp\/v2\/pages\/993","targetHints":{"allow":["GET"]}}],"collection":[{"href":"https:\/\/sqardance.com\/index.php\/wp-json\/wp\/v2\/pages"}],"about":[{"href":"https:\/\/sqardance.com\/index.php\/wp-json\/wp\/v2\/types\/page"}],"author":[{"embeddable":true,"href":"https:\/\/sqardance.com\/index.php\/wp-json\/wp\/v2\/users\/1"}],"replies":[{"embeddable":true,"href":"https:\/\/sqardance.com\/index.php\/wp-json\/wp\/v2\/comments?post=993"}],"version-history":[{"count":3,"href":"https:\/\/sqardance.com\/index.php\/wp-json\/wp\/v2\/pages\/993\/revisions"}],"predecessor-version":[{"id":1756,"href":"https:\/\/sqardance.com\/index.php\/wp-json\/wp\/v2\/pages\/993\/revisions\/1756"}],"wp:attachment":[{"href":"https:\/\/sqardance.com\/index.php\/wp-json\/wp\/v2\/media?parent=993"}],"curies":[{"name":"wp","href":"https:\/\/api.w.org\/{rel}","templated":true}]}}