{"id":981,"date":"2024-04-03T08:26:16","date_gmt":"2024-04-03T08:26:16","guid":{"rendered":"https:\/\/sqardance.com\/?page_id=981"},"modified":"2025-01-27T05:29:55","modified_gmt":"2025-01-27T05:29:55","slug":"que-es","status":"publish","type":"page","link":"https:\/\/sqardance.com\/index.php\/litefeet-dance\/que-es\/","title":{"rendered":"\u00bfQu\u00e9 es LiteFeet Dance?"},"content":{"rendered":"\n<p>Lite Feet (algunas veces escrito todo unido &#8220;Litefeet&#8221;) que traduce traduce pies ligeros, es una subcultura que nace del baile de m\u00fasica urbana derivado del Hip Hop New School. Algunos lo llaman la evoluci\u00f3n de la cultura del Hip Hop en New York City, espec\u00edficamente en Harlem y el Bronx, donde tambi\u00e9n nace el Hip Hop d\u00e9cadas atr\u00e1s, ambos tienen sus <a href=\"https:\/\/sqardance.com\/index.php\/hip-hop\/elementos\/\" data-type=\"page\" data-id=\"437\" target=\"_blank\" rel=\"noreferrer noopener\">elementos<\/a>. El baile se cre\u00f3 a partir de eventos que animaban el baile en el medio tiempo de torneos locales de Basketball, luego se populariz\u00f3 como una forma de obtener ingresos bailando en los metros de la ciudad, no se cre\u00f3 para bailar en fiestas, aunque muchos de sus pasos s\u00ed nacen de ah\u00ed, como el paso Chicken Noodle Soup. Ahora se utiliza mucho en batallas de baile y coreograf\u00edas. Ac\u00e1 te traigo m\u00e1s en detalle qu\u00e9 es todo este estilo de baile y su m\u00fasica.<\/p>\n\n\n\n<figure class=\"wp-block-embed alignwide is-type-video is-provider-youtube wp-block-embed-youtube\"><div class=\"wp-block-embed__wrapper\">\n<div class=\"nv-iframe-embed\"><div class=\"container-lazyload preview-lazyload container-youtube js-lazyload--not-loaded\"><a href=\"https:\/\/youtu.be\/bK1c83d60BA\" class=\"lazy-load-youtube preview-lazyload preview-youtube\" data-video-title=\"\u00bfQu\u00e9 es LiteFeet? La evoluci\u00f3n del Hip Hop de NY\" title=\"Play video &quot;\u00bfQu\u00e9 es LiteFeet? La evoluci\u00f3n del Hip Hop de NY&quot;\" target=\"_blank\" rel=\"noopener\">https:\/\/youtu.be\/bK1c83d60BA<\/a><noscript>Video can&#8217;t be loaded because JavaScript is disabled: <a href=\"https:\/\/youtu.be\/bK1c83d60BA\" title=\"\u00bfQu\u00e9 es LiteFeet? La evoluci\u00f3n del Hip Hop de NY\" target=\"_blank\" rel=\"noopener\">\u00bfQu\u00e9 es LiteFeet? La evoluci\u00f3n del Hip Hop de NY (https:\/\/youtu.be\/bK1c83d60BA)<\/a><\/noscript><\/div><\/div>\n<\/div><\/figure>\n\n\n\n<h2 class=\"wp-block-heading\">Contenido<\/h2>\n\n\n\n<ul class=\"wp-block-list\">\n<li><a href=\"#Caracteristicas\" data-type=\"internal\" data-id=\"#Caracteristicas\">Caracter\u00edsticas del estilo de baile LiteFeet<\/a><\/li>\n\n\n\n<li><a href=\"#Musica\" data-type=\"internal\" data-id=\"#Musica\">M\u00fasica que se usa para bailar el Lite Feet<\/a><\/li>\n<\/ul>\n\n\n\n<h2 class=\"wp-block-heading\" id=\"Caracteristicas\">Caracter\u00edsticas del estilo de baile LiteFeet<\/h2>\n\n\n\n<p>Como el nombre lo indica, es un baile que utiliza mucho es Footwork. El groove es basado en el Hip Hop con una tendencia a ser muy relajado, no es el Hip Hop agresivo. A la hora de bailar se trata de hacer sentir que est\u00e1 casi flotando o que tocar el suelo es algo muy suave. Acorde a uno de los padres del Lite Feet, Chrybaby Cozie, el LiteFeet nace de 2 danzas. Una es Tone Wop, que hace parte de Hip Hop Party Dance New School y Chicken Noodle Soup, y de ah\u00ed nace el Rev Up. <\/p>\n\n\n\n<figure class=\"wp-block-embed alignwide is-type-video is-provider-youtube wp-block-embed-youtube\"><div class=\"wp-block-embed__wrapper\">\n<div class=\"nv-iframe-embed\"><div class=\"container-lazyload preview-lazyload container-youtube js-lazyload--not-loaded\"><a href=\"https:\/\/youtu.be\/ydjN0-4tSPk?t=16\" class=\"lazy-load-youtube preview-lazyload preview-youtube\" data-video-title=\"YAK Dance Tutorials - Chrybaby Cozie Tutorial Part 1 of 4 &quot;Rev Up&quot; | Lite Feet | YAK FILMS\" title=\"Play video &quot;YAK Dance Tutorials - Chrybaby Cozie Tutorial Part 1 of 4 &quot;Rev Up&quot; | Lite Feet | YAK FILMS&quot;\" target=\"_blank\" rel=\"noopener\">https:\/\/youtu.be\/ydjN0-4tSPk?t=16<\/a><noscript>Video can&#8217;t be loaded because JavaScript is disabled: <a href=\"https:\/\/youtu.be\/ydjN0-4tSPk?t=16\" title=\"YAK Dance Tutorials - Chrybaby Cozie Tutorial Part 1 of 4 &quot;Rev Up&quot; | Lite Feet | YAK FILMS\" target=\"_blank\" rel=\"noopener\">YAK Dance Tutorials &#8211; Chrybaby Cozie Tutorial Part 1 of 4 &quot;Rev Up&quot; | Lite Feet | YAK FILMS (https:\/\/youtu.be\/ydjN0-4tSPk?t=16)<\/a><\/noscript><\/div><\/div>\n<\/div><\/figure>\n\n\n\n<p>Entre los pasos fundamentales se encuentran Rev Up, Bad One, Chicken Noodle Soup, Harlem Shake, y Tic Tac Toe. En estos se observa que los brazos y el torso son muy sueltos. Tambi\u00e9n hay uno muy particular llamado Lock In, que consiste en abrir y cerrar de una forma explosiva para marcar un acento de la canci\u00f3n, que usualmente es el tiempo 4 del \u00faltimo comp\u00e1s o el primero del primer comp\u00e1s en una vuelta musical. Ac\u00e1 te dejo un ejemplo de este estilo de baile.<\/p>\n\n\n\n<figure class=\"wp-block-embed alignwide is-type-video is-provider-youtube wp-block-embed-youtube\"><div class=\"wp-block-embed__wrapper\">\n<div class=\"nv-iframe-embed\"><div class=\"container-lazyload preview-lazyload container-youtube js-lazyload--not-loaded\"><a href=\"https:\/\/youtu.be\/TS2443ltp6w\" class=\"lazy-load-youtube preview-lazyload preview-youtube\" data-video-title=\"Lite Feet choreography by Amir Nizamov\" title=\"Play video &quot;Lite Feet choreography by Amir Nizamov&quot;\" target=\"_blank\" rel=\"noopener\">https:\/\/youtu.be\/TS2443ltp6w<\/a><noscript>Video can&#8217;t be loaded because JavaScript is disabled: <a href=\"https:\/\/youtu.be\/TS2443ltp6w\" title=\"Lite Feet choreography by Amir Nizamov\" target=\"_blank\" rel=\"noopener\">Lite Feet choreography by Amir Nizamov (https:\/\/youtu.be\/TS2443ltp6w)<\/a><\/noscript><\/div><\/div>\n<\/div><\/figure>\n\n\n\n<p>En un inicio sol\u00eda utilizarse acrobacias con tubos, porque se bailaba en el metro de NY. Algo que al salir de ese entorno se vuelve dif\u00edcil de replicar. Tambi\u00e9n hay otra caracter\u00edstica interesante del Lite Feet y es el juego con los accesorios y la ropa. Por ejemplo con los tennis o las gorras. La idea es lanzarlos, hacer que giren y quitarlos o ponerlos de formas originales al ritmo de la m\u00fasica.<\/p>\n\n\n\n<figure class=\"wp-block-embed alignwide is-type-video is-provider-youtube wp-block-embed-youtube\"><div class=\"wp-block-embed__wrapper\">\n<div class=\"nv-iframe-embed\"><div class=\"container-lazyload preview-lazyload container-youtube js-lazyload--not-loaded\"><a href=\"https:\/\/youtu.be\/rx3Fz9jYMJQ?t=116\" class=\"lazy-load-youtube preview-lazyload preview-youtube\" data-video-title=\"Welcome to the LITE FEET world !!!\" title=\"Play video &quot;Welcome to the LITE FEET world !!!&quot;\" target=\"_blank\" rel=\"noopener\">https:\/\/youtu.be\/rx3Fz9jYMJQ?t=116<\/a><noscript>Video can&#8217;t be loaded because JavaScript is disabled: <a href=\"https:\/\/youtu.be\/rx3Fz9jYMJQ?t=116\" title=\"Welcome to the LITE FEET world !!!\" target=\"_blank\" rel=\"noopener\">Welcome to the LITE FEET world !!! (https:\/\/youtu.be\/rx3Fz9jYMJQ?t=116)<\/a><\/noscript><\/div><\/div>\n<\/div><\/figure>\n\n\n\n<h2 class=\"wp-block-heading\" id=\"Musica\">M\u00fasica que se usa para bailar el LiteFeet<\/h2>\n\n\n\n<p>La m\u00fasica con la que se baila el Lite Feet es un subestilo de hip hop, el g\u00e9nero musical tambi\u00e9n se llama Lite Feet. Su tempo usualmente no es tan alto, suele estar alrededor de 100BPM. La sensaci\u00f3n que genera es bastante alegre y muy groovy (que genera movimiento involuntario para seguir la m\u00fasica).<\/p>\n\n\n\n<p><strong>La percusi\u00f3n<\/strong> es lo m\u00e1s caracter\u00edstico se caracteriza por marcar los tiempos pares de un comp\u00e1s con un snare o clap, en especial el \u00faltimo beat de cada vuelta musical. Tambi\u00e9n marca el primer tiempo de cada comp\u00e1s con el bombo o kick. El tercer tiempo del compas no siempre se marca con la percusi\u00f3n, puede que s\u00ed o puede que no, aunque no es lo usual. Los dem\u00e1s golpes de la percusi\u00f3n suelen ir a destiempo o marcando figuras como el corcheas o semicorcheas, lo que le da una sensaci\u00f3n de ser bastante r\u00e1pida. Si te parece un poco raro de lo que estoy hablando, te recomiendo el art\u00edculo sobre el <a href=\"https:\/\/sqardance.com\/index.php\/fundamentos-de-la-danza\/como-contar-los-tiempos-musicales-en-el-baile\/\" data-type=\"page\" data-id=\"601\">ritmo musical en la danza<\/a>.<\/p>\n\n\n\n<p> <strong>Tiene muchos samples<\/strong>, incluidos muchos de voz, que se <strong>suelen repetir bastante<\/strong> siguiendo patrones r\u00edtmicos. Tambi\u00e9n suele tener muchos <strong>sonidos de scratch<\/strong> con una tornamesa para <strong>macar el final de una vuelta musical<\/strong>. Durante gran parte de la canci\u00f3n suelen ser bases r\u00edtmicas con mucho groove, que incitan a bailar. De acompa\u00f1amiento tiene un sintetizador que a veces genera melod\u00edas tambi\u00e9n.<\/p>\n\n\n\n<figure class=\"wp-block-embed alignwide is-type-video is-provider-youtube wp-block-embed-youtube\"><div class=\"wp-block-embed__wrapper\">\n<div class=\"nv-iframe-embed\"><div class=\"container-lazyload preview-lazyload container-youtube js-lazyload--not-loaded\"><a href=\"https:\/\/youtu.be\/gr_umePhpVg\" class=\"lazy-load-youtube preview-lazyload preview-youtube\" data-video-title=\"Public Power\" title=\"Play video &quot;Public Power&quot;\" target=\"_blank\" rel=\"noopener\">https:\/\/youtu.be\/gr_umePhpVg<\/a><noscript>Video can&#8217;t be loaded because JavaScript is disabled: <a href=\"https:\/\/youtu.be\/gr_umePhpVg\" title=\"Public Power\" target=\"_blank\" rel=\"noopener\">Public Power (https:\/\/youtu.be\/gr_umePhpVg)<\/a><\/noscript><\/div><\/div>\n<\/div><\/figure>\n\n\n\n<h2 class=\"wp-block-heading\">Otros art\u00edculos que te pueden interesar<\/h2>\n\n\n\n<figure class=\"wp-block-gallery has-nested-images columns-default is-cropped wp-block-gallery-1 is-layout-flex wp-block-gallery-is-layout-flex\">\n<figure class=\"wp-block-image size-large\"><a href=\"https:\/\/sqardance.com\/index.php\/hip-hop\/lista-de-pasos\/\"><img decoding=\"async\" width=\"640\" height=\"960\" data-id=\"906\" data-src=\"https:\/\/sqardance.com\/wp-content\/uploads\/2024\/03\/pexels-bianca-gabas-2467768.jpg\" alt=\"\" class=\"wp-image-906 lazyload\" data-srcset=\"https:\/\/sqardance.com\/wp-content\/uploads\/2024\/03\/pexels-bianca-gabas-2467768.jpg 640w, https:\/\/sqardance.com\/wp-content\/uploads\/2024\/03\/pexels-bianca-gabas-2467768-200x300.jpg 200w\" data-sizes=\"(max-width: 640px) 100vw, 640px\" src=\"data:image\/svg+xml;base64,PHN2ZyB3aWR0aD0iMSIgaGVpZ2h0PSIxIiB4bWxucz0iaHR0cDovL3d3dy53My5vcmcvMjAwMC9zdmciPjwvc3ZnPg==\" style=\"--smush-placeholder-width: 640px; --smush-placeholder-aspect-ratio: 640\/960;\" \/><\/a><figcaption class=\"wp-element-caption\"><a href=\"https:\/\/sqardance.com\/index.php\/hip-hop\/lista-de-pasos\/\" data-type=\"page\" data-id=\"112\">Lista de pasos de Hip Hop<\/a><\/figcaption><\/figure>\n\n\n\n<figure class=\"wp-block-image size-large\"><a href=\"https:\/\/sqardance.com\/index.php\/hip-hop\/elementos\/\"><img decoding=\"async\" width=\"640\" height=\"972\" data-id=\"466\" data-src=\"https:\/\/sqardance.com\/wp-content\/uploads\/2023\/11\/pexels-sarah-trummer-955798-1.jpg\" alt=\"Elementos del Hip Hop\" class=\"wp-image-466 lazyload\" data-srcset=\"https:\/\/sqardance.com\/wp-content\/uploads\/2023\/11\/pexels-sarah-trummer-955798-1.jpg 640w, https:\/\/sqardance.com\/wp-content\/uploads\/2023\/11\/pexels-sarah-trummer-955798-1-198x300.jpg 198w\" data-sizes=\"(max-width: 640px) 100vw, 640px\" src=\"data:image\/svg+xml;base64,PHN2ZyB3aWR0aD0iMSIgaGVpZ2h0PSIxIiB4bWxucz0iaHR0cDovL3d3dy53My5vcmcvMjAwMC9zdmciPjwvc3ZnPg==\" style=\"--smush-placeholder-width: 640px; --smush-placeholder-aspect-ratio: 640\/972;\" \/><\/a><figcaption class=\"wp-element-caption\"><a href=\"https:\/\/sqardance.com\/index.php\/hip-hop\/elementos\/\" data-type=\"page\" data-id=\"437\">Elementos del Hip Hop<\/a><\/figcaption><\/figure>\n\n\n\n<figure class=\"wp-block-image size-large\"><a href=\"https:\/\/sqardance.com\/index.php\/hip-hop\/lista-de-pasos\/reebok\/\"><img decoding=\"async\" width=\"640\" height=\"960\" data-id=\"729\" data-src=\"https:\/\/sqardance.com\/wp-content\/uploads\/2024\/02\/pexels-erick-alfredo-sasi-6601918.jpg\" alt=\"\" class=\"wp-image-729 lazyload\" data-srcset=\"https:\/\/sqardance.com\/wp-content\/uploads\/2024\/02\/pexels-erick-alfredo-sasi-6601918.jpg 640w, https:\/\/sqardance.com\/wp-content\/uploads\/2024\/02\/pexels-erick-alfredo-sasi-6601918-200x300.jpg 200w\" data-sizes=\"(max-width: 640px) 100vw, 640px\" src=\"data:image\/svg+xml;base64,PHN2ZyB3aWR0aD0iMSIgaGVpZ2h0PSIxIiB4bWxucz0iaHR0cDovL3d3dy53My5vcmcvMjAwMC9zdmciPjwvc3ZnPg==\" style=\"--smush-placeholder-width: 640px; --smush-placeholder-aspect-ratio: 640\/960;\" \/><\/a><figcaption class=\"wp-element-caption\"><a href=\"https:\/\/sqardance.com\/index.php\/hip-hop\/lista-de-pasos\/reebok\/\" data-type=\"page\" data-id=\"129\">Paso Reebok de Hip Hop Party Dance<\/a><\/figcaption><\/figure>\n<\/figure>\n","protected":false},"excerpt":{"rendered":"<p>Lite Feet (algunas veces escrito todo unido &#8220;Litefeet&#8221;) que traduce traduce pies ligeros, es una subcultura que nace del baile de m\u00fasica urbana derivado del Hip Hop New School. Algunos lo llaman la evoluci\u00f3n de la cultura del Hip Hop en New York City, espec\u00edficamente en Harlem y el Bronx, donde tambi\u00e9n nace el Hip&hellip;&nbsp;<a href=\"https:\/\/sqardance.com\/index.php\/litefeet-dance\/que-es\/\" rel=\"bookmark\"><span class=\"screen-reader-text\">\u00bfQu\u00e9 es LiteFeet Dance?<\/span><\/a><\/p>\n","protected":false},"author":1,"featured_media":0,"parent":993,"menu_order":0,"comment_status":"closed","ping_status":"closed","template":"","meta":{"neve_meta_sidebar":"","neve_meta_container":"","neve_meta_enable_content_width":"","neve_meta_content_width":0,"neve_meta_title_alignment":"","neve_meta_author_avatar":"","neve_post_elements_order":"","neve_meta_disable_header":"","neve_meta_disable_footer":"","neve_meta_disable_title":"","footnotes":""},"class_list":["post-981","page","type-page","status-publish","hentry"],"_links":{"self":[{"href":"https:\/\/sqardance.com\/index.php\/wp-json\/wp\/v2\/pages\/981","targetHints":{"allow":["GET"]}}],"collection":[{"href":"https:\/\/sqardance.com\/index.php\/wp-json\/wp\/v2\/pages"}],"about":[{"href":"https:\/\/sqardance.com\/index.php\/wp-json\/wp\/v2\/types\/page"}],"author":[{"embeddable":true,"href":"https:\/\/sqardance.com\/index.php\/wp-json\/wp\/v2\/users\/1"}],"replies":[{"embeddable":true,"href":"https:\/\/sqardance.com\/index.php\/wp-json\/wp\/v2\/comments?post=981"}],"version-history":[{"count":21,"href":"https:\/\/sqardance.com\/index.php\/wp-json\/wp\/v2\/pages\/981\/revisions"}],"predecessor-version":[{"id":1570,"href":"https:\/\/sqardance.com\/index.php\/wp-json\/wp\/v2\/pages\/981\/revisions\/1570"}],"up":[{"embeddable":true,"href":"https:\/\/sqardance.com\/index.php\/wp-json\/wp\/v2\/pages\/993"}],"wp:attachment":[{"href":"https:\/\/sqardance.com\/index.php\/wp-json\/wp\/v2\/media?parent=981"}],"curies":[{"name":"wp","href":"https:\/\/api.w.org\/{rel}","templated":true}]}}