{"id":890,"date":"2024-03-16T08:08:49","date_gmt":"2024-03-16T08:08:49","guid":{"rendered":"https:\/\/sqardance.com\/?page_id=890"},"modified":"2024-03-16T08:09:23","modified_gmt":"2024-03-16T08:09:23","slug":"donde-se-practica-la-danza-urbana","status":"publish","type":"page","link":"https:\/\/sqardance.com\/index.php\/clases-de-baile\/donde-se-practica-la-danza-urbana\/","title":{"rendered":"\u00bfD\u00f3nde se practica la danza urbana?"},"content":{"rendered":"\n<div class=\"wp-block-group\"><div class=\"wp-block-group__inner-container is-layout-constrained wp-block-group-is-layout-constrained\">\n<p>La danza ha estado presente en la cultura desde hace miles de a\u00f1os, expresando emociones, contando historias y celebrando tradiciones. Se practica en lugares tan diversos como las calles de R\u00edo de Janeiro, los salones de baile de Viena o los templos de la India. Y la danza urbana no es distinta, nace en distintos lugares y ac\u00e1 veremos cu\u00e1les son los sitios m\u00e1s comunes en los que las personas practican el baile en todo el mundo.<\/p>\n\n\n<div class=\"wp-block-image\">\n<figure class=\"alignright size-large is-resized\"><img decoding=\"async\" width=\"1024\" height=\"682\" data-src=\"https:\/\/sqardance.com\/wp-content\/uploads\/2024\/01\/pexels-allan-mas-5368956-1024x682.jpg\" alt=\"D\u00f3nde se practica la danza urbana\" class=\"wp-image-721 lazyload\" style=\"--smush-placeholder-width: 1024px; --smush-placeholder-aspect-ratio: 1024\/682;width:480px;height:auto\" data-srcset=\"https:\/\/sqardance.com\/wp-content\/uploads\/2024\/01\/pexels-allan-mas-5368956-1024x682.jpg 1024w, https:\/\/sqardance.com\/wp-content\/uploads\/2024\/01\/pexels-allan-mas-5368956-300x200.jpg 300w, https:\/\/sqardance.com\/wp-content\/uploads\/2024\/01\/pexels-allan-mas-5368956-768x512.jpg 768w, https:\/\/sqardance.com\/wp-content\/uploads\/2024\/01\/pexels-allan-mas-5368956-930x620.jpg 930w, https:\/\/sqardance.com\/wp-content\/uploads\/2024\/01\/pexels-allan-mas-5368956-scaled.jpg 1000w\" data-sizes=\"(max-width: 1024px) 100vw, 1024px\" src=\"data:image\/svg+xml;base64,PHN2ZyB3aWR0aD0iMSIgaGVpZ2h0PSIxIiB4bWxucz0iaHR0cDovL3d3dy53My5vcmcvMjAwMC9zdmciPjwvc3ZnPg==\" \/><\/figure><\/div><\/div><\/div>\n\n\n\n<h2 class=\"wp-block-heading\">Contenido<\/h2>\n\n\n\n<ul class=\"wp-block-list\">\n<li><a href=\"#ClubsRave\" data-type=\"internal\" data-id=\"#ClubsRave\">Clubs\/Rave<\/a><\/li>\n\n\n\n<li><a href=\"#Calle\" data-type=\"internal\" data-id=\"#Calle\">Grupos de baile callejeros<\/a><\/li>\n\n\n\n<li><a href=\"#Cypher\" data-type=\"internal\" data-id=\"#Cypher\">Cypher<\/a><\/li>\n\n\n\n<li><a href=\"#Clases\" data-type=\"internal\" data-id=\"#Clases\">Clases <\/a><\/li>\n\n\n\n<li><a href=\"#Competencias\" data-type=\"internal\" data-id=\"#Competencias\">Competencias<\/a><\/li>\n\n\n\n<li><a href=\"#Gimnasios\" data-type=\"internal\" data-id=\"#Gimnasios\">Gimnasios<\/a><\/li>\n<\/ul>\n\n\n\n<h2 class=\"wp-block-heading\" id=\"ClubsRave\">Clubs\/Rave<\/h2>\n\n\n\n<p>Un lugar que fue creado para bailar fue el club nocturno. Ah\u00ed se han creado varios estilos, como el House. Una variaci\u00f3n, fueron los raves, el cual trajo otros estilos de baile, como el <a href=\"https:\/\/sqardance.com\/index.php\/shuffle\/\" data-type=\"page\" data-id=\"73\">Shuffle Dance<\/a>. El concepto en ambos lugares es que un DJ pone la m\u00fasica, repite las partes que m\u00e1s generan emoci\u00f3n en el p\u00fablico. Es algo muy com\u00fan en todos los pa\u00edses, aunque de pa\u00eds a pa\u00eds se suele cambiar el estilo de m\u00fasica. En latinoam\u00e9rica se suele usar Reggaeton, Merengue, Salsa y Cumbia, algo de m\u00fasica electr\u00f3nica, por lo cual los bailes latinos son los preferidos ah\u00ed, pero en Estados Unidos y Europa s\u00ed es m\u00e1s com\u00fan el Hip Hop, House, etc. Eso lo hace un lugar especial para bailar, no suelen ser los mejores bailarines, pero s\u00ed suelen dar muchas ideas que llevan a los mejores bailarines.<\/p>\n\n\n\n<figure class=\"wp-block-embed alignwide is-type-video is-provider-youtube wp-block-embed-youtube\"><div class=\"wp-block-embed__wrapper\">\n<div class=\"nv-iframe-embed\"><div class=\"container-lazyload preview-lazyload container-youtube js-lazyload--not-loaded\"><a href=\"https:\/\/youtu.be\/D0S56AS1JPo?t=178\" class=\"lazy-load-youtube preview-lazyload preview-youtube\" data-video-title=\"#25 Ravedans Compilation! Watch and learn!\" title=\"Play video &quot;#25 Ravedans Compilation! Watch and learn!&quot;\" target=\"_blank\" rel=\"noopener\">https:\/\/youtu.be\/D0S56AS1JPo?t=178<\/a><noscript>Video can&#8217;t be loaded because JavaScript is disabled: <a href=\"https:\/\/youtu.be\/D0S56AS1JPo?t=178\" title=\"#25 Ravedans Compilation! Watch and learn!\" target=\"_blank\" rel=\"noopener\">#25 Ravedans Compilation! Watch and learn! (https:\/\/youtu.be\/D0S56AS1JPo?t=178)<\/a><\/noscript><\/div><\/div>\n<\/div><\/figure>\n\n\n\n<h2 class=\"wp-block-heading\" id=\"Calle\">Grupos de baile callejeros<\/h2>\n\n\n\n<p>Otro de los aspectos de crecimiento de la danza urbana son los grupos callejeros, ah\u00ed han nacido muchos estilos de baile, como el mismo Break Dance. En todo el mundo cada vez hay m\u00e1s grupos de personas que se re\u00fanen en la calle a practicar coreograf\u00eda, pasos o simplemente a compartir sus habilidades. As\u00ed se populariz\u00f3 much\u00edsimo el baile del Hip Hop, tanto el Break Dance como el <a href=\"https:\/\/sqardance.com\/index.php\/hip-hop\/lista-de-pasos\/\" data-type=\"page\" data-id=\"112\">Party Dance<\/a>. El K-Pop es otro de los estilos de baile que se ha popularizado en grupos callejeros. De hecho tuve un profesor de baile que ten\u00eda su propio grupo callejero y ellos a pesar de ser expertos, profesores de academias de baile, tambi\u00e9n practicaban en la calle. <\/p>\n\n\n\n<h3 class=\"wp-block-heading\">Quedadas<\/h3>\n\n\n\n<p>Esta caso es uno particular de practicar en la calle. El t\u00e9rmino quedad viene de los espa\u00f1oles, en donde se refieren a que quedan de encontrarse en alg\u00fan lado. Eso se transmiti\u00f3 a Latinoam\u00e9rica en el baile, donde se hacen invitaciones abiertas en redes sociales a bailar en la calle y puede llegar casi cualquier persona. Es muy interesante c\u00f3mo estas quedadas son parte de comunidades que cada vez se vuelven m\u00e1s grandes y con mejores bailarines.<\/p>\n\n\n\n<figure class=\"wp-block-embed alignwide is-type-video is-provider-youtube wp-block-embed-youtube\"><div class=\"wp-block-embed__wrapper\">\n<div class=\"nv-iframe-embed\"><div class=\"container-lazyload preview-lazyload container-youtube js-lazyload--not-loaded\"><a href=\"https:\/\/youtu.be\/eb4fYoKqvt8?t=82\" class=\"lazy-load-youtube preview-lazyload preview-youtube\" data-video-title=\"MI PRIMERA VEZ EN UNA  QUEDADA DE  SHUFFLE Y CUTTING SHAPES EN BOGOT\u00c1 | David Garc\u00eda\" title=\"Play video &quot;MI PRIMERA VEZ EN UNA  QUEDADA DE  SHUFFLE Y CUTTING SHAPES EN BOGOT\u00c1 | David Garc\u00eda&quot;\" target=\"_blank\" rel=\"noopener\">https:\/\/youtu.be\/eb4fYoKqvt8?t=82<\/a><noscript>Video can&#8217;t be loaded because JavaScript is disabled: <a href=\"https:\/\/youtu.be\/eb4fYoKqvt8?t=82\" title=\"MI PRIMERA VEZ EN UNA  QUEDADA DE  SHUFFLE Y CUTTING SHAPES EN BOGOT\u00c1 | David Garc\u00eda\" target=\"_blank\" rel=\"noopener\">MI PRIMERA VEZ EN UNA  QUEDADA DE  SHUFFLE Y CUTTING SHAPES EN BOGOT\u00c1 | David Garc\u00eda (https:\/\/youtu.be\/eb4fYoKqvt8?t=82)<\/a><\/noscript><\/div><\/div>\n<\/div><\/figure>\n\n\n\n<h2 class=\"wp-block-heading\" id=\"Cypher\">Cypher<\/h2>\n\n\n\n<p>El cypher es una expresi\u00f3n de libertad y de compartir. La idea es compartir bailando <a href=\"https:\/\/sqardance.com\/index.php\/fundamentos-de-la-danza\/freestyle\/\" data-type=\"page\" data-id=\"368\">Freestyle<\/a>. El concepto del cypher es hacer un c\u00edrculo y va pasando cada uno al centro a bailar lo que quiere, probablemente lo hayas vivido si has ido a una fiesta. Se realiza en la calle, pero tambi\u00e9n en eventos de competencias, en fiestas y en casi cualquier lugar donde hayan personas. El concepto detr\u00e1s es de observar y valorar el baile de la otra persona, al mismo tiempo que ellos valoran el nuestro.<\/p>\n\n\n\n<figure class=\"wp-block-embed alignwide is-type-video is-provider-youtube wp-block-embed-youtube\"><div class=\"wp-block-embed__wrapper\">\n<div class=\"nv-iframe-embed\"><div class=\"container-lazyload preview-lazyload container-youtube js-lazyload--not-loaded\"><a href=\"https:\/\/youtu.be\/M9Dhrxb-0Sw?t=38\" class=\"lazy-load-youtube preview-lazyload preview-youtube\" data-video-title=\"Desiigner - Panda (Cypher)\" title=\"Play video &quot;Desiigner - Panda (Cypher)&quot;\" target=\"_blank\" rel=\"noopener\">https:\/\/youtu.be\/M9Dhrxb-0Sw?t=38<\/a><noscript>Video can&#8217;t be loaded because JavaScript is disabled: <a href=\"https:\/\/youtu.be\/M9Dhrxb-0Sw?t=38\" title=\"Desiigner - Panda (Cypher)\" target=\"_blank\" rel=\"noopener\">Desiigner &#8211; Panda (Cypher) (https:\/\/youtu.be\/M9Dhrxb-0Sw?t=38)<\/a><\/noscript><\/div><\/div>\n<\/div><\/figure>\n\n\n\n<h2 class=\"wp-block-heading\" id=\"Clases\">Clases <\/h2>\n\n\n\n<p>Las clases son otra de las formas m\u00e1s comunes de practicar el baile. Es genial en especial cuando uno est\u00e1 iniciando y no baila bien. Adem\u00e1s, en muchos salones hay espejos muy grandes que le permiten entender si est\u00e1 uno ejecutando bien o mal un movimiento. Adem\u00e1s est\u00e1 la ventaja de que es lo suficientemente grande como para poder hacer algo que vale la pena <\/p>\n\n\n\n<h2 class=\"wp-block-heading\" id=\"Competencias\">Competencias<\/h2>\n\n\n\n<p>Las competencias de baile son los mejores lugares para bailar, usualmente son un complemento a los lugares anteriores. El juez es alguien que le va a calificar y le va a decir cu\u00e1les son las fortalezas y debilidades. Adem\u00e1s de que no es s\u00f3lo un juez, usualmente son 3.  Eso significa que vas a tener una evaluaci\u00f3n muy completa y que adem\u00e1s te dir\u00e1 c\u00f3mo bailar respecto a los dem\u00e1s de la regi\u00f3n en la cual se hace ese evento. El siguiente es un video de compa\u00f1ero que han aprendido conmigo de una participaci\u00f3n en el 2023 en la competencia &#8220;Supernational&#8221; en Pereira, Colombia.Yo recomiendo ir y mostrar lo que se tiene, obviamente en esas competencias suelen ir los mejores y la mayor\u00eda de veces no se queda en un buen puesto, pero la realimentaci\u00f3n que se obtiene de los jueces vale mucho la pena.<\/p>\n\n\n\n<figure class=\"wp-block-embed alignwide is-type-video is-provider-youtube wp-block-embed-youtube\"><div class=\"wp-block-embed__wrapper\">\n<div class=\"nv-iframe-embed\"><div class=\"container-lazyload preview-lazyload container-youtube js-lazyload--not-loaded\"><a href=\"https:\/\/www.youtube.com\/watch?v=Kzx22EdG4fI&#038;ab_channel=SUPERNATIONALCOLOMBIA\" class=\"lazy-load-youtube preview-lazyload preview-youtube\" data-video-title=\"The Squad Dunkan - Amateur - Supernational 2023\" title=\"Play video &quot;The Squad Dunkan - Amateur - Supernational 2023&quot;\" target=\"_blank\" rel=\"noopener\">https:\/\/www.youtube.com\/watch?v=Kzx22EdG4fI&#038;ab_channel=SUPERNATIONALCOLOMBIA<\/a><noscript>Video can&#8217;t be loaded because JavaScript is disabled: <a href=\"https:\/\/www.youtube.com\/watch?v=Kzx22EdG4fI&#038;ab_channel=SUPERNATIONALCOLOMBIA\" title=\"The Squad Dunkan - Amateur - Supernational 2023\" target=\"_blank\" rel=\"noopener\">The Squad Dunkan &#8211; Amateur &#8211; Supernational 2023 (https:\/\/www.youtube.com\/watch?v=Kzx22EdG4fI&#038;ab_channel=SUPERNATIONALCOLOMBIA)<\/a><\/noscript><\/div><\/div>\n<\/div><\/figure>\n\n\n\n<p>En las competencias se pueden evaluar las coreograf\u00edas como el video anterior y tambi\u00e9n el freestyle en batallas. Ese \u00faltimo formato es un poco distinto, la idea ah\u00ed es vencer al otro en un performance. Primero baila uno, luego el otro, buscando no s\u00f3lo la t\u00e9cnica, sino tambi\u00e9n el performance de una batalla, de comunicar que uno es mejor, de una pelea sin golpes, sino con movimientos al ritmo de la m\u00fasica.<\/p>\n\n\n\n<h2 class=\"wp-block-heading\" id=\"Gimnasios\">Gimnasios<\/h2>\n\n\n\n<p>En los gimnasios se va a hacer ejercicio y como la danza bien bailada requiere una demanda f\u00edsica bastante alta, pues tambi\u00e9n se suele dar ah\u00ed. Naci\u00f3 primero con el concepto de la Zumba, que realmente no es baile como tal, se buscan coreograf\u00edas b\u00e1sicas m\u00e1s enfocadas en hacer ejercicio. Posteriormente s\u00ed se han usado coreograf\u00edas de baile en gimnasios y la misma Zumba ha evolucionado a coreograf\u00edas m\u00e1s complejas. Es un lugar para divertirse, hacer ejercicio, pero no esperes coger buen nivel de baile en este lugar.<\/p>\n\n\n\n<figure class=\"wp-block-embed alignwide is-type-video is-provider-youtube wp-block-embed-youtube\"><div class=\"wp-block-embed__wrapper\">\n<div class=\"nv-iframe-embed\"><div class=\"container-lazyload preview-lazyload container-youtube js-lazyload--not-loaded\"><a href=\"https:\/\/www.youtube.com\/watch?v=zk04yLQsqN0&#038;ab_channel=ClaudioLopezUtreras\" class=\"lazy-load-youtube preview-lazyload preview-youtube\" data-video-title=\"Con Calma - Daddy Yankee &amp; Snow \/ ZUMBA\" title=\"Play video &quot;Con Calma - Daddy Yankee &amp; Snow \/ ZUMBA&quot;\" target=\"_blank\" rel=\"noopener\">https:\/\/www.youtube.com\/watch?v=zk04yLQsqN0&#038;ab_channel=ClaudioLopezUtreras<\/a><noscript>Video can&#8217;t be loaded because JavaScript is disabled: <a href=\"https:\/\/www.youtube.com\/watch?v=zk04yLQsqN0&#038;ab_channel=ClaudioLopezUtreras\" title=\"Con Calma - Daddy Yankee &amp; Snow \/ ZUMBA\" target=\"_blank\" rel=\"noopener\">Con Calma &#8211; Daddy Yankee &amp; Snow \/ ZUMBA (https:\/\/www.youtube.com\/watch?v=zk04yLQsqN0&#038;ab_channel=ClaudioLopezUtreras)<\/a><\/noscript><\/div><\/div>\n<\/div><\/figure>\n\n\n\n<p>Y como puedes ver casi que en cualquier sitio se puede bailar, s\u00f3lo en necesario un parlante y un tel\u00e9fono celular, pero si quieres irte a algo m\u00e1s complejo, puedes llegar a hacerlo en salones especializados o auditorios, como en el caso de las competencias. Tambi\u00e9n es para todos los niveles, hay lugares como en los gimnasios donde ni es el objetivo que adquieras un nivel de baile muy alto, el objetivo es hacer ejercicio y pasarla rico. Las opciones son muy variadas para que no tengas excusa de practicar el baile.<\/p>\n","protected":false},"excerpt":{"rendered":"<p>La danza ha estado presente en la cultura desde hace miles de a\u00f1os, expresando emociones, contando historias y celebrando tradiciones. Se practica en lugares tan diversos como las calles de R\u00edo de Janeiro, los salones de baile de Viena o los templos de la India. Y la danza urbana no es distinta, nace en distintos&hellip;&nbsp;<a href=\"https:\/\/sqardance.com\/index.php\/clases-de-baile\/donde-se-practica-la-danza-urbana\/\" rel=\"bookmark\"><span class=\"screen-reader-text\">\u00bfD\u00f3nde se practica la danza urbana?<\/span><\/a><\/p>\n","protected":false},"author":1,"featured_media":0,"parent":711,"menu_order":0,"comment_status":"closed","ping_status":"closed","template":"","meta":{"neve_meta_sidebar":"","neve_meta_container":"","neve_meta_enable_content_width":"","neve_meta_content_width":0,"neve_meta_title_alignment":"","neve_meta_author_avatar":"","neve_post_elements_order":"","neve_meta_disable_header":"","neve_meta_disable_footer":"","neve_meta_disable_title":"","footnotes":""},"class_list":["post-890","page","type-page","status-publish","hentry"],"_links":{"self":[{"href":"https:\/\/sqardance.com\/index.php\/wp-json\/wp\/v2\/pages\/890","targetHints":{"allow":["GET"]}}],"collection":[{"href":"https:\/\/sqardance.com\/index.php\/wp-json\/wp\/v2\/pages"}],"about":[{"href":"https:\/\/sqardance.com\/index.php\/wp-json\/wp\/v2\/types\/page"}],"author":[{"embeddable":true,"href":"https:\/\/sqardance.com\/index.php\/wp-json\/wp\/v2\/users\/1"}],"replies":[{"embeddable":true,"href":"https:\/\/sqardance.com\/index.php\/wp-json\/wp\/v2\/comments?post=890"}],"version-history":[{"count":9,"href":"https:\/\/sqardance.com\/index.php\/wp-json\/wp\/v2\/pages\/890\/revisions"}],"predecessor-version":[{"id":920,"href":"https:\/\/sqardance.com\/index.php\/wp-json\/wp\/v2\/pages\/890\/revisions\/920"}],"up":[{"embeddable":true,"href":"https:\/\/sqardance.com\/index.php\/wp-json\/wp\/v2\/pages\/711"}],"wp:attachment":[{"href":"https:\/\/sqardance.com\/index.php\/wp-json\/wp\/v2\/media?parent=890"}],"curies":[{"name":"wp","href":"https:\/\/api.w.org\/{rel}","templated":true}]}}