{"id":829,"date":"2024-02-18T06:45:53","date_gmt":"2024-02-18T06:45:53","guid":{"rendered":"https:\/\/sqardance.com\/?page_id=829"},"modified":"2024-02-18T06:45:53","modified_gmt":"2024-02-18T06:45:53","slug":"doble-tiempo-a-tiempo-y-medio-tiempo","status":"publish","type":"page","link":"https:\/\/sqardance.com\/index.php\/fundamentos-de-la-danza\/como-contar-los-tiempos-musicales-en-el-baile\/doble-tiempo-a-tiempo-y-medio-tiempo\/","title":{"rendered":"\u00bfQu\u00e9 es el doble tiempo, a tiempo y medio tiempo en danza?"},"content":{"rendered":"\n<div class=\"wp-block-group\"><div class=\"wp-block-group__inner-container is-layout-constrained wp-block-group-is-layout-constrained\">\n<p>Los conceptos de doble tiempo, a tiempo y medio tiempo se utiliza much\u00edsimo en la danza, tanto para aprender como para darle dinamismo al baile. Es una t\u00e9cnica en la que cambiamos la velocidad los movimientos de baile.<\/p>\n\n\n<div class=\"wp-block-image\">\n<figure class=\"alignright size-full is-resized\"><img decoding=\"async\" width=\"640\" height=\"960\" data-src=\"https:\/\/sqardance.com\/wp-content\/uploads\/2024\/02\/pexels-allan-mas-5368931.jpg\" alt=\"Doble tiempo en danza\" class=\"wp-image-814 lazyload\" style=\"--smush-placeholder-width: 640px; --smush-placeholder-aspect-ratio: 640\/960;width:291px;height:auto\" data-srcset=\"https:\/\/sqardance.com\/wp-content\/uploads\/2024\/02\/pexels-allan-mas-5368931.jpg 640w, https:\/\/sqardance.com\/wp-content\/uploads\/2024\/02\/pexels-allan-mas-5368931-200x300.jpg 200w\" data-sizes=\"(max-width: 640px) 100vw, 640px\" src=\"data:image\/svg+xml;base64,PHN2ZyB3aWR0aD0iMSIgaGVpZ2h0PSIxIiB4bWxucz0iaHR0cDovL3d3dy53My5vcmcvMjAwMC9zdmciPjwvc3ZnPg==\" \/><\/figure><\/div><\/div><\/div>\n\n\n\n<h2 class=\"wp-block-heading\">Contenido<\/h2>\n\n\n\n<ul class=\"wp-block-list\">\n<li><a href=\"#Tiempo\" data-type=\"internal\" data-id=\"#Tiempo\">Concepto de bailar a tiempo<\/a><\/li>\n\n\n\n<li><a href=\"#DobleTiempo\" data-type=\"internal\" data-id=\"#DobleTiempo\">Definici\u00f3n doble tiempo en M\u00fasica y Danza<\/a><\/li>\n\n\n\n<li><a href=\"#MedioTiempo\" data-type=\"internal\" data-id=\"#MedioTiempo\">\u00bfQu\u00e9 es bailar a medio tiempo?<\/a><\/li>\n\n\n\n<li><a href=\"#Confusi\u00f3n\" data-type=\"internal\" data-id=\"#Confusi\u00f3n\">Confusi\u00f3n en Latinoam\u00e9rica<\/a><\/li>\n<\/ul>\n\n\n\n<h2 class=\"wp-block-heading\" id=\"Tiempo\">Concepto de bailar a tiempo<\/h2>\n\n\n\n<p>Ir a tiempo consiste en seguir el bit de la canci\u00f3n. Si la velocidad o tempo (tiempo en italiano) de la canci\u00f3n es 80 Beats por minuto (BPM) entonces significa que bailaremos tomando en cuenta que la velocidad base de nuestro baile tiene como referencia el tiempo equivalente a dividir un minuto en 80. No significa que en un minuto s\u00f3lo tengamos 80 movimientos, sino que esa ser\u00e1 nuestra referencia, pero podemos movernos a tiempo de corcheas, negras, blancas, redondas o cualquier figura musical.<\/p>\n\n\n\n<h2 class=\"wp-block-heading\" id=\"DobleTiempo\">Definici\u00f3n doble tiempo en M\u00fasica y Danza<\/h2>\n\n\n\n<p>El concepto de doble tiempo significa que el tempo o la velocidad se aumenta al doble. Entonces, en este caso significa que bailaremos o tocar\u00edamos la m\u00fasica como si el beat de la canci\u00f3n pasara de 80 a 160 BPM. Otra forma de verlo es movernos y hacer lo mismo en la mitad del tiempo. Si hacemos 2 movimientos en un segundo en velocidad a tiempo, significa que har\u00edamos 4 movimientos en un segundo a doble tiempo.<\/p>\n\n\n\n<h2 class=\"wp-block-heading\" id=\"MedioTiempo\">\u00bfQu\u00e9 es bailar a medio tiempo?<\/h2>\n\n\n\n<p>Ir a medio tiempo significa lo opuesto a doble tiempo. Medio tiempo se caracteriza por ir m\u00e1s despacio, espec\u00edficamente a la mitad de la velocidad. Si estamos a 80 BPM, significa que medio tiempo ser\u00e1 bailar como si el tempo fuera 40 BPM. Es muy utilizado para aprender alg\u00fan movimiento que se nos dificulta.<\/p>\n\n\n\n<figure class=\"wp-block-embed alignwide is-type-video is-provider-youtube wp-block-embed-youtube\"><div class=\"wp-block-embed__wrapper\">\n<div class=\"nv-iframe-embed\"><div class=\"container-lazyload preview-lazyload container-youtube js-lazyload--not-loaded\"><a href=\"https:\/\/youtu.be\/-BhNyRPnp1M?t=232\" class=\"lazy-load-youtube preview-lazyload preview-youtube\" data-video-title=\"\ud83d\udca5POR QU\u00c9 CONTAR la M\u00daSICA al BAILAR? | CONSEJOS para BAILARINES PRINCIPIANTES (DANCE TIPS)\" title=\"Play video &quot;\ud83d\udca5POR QU\u00c9 CONTAR la M\u00daSICA al BAILAR? | CONSEJOS para BAILARINES PRINCIPIANTES (DANCE TIPS)&quot;\" target=\"_blank\" rel=\"noopener\">https:\/\/youtu.be\/-BhNyRPnp1M?t=232<\/a><noscript>Video can&#8217;t be loaded because JavaScript is disabled: <a href=\"https:\/\/youtu.be\/-BhNyRPnp1M?t=232\" title=\"\ud83d\udca5POR QU\u00c9 CONTAR la M\u00daSICA al BAILAR? | CONSEJOS para BAILARINES PRINCIPIANTES (DANCE TIPS)\" target=\"_blank\" rel=\"noopener\">\ud83d\udca5POR QU\u00c9 CONTAR la M\u00daSICA al BAILAR? | CONSEJOS para BAILARINES PRINCIPIANTES (DANCE TIPS) (https:\/\/youtu.be\/-BhNyRPnp1M?t=232)<\/a><\/noscript><\/div><\/div>\n<\/div><\/figure>\n\n\n\n<h2 class=\"wp-block-heading\" id=\"Confusi\u00f3n\">Confusi\u00f3n en Latinoam\u00e9rica<\/h2>\n\n\n\n<p>Yo soy de Latinoam\u00e9rica y ac\u00e1 pasa algo muy particular, en especial en Colombia, y es que le llaman doble tiempo al concepto de medio tiempo. \u00bfPor qu\u00e9 le llaman al rev\u00e9s? la verdad es que no lo s\u00e9, pero no es un error de una persona, ya se ha estandarizado. He encontrado incluso profesores de baile y YouTubers que lo dicen as\u00ed. <\/p>\n","protected":false},"excerpt":{"rendered":"<p>Los conceptos de doble tiempo, a tiempo y medio tiempo se utiliza much\u00edsimo en la danza, tanto para aprender como para darle dinamismo al baile. Es una t\u00e9cnica en la que cambiamos la velocidad los movimientos de baile. Contenido Concepto de bailar a tiempo Ir a tiempo consiste en seguir el bit de la canci\u00f3n.&hellip;&nbsp;<a href=\"https:\/\/sqardance.com\/index.php\/fundamentos-de-la-danza\/como-contar-los-tiempos-musicales-en-el-baile\/doble-tiempo-a-tiempo-y-medio-tiempo\/\" rel=\"bookmark\"><span class=\"screen-reader-text\">\u00bfQu\u00e9 es el doble tiempo, a tiempo y medio tiempo en danza?<\/span><\/a><\/p>\n","protected":false},"author":1,"featured_media":0,"parent":601,"menu_order":0,"comment_status":"closed","ping_status":"closed","template":"","meta":{"neve_meta_sidebar":"","neve_meta_container":"","neve_meta_enable_content_width":"","neve_meta_content_width":0,"neve_meta_title_alignment":"","neve_meta_author_avatar":"","neve_post_elements_order":"","neve_meta_disable_header":"","neve_meta_disable_footer":"","neve_meta_disable_title":"","footnotes":""},"class_list":["post-829","page","type-page","status-publish","hentry"],"_links":{"self":[{"href":"https:\/\/sqardance.com\/index.php\/wp-json\/wp\/v2\/pages\/829","targetHints":{"allow":["GET"]}}],"collection":[{"href":"https:\/\/sqardance.com\/index.php\/wp-json\/wp\/v2\/pages"}],"about":[{"href":"https:\/\/sqardance.com\/index.php\/wp-json\/wp\/v2\/types\/page"}],"author":[{"embeddable":true,"href":"https:\/\/sqardance.com\/index.php\/wp-json\/wp\/v2\/users\/1"}],"replies":[{"embeddable":true,"href":"https:\/\/sqardance.com\/index.php\/wp-json\/wp\/v2\/comments?post=829"}],"version-history":[{"count":1,"href":"https:\/\/sqardance.com\/index.php\/wp-json\/wp\/v2\/pages\/829\/revisions"}],"predecessor-version":[{"id":833,"href":"https:\/\/sqardance.com\/index.php\/wp-json\/wp\/v2\/pages\/829\/revisions\/833"}],"up":[{"embeddable":true,"href":"https:\/\/sqardance.com\/index.php\/wp-json\/wp\/v2\/pages\/601"}],"wp:attachment":[{"href":"https:\/\/sqardance.com\/index.php\/wp-json\/wp\/v2\/media?parent=829"}],"curies":[{"name":"wp","href":"https:\/\/api.w.org\/{rel}","templated":true}]}}