{"id":79,"date":"2023-09-21T06:37:11","date_gmt":"2023-09-21T06:37:11","guid":{"rendered":"https:\/\/sqardance.com\/?page_id=79"},"modified":"2023-10-01T15:17:57","modified_gmt":"2023-10-01T15:17:57","slug":"running-man","status":"publish","type":"page","link":"https:\/\/sqardance.com\/index.php\/shuffle\/lista-de-pasos\/running-man\/","title":{"rendered":"\u00bfC\u00f3mo hacer el Running Man de Shuffle Dance?"},"content":{"rendered":"\n<p>El paso Running Man es uno de los cuatro Fundations del Shuffle. Eso significa que el estilo de baile se centra mucho en sus variaciones y aprender a hacerlo bien es necesario. Ac\u00e1 te traigo en qu\u00e9 consiste el paso, la diferencia de hacer en este estilo de baile y no para hip hop, c\u00f3mo entrenarlo para hacerlo r\u00e1pido y todo lo necesario para dar descrestar a quien te observe.<\/p>\n\n\n\n<h2 class=\"wp-block-heading\">Contenido<\/h2>\n\n\n\n<ul class=\"wp-block-list\">\n<li>Posiciones<\/li>\n\n\n\n<li>Transiciones<\/li>\n\n\n\n<li>\u00bfQu\u00e9 diferencia el Running man de shuffle?<\/li>\n\n\n\n<li>\u00bfC\u00f3mo entrenar la velocidad?<\/li>\n<\/ul>\n\n\n\n<h2 class=\"wp-block-heading\">As\u00ed se hace el Running Man<\/h2>\n\n\n\n<p>Este paso de baile consiste en 2 posiciones y 2 transiciones para ir pasando de una a otra.<\/p>\n\n\n\n<h3 class=\"wp-block-heading\">Posiciones<\/h3>\n\n\n\n<h4 class=\"wp-block-heading\">Posici\u00f3n 1<\/h4>\n\n\n\n<div class=\"wp-block-group\"><div class=\"wp-block-group__inner-container is-layout-constrained wp-block-group-is-layout-constrained\">\n<p>En la primera posici\u00f3n vamos a tener los pies separados uno delante del otro. La rodilla delantera va a estar un poco flexionada. La idea es mantener el peso distribuido uniformemente entre las dos piernas, aunque a veces, en especial cuando queremos aumentar mucho la velocidad, es conveniente mandar el peso un poco adelante inclinando un poco el torso.<\/p>\n\n\n<div class=\"wp-block-image\">\n<figure class=\"aligncenter size-full is-resized\"><img decoding=\"async\" data-src=\"https:\/\/sqardance.com\/wp-content\/uploads\/2023\/09\/RunningManPos1.png\" alt=\"Como se hace el running man\" class=\"wp-image-93 lazyload\" style=\"--smush-placeholder-width: 267px; --smush-placeholder-aspect-ratio: 267\/257;width:267px;height:257px\" width=\"267\" height=\"257\" data-srcset=\"https:\/\/sqardance.com\/wp-content\/uploads\/2023\/09\/RunningManPos1.png 1000w, https:\/\/sqardance.com\/wp-content\/uploads\/2023\/09\/RunningManPos1-300x288.png 300w, https:\/\/sqardance.com\/wp-content\/uploads\/2023\/09\/RunningManPos1-768x738.png 768w\" data-sizes=\"(max-width: 267px) 100vw, 267px\" src=\"data:image\/svg+xml;base64,PHN2ZyB3aWR0aD0iMSIgaGVpZ2h0PSIxIiB4bWxucz0iaHR0cDovL3d3dy53My5vcmcvMjAwMC9zdmciPjwvc3ZnPg==\" \/><\/figure><\/div><\/div><\/div>\n\n\n\n<h4 class=\"wp-block-heading\">Posici\u00f3n 2<\/h4>\n\n\n\n<p>En esta posici\u00f3n tendr\u00e1s una de las piernas levantadas con la rodilla flexionada en frente. La otra ser\u00e1 nuestro apoyo y no es conveniente que est\u00e9 completamente estirada porque puede generar lesiones y nos quita mucha velocidad, pero tampoco tan flexionada porque muy abajo tambi\u00e9n ser\u00e1 dif\u00edcil moverse. El torso estar\u00e1 derecho.<\/p>\n\n\n<div class=\"wp-block-image\">\n<figure class=\"aligncenter size-full is-resized\"><img decoding=\"async\" data-src=\"https:\/\/sqardance.com\/wp-content\/uploads\/2023\/09\/RunningManPos2.png\" alt=\"As\u00ed se hace el running man\" class=\"wp-image-94 lazyload\" style=\"--smush-placeholder-width: 271px; --smush-placeholder-aspect-ratio: 271\/218;width:271px;height:218px\" width=\"271\" height=\"218\" data-srcset=\"https:\/\/sqardance.com\/wp-content\/uploads\/2023\/09\/RunningManPos2.png 1000w, https:\/\/sqardance.com\/wp-content\/uploads\/2023\/09\/RunningManPos2-300x241.png 300w, https:\/\/sqardance.com\/wp-content\/uploads\/2023\/09\/RunningManPos2-768x617.png 768w\" data-sizes=\"(max-width: 271px) 100vw, 271px\" src=\"data:image\/svg+xml;base64,PHN2ZyB3aWR0aD0iMSIgaGVpZ2h0PSIxIiB4bWxucz0iaHR0cDovL3d3dy53My5vcmcvMjAwMC9zdmciPjwvc3ZnPg==\" \/><\/figure><\/div>\n\n\n<h3 class=\"wp-block-heading\">Transiciones<\/h3>\n\n\n\n<h4 class=\"wp-block-heading\">Transici\u00f3n 1<\/h4>\n\n\n\n<p>Se trata de pasar de la posici\u00f3n 1 a la 2. Para hacer esto vamos a arrastrar el pie que est\u00e1 adelante por el piso hasta que llegue al centro, justo debajo de nuestra cadera. Ah\u00ed mantenemos la rodilla un poco flexionada, pero que casi no se note. Al pie de atr\u00e1s, que inicialmente est\u00e1 en el suelo, lo levantamos como si la rodilla fuera halada para adelante para terminar levantada como lo dice la segunda posici\u00f3n.<\/p>\n\n\n\n<h4 class=\"wp-block-heading\">Transici\u00f3n 2<\/h4>\n\n\n\n<p>Ahora vamos a pasar de la posici\u00f3n 2 a la primera. La pierna que est\u00e1 levantada es la que va adelante y se baja hasta el suelo. Al mismo tiempo se desliza la pierna que es nuestra base para atr\u00e1s, tambi\u00e9n manteni\u00e9ndola en el suelo. Ac\u00e1 vamos a llegar a la posici\u00f3n 1 pero de forma sim\u00e9trica. O sea, si la primera vez la pierna derecha estaba adelante, entonces ahora tendremos la pierna izquierda adelante.  Y con esta transici\u00f3n termina el ciclo que puedes hacer indefinidamente o para volver a la posici\u00f3n inicial. <\/p>\n\n\n\n<h4 class=\"wp-block-heading\">Nota<\/h4>\n\n\n\n<p>Se puede deslizar en ambas transiciones, como lo mencion\u00e9, pero tambi\u00e9n se puede realizar con peque\u00f1os saltos. Eso ayuda mucho a tener un peque\u00f1o bounce que se va a ver bonito, pero no siempre es necesario y a velocidades muy altas ser\u00e1 imposible hacerlo. Esta variaci\u00f3n es muy com\u00fan as\u00ed que an\u00edmate a hacerla tambi\u00e9n.<\/p>\n\n\n\n<h2 class=\"wp-block-heading\">Diferencia entre Running Man de Shuffle y el de Hip Hop<\/h2>\n\n\n\n<p>Este es un paso que nace en el hip hop, de hecho, fue popularizado por Janet Jackson en su canci\u00f3n Rythm Nation en 1989. En esa canci\u00f3n se hace con un rocking backward, ese movimiento de torso es lo que m\u00e1s caracteriza al Hip Hop. <\/p>\n\n\n\n<figure class=\"wp-block-embed aligncenter is-type-video is-provider-youtube wp-block-embed-youtube\"><div class=\"wp-block-embed__wrapper\">\n<div class=\"nv-iframe-embed\"><div class=\"container-lazyload preview-lazyload container-youtube js-lazyload--not-loaded\"><a href=\"https:\/\/youtu.be\/OAwaNWGLM0c?t=240\" class=\"lazy-load-youtube preview-lazyload preview-youtube\" data-video-title=\"Janet Jackson - Rhythm Nation\" title=\"Play video &quot;Janet Jackson - Rhythm Nation&quot;\" target=\"_blank\" rel=\"noopener\">https:\/\/youtu.be\/OAwaNWGLM0c?t=240<\/a><noscript>Video can&#8217;t be loaded because JavaScript is disabled: <a href=\"https:\/\/youtu.be\/OAwaNWGLM0c?t=240\" title=\"Janet Jackson - Rhythm Nation\" target=\"_blank\" rel=\"noopener\">Janet Jackson &#8211; Rhythm Nation (https:\/\/youtu.be\/OAwaNWGLM0c?t=240)<\/a><\/noscript><\/div><\/div>\n<\/div><\/figure>\n\n\n\n<p>En el shuffle se busca es el stomp y el arrastre como conceptos fundamentales del estilo. En este caso lo que haremos es dar un golpe que nos haga rebotar, que ser\u00e1 el stomp aplicado a este paso de baile. En el siguiente video podemos ver c\u00f3mo el stomp se combina con peque\u00f1os saltos que se llaman hop, que hace que a esa velocidad se perciba como una sensaci\u00f3n que genera, pero que no sea tan notorio el golpe.<\/p>\n\n\n\n<figure class=\"wp-block-embed aligncenter is-type-video is-provider-youtube wp-block-embed-youtube\"><div class=\"wp-block-embed__wrapper\">\n<div class=\"nv-iframe-embed\"><div class=\"container-lazyload preview-lazyload container-youtube js-lazyload--not-loaded\"><a href=\"https:\/\/youtu.be\/KQ6zr6kCPj8?t=218\" class=\"lazy-load-youtube preview-lazyload preview-youtube\" data-video-title=\"LMFAO - Party Rock Anthem ft. Lauren Bennett, GoonRock\" title=\"Play video &quot;LMFAO - Party Rock Anthem ft. Lauren Bennett, GoonRock&quot;\" target=\"_blank\" rel=\"noopener\">https:\/\/youtu.be\/KQ6zr6kCPj8?t=218<\/a><noscript>Video can&#8217;t be loaded because JavaScript is disabled: <a href=\"https:\/\/youtu.be\/KQ6zr6kCPj8?t=218\" title=\"LMFAO - Party Rock Anthem ft. Lauren Bennett, GoonRock\" target=\"_blank\" rel=\"noopener\">LMFAO &#8211; Party Rock Anthem ft. Lauren Bennett, GoonRock (https:\/\/youtu.be\/KQ6zr6kCPj8?t=218)<\/a><\/noscript><\/div><\/div>\n<\/div><\/figure>\n\n\n\n<h2 class=\"wp-block-heading\">\u00bfC\u00f3mo hacer el Running Man m\u00e1s r\u00e1pido?<\/h2>\n\n\n\n<p>La velocidad es uno de los grandes problemas para poder ejecutar el running man. Para poderlo hacer m\u00e1s r\u00e1pido te aconsejo las siguientes t\u00e9cnicas de estudio.<\/p>\n\n\n\n<h3 class=\"wp-block-heading\">Acelera continuamente<\/h3>\n\n\n\n<p>Una de las formas de aumentar la velocidad es seguir una canci\u00f3n que aumente de a poco su n\u00famero de bits por minuto. Por ejemplo, puedes usar la canci\u00f3n &#8220;two telephone calls and an air raid&#8221;, donde a partir del minuto 2:40 comienza a subir la velocidad y es perfecto para practicar. Es importante que, si no llegas a la velocidad m\u00e1xima, te quedes movi\u00e9ndote a la m\u00e1xima velocidad que llegaste. Eso ayudar\u00e1 a que aumentes tu masa muscular porque ella ser\u00e1 la que te dar\u00e1 la capacidad de moverte r\u00e1pido.<\/p>\n\n\n\n<figure class=\"wp-block-embed is-type-video is-provider-youtube wp-block-embed-youtube\"><div class=\"wp-block-embed__wrapper\">\n<div class=\"nv-iframe-embed\"><div class=\"container-lazyload preview-lazyload container-youtube js-lazyload--not-loaded\"><a href=\"https:\/\/youtu.be\/kMdI9ow0PQc?t=160\" class=\"lazy-load-youtube preview-lazyload preview-youtube\" data-video-title=\"MK Annihilation OST- Two Telephones and an Air Raid\" title=\"Play video &quot;MK Annihilation OST- Two Telephones and an Air Raid&quot;\" target=\"_blank\" rel=\"noopener\">https:\/\/youtu.be\/kMdI9ow0PQc?t=160<\/a><noscript>Video can&#8217;t be loaded because JavaScript is disabled: <a href=\"https:\/\/youtu.be\/kMdI9ow0PQc?t=160\" title=\"MK Annihilation OST- Two Telephones and an Air Raid\" target=\"_blank\" rel=\"noopener\">MK Annihilation OST- Two Telephones and an Air Raid (https:\/\/youtu.be\/kMdI9ow0PQc?t=160)<\/a><\/noscript><\/div><\/div>\n<\/div><\/figure>\n\n\n\n<h3 class=\"wp-block-heading\">Cambia al doble de velocidad por intervalos cortos<\/h3>\n\n\n\n<p>Algo que se nos facilita, y a veces lo ignoramos, es que podemos acelerar mucho s\u00f3lo para hacer uno o dos iteraciones del paso. Sin embargo, al hacerlo continuo no podemos hacerlo. En este caso la t\u00e9cnica de estudio consiste en hacer el running man lento, dos beats por paso (como si fuera una blanca musicalmente hablando) y luego acelerar a hacerlo a tiempo s\u00f3lo por 2 beats. Una vez tengamos dominado el intervalo de tiempo de 2 beats, lo aumentamos a 4, luego a 8 y despu\u00e9s de 16 ya se puede decir que lo podemos hacer de forma continua.<\/p>\n\n\n\n<p>Con estos consejos espero que ya tengas todo lo necesario para sacar el running man que deseas.<\/p>\n","protected":false},"excerpt":{"rendered":"<p>El paso Running Man es uno de los cuatro Fundations del Shuffle. Eso significa que el estilo de baile se centra mucho en sus variaciones y aprender a hacerlo bien es necesario. Ac\u00e1 te traigo en qu\u00e9 consiste el paso, la diferencia de hacer en este estilo de baile y no para hip hop, c\u00f3mo&hellip;&nbsp;<a href=\"https:\/\/sqardance.com\/index.php\/shuffle\/lista-de-pasos\/running-man\/\" rel=\"bookmark\"><span class=\"screen-reader-text\">\u00bfC\u00f3mo hacer el Running Man de Shuffle Dance?<\/span><\/a><\/p>\n","protected":false},"author":1,"featured_media":0,"parent":75,"menu_order":0,"comment_status":"closed","ping_status":"closed","template":"","meta":{"neve_meta_sidebar":"","neve_meta_container":"","neve_meta_enable_content_width":"","neve_meta_content_width":0,"neve_meta_title_alignment":"","neve_meta_author_avatar":"","neve_post_elements_order":"","neve_meta_disable_header":"","neve_meta_disable_footer":"","neve_meta_disable_title":"","footnotes":""},"class_list":["post-79","page","type-page","status-publish","hentry"],"_links":{"self":[{"href":"https:\/\/sqardance.com\/index.php\/wp-json\/wp\/v2\/pages\/79","targetHints":{"allow":["GET"]}}],"collection":[{"href":"https:\/\/sqardance.com\/index.php\/wp-json\/wp\/v2\/pages"}],"about":[{"href":"https:\/\/sqardance.com\/index.php\/wp-json\/wp\/v2\/types\/page"}],"author":[{"embeddable":true,"href":"https:\/\/sqardance.com\/index.php\/wp-json\/wp\/v2\/users\/1"}],"replies":[{"embeddable":true,"href":"https:\/\/sqardance.com\/index.php\/wp-json\/wp\/v2\/comments?post=79"}],"version-history":[{"count":14,"href":"https:\/\/sqardance.com\/index.php\/wp-json\/wp\/v2\/pages\/79\/revisions"}],"predecessor-version":[{"id":287,"href":"https:\/\/sqardance.com\/index.php\/wp-json\/wp\/v2\/pages\/79\/revisions\/287"}],"up":[{"embeddable":true,"href":"https:\/\/sqardance.com\/index.php\/wp-json\/wp\/v2\/pages\/75"}],"wp:attachment":[{"href":"https:\/\/sqardance.com\/index.php\/wp-json\/wp\/v2\/media?parent=79"}],"curies":[{"name":"wp","href":"https:\/\/api.w.org\/{rel}","templated":true}]}}