{"id":784,"date":"2024-02-12T06:24:59","date_gmt":"2024-02-12T06:24:59","guid":{"rendered":"https:\/\/sqardance.com\/?page_id=784"},"modified":"2024-02-12T06:28:46","modified_gmt":"2024-02-12T06:28:46","slug":"posicion-quinta","status":"publish","type":"page","link":"https:\/\/sqardance.com\/index.php\/fundamentos-de-la-danza\/posicion-quinta\/","title":{"rendered":"\u00bfCu\u00e1l es la posici\u00f3n quinta en baile?"},"content":{"rendered":"\n<p>La comprensi\u00f3n y dominio de la quinta posici\u00f3n en ballet son esenciales para ejecutar con precisi\u00f3n diversas t\u00e9cnicas avanzadas, como Relev\u00e9 Lent y \u00c9chapp\u00e9. Adem\u00e1s, en la quinta posici\u00f3n cerrada, se fortalecen los m\u00fasculos de las piernas, contribuyendo a una mayor resistencia en movimientos. En resumen, la versatilidad de la quinta posici\u00f3n la convierte en una destreza t\u00e9cnica crucial para bailarines en su b\u00fasqueda de excelencia y expresi\u00f3n art\u00edstica. Ac\u00e1 te traigo detalles t\u00e9cnicos de esta posici\u00f3n y su aplicaci\u00f3n en danza urbana.<\/p>\n\n\n\n<h2 class=\"wp-block-heading\">Contenido<\/h2>\n\n\n\n<ul class=\"wp-block-list\">\n<li><a href=\"#Definicion\" data-type=\"internal\" data-id=\"#Definicion\">Posici\u00f3n quinta en Ballet<\/a>\n<ul class=\"wp-block-list\">\n<li><a href=\"#Piernas\" data-type=\"internal\" data-id=\"#Piernas\">En piernas<\/a><\/li>\n\n\n\n<li><a href=\"#Brazos\" data-type=\"internal\" data-id=\"#Brazos\">En brazos<\/a><\/li>\n<\/ul>\n<\/li>\n\n\n\n<li><a href=\"#OtrosEstilos\" data-type=\"internal\" data-id=\"#OtrosEstilos\">\u00bfPor qu\u00e9 no hay posici\u00f3n quinta en contempor\u00e1neo y otros estilos?<\/a><\/li>\n\n\n\n<li><a href=\"#Usos\" data-type=\"internal\" data-id=\"#Usos\">Usos de la posici\u00f3n quinta<\/a><\/li>\n\n\n\n<li><a href=\"#Ejemplo\" data-type=\"internal\" data-id=\"#Ejemplo\">Ejemplo de quinta en danza urbana<\/a><\/li>\n<\/ul>\n\n\n\n<h2 class=\"wp-block-heading\" id=\"Definicion\">Definici\u00f3n de la posici\u00f3n quinta en ballet<\/h2>\n\n\n\n<p>Esta posici\u00f3n requiere algo de flexibilidad, pero conceptualmente es f\u00e1cil de entender. <\/p>\n\n\n<div class=\"wp-block-image\">\n<figure class=\"aligncenter size-full is-resized\"><img decoding=\"async\" width=\"1000\" height=\"782\" data-src=\"https:\/\/sqardance.com\/wp-content\/uploads\/2024\/02\/QuintaBallet.png\" alt=\"Posici\u00f3n quinta de baile\" class=\"wp-image-795 lazyload\" style=\"--smush-placeholder-width: 1000px; --smush-placeholder-aspect-ratio: 1000\/782;width:460px;height:auto\" data-srcset=\"https:\/\/sqardance.com\/wp-content\/uploads\/2024\/02\/QuintaBallet.png 1000w, https:\/\/sqardance.com\/wp-content\/uploads\/2024\/02\/QuintaBallet-300x235.png 300w, https:\/\/sqardance.com\/wp-content\/uploads\/2024\/02\/QuintaBallet-768x601.png 768w\" data-sizes=\"(max-width: 1000px) 100vw, 1000px\" src=\"data:image\/svg+xml;base64,PHN2ZyB3aWR0aD0iMSIgaGVpZ2h0PSIxIiB4bWxucz0iaHR0cDovL3d3dy53My5vcmcvMjAwMC9zdmciPjwvc3ZnPg==\" \/><\/figure><\/div>\n\n\n<h3 class=\"wp-block-heading\" id=\"Piernas\">Posici\u00f3n quinta en Piernas<\/h3>\n\n\n\n<p>Para hacer la quinta posici\u00f3n del ballet cl\u00e1sico, inicias desde la primera posici\u00f3n con los talones juntos y los pies en \u00e1ngulo de 180 grados. Luego, desplazas un pie hacia adelante, colocando la punta cerca del tal\u00f3n del otro pie, asegur\u00e1ndote de que los talones est\u00e9n alineados y superpuestos. Mant\u00e9n las piernas estiradas y activa los m\u00fasculos de los muslos y las rodillas, buscando que el tal\u00f3n del pie delantero toque o est\u00e9 lo m\u00e1s cerca posible del arco del pie trasero.<\/p>\n\n\n\n<figure class=\"wp-block-embed alignwide is-type-video is-provider-youtube wp-block-embed-youtube\"><div class=\"wp-block-embed__wrapper\">\n<div class=\"nv-iframe-embed\"><div class=\"container-lazyload preview-lazyload container-youtube js-lazyload--not-loaded\"><a href=\"https:\/\/youtu.be\/bFMXJ4d4EAk?t=87\" class=\"lazy-load-youtube preview-lazyload preview-youtube\" data-video-title=\"Posiciones B\u00e1sicas del Ballet Cl\u00e1sico - Aprende Ballet Con Dani Zilli\" title=\"Play video &quot;Posiciones B\u00e1sicas del Ballet Cl\u00e1sico - Aprende Ballet Con Dani Zilli&quot;\" target=\"_blank\" rel=\"noopener\">https:\/\/youtu.be\/bFMXJ4d4EAk?t=87<\/a><noscript>Video can&#8217;t be loaded because JavaScript is disabled: <a href=\"https:\/\/youtu.be\/bFMXJ4d4EAk?t=87\" title=\"Posiciones B\u00e1sicas del Ballet Cl\u00e1sico - Aprende Ballet Con Dani Zilli\" target=\"_blank\" rel=\"noopener\">Posiciones B\u00e1sicas del Ballet Cl\u00e1sico &#8211; Aprende Ballet Con Dani Zilli (https:\/\/youtu.be\/bFMXJ4d4EAk?t=87)<\/a><\/noscript><\/div><\/div>\n<\/div><\/figure>\n\n\n\n<h3 class=\"wp-block-heading\" id=\"Brazos\">Quinta en brazos<\/h3>\n\n\n\n<p>En la posici\u00f3n quinta de brazos del ballet cl\u00e1sico, los brazos se encuentran elevados por encima de la cabeza. En esta posici\u00f3n, los dos brazos forman un c\u00edrculo completo sobre la cabeza, creando una imagen elegante y estilizada. Las manos y los dedos deben estar delicadamente colocados, manteniendo una forma arqueada y gr\u00e1cil.<\/p>\n\n\n\n<p>En espec\u00edfico, en la quinta posici\u00f3n de brazos, los hombros deben permanecer hacia abajo, evitando tensiones innecesarias, y los codos se mantienen ligeramente elevados. Esta posici\u00f3n requiere precisi\u00f3n y control, ya que contribuye a la est\u00e9tica general de la danza cl\u00e1sica.<\/p>\n\n\n\n<figure class=\"wp-block-embed alignwide is-type-video is-provider-youtube wp-block-embed-youtube\"><div class=\"wp-block-embed__wrapper\">\n<div class=\"nv-iframe-embed\"><div class=\"container-lazyload preview-lazyload container-youtube js-lazyload--not-loaded\"><a href=\"https:\/\/youtu.be\/bFMXJ4d4EAk?t=150\" class=\"lazy-load-youtube preview-lazyload preview-youtube\" data-video-title=\"Posiciones B\u00e1sicas del Ballet Cl\u00e1sico - Aprende Ballet Con Dani Zilli\" title=\"Play video &quot;Posiciones B\u00e1sicas del Ballet Cl\u00e1sico - Aprende Ballet Con Dani Zilli&quot;\" target=\"_blank\" rel=\"noopener\">https:\/\/youtu.be\/bFMXJ4d4EAk?t=150<\/a><noscript>Video can&#8217;t be loaded because JavaScript is disabled: <a href=\"https:\/\/youtu.be\/bFMXJ4d4EAk?t=150\" title=\"Posiciones B\u00e1sicas del Ballet Cl\u00e1sico - Aprende Ballet Con Dani Zilli\" target=\"_blank\" rel=\"noopener\">Posiciones B\u00e1sicas del Ballet Cl\u00e1sico &#8211; Aprende Ballet Con Dani Zilli (https:\/\/youtu.be\/bFMXJ4d4EAk?t=150)<\/a><\/noscript><\/div><\/div>\n<\/div><\/figure>\n\n\n\n<h2 class=\"wp-block-heading\" id=\"OtrosEstilos\">\u00bfPor qu\u00e9 no hay posici\u00f3n quinta en contempor\u00e1neo y otros estilos?<\/h2>\n\n\n\n<p>El motivo principal es porque ya tienen la posici\u00f3n de ballet como referencia, entonces no es necesario crear nuevas posiciones. Tampoco tiene versiones en paralela porque ser\u00eda como una cuarta en paralelo. No tendr\u00eda mucha diferencia.<\/p>\n\n\n\n<h2 class=\"wp-block-heading\" id=\"Usos\">Usos de la quinta posici\u00f3n<\/h2>\n\n\n\n<p>La posici\u00f3n es com\u00fan como posici\u00f3n inicial o intermedia para t\u00e9cnicas un poco m\u00e1s avanzadas, como:<\/p>\n\n\n\n<ul class=\"wp-block-list\">\n<li>Grand Battement<\/li>\n\n\n\n<li>D\u00e9velopp\u00e9<\/li>\n\n\n\n<li>Relev\u00e9 Lent<\/li>\n\n\n\n<li>\u00c9chapp\u00e9<\/li>\n<\/ul>\n\n\n\n<h2 class=\"wp-block-heading\" id=\"Ejemplo\">Ejemplo de quinta en danza urbana<\/h2>\n\n\n\n<p>En danza urbana el ejemplo m\u00e1s concreto es el de <a href=\"https:\/\/sqardance.com\/index.php\/hip-hop\/lista-de-pasos\/criss-cross\/\" data-type=\"page\" data-id=\"731\">Criss Cross en Hip Hop<\/a>, que b\u00e1sicamente es la versi\u00f3n de danza urbana del \u00c9chapp\u00e9.<\/p>\n\n\n\n<figure class=\"wp-block-embed alignwide is-type-video is-provider-youtube wp-block-embed-youtube\"><div class=\"wp-block-embed__wrapper\">\n<div class=\"nv-iframe-embed\"><div class=\"container-lazyload preview-lazyload container-youtube js-lazyload--not-loaded\"><a href=\"https:\/\/www.youtube.com\/shorts\/Gu0c2TbdZx0\" class=\"lazy-load-youtube preview-lazyload preview-youtube\" data-video-title=\"Criss Cross Tutorial #shorts\" title=\"Play video &quot;Criss Cross Tutorial #shorts&quot;\" target=\"_blank\" rel=\"noopener\">https:\/\/www.youtube.com\/shorts\/Gu0c2TbdZx0<\/a><noscript>Video can&#8217;t be loaded because JavaScript is disabled: <a href=\"https:\/\/www.youtube.com\/shorts\/Gu0c2TbdZx0\" title=\"Criss Cross Tutorial #shorts\" target=\"_blank\" rel=\"noopener\">Criss Cross Tutorial #shorts (https:\/\/www.youtube.com\/shorts\/Gu0c2TbdZx0)<\/a><\/noscript><\/div><\/div>\n<\/div><\/figure>\n\n\n\n<h2 class=\"wp-block-heading\">Otras posiciones de baile<\/h2>\n\n\n\n<figure class=\"wp-block-gallery has-nested-images columns-default is-cropped wp-block-gallery-1 is-layout-flex wp-block-gallery-is-layout-flex\">\n<figure class=\"wp-block-image size-large\"><a href=\"https:\/\/sqardance.com\/index.php\/fundamentos-de-la-danza\/posicion-tercera\/\"><img decoding=\"async\" width=\"1000\" height=\"782\" data-id=\"623\" data-src=\"https:\/\/sqardance.com\/wp-content\/uploads\/2023\/12\/TerceraBallet.png\" alt=\"Posici\u00f3n tercera en danza\" class=\"wp-image-623 lazyload\" data-srcset=\"https:\/\/sqardance.com\/wp-content\/uploads\/2023\/12\/TerceraBallet.png 1000w, https:\/\/sqardance.com\/wp-content\/uploads\/2023\/12\/TerceraBallet-300x235.png 300w, https:\/\/sqardance.com\/wp-content\/uploads\/2023\/12\/TerceraBallet-768x601.png 768w\" data-sizes=\"(max-width: 1000px) 100vw, 1000px\" src=\"data:image\/svg+xml;base64,PHN2ZyB3aWR0aD0iMSIgaGVpZ2h0PSIxIiB4bWxucz0iaHR0cDovL3d3dy53My5vcmcvMjAwMC9zdmciPjwvc3ZnPg==\" style=\"--smush-placeholder-width: 1000px; --smush-placeholder-aspect-ratio: 1000\/782;\" \/><\/a><figcaption class=\"wp-element-caption\"><a href=\"https:\/\/sqardance.com\/index.php\/fundamentos-de-la-danza\/posicion-tercera\/\" data-type=\"page\" data-id=\"616\">Posici\u00f3n tercera de baile<\/a><\/figcaption><\/figure>\n\n\n\n<figure class=\"wp-block-image size-large\"><a href=\"https:\/\/sqardance.com\/index.php\/fundamentos-de-la-danza\/posicion-cuarta\/\"><img decoding=\"async\" width=\"721\" height=\"961\" data-id=\"707\" data-src=\"https:\/\/sqardance.com\/wp-content\/uploads\/2024\/01\/RunningManPos1-edited-1.png\" alt=\"Como se hace el running man\" class=\"wp-image-707 lazyload\" data-srcset=\"https:\/\/sqardance.com\/wp-content\/uploads\/2024\/01\/RunningManPos1-edited-1.png 721w, https:\/\/sqardance.com\/wp-content\/uploads\/2024\/01\/RunningManPos1-edited-1-225x300.png 225w\" data-sizes=\"(max-width: 721px) 100vw, 721px\" src=\"data:image\/svg+xml;base64,PHN2ZyB3aWR0aD0iMSIgaGVpZ2h0PSIxIiB4bWxucz0iaHR0cDovL3d3dy53My5vcmcvMjAwMC9zdmciPjwvc3ZnPg==\" style=\"--smush-placeholder-width: 721px; --smush-placeholder-aspect-ratio: 721\/961;\" \/><\/a><figcaption class=\"wp-element-caption\"><a href=\"https:\/\/sqardance.com\/index.php\/fundamentos-de-la-danza\/posicion-cuarta\/\" data-type=\"page\" data-id=\"626\">Posici\u00f3n cuarta en danza<\/a><\/figcaption><\/figure>\n\n\n\n<figure class=\"wp-block-image size-large\"><a href=\"https:\/\/sqardance.com\/index.php\/fundamentos-de-la-danza\/posicion-segunda\/\"><img decoding=\"async\" width=\"1000\" height=\"782\" data-id=\"377\" data-src=\"https:\/\/sqardance.com\/wp-content\/uploads\/2023\/10\/SegundaBallet.png\" alt=\"Posici\u00f3n segunda en Ballet\" class=\"wp-image-377 lazyload\" data-srcset=\"https:\/\/sqardance.com\/wp-content\/uploads\/2023\/10\/SegundaBallet.png 1000w, https:\/\/sqardance.com\/wp-content\/uploads\/2023\/10\/SegundaBallet-300x235.png 300w, https:\/\/sqardance.com\/wp-content\/uploads\/2023\/10\/SegundaBallet-768x601.png 768w\" data-sizes=\"(max-width: 1000px) 100vw, 1000px\" src=\"data:image\/svg+xml;base64,PHN2ZyB3aWR0aD0iMSIgaGVpZ2h0PSIxIiB4bWxucz0iaHR0cDovL3d3dy53My5vcmcvMjAwMC9zdmciPjwvc3ZnPg==\" style=\"--smush-placeholder-width: 1000px; --smush-placeholder-aspect-ratio: 1000\/782;\" \/><\/a><figcaption class=\"wp-element-caption\"><a href=\"https:\/\/sqardance.com\/index.php\/fundamentos-de-la-danza\/posicion-segunda\/\" data-type=\"page\" data-id=\"360\">Posici\u00f3n segunda de baile<\/a><\/figcaption><\/figure>\n<\/figure>\n","protected":false},"excerpt":{"rendered":"<p>La comprensi\u00f3n y dominio de la quinta posici\u00f3n en ballet son esenciales para ejecutar con precisi\u00f3n diversas t\u00e9cnicas avanzadas, como Relev\u00e9 Lent y \u00c9chapp\u00e9. Adem\u00e1s, en la quinta posici\u00f3n cerrada, se fortalecen los m\u00fasculos de las piernas, contribuyendo a una mayor resistencia en movimientos. En resumen, la versatilidad de la quinta posici\u00f3n la convierte en&hellip;&nbsp;<a href=\"https:\/\/sqardance.com\/index.php\/fundamentos-de-la-danza\/posicion-quinta\/\" rel=\"bookmark\"><span class=\"screen-reader-text\">\u00bfCu\u00e1l es la posici\u00f3n quinta en baile?<\/span><\/a><\/p>\n","protected":false},"author":1,"featured_media":0,"parent":182,"menu_order":0,"comment_status":"closed","ping_status":"closed","template":"","meta":{"neve_meta_sidebar":"","neve_meta_container":"","neve_meta_enable_content_width":"","neve_meta_content_width":0,"neve_meta_title_alignment":"","neve_meta_author_avatar":"","neve_post_elements_order":"","neve_meta_disable_header":"","neve_meta_disable_footer":"","neve_meta_disable_title":"","footnotes":""},"class_list":["post-784","page","type-page","status-publish","hentry"],"_links":{"self":[{"href":"https:\/\/sqardance.com\/index.php\/wp-json\/wp\/v2\/pages\/784","targetHints":{"allow":["GET"]}}],"collection":[{"href":"https:\/\/sqardance.com\/index.php\/wp-json\/wp\/v2\/pages"}],"about":[{"href":"https:\/\/sqardance.com\/index.php\/wp-json\/wp\/v2\/types\/page"}],"author":[{"embeddable":true,"href":"https:\/\/sqardance.com\/index.php\/wp-json\/wp\/v2\/users\/1"}],"replies":[{"embeddable":true,"href":"https:\/\/sqardance.com\/index.php\/wp-json\/wp\/v2\/comments?post=784"}],"version-history":[{"count":9,"href":"https:\/\/sqardance.com\/index.php\/wp-json\/wp\/v2\/pages\/784\/revisions"}],"predecessor-version":[{"id":800,"href":"https:\/\/sqardance.com\/index.php\/wp-json\/wp\/v2\/pages\/784\/revisions\/800"}],"up":[{"embeddable":true,"href":"https:\/\/sqardance.com\/index.php\/wp-json\/wp\/v2\/pages\/182"}],"wp:attachment":[{"href":"https:\/\/sqardance.com\/index.php\/wp-json\/wp\/v2\/media?parent=784"}],"curies":[{"name":"wp","href":"https:\/\/api.w.org\/{rel}","templated":true}]}}