{"id":746,"date":"2024-02-08T06:54:09","date_gmt":"2024-02-08T06:54:09","guid":{"rendered":"https:\/\/sqardance.com\/?page_id=746"},"modified":"2024-02-08T06:54:10","modified_gmt":"2024-02-08T06:54:10","slug":"como-se-llama-el-baile-del-metal","status":"publish","type":"page","link":"https:\/\/sqardance.com\/index.php\/metal-dance\/como-se-llama-el-baile-del-metal\/","title":{"rendered":"\u00bfC\u00f3mo se llama el baile del metal?"},"content":{"rendered":"\n<p>Si te preguntas c\u00f3mo se llama el baile del metal, <strong>probablemente te refieras al Moshing<\/strong> o tambi\u00e9n llamado pogo. Esa expresi\u00f3n de la danza que se basa en seguir el ritmo a medida que nos empujamos con otros en los conciertos. Siempre se hace en un \u00e1rea que est\u00e1 limitada imaginariamente que llama Moshpit. Dependiendo del lugar puede llegar a ser un poco agresivo, pero en general los que est\u00e1n adentro suelen cuidar a los dem\u00e1s aunque no se conozcan. <\/p>\n\n\n\n<p><strong>Otro movimiento muy popular<\/strong> asociado con la m\u00fasica metal<strong> es el Headbanging<\/strong>. Consiste en mover la cabeza de arriba a abajo al ritmo de la m\u00fasica, generalmente acompa\u00f1ado por movimientos intensos y en\u00e9rgicos. Este estilo de baile es una forma caracter\u00edstica de expresi\u00f3n, tanto durante conciertos como en otros lugares como clubs de metal u otros sitios donde no hay gente suficiente para hacer un Moshpit.<\/p>\n\n\n\n<div class=\"wp-block-media-text is-stacked-on-mobile\" style=\"grid-template-columns:33% auto\"><figure class=\"wp-block-media-text__media\"><a href=\"https:\/\/sqardance.com\/index.php\/metal-dance\/como-bailar-metal\/\"><img decoding=\"async\" width=\"1024\" height=\"1024\" data-src=\"https:\/\/sqardance.com\/wp-content\/uploads\/2024\/02\/pexels-sebastian-ervi-1763075-edited-1024x1024.jpg\" alt=\"Rock Metal Dance\" class=\"wp-image-747 size-full lazyload\" data-srcset=\"https:\/\/sqardance.com\/wp-content\/uploads\/2024\/02\/pexels-sebastian-ervi-1763075-edited-1024x1024.jpg 1024w, https:\/\/sqardance.com\/wp-content\/uploads\/2024\/02\/pexels-sebastian-ervi-1763075-edited-300x300.jpg 300w, https:\/\/sqardance.com\/wp-content\/uploads\/2024\/02\/pexels-sebastian-ervi-1763075-edited-150x150.jpg 150w, https:\/\/sqardance.com\/wp-content\/uploads\/2024\/02\/pexels-sebastian-ervi-1763075-edited-768x768.jpg 768w, https:\/\/sqardance.com\/wp-content\/uploads\/2024\/02\/pexels-sebastian-ervi-1763075-edited-1536x1536.jpg 1536w, https:\/\/sqardance.com\/wp-content\/uploads\/2024\/02\/pexels-sebastian-ervi-1763075-edited-2048x2048.jpg 2048w, https:\/\/sqardance.com\/wp-content\/uploads\/2024\/02\/pexels-sebastian-ervi-1763075-edited-scaled.jpg 1000w\" data-sizes=\"(max-width: 1024px) 100vw, 1024px\" src=\"data:image\/svg+xml;base64,PHN2ZyB3aWR0aD0iMSIgaGVpZ2h0PSIxIiB4bWxucz0iaHR0cDovL3d3dy53My5vcmcvMjAwMC9zdmciPjwvc3ZnPg==\" style=\"--smush-placeholder-width: 1024px; --smush-placeholder-aspect-ratio: 1024\/1024;\" \/><\/a><\/figure><div class=\"wp-block-media-text__content\">\n<p class=\"has-text-align-center\">\u00bfTe interesa conocer m\u00e1s movimientos relacionados con la m\u00fasica metal? Ac\u00e1 te traigo un art\u00edculo donde hablo en detalle sobre los pasos o danzas de baile en el metal, adem\u00e1s de las mezclas de estilos con el Metal.<\/p>\n\n\n\n<div class=\"wp-block-buttons is-content-justification-center is-layout-flex wp-container-core-buttons-is-layout-16018d1d wp-block-buttons-is-layout-flex\">\n<div class=\"wp-block-button has-custom-font-size has-x-large-font-size\"><a class=\"wp-block-button__link has-neve-text-color-background-color has-background wp-element-button\" href=\"https:\/\/sqardance.com\/index.php\/metal-dance\/como-bailar-metal\/\" style=\"border-radius:45px\">\u00bfC\u00f3mo se baila el metal?<\/a><\/div>\n<\/div>\n<\/div><\/div>\n","protected":false},"excerpt":{"rendered":"<p>Si te preguntas c\u00f3mo se llama el baile del metal, probablemente te refieras al Moshing o tambi\u00e9n llamado pogo. Esa expresi\u00f3n de la danza que se basa en seguir el ritmo a medida que nos empujamos con otros en los conciertos. Siempre se hace en un \u00e1rea que est\u00e1 limitada imaginariamente que llama Moshpit. Dependiendo&hellip;&nbsp;<a href=\"https:\/\/sqardance.com\/index.php\/metal-dance\/como-se-llama-el-baile-del-metal\/\" rel=\"bookmark\"><span class=\"screen-reader-text\">\u00bfC\u00f3mo se llama el baile del metal?<\/span><\/a><\/p>\n","protected":false},"author":1,"featured_media":0,"parent":104,"menu_order":0,"comment_status":"closed","ping_status":"closed","template":"","meta":{"neve_meta_sidebar":"","neve_meta_container":"","neve_meta_enable_content_width":"","neve_meta_content_width":0,"neve_meta_title_alignment":"","neve_meta_author_avatar":"","neve_post_elements_order":"","neve_meta_disable_header":"","neve_meta_disable_footer":"","neve_meta_disable_title":"","footnotes":""},"class_list":["post-746","page","type-page","status-publish","hentry"],"_links":{"self":[{"href":"https:\/\/sqardance.com\/index.php\/wp-json\/wp\/v2\/pages\/746","targetHints":{"allow":["GET"]}}],"collection":[{"href":"https:\/\/sqardance.com\/index.php\/wp-json\/wp\/v2\/pages"}],"about":[{"href":"https:\/\/sqardance.com\/index.php\/wp-json\/wp\/v2\/types\/page"}],"author":[{"embeddable":true,"href":"https:\/\/sqardance.com\/index.php\/wp-json\/wp\/v2\/users\/1"}],"replies":[{"embeddable":true,"href":"https:\/\/sqardance.com\/index.php\/wp-json\/wp\/v2\/comments?post=746"}],"version-history":[{"count":2,"href":"https:\/\/sqardance.com\/index.php\/wp-json\/wp\/v2\/pages\/746\/revisions"}],"predecessor-version":[{"id":749,"href":"https:\/\/sqardance.com\/index.php\/wp-json\/wp\/v2\/pages\/746\/revisions\/749"}],"up":[{"embeddable":true,"href":"https:\/\/sqardance.com\/index.php\/wp-json\/wp\/v2\/pages\/104"}],"wp:attachment":[{"href":"https:\/\/sqardance.com\/index.php\/wp-json\/wp\/v2\/media?parent=746"}],"curies":[{"name":"wp","href":"https:\/\/api.w.org\/{rel}","templated":true}]}}