{"id":731,"date":"2024-02-09T09:00:09","date_gmt":"2024-02-09T09:00:09","guid":{"rendered":"https:\/\/sqardance.com\/?page_id=731"},"modified":"2024-02-09T09:00:10","modified_gmt":"2024-02-09T09:00:10","slug":"criss-cross","status":"publish","type":"page","link":"https:\/\/sqardance.com\/index.php\/hip-hop\/lista-de-pasos\/criss-cross\/","title":{"rendered":"Criss Cross del estilo de baile de Hip Hop: el paso de danza que consiste en cruzar las piernas"},"content":{"rendered":"\n<p>Uno de los pasos m\u00e1s importantes en la danza urbana y tambi\u00e9n uno de los m\u00e1s usados es el Criss Cross. De forma r\u00e1pida, consiste en saltar y cruzar las piernas, luego volver a saltar para volverlas a abrir, pero tiene mucho m\u00e1s. Aqu\u00ed te cuento un poco de su historia, movimientos similares en la danza, estilos que influencia \u00a1y mucho m\u00e1s!<\/p>\n\n\n\n<h2 class=\"wp-block-heading\">Contenido<\/h2>\n\n\n\n<ul class=\"wp-block-list\">\n<li><a href=\"#definicion\" data-type=\"internal\" data-id=\"#definicion\">\u00bfC\u00f3mo hacer el paso Criss Cross de Hip Hop?<\/a><\/li>\n\n\n\n<li><a href=\"#tecnica\" data-type=\"internal\" data-id=\"#tecnica\">Consejos para tener una t\u00e9cnica correcta<\/a><\/li>\n\n\n\n<li><a href=\"#Entrenamiento\" data-type=\"internal\" data-id=\"#Entrenamiento\">\u00bfC\u00f3mo entrenarlo?<\/a><\/li>\n\n\n\n<li><a href=\"#Historia\" data-type=\"internal\" data-id=\"#Historia\">\u00bfQu\u00e9 se sabe de la historia del paso?<\/a><\/li>\n\n\n\n<li><a href=\"#Variaciones\" data-type=\"internal\" data-id=\"#Variaciones\">Variaciones del paso Criss Cross<\/a><\/li>\n<\/ul>\n\n\n\n<h2 class=\"wp-block-heading\" id=\"definicion\">\u00bfC\u00f3mo hacer el paso Criss Cross de Hip Hop?<\/h2>\n\n\n\n<p>Este paso es muy sencillo consiste en dos posiciones:<\/p>\n\n\n\n<ul class=\"wp-block-list\">\n<li><a href=\"https:\/\/sqardance.com\/index.php\/fundamentos-de-la-danza\/posicion-segunda\/\" data-type=\"page\" data-id=\"360\">Segunda de baile<\/a>: Las piernas un poco abiertas, puede tener un peque\u00f1o demipli\u00e9. <\/li>\n\n\n\n<li>Una variaci\u00f3n a la <a href=\"https:\/\/sqardance.com\/index.php\/fundamentos-de-la-danza\/posicion-cuarta\/\" data-type=\"page\" data-id=\"626\">cuarta de ballet<\/a>: cruzamos los pies un pie en frente del otro.<\/li>\n<\/ul>\n\n\n<div class=\"wp-block-image\">\n<figure class=\"aligncenter size-full is-resized\"><img decoding=\"async\" width=\"600\" height=\"469\" data-src=\"https:\/\/sqardance.com\/wp-content\/uploads\/2024\/02\/CrissCross.png\" alt=\"\" class=\"wp-image-742 lazyload\" style=\"--smush-placeholder-width: 600px; --smush-placeholder-aspect-ratio: 600\/469;width:475px;height:auto\" data-srcset=\"https:\/\/sqardance.com\/wp-content\/uploads\/2024\/02\/CrissCross.png 600w, https:\/\/sqardance.com\/wp-content\/uploads\/2024\/02\/CrissCross-300x235.png 300w\" data-sizes=\"(max-width: 600px) 100vw, 600px\" src=\"data:image\/svg+xml;base64,PHN2ZyB3aWR0aD0iMSIgaGVpZ2h0PSIxIiB4bWxucz0iaHR0cDovL3d3dy53My5vcmcvMjAwMC9zdmciPjwvc3ZnPg==\" \/><\/figure><\/div>\n\n\n<p>La transici\u00f3n entre los pasos simplemente requiere que saltemos de una posici\u00f3n a la otra y volvemos. Se intercala el pie que est\u00e1 adelante en la variaci\u00f3n de la cuarta de ballet. Primero se hace con la derecha y luego con la izquierda.<\/p>\n\n\n\n<h2 class=\"wp-block-heading\" id=\"tecnica\">Consejos para tener una t\u00e9cnica correcta<\/h2>\n\n\n\n<p>Aunque pueda parecer sencillo saltar y cruzar las piernas, no es tan simple al momento de bailar, especialmente debido a la velocidad. Es por eso que, t\u00e9cnicamente, tambi\u00e9n tiene ciertos detalles.<\/p>\n\n\n\n<ul class=\"wp-block-list\">\n<li>Mant\u00e9n siempre las rodillas flexionadas.<\/li>\n\n\n\n<li>Pon el peso del cuerpo sobre la punta de los pies durante todo el movimiento.<\/li>\n\n\n\n<li>No saltes con todo el cuerpo, mant\u00e9n la cadera a casi la misma altura todo el tiempo. El movimiento del salto se debe notar en su mayor\u00eda con la elevaci\u00f3n de los pies y las rodillas.<\/li>\n<\/ul>\n\n\n\n<h2 class=\"wp-block-heading\" id=\"Entrenamiento\">\u00bfC\u00f3mo entrenarlo?<\/h2>\n\n\n\n<p>Al ser un paso tan sencillo, realmente no deber\u00edas tener grandes inconvenientes para realizarlo r\u00e1pidamente. Lo dif\u00edcil consiste en la apropiaci\u00f3n del paso, algo que adem\u00e1s es necesario de hacer para que deslumbre un poco. Para lo siguiente te recomiendo:<\/p>\n\n\n\n<ul class=\"wp-block-list\">\n<li>Hacer ejercicios de disociaci\u00f3n con brazos al mismo tiempo que haces\n<ul class=\"wp-block-list\">\n<li>Comienza haciendo el ejercicio &#8220;follow the leader&#8221;, que consiste en que las manos van a seguir lo que hacen los pies. Cuando cruzas los pies, tambi\u00e9n las manos, puede ser a la altura de la cintura o encima de la cabeza.<\/li>\n\n\n\n<li>Luego evoluciona a hacer movimientos m\u00e1s complejos e independientes con los brazos. Por ejemplo, con la mano izquierda haz un tri\u00e1ngulo, cada vez que saltes para hacer el Criss Cross, tambi\u00e9n haces una l\u00ednea de ese tri\u00e1ngulo. Con la mano derecha s\u00f3lo la mueves arriba y abajo.<\/li>\n<\/ul>\n<\/li>\n\n\n\n<li>Realiza desplazamientos mientras haces el paso<\/li>\n\n\n\n<li>Entrena la velocidad. La t\u00e9cnica que me funciona m\u00e1s es acelerarlo gradualmente y sostenerlo a la mayor velocidad que lo pueda hacer. Repetir ese ejercicio por varios d\u00edas y en un par de semanas ya la velocidad ser\u00e1 mucho mayor que el primer d\u00eda.<\/li>\n<\/ul>\n\n\n\n<h2 class=\"wp-block-heading\" id=\"Historia\">\u00bfQu\u00e9 se sabe de la historia del paso Criss Cross?<\/h2>\n\n\n\n<p>Aunque no se tiene registro de c\u00f3mo nace este paso concretamente, s\u00ed se puede decir que para 1990 ya era un paso popular. Es uno de los pasos centrales de la coreograf\u00eda de la canci\u00f3n &#8220;Can&#8217;t Touch This&#8221;, lo que lo ubica en el intermedio entre Old School y Middle School, un caso similar al paso Running Man. <\/p>\n\n\n\n<figure class=\"wp-block-embed alignwide is-type-video is-provider-youtube wp-block-embed-youtube\"><div class=\"wp-block-embed__wrapper\">\n<div class=\"nv-iframe-embed\"><div class=\"container-lazyload preview-lazyload container-youtube js-lazyload--not-loaded\"><a href=\"https:\/\/youtu.be\/otCpCn0l4Wo?t=203\" class=\"lazy-load-youtube preview-lazyload preview-youtube\" data-video-title=\"M.C. Hammer - U Can&#039;t Touch This\" title=\"Play video &quot;M.C. Hammer - U Can&#039;t Touch This&quot;\" target=\"_blank\" rel=\"noopener\">https:\/\/youtu.be\/otCpCn0l4Wo?t=203<\/a><noscript>Video can&#8217;t be loaded because JavaScript is disabled: <a href=\"https:\/\/youtu.be\/otCpCn0l4Wo?t=203\" title=\"M.C. Hammer - U Can&#039;t Touch This\" target=\"_blank\" rel=\"noopener\">M.C. Hammer &#8211; U Can&#039;t Touch This (https:\/\/youtu.be\/otCpCn0l4Wo?t=203)<\/a><\/noscript><\/div><\/div>\n<\/div><\/figure>\n\n\n\n<p>Sin embargo, movimientos similares han existido en otros estilos de baile m\u00e1s antiguos, como el ballet. El movimiento conocido como &#8220;echapp\u00e9&#8221;, en donde se salta de segunda a quinta es muy similar, ya que la diferencia entre quita y cuarta posici\u00f3n es que en la quinta el tal\u00f3n del pie de adelante est\u00e1 unido a la punta del pie que est\u00e1 atr\u00e1s, mientras en la cuarta hay un espacio. Por lo tanto podemos decir que aunque nace en el <a href=\"https:\/\/sqardance.com\/index.php\/hip-hop\/\" data-type=\"page\" data-id=\"110\">Hip Hop<\/a>, es un movimiento com\u00fan con una trayectoria m\u00e1s larga.<\/p>\n\n\n\n<figure class=\"wp-block-embed alignwide is-type-video is-provider-youtube wp-block-embed-youtube\"><div class=\"wp-block-embed__wrapper\">\n<div class=\"nv-iframe-embed\"><div class=\"container-lazyload preview-lazyload container-youtube js-lazyload--not-loaded\"><a href=\"https:\/\/youtu.be\/9Gh07_go6bQ\" class=\"lazy-load-youtube preview-lazyload preview-youtube\" data-video-title=\"Echappe Jump en Ballet (Saltos de Danza)\" title=\"Play video &quot;Echappe Jump en Ballet (Saltos de Danza)&quot;\" target=\"_blank\" rel=\"noopener\">https:\/\/youtu.be\/9Gh07_go6bQ<\/a><noscript>Video can&#8217;t be loaded because JavaScript is disabled: <a href=\"https:\/\/youtu.be\/9Gh07_go6bQ\" title=\"Echappe Jump en Ballet (Saltos de Danza)\" target=\"_blank\" rel=\"noopener\">Echappe Jump en Ballet (Saltos de Danza) (https:\/\/youtu.be\/9Gh07_go6bQ)<\/a><\/noscript><\/div><\/div>\n<\/div><\/figure>\n\n\n\n<p>Posteriormente pas\u00f3 a ser unos de los pasos de otros estilos de baile como el <a href=\"https:\/\/sqardance.com\/index.php\/shuffle\/\" data-type=\"page\" data-id=\"73\">Shuffle<\/a> o el House. En el caso del House, en el documental New School Dictionary mencionan que muchos pasos del Hip Hop pasan al House porque en los clubs pon\u00edan un d\u00eda Hip Hop y al otro House, entonces la gente iba a ambos d\u00edas y usaba los mismos pasos en ambos g\u00e9neros musicales, influenciando as\u00ed el baile del House. En el Shuffle es un poco m\u00e1s complejo determinar su origen, ya que para la \u00e9poca de la creaci\u00f3n del Shuffle, estos pasos ya eran muy populares, sal\u00edan en TV y tambi\u00e9n ya se iniciaba la globalizaci\u00f3n, donde exist\u00edan muchas formas de conocerse. Adem\u00e1s el House influenci\u00f3 al Shuffle porque en sus or\u00edgenes ambos estilos se bailaban con la misma m\u00fasica.<\/p>\n\n\n\n<h2 class=\"wp-block-heading\" id=\"Variaciones\">Variaciones del paso Criss Cross<\/h2>\n\n\n\n<p>La siguiente variaci\u00f3n consiste en agregar un golpe con las manos a medida que abrimos los talones y nos apoyamos en las puntas de los pies. <\/p>\n\n\n\n<figure class=\"wp-block-embed alignwide is-type-video is-provider-youtube wp-block-embed-youtube\"><div class=\"wp-block-embed__wrapper\">\n<div class=\"nv-iframe-embed\"><div class=\"container-lazyload preview-lazyload container-youtube js-lazyload--not-loaded\"><a href=\"https:\/\/youtu.be\/5_NDaKgLMoI\" class=\"lazy-load-youtube preview-lazyload preview-youtube\" data-video-title=\"How to Do an Old Skool Kris Kross Hit | Hip-Hop Combos\" title=\"Play video &quot;How to Do an Old Skool Kris Kross Hit | Hip-Hop Combos&quot;\" target=\"_blank\" rel=\"noopener\">https:\/\/youtu.be\/5_NDaKgLMoI<\/a><noscript>Video can&#8217;t be loaded because JavaScript is disabled: <a href=\"https:\/\/youtu.be\/5_NDaKgLMoI\" title=\"How to Do an Old Skool Kris Kross Hit | Hip-Hop Combos\" target=\"_blank\" rel=\"noopener\">How to Do an Old Skool Kris Kross Hit | Hip-Hop Combos (https:\/\/youtu.be\/5_NDaKgLMoI)<\/a><\/noscript><\/div><\/div>\n<\/div><\/figure>\n\n\n\n<p>Otra variaci\u00f3n consiste en hacer dos criss cross seguidos, pero en el segundo en vez de cruzar la pierna, simplemente se cierran. Lo brazos en este caso hacen un follow the leader, algo que puedes revisar en el <a href=\"#Entrenamiento\" data-type=\"internal\" data-id=\"#Entrenamiento\">entrenamiento<\/a>, y termina con un movimiento de LiteFeet llamado Lock In, que para este caso es parte de un golpe de arriba a abajo.<\/p>\n\n\n\n<figure class=\"wp-block-embed is-type-video is-provider-youtube wp-block-embed-youtube\"><div class=\"wp-block-embed__wrapper\">\n<div class=\"nv-iframe-embed\"><div class=\"container-lazyload preview-lazyload container-youtube js-lazyload--not-loaded\"><a href=\"https:\/\/youtu.be\/LMsybwOj2EM\" class=\"lazy-load-youtube preview-lazyload preview-youtube\" data-video-title=\"How to do the Criss Cross (Hip Hop Dance Moves Tutorial) | MihranTV\" title=\"Play video &quot;How to do the Criss Cross (Hip Hop Dance Moves Tutorial) | MihranTV&quot;\" target=\"_blank\" rel=\"noopener\">https:\/\/youtu.be\/LMsybwOj2EM<\/a><noscript>Video can&#8217;t be loaded because JavaScript is disabled: <a href=\"https:\/\/youtu.be\/LMsybwOj2EM\" title=\"How to do the Criss Cross (Hip Hop Dance Moves Tutorial) | MihranTV\" target=\"_blank\" rel=\"noopener\">How to do the Criss Cross (Hip Hop Dance Moves Tutorial) | MihranTV (https:\/\/youtu.be\/LMsybwOj2EM)<\/a><\/noscript><\/div><\/div>\n<\/div><\/figure>\n\n\n\n<h2 class=\"wp-block-heading\">Te invito a ver otros pasos de Hip Hop<\/h2>\n\n\n\n<figure class=\"wp-block-gallery has-nested-images columns-default is-cropped wp-block-gallery-1 is-layout-flex wp-block-gallery-is-layout-flex\">\n<figure class=\"wp-block-image size-large\"><a href=\"https:\/\/sqardance.com\/index.php\/hip-hop\/lista-de-pasos\/roger-rabbit\/\"><img decoding=\"async\" width=\"640\" height=\"1024\" data-id=\"728\" data-src=\"https:\/\/sqardance.com\/wp-content\/uploads\/2024\/02\/who_framed_roger_rabbit_poster_by_theaven_ddqphk8-414w-2x-640x1024.jpg\" alt=\"\" class=\"wp-image-728 lazyload\" data-srcset=\"https:\/\/sqardance.com\/wp-content\/uploads\/2024\/02\/who_framed_roger_rabbit_poster_by_theaven_ddqphk8-414w-2x-640x1024.jpg 640w, https:\/\/sqardance.com\/wp-content\/uploads\/2024\/02\/who_framed_roger_rabbit_poster_by_theaven_ddqphk8-414w-2x-187x300.jpg 187w, https:\/\/sqardance.com\/wp-content\/uploads\/2024\/02\/who_framed_roger_rabbit_poster_by_theaven_ddqphk8-414w-2x-768x1230.jpg 768w, https:\/\/sqardance.com\/wp-content\/uploads\/2024\/02\/who_framed_roger_rabbit_poster_by_theaven_ddqphk8-414w-2x-scaled.jpg 625w\" data-sizes=\"(max-width: 640px) 100vw, 640px\" src=\"data:image\/svg+xml;base64,PHN2ZyB3aWR0aD0iMSIgaGVpZ2h0PSIxIiB4bWxucz0iaHR0cDovL3d3dy53My5vcmcvMjAwMC9zdmciPjwvc3ZnPg==\" style=\"--smush-placeholder-width: 640px; --smush-placeholder-aspect-ratio: 640\/1024;\" \/><\/a><figcaption class=\"wp-element-caption\"><a href=\"https:\/\/sqardance.com\/index.php\/hip-hop\/lista-de-pasos\/roger-rabbit\/\" data-type=\"page\" data-id=\"327\">Roger Rabbit en Hip Hop<\/a><\/figcaption><\/figure>\n\n\n\n<figure class=\"wp-block-image size-large\"><a href=\"https:\/\/sqardance.com\/index.php\/hip-hop\/lista-de-pasos\/reebok\/\"><img decoding=\"async\" width=\"640\" height=\"960\" data-id=\"729\" data-src=\"https:\/\/sqardance.com\/wp-content\/uploads\/2024\/02\/pexels-erick-alfredo-sasi-6601918.jpg\" alt=\"\" class=\"wp-image-729 lazyload\" data-srcset=\"https:\/\/sqardance.com\/wp-content\/uploads\/2024\/02\/pexels-erick-alfredo-sasi-6601918.jpg 640w, https:\/\/sqardance.com\/wp-content\/uploads\/2024\/02\/pexels-erick-alfredo-sasi-6601918-200x300.jpg 200w\" data-sizes=\"(max-width: 640px) 100vw, 640px\" src=\"data:image\/svg+xml;base64,PHN2ZyB3aWR0aD0iMSIgaGVpZ2h0PSIxIiB4bWxucz0iaHR0cDovL3d3dy53My5vcmcvMjAwMC9zdmciPjwvc3ZnPg==\" style=\"--smush-placeholder-width: 640px; --smush-placeholder-aspect-ratio: 640\/960;\" \/><\/a><figcaption class=\"wp-element-caption\"><a href=\"https:\/\/sqardance.com\/index.php\/hip-hop\/lista-de-pasos\/reebok\/\" data-type=\"page\" data-id=\"129\">Paso de baile Reebok<\/a><\/figcaption><\/figure>\n\n\n\n<figure class=\"wp-block-image size-large\"><a href=\"https:\/\/sqardance.com\/index.php\/hip-hop\/lista-de-pasos\/\"><img decoding=\"async\" width=\"1024\" height=\"682\" data-id=\"721\" data-src=\"https:\/\/sqardance.com\/wp-content\/uploads\/2024\/01\/pexels-allan-mas-5368956-1024x682.jpg\" alt=\"Estilos de Baile de Hip Hop\" class=\"wp-image-721 lazyload\" data-srcset=\"https:\/\/sqardance.com\/wp-content\/uploads\/2024\/01\/pexels-allan-mas-5368956-1024x682.jpg 1024w, https:\/\/sqardance.com\/wp-content\/uploads\/2024\/01\/pexels-allan-mas-5368956-300x200.jpg 300w, https:\/\/sqardance.com\/wp-content\/uploads\/2024\/01\/pexels-allan-mas-5368956-768x512.jpg 768w, https:\/\/sqardance.com\/wp-content\/uploads\/2024\/01\/pexels-allan-mas-5368956-930x620.jpg 930w, https:\/\/sqardance.com\/wp-content\/uploads\/2024\/01\/pexels-allan-mas-5368956-scaled.jpg 1000w\" data-sizes=\"(max-width: 1024px) 100vw, 1024px\" src=\"data:image\/svg+xml;base64,PHN2ZyB3aWR0aD0iMSIgaGVpZ2h0PSIxIiB4bWxucz0iaHR0cDovL3d3dy53My5vcmcvMjAwMC9zdmciPjwvc3ZnPg==\" style=\"--smush-placeholder-width: 1024px; --smush-placeholder-aspect-ratio: 1024\/682;\" \/><\/a><figcaption class=\"wp-element-caption\"><a href=\"https:\/\/sqardance.com\/index.php\/hip-hop\/lista-de-pasos\/\" data-type=\"page\" data-id=\"112\">Lista de pasos de Hip Hop Party Dance<\/a><\/figcaption><\/figure>\n<\/figure>\n","protected":false},"excerpt":{"rendered":"<p>Uno de los pasos m\u00e1s importantes en la danza urbana y tambi\u00e9n uno de los m\u00e1s usados es el Criss Cross. De forma r\u00e1pida, consiste en saltar y cruzar las piernas, luego volver a saltar para volverlas a abrir, pero tiene mucho m\u00e1s. Aqu\u00ed te cuento un poco de su historia, movimientos similares en la&hellip;&nbsp;<a href=\"https:\/\/sqardance.com\/index.php\/hip-hop\/lista-de-pasos\/criss-cross\/\" rel=\"bookmark\"><span class=\"screen-reader-text\">Criss Cross del estilo de baile de Hip Hop: el paso de danza que consiste en cruzar las piernas<\/span><\/a><\/p>\n","protected":false},"author":1,"featured_media":0,"parent":112,"menu_order":0,"comment_status":"closed","ping_status":"closed","template":"","meta":{"neve_meta_sidebar":"","neve_meta_container":"","neve_meta_enable_content_width":"","neve_meta_content_width":0,"neve_meta_title_alignment":"","neve_meta_author_avatar":"","neve_post_elements_order":"","neve_meta_disable_header":"","neve_meta_disable_footer":"","neve_meta_disable_title":"","footnotes":""},"class_list":["post-731","page","type-page","status-publish","hentry"],"_links":{"self":[{"href":"https:\/\/sqardance.com\/index.php\/wp-json\/wp\/v2\/pages\/731","targetHints":{"allow":["GET"]}}],"collection":[{"href":"https:\/\/sqardance.com\/index.php\/wp-json\/wp\/v2\/pages"}],"about":[{"href":"https:\/\/sqardance.com\/index.php\/wp-json\/wp\/v2\/types\/page"}],"author":[{"embeddable":true,"href":"https:\/\/sqardance.com\/index.php\/wp-json\/wp\/v2\/users\/1"}],"replies":[{"embeddable":true,"href":"https:\/\/sqardance.com\/index.php\/wp-json\/wp\/v2\/comments?post=731"}],"version-history":[{"count":9,"href":"https:\/\/sqardance.com\/index.php\/wp-json\/wp\/v2\/pages\/731\/revisions"}],"predecessor-version":[{"id":763,"href":"https:\/\/sqardance.com\/index.php\/wp-json\/wp\/v2\/pages\/731\/revisions\/763"}],"up":[{"embeddable":true,"href":"https:\/\/sqardance.com\/index.php\/wp-json\/wp\/v2\/pages\/112"}],"wp:attachment":[{"href":"https:\/\/sqardance.com\/index.php\/wp-json\/wp\/v2\/media?parent=731"}],"curies":[{"name":"wp","href":"https:\/\/api.w.org\/{rel}","templated":true}]}}