{"id":73,"date":"2023-09-14T05:07:59","date_gmt":"2023-09-14T05:07:59","guid":{"rendered":"https:\/\/sqardance.com\/?page_id=73"},"modified":"2024-01-28T06:30:14","modified_gmt":"2024-01-28T06:30:14","slug":"shuffle","status":"publish","type":"page","link":"https:\/\/sqardance.com\/index.php\/shuffle\/","title":{"rendered":"Shuffle Dance"},"content":{"rendered":"\n<p>Entra y conoce este genial estilo para bailar m\u00fasica electr\u00f3nica que ya ha evolucionado por m\u00e1s de 30 a\u00f1os en todo el mundo. Conoce de a poco con los siguientes art\u00edculos.<\/p>\n\n\n\n<figure class=\"wp-block-gallery has-nested-images columns-default is-cropped wp-block-gallery-1 is-layout-flex wp-block-gallery-is-layout-flex\">\n<figure class=\"wp-block-image size-large\"><a href=\"https:\/\/sqardance.com\/index.php\/shuffle\/que-es\/\"><img decoding=\"async\" width=\"521\" height=\"521\" data-id=\"703\" data-src=\"https:\/\/sqardance.com\/wp-content\/uploads\/2024\/01\/RunningManPos2V2-edited.png\" alt=\"\" class=\"wp-image-703 lazyload\" data-srcset=\"https:\/\/sqardance.com\/wp-content\/uploads\/2024\/01\/RunningManPos2V2-edited.png 521w, https:\/\/sqardance.com\/wp-content\/uploads\/2024\/01\/RunningManPos2V2-edited-300x300.png 300w, https:\/\/sqardance.com\/wp-content\/uploads\/2024\/01\/RunningManPos2V2-edited-150x150.png 150w\" data-sizes=\"(max-width: 521px) 100vw, 521px\" src=\"data:image\/svg+xml;base64,PHN2ZyB3aWR0aD0iMSIgaGVpZ2h0PSIxIiB4bWxucz0iaHR0cDovL3d3dy53My5vcmcvMjAwMC9zdmciPjwvc3ZnPg==\" style=\"--smush-placeholder-width: 521px; --smush-placeholder-aspect-ratio: 521\/521;\" \/><\/a><figcaption class=\"wp-element-caption\"><a href=\"https:\/\/sqardance.com\/index.php\/shuffle\/que-es\/\" data-type=\"page\" data-id=\"560\">\u00bfQu\u00e9 es el Shuffle?<\/a><\/figcaption><\/figure>\n\n\n\n<figure class=\"wp-block-image size-large\"><a href=\"https:\/\/sqardance.com\/index.php\/shuffle\/origen\/\"><img decoding=\"async\" width=\"840\" height=\"857\" data-id=\"324\" data-src=\"https:\/\/sqardance.com\/wp-content\/uploads\/2023\/10\/UV_reflective_phat_pants.jpg\" alt=\"Historia del Shuffle Dance\" class=\"wp-image-324 lazyload\" data-srcset=\"https:\/\/sqardance.com\/wp-content\/uploads\/2023\/10\/UV_reflective_phat_pants.jpg 840w, https:\/\/sqardance.com\/wp-content\/uploads\/2023\/10\/UV_reflective_phat_pants-294x300.jpg 294w, https:\/\/sqardance.com\/wp-content\/uploads\/2023\/10\/UV_reflective_phat_pants-768x784.jpg 768w\" data-sizes=\"(max-width: 840px) 100vw, 840px\" src=\"data:image\/svg+xml;base64,PHN2ZyB3aWR0aD0iMSIgaGVpZ2h0PSIxIiB4bWxucz0iaHR0cDovL3d3dy53My5vcmcvMjAwMC9zdmciPjwvc3ZnPg==\" style=\"--smush-placeholder-width: 840px; --smush-placeholder-aspect-ratio: 840\/857;\" \/><\/a><figcaption class=\"wp-element-caption\"><a href=\"https:\/\/sqardance.com\/index.php\/shuffle\/origen\/\" data-type=\"page\" data-id=\"107\">Origen del Shuffle<\/a><\/figcaption><\/figure>\n\n\n\n<figure class=\"wp-block-image size-large\"><a href=\"https:\/\/sqardance.com\/index.php\/shuffle\/lista-de-pasos\/\"><img decoding=\"async\" width=\"641\" height=\"641\" data-id=\"704\" data-src=\"https:\/\/sqardance.com\/wp-content\/uploads\/2024\/01\/RunningManPos1-edited.png\" alt=\"Como se hace el running man\" class=\"wp-image-704 lazyload\" data-srcset=\"https:\/\/sqardance.com\/wp-content\/uploads\/2024\/01\/RunningManPos1-edited.png 641w, https:\/\/sqardance.com\/wp-content\/uploads\/2024\/01\/RunningManPos1-edited-300x300.png 300w, https:\/\/sqardance.com\/wp-content\/uploads\/2024\/01\/RunningManPos1-edited-150x150.png 150w\" data-sizes=\"(max-width: 641px) 100vw, 641px\" src=\"data:image\/svg+xml;base64,PHN2ZyB3aWR0aD0iMSIgaGVpZ2h0PSIxIiB4bWxucz0iaHR0cDovL3d3dy53My5vcmcvMjAwMC9zdmciPjwvc3ZnPg==\" style=\"--smush-placeholder-width: 641px; --smush-placeholder-aspect-ratio: 641\/641;\" \/><\/a><figcaption class=\"wp-element-caption\"><a href=\"https:\/\/sqardance.com\/index.php\/shuffle\/lista-de-pasos\/\" data-type=\"page\" data-id=\"75\">Lista de pasos de Shuffle<\/a><\/figcaption><\/figure>\n<\/figure>\n\n\n\n<h2 class=\"wp-block-heading\">Algunos pasos<\/h2>\n\n\n\n<figure class=\"wp-block-gallery has-nested-images columns-default is-cropped wp-block-gallery-2 is-layout-flex wp-block-gallery-is-layout-flex\">\n<figure class=\"wp-block-image size-large\"><a href=\"https:\/\/sqardance.com\/index.php\/shuffle\/lista-de-pasos\/t-step\/\"><img decoding=\"async\" width=\"587\" height=\"782\" data-id=\"706\" data-src=\"https:\/\/sqardance.com\/wp-content\/uploads\/2024\/01\/TStepPos1-edited.png\" alt=\"C\u00f3mo hacer el T Step\" class=\"wp-image-706 lazyload\" data-srcset=\"https:\/\/sqardance.com\/wp-content\/uploads\/2024\/01\/TStepPos1-edited.png 587w, https:\/\/sqardance.com\/wp-content\/uploads\/2024\/01\/TStepPos1-edited-225x300.png 225w\" data-sizes=\"(max-width: 587px) 100vw, 587px\" src=\"data:image\/svg+xml;base64,PHN2ZyB3aWR0aD0iMSIgaGVpZ2h0PSIxIiB4bWxucz0iaHR0cDovL3d3dy53My5vcmcvMjAwMC9zdmciPjwvc3ZnPg==\" style=\"--smush-placeholder-width: 587px; --smush-placeholder-aspect-ratio: 587\/782;\" \/><\/a><figcaption class=\"wp-element-caption\"><a href=\"https:\/\/sqardance.com\/index.php\/shuffle\/lista-de-pasos\/t-step\/\" data-type=\"page\" data-id=\"156\">T-step<\/a><\/figcaption><\/figure>\n\n\n\n<figure class=\"wp-block-image size-large\"><a href=\"https:\/\/sqardance.com\/index.php\/shuffle\/lista-de-pasos\/running-man\/\"><img decoding=\"async\" width=\"721\" height=\"961\" data-id=\"707\" data-src=\"https:\/\/sqardance.com\/wp-content\/uploads\/2024\/01\/RunningManPos1-edited-1.png\" alt=\"Como se hace el running man\" class=\"wp-image-707 lazyload\" data-srcset=\"https:\/\/sqardance.com\/wp-content\/uploads\/2024\/01\/RunningManPos1-edited-1.png 721w, https:\/\/sqardance.com\/wp-content\/uploads\/2024\/01\/RunningManPos1-edited-1-225x300.png 225w\" data-sizes=\"(max-width: 721px) 100vw, 721px\" src=\"data:image\/svg+xml;base64,PHN2ZyB3aWR0aD0iMSIgaGVpZ2h0PSIxIiB4bWxucz0iaHR0cDovL3d3dy53My5vcmcvMjAwMC9zdmciPjwvc3ZnPg==\" style=\"--smush-placeholder-width: 721px; --smush-placeholder-aspect-ratio: 721\/961;\" \/><\/a><figcaption class=\"wp-element-caption\"><a href=\"https:\/\/sqardance.com\/index.php\/shuffle\/lista-de-pasos\/running-man\/\" data-type=\"page\" data-id=\"79\">Running Man<\/a><\/figcaption><\/figure>\n\n\n\n<figure class=\"wp-block-image size-large\"><a href=\"https:\/\/sqardance.com\/index.php\/shuffle\/lista-de-pasos\/running-man-en-reversa\/\"><img decoding=\"async\" width=\"603\" height=\"804\" data-id=\"709\" data-src=\"https:\/\/sqardance.com\/wp-content\/uploads\/2024\/01\/RunningManPos2-edited.png\" alt=\"As\u00ed se hace el running man\" class=\"wp-image-709 lazyload\" data-srcset=\"https:\/\/sqardance.com\/wp-content\/uploads\/2024\/01\/RunningManPos2-edited.png 603w, https:\/\/sqardance.com\/wp-content\/uploads\/2024\/01\/RunningManPos2-edited-225x300.png 225w\" data-sizes=\"(max-width: 603px) 100vw, 603px\" src=\"data:image\/svg+xml;base64,PHN2ZyB3aWR0aD0iMSIgaGVpZ2h0PSIxIiB4bWxucz0iaHR0cDovL3d3dy53My5vcmcvMjAwMC9zdmciPjwvc3ZnPg==\" style=\"--smush-placeholder-width: 603px; --smush-placeholder-aspect-ratio: 603\/804;\" \/><\/a><figcaption class=\"wp-element-caption\"><a href=\"https:\/\/sqardance.com\/index.php\/shuffle\/lista-de-pasos\/running-man-en-reversa\/\" data-type=\"page\" data-id=\"645\">Running Man reverso<\/a><\/figcaption><\/figure>\n<\/figure>\n","protected":false},"excerpt":{"rendered":"<p>Entra y conoce este genial estilo para bailar m\u00fasica electr\u00f3nica que ya ha evolucionado por m\u00e1s de 30 a\u00f1os en todo el mundo. Conoce de a poco con los siguientes art\u00edculos. Algunos pasos<\/p>\n","protected":false},"author":1,"featured_media":0,"parent":0,"menu_order":0,"comment_status":"closed","ping_status":"closed","template":"","meta":{"neve_meta_sidebar":"","neve_meta_container":"","neve_meta_enable_content_width":"","neve_meta_content_width":0,"neve_meta_title_alignment":"","neve_meta_author_avatar":"","neve_post_elements_order":"","neve_meta_disable_header":"","neve_meta_disable_footer":"","neve_meta_disable_title":"","footnotes":""},"class_list":["post-73","page","type-page","status-publish","hentry"],"_links":{"self":[{"href":"https:\/\/sqardance.com\/index.php\/wp-json\/wp\/v2\/pages\/73","targetHints":{"allow":["GET"]}}],"collection":[{"href":"https:\/\/sqardance.com\/index.php\/wp-json\/wp\/v2\/pages"}],"about":[{"href":"https:\/\/sqardance.com\/index.php\/wp-json\/wp\/v2\/types\/page"}],"author":[{"embeddable":true,"href":"https:\/\/sqardance.com\/index.php\/wp-json\/wp\/v2\/users\/1"}],"replies":[{"embeddable":true,"href":"https:\/\/sqardance.com\/index.php\/wp-json\/wp\/v2\/comments?post=73"}],"version-history":[{"count":9,"href":"https:\/\/sqardance.com\/index.php\/wp-json\/wp\/v2\/pages\/73\/revisions"}],"predecessor-version":[{"id":710,"href":"https:\/\/sqardance.com\/index.php\/wp-json\/wp\/v2\/pages\/73\/revisions\/710"}],"wp:attachment":[{"href":"https:\/\/sqardance.com\/index.php\/wp-json\/wp\/v2\/media?parent=73"}],"curies":[{"name":"wp","href":"https:\/\/api.w.org\/{rel}","templated":true}]}}