{"id":713,"date":"2024-01-29T08:37:25","date_gmt":"2024-01-29T08:37:25","guid":{"rendered":"https:\/\/sqardance.com\/?page_id=713"},"modified":"2024-04-13T07:56:38","modified_gmt":"2024-04-13T07:56:38","slug":"que-tan-dificil-es-aprender-a-bailar-y-cuanto-se-demora","status":"publish","type":"page","link":"https:\/\/sqardance.com\/index.php\/clases-de-baile\/que-tan-dificil-es-aprender-a-bailar-y-cuanto-se-demora\/","title":{"rendered":"\u00bfQu\u00e9 tan dif\u00edcil es aprender a bailar y cu\u00e1nto se demora?"},"content":{"rendered":"\n<p>\u00bfEs dif\u00edcil aprender a bailar? Hay diferentes matices para responder esta pregunta porque es muy variable dependiendo de lo que signifique &#8220;saber bailar&#8221;, del estilo de baile que quieras aprender y tambi\u00e9n para cada persona es un mundo aparte dependiendo de las habilidades previas. Si por ejemplo saber bailar es aprender algunos pasos, si es adem\u00e1s manejar el Groove, es hacer muy bien los movimientos o si implica tambi\u00e9n generar expresiones.<\/p>\n\n\n\n<h2 class=\"wp-block-heading\">\u00bfQu\u00e9 tan f\u00e1cil es aprender pasos de baile?<\/h2>\n\n\n\n<div class=\"wp-block-group\"><div class=\"wp-block-group__inner-container is-layout-constrained wp-block-group-is-layout-constrained\"><div class=\"wp-block-image\">\n<figure class=\"alignleft size-full is-resized\"><img decoding=\"async\" width=\"521\" height=\"521\" data-src=\"https:\/\/sqardance.com\/wp-content\/uploads\/2024\/01\/RunningManPos2V2-edited.png\" alt=\"\" class=\"wp-image-703 lazyload\" style=\"--smush-placeholder-width: 521px; --smush-placeholder-aspect-ratio: 521\/521;width:404px;height:auto\" data-srcset=\"https:\/\/sqardance.com\/wp-content\/uploads\/2024\/01\/RunningManPos2V2-edited.png 521w, https:\/\/sqardance.com\/wp-content\/uploads\/2024\/01\/RunningManPos2V2-edited-300x300.png 300w, https:\/\/sqardance.com\/wp-content\/uploads\/2024\/01\/RunningManPos2V2-edited-150x150.png 150w\" data-sizes=\"(max-width: 521px) 100vw, 521px\" src=\"data:image\/svg+xml;base64,PHN2ZyB3aWR0aD0iMSIgaGVpZ2h0PSIxIiB4bWxucz0iaHR0cDovL3d3dy53My5vcmcvMjAwMC9zdmciPjwvc3ZnPg==\" \/><\/figure><\/div>\n\n\n<p>El <strong>movimiento mec\u00e1nico<\/strong> que te lleva a poder hacer los pasos de baile se aprende muy r\u00e1pido, en especial en pasos sencillos. Cuando est\u00e1s iniciando puede que en <strong>una sola clase<\/strong> te ense\u00f1en <strong>3 pasos<\/strong>, pero si ya est\u00e1s avanzado y has aprendido a imitar muy bien los movimientos, puede que hasta 8 o 10 pasos. Obviamente es algo que var\u00eda tambi\u00e9n dependiendo del estilo de baile. Si ponemos pasos de Break Dance, lo m\u00e1s probable es que necesites muchos requisitos previos de flexibilidad y dem\u00e1s. Algunos estilos de baile como el House o el <a href=\"https:\/\/sqardance.com\/index.php\/shuffle\/\" data-type=\"page\" data-id=\"73\">Shuffle<\/a>, requieren de mucha velocidad, o sea, lo vas a poder hacer lento, pero la m\u00fasica es muy r\u00e1pida y te va a costar m\u00e1s tiempo ejecutar bien el paso.<\/p>\n<\/div><\/div>\n\n\n\n<p>Otra diferencia sucede cuando vas a dominar los pasos. Lo anterior aplica para hacer el paso en su forma base, pero <strong>dominarlo<\/strong> hacer referencia a hacerlo mientras cambias de paso en una secuencia, desplazarlo, girarlo, hacer tus propias variaciones, agregarle <a href=\"https:\/\/sqardance.com\/index.php\/fundamentos-de-la-danza\/que-es-el-groove-en-la-danza\/\" data-type=\"page\" data-id=\"677\">Groove<\/a>, etc. Esto puede depender de si ya has dominado pasos similares o si tienes mucha memoria muscular. Por lo general a m\u00ed <strong>me cuesta una semana practicando una hora diaria<\/strong> para tener un dominio b\u00e1sico.  <\/p>\n\n\n\n<h2 class=\"wp-block-heading\">\u00bfCu\u00e1ntos pasos de baile debo aprender para bailar un estilo?<\/h2>\n\n\n\n<p>En general eso var\u00eda mucho de un estilo a otro. Hay estilos como el Waacking que no tiene pasos, entonces bailarlo no depende de eso. Pero en la mayor\u00eda de estilos que s\u00ed tienen muchos, deber\u00edas por lo menos saber <strong>30 pasos<\/strong> para que no se vea que bailas un paso que repites hasta el cansancio, sino que bailas el estilo. Eso implica que vas a dedicar aprendiendo pasos por lo menos <strong>30 semanas<\/strong>. Eso significa que vas a necesitar alrededor de 7 meses aprendiendo a dominar pasos para manejar un s\u00f3lo estilo. Aunque hay algunos estilos que tienen much\u00edsimos m\u00e1s pasos, como lo es el Hip Hop, el House o el <a href=\"http:\/\/dancehallpro.com\" data-type=\"link\" data-id=\"dancehallpro.com\" target=\"_blank\" rel=\"noopener\">Dancehall<\/a>, para estos estilos eso ser\u00eda como bailarlo en una forma b\u00e1sica.<\/p>\n\n\n\n<h2 class=\"wp-block-heading\">\u00bfCu\u00e1nto se demora en adquirir el Groove en la danza?<\/h2>\n\n\n\n<div class=\"wp-block-group\"><div class=\"wp-block-group__inner-container is-layout-constrained wp-block-group-is-layout-constrained\"><div class=\"wp-block-image\">\n<figure class=\"alignright size-large is-resized\"><img decoding=\"async\" width=\"767\" height=\"1024\" data-src=\"https:\/\/sqardance.com\/wp-content\/uploads\/2024\/01\/pexels-cottonbro-studio-7974882-edited-767x1024.jpg\" alt=\"\" class=\"wp-image-697 lazyload\" style=\"--smush-placeholder-width: 767px; --smush-placeholder-aspect-ratio: 767\/1024;width:483px;height:auto\" data-srcset=\"https:\/\/sqardance.com\/wp-content\/uploads\/2024\/01\/pexels-cottonbro-studio-7974882-edited-767x1024.jpg 767w, https:\/\/sqardance.com\/wp-content\/uploads\/2024\/01\/pexels-cottonbro-studio-7974882-edited-225x300.jpg 225w, https:\/\/sqardance.com\/wp-content\/uploads\/2024\/01\/pexels-cottonbro-studio-7974882-edited-768x1025.jpg 768w, https:\/\/sqardance.com\/wp-content\/uploads\/2024\/01\/pexels-cottonbro-studio-7974882-edited-1151x1536.jpg 1151w, https:\/\/sqardance.com\/wp-content\/uploads\/2024\/01\/pexels-cottonbro-studio-7974882-edited-scaled.jpg 749w\" data-sizes=\"(max-width: 767px) 100vw, 767px\" src=\"data:image\/svg+xml;base64,PHN2ZyB3aWR0aD0iMSIgaGVpZ2h0PSIxIiB4bWxucz0iaHR0cDovL3d3dy53My5vcmcvMjAwMC9zdmciPjwvc3ZnPg==\" \/><figcaption class=\"wp-element-caption\">\u00bfQu\u00e9 es el Groove?<\/figcaption><\/figure><\/div>\n\n\n<p>El <a href=\"https:\/\/sqardance.com\/index.php\/fundamentos-de-la-danza\/que-es-el-groove-en-la-danza\/\" data-type=\"page\" data-id=\"677\">Groove<\/a> es lo que hace que nos veamos con sabor al bailar, que cuando bailemos House, sea realmente House y no salsa (porque hay pasos que son muy similares). \u00c9sta es de las cosas m\u00e1s dif\u00edciles al bailar,<strong> puede que te tome 6 meses aprenderlo<\/strong> si est\u00e1s dedicado a s\u00f3lo un estilo de baile. Va a variar mucho si tiene con quien compartir el baile, salir a bailar y verlo para poder copiar sus movimientos. Adem\u00e1s, es necesario gastar mucho tiempo movi\u00e9ndose para que el cuerpo aprenda a disociarse y moverse como realmente lo sentimos y hacemos cualquier paso al mismo tiempo. <\/p>\n<\/div><\/div>\n\n\n\n<h2 class=\"wp-block-heading\">\u00bfCu\u00e1nto toma aprender habilidades relacionadas con la danza?<\/h2>\n\n\n\n<p>Hay <strong>otro conjunto de habilidades<\/strong> al bailar que se van aprendiendo poco a poco. <strong>Por ejemplo, hacer l\u00edneas<\/strong>, con los brazos y que se vean rectas; o que las <strong>reacciones<\/strong> tengan realmente cambios de velocidad. Todo este tipo de habilidades se van aprendiendo poco a poco, pero <strong>puede tomar incluso hasta 4 a\u00f1os<\/strong> aprenderlas todas. Sin embargo, esto ya es parte de lo que es un bailar\u00edn de alto nivel. Incluso para la mayor\u00eda, sabr\u00edas bailar muy bien sin que hacer muy bien muchas de estas habilidades, pero no est\u00e1 de m\u00e1s que sepas que ac\u00e1 es donde tambi\u00e9n se gasta much\u00edsimo tiempo aprendiendo e incluso a veces marca much\u00edsimo la diferencia. <\/p>\n\n\n\n<h2 class=\"wp-block-heading\">\u00bfQu\u00e9 tan dif\u00edcil es expresarse al bailar?<\/h2>\n\n\n\n<p><strong>Expresar<\/strong> a la hora de bailar <strong>requiere<\/strong> que ya sepas <strong>manejar otras habilidades antes<\/strong> y dominarlas de forma aut\u00f3noma. Eso significa que debes poderlas hacer sin necesidad de pensar, como las personas que al manejar un auto no piensan en girar el manubrio, sino en girar a la derecha y todos los movimientos se realizan inconscientemente y al mismo tiempo pueden hablar. Para lograr esta habilidad, ya es muy atrevido dar tiempo, pero muchos bailarines e incluso planes de baile se plantean en <strong>3 o 4 a\u00f1os de aprendizaje<\/strong> pero para quienes ya tienen cierta experiencia previa.<\/p>\n\n\n\n<h2 class=\"wp-block-heading\">Conclusi\u00f3n<\/h2>\n\n\n\n<p><strong>Aprender un estilo de baile te puede tomar por lo menos un a\u00f1o en su forma b\u00e1sica<\/strong>. Y eso si est\u00e1s \u00fanicamente dedicado a ese estilo. S\u00e9 que puede sonar frustrante y dif\u00edcil, pero es cuesti\u00f3n de tiempo, cada d\u00eda practica un poco, mejora un poco y aunque tome mucho tiempo realmente no es dif\u00edcil, s\u00f3lo es demorado. De todas maneras int\u00e9ntalo, <strong>el tiempo se pasa volando<\/strong>. Si practicas de una forma disciplinada y divertida, entonces lograr\u00e1s ser un gran bailar\u00edn.<\/p>\n","protected":false},"excerpt":{"rendered":"<p>\u00bfEs dif\u00edcil aprender a bailar? Hay diferentes matices para responder esta pregunta porque es muy variable dependiendo de lo que signifique &#8220;saber bailar&#8221;, del estilo de baile que quieras aprender y tambi\u00e9n para cada persona es un mundo aparte dependiendo de las habilidades previas. Si por ejemplo saber bailar es aprender algunos pasos, si es&hellip;&nbsp;<a href=\"https:\/\/sqardance.com\/index.php\/clases-de-baile\/que-tan-dificil-es-aprender-a-bailar-y-cuanto-se-demora\/\" rel=\"bookmark\"><span class=\"screen-reader-text\">\u00bfQu\u00e9 tan dif\u00edcil es aprender a bailar y cu\u00e1nto se demora?<\/span><\/a><\/p>\n","protected":false},"author":1,"featured_media":0,"parent":711,"menu_order":0,"comment_status":"closed","ping_status":"closed","template":"","meta":{"neve_meta_sidebar":"","neve_meta_container":"","neve_meta_enable_content_width":"","neve_meta_content_width":0,"neve_meta_title_alignment":"","neve_meta_author_avatar":"","neve_post_elements_order":"","neve_meta_disable_header":"","neve_meta_disable_footer":"","neve_meta_disable_title":"","footnotes":""},"class_list":["post-713","page","type-page","status-publish","hentry"],"_links":{"self":[{"href":"https:\/\/sqardance.com\/index.php\/wp-json\/wp\/v2\/pages\/713","targetHints":{"allow":["GET"]}}],"collection":[{"href":"https:\/\/sqardance.com\/index.php\/wp-json\/wp\/v2\/pages"}],"about":[{"href":"https:\/\/sqardance.com\/index.php\/wp-json\/wp\/v2\/types\/page"}],"author":[{"embeddable":true,"href":"https:\/\/sqardance.com\/index.php\/wp-json\/wp\/v2\/users\/1"}],"replies":[{"embeddable":true,"href":"https:\/\/sqardance.com\/index.php\/wp-json\/wp\/v2\/comments?post=713"}],"version-history":[{"count":5,"href":"https:\/\/sqardance.com\/index.php\/wp-json\/wp\/v2\/pages\/713\/revisions"}],"predecessor-version":[{"id":766,"href":"https:\/\/sqardance.com\/index.php\/wp-json\/wp\/v2\/pages\/713\/revisions\/766"}],"up":[{"embeddable":true,"href":"https:\/\/sqardance.com\/index.php\/wp-json\/wp\/v2\/pages\/711"}],"wp:attachment":[{"href":"https:\/\/sqardance.com\/index.php\/wp-json\/wp\/v2\/media?parent=713"}],"curies":[{"name":"wp","href":"https:\/\/api.w.org\/{rel}","templated":true}]}}