{"id":711,"date":"2024-03-11T08:56:05","date_gmt":"2024-03-11T08:56:05","guid":{"rendered":"https:\/\/sqardance.com\/?page_id=711"},"modified":"2024-03-19T08:51:52","modified_gmt":"2024-03-19T08:51:52","slug":"clases-de-baile","status":"publish","type":"page","link":"https:\/\/sqardance.com\/index.php\/clases-de-baile\/","title":{"rendered":"Clases de baile en Tunja"},"content":{"rendered":"\n<p>Si est\u00e1s pensando en tomar clases de baile, te tengo varias propuestas. Todas van enfocadas acorde al objetivo que quieras llegar y hay una gran variedad para que ese objetivo no lo decida yo, lo decides t\u00fa.<\/p>\n\n\n\n<h2 class=\"wp-block-heading\">Contenido<\/h2>\n\n\n\n<ul class=\"wp-block-list\">\n<li><a href=\"#AQuien\" data-type=\"internal\" data-id=\"#AQuien\">\u00bfA qui\u00e9n est\u00e1 dirigido?<\/a><\/li>\n\n\n\n<li><a href=\"#PorQue\" data-type=\"internal\" data-id=\"#PorQue\">\u00bfPor qu\u00e9 elegir a SQAR Dance para tus clases de baile?<\/a><\/li>\n\n\n\n<li><a href=\"#Objetivos\" data-type=\"internal\" data-id=\"#Objetivos\">\u00bfQu\u00e9 objetivos puedes elegir?<\/a><\/li>\n\n\n\n<li><a href=\"#Programas\" data-type=\"internal\" data-id=\"#Programas\">Programas de clases que ofrezco<\/a><\/li>\n\n\n\n<li><a href=\"#Donde\" data-type=\"internal\" data-id=\"#Donde\">\u00bfD\u00f3nde puedes tomar las clases en Tunja?<\/a><\/li>\n\n\n\n<li><a href=\"#Precio\" data-type=\"internal\" data-id=\"#Precio\">\u00bfCu\u00e1nto vale una clase de una hora?<\/a><\/li>\n\n\n\n<li><a href=\"#Contacto\" data-type=\"internal\" data-id=\"#Contacto\">Contacto<\/a><\/li>\n<\/ul>\n\n\n\n<h2 class=\"wp-block-heading\" id=\"AQuien\">\u00bfA qui\u00e9n est\u00e1 dirigido?<\/h2>\n\n\n\n<p>A personas que quieran encontrar una experiencia cercana en la danza urbana y sean principiantes. Ya sea que te guste la m\u00fasica electr\u00f3nica (para bailar <a href=\"https:\/\/sqardance.com\/index.php\/shuffle\/\" data-type=\"page\" data-id=\"73\">Shuffle<\/a> o House), el <a href=\"https:\/\/dancehallpro.com\/que-es\/\" data-type=\"link\" data-id=\"https:\/\/dancehallpro.com\/que-es\/\" target=\"_blank\" rel=\"noopener\">dancehall<\/a> o el <a href=\"https:\/\/sqardance.com\/index.php\/hip-hop\/\" data-type=\"page\" data-id=\"110\">hip hop<\/a> o la danza comercial (Reggaet\u00f3n o K-pop), te guiar\u00e9 durante toda esa experiencia de aprendizaje.<\/p>\n\n\n\n<div class=\"wp-block-group\"><div class=\"wp-block-group__inner-container is-layout-constrained wp-block-group-is-layout-constrained\">\n<h2 class=\"wp-block-heading\" id=\"PorQue\">\u00bfPor qu\u00e9 elegir a SQAR Dance para tus clases de baile?<\/h2>\n\n\n\n<p>Marca una diferencia estar enfocado en el objetivo que quiere el interesado en la clase. Muchas veces en academias o escuelas de baile se enfocan en determinado objetivo que es definido por el director, lo que es conveniente cuando ese objetivo coincide con el tuyo, pero es contraproducente cuando no. Te puede hacer sentir frustrado; aunque aprendes a bailar, no es el baile que quieres, ya sea por el estilo, porque quieres m\u00e1s <a href=\"https:\/\/sqardance.com\/index.php\/fundamentos-de-la-danza\/freestyle\/\" data-type=\"page\" data-id=\"368\">danza freestyle<\/a> y menos coreograf\u00eda; a veces el objetivo es atraer la mayor cantidad de personas por lo que no siempre ense\u00f1an t\u00e9cnica; etc. En este caso quien elige el objetivo eres t\u00fa y no debes adaptarte, sino el proceso se adapta a ti. <\/p>\n\n\n\n<p>Tambi\u00e9n vas a contar con un programa dise\u00f1ado para tu objetivo. Un ejemplo es el programa de Freestyle que creamos para un proyecto financiado por la gobernaci\u00f3n de Boyac\u00e1. Te dejo el link del <a href=\"https:\/\/sqardance.com\/index.php\/freestyle-para-boyaca\/\" data-type=\"page\" data-id=\"168\">proyecto Freestyle para Boyac\u00e1<\/a>. Es un ejemplo de lo que vas a encontrar con SQAR Dance. Vas a ver que no es lo que se le ocurre al profesor 5 minutos antes de la clase, son estructuras pensadas para optimizar tu aprendizaje en la danza y logres tu objetivo.<\/p>\n<\/div><\/div>\n\n\n\n<div class=\"wp-block-group\"><div class=\"wp-block-group__inner-container is-layout-constrained wp-block-group-is-layout-constrained\">\n<h2 class=\"wp-block-heading\" id=\"Objetivos\">\u00bfQu\u00e9 objetivos puedes elegir?<\/h2>\n\n\n\n<p>Aunque hay muchos m\u00e1s, los siguientes son los m\u00e1s comunes y que te pueden servir de referencia si apenas comienzas a analizarlo desde esta perspectiva. Elige el que m\u00e1s te guste y me lo comentas cuando quieras solicitar la clase.<\/p>\n\n\n\n<figure class=\"wp-block-gallery has-nested-images columns-default is-cropped wp-block-gallery-1 is-layout-flex wp-block-gallery-is-layout-flex\">\n<figure class=\"wp-block-image size-large\"><img decoding=\"async\" width=\"853\" height=\"853\" data-id=\"777\" data-src=\"https:\/\/sqardance.com\/wp-content\/uploads\/2024\/02\/pexels-greenwish-13883890-edited.jpg\" alt=\"Crear contenido para redes sociales\" class=\"wp-image-777 lazyload\" data-srcset=\"https:\/\/sqardance.com\/wp-content\/uploads\/2024\/02\/pexels-greenwish-13883890-edited.jpg 853w, https:\/\/sqardance.com\/wp-content\/uploads\/2024\/02\/pexels-greenwish-13883890-edited-300x300.jpg 300w, https:\/\/sqardance.com\/wp-content\/uploads\/2024\/02\/pexels-greenwish-13883890-edited-150x150.jpg 150w, https:\/\/sqardance.com\/wp-content\/uploads\/2024\/02\/pexels-greenwish-13883890-edited-768x768.jpg 768w\" data-sizes=\"(max-width: 853px) 100vw, 853px\" src=\"data:image\/svg+xml;base64,PHN2ZyB3aWR0aD0iMSIgaGVpZ2h0PSIxIiB4bWxucz0iaHR0cDovL3d3dy53My5vcmcvMjAwMC9zdmciPjwvc3ZnPg==\" style=\"--smush-placeholder-width: 853px; --smush-placeholder-aspect-ratio: 853\/853;\" \/><figcaption class=\"wp-element-caption\">Crear contenido para redes sociales<\/figcaption><\/figure>\n\n\n\n<figure class=\"wp-block-image size-large\"><img decoding=\"async\" width=\"853\" height=\"853\" data-id=\"778\" data-src=\"https:\/\/sqardance.com\/wp-content\/uploads\/2024\/02\/pexels-mauricio-mascaro-801863-edited.jpg\" alt=\"Quedar bien en eventos sociales donde se baila\" class=\"wp-image-778 lazyload\" data-srcset=\"https:\/\/sqardance.com\/wp-content\/uploads\/2024\/02\/pexels-mauricio-mascaro-801863-edited.jpg 853w, https:\/\/sqardance.com\/wp-content\/uploads\/2024\/02\/pexels-mauricio-mascaro-801863-edited-300x300.jpg 300w, https:\/\/sqardance.com\/wp-content\/uploads\/2024\/02\/pexels-mauricio-mascaro-801863-edited-150x150.jpg 150w, https:\/\/sqardance.com\/wp-content\/uploads\/2024\/02\/pexels-mauricio-mascaro-801863-edited-768x768.jpg 768w\" data-sizes=\"(max-width: 853px) 100vw, 853px\" src=\"data:image\/svg+xml;base64,PHN2ZyB3aWR0aD0iMSIgaGVpZ2h0PSIxIiB4bWxucz0iaHR0cDovL3d3dy53My5vcmcvMjAwMC9zdmciPjwvc3ZnPg==\" style=\"--smush-placeholder-width: 853px; --smush-placeholder-aspect-ratio: 853\/853;\" \/><figcaption class=\"wp-element-caption\">Quedar bien en eventos sociales donde se baila<\/figcaption><\/figure>\n\n\n\n<figure class=\"wp-block-image size-large\"><img decoding=\"async\" width=\"1024\" height=\"682\" data-id=\"774\" data-src=\"https:\/\/sqardance.com\/wp-content\/uploads\/2024\/02\/pexels-pixabay-209969-1024x682.jpg\" alt=\"Hacer ejercicio f\u00edsico\" class=\"wp-image-774 lazyload\" data-srcset=\"https:\/\/sqardance.com\/wp-content\/uploads\/2024\/02\/pexels-pixabay-209969-1024x682.jpg 1024w, https:\/\/sqardance.com\/wp-content\/uploads\/2024\/02\/pexels-pixabay-209969-300x200.jpg 300w, https:\/\/sqardance.com\/wp-content\/uploads\/2024\/02\/pexels-pixabay-209969-768x512.jpg 768w, https:\/\/sqardance.com\/wp-content\/uploads\/2024\/02\/pexels-pixabay-209969-930x620.jpg 930w, https:\/\/sqardance.com\/wp-content\/uploads\/2024\/02\/pexels-pixabay-209969-scaled.jpg 1000w\" data-sizes=\"(max-width: 1024px) 100vw, 1024px\" src=\"data:image\/svg+xml;base64,PHN2ZyB3aWR0aD0iMSIgaGVpZ2h0PSIxIiB4bWxucz0iaHR0cDovL3d3dy53My5vcmcvMjAwMC9zdmciPjwvc3ZnPg==\" style=\"--smush-placeholder-width: 1024px; --smush-placeholder-aspect-ratio: 1024\/682;\" \/><figcaption class=\"wp-element-caption\">Hacer ejercicio cardiovascular<\/figcaption><\/figure>\n\n\n\n<figure class=\"wp-block-image size-large\"><img decoding=\"async\" width=\"1000\" height=\"1000\" data-id=\"779\" data-src=\"https:\/\/sqardance.com\/wp-content\/uploads\/2024\/02\/pexels-fauxels-3184433-edited-scaled.jpg\" alt=\"Actividades de Team Building\" class=\"wp-image-779 lazyload\" data-srcset=\"https:\/\/sqardance.com\/wp-content\/uploads\/2024\/02\/pexels-fauxels-3184433-edited-scaled.jpg 1000w, https:\/\/sqardance.com\/wp-content\/uploads\/2024\/02\/pexels-fauxels-3184433-edited-300x300.jpg 300w, https:\/\/sqardance.com\/wp-content\/uploads\/2024\/02\/pexels-fauxels-3184433-edited-1024x1024.jpg 1024w, https:\/\/sqardance.com\/wp-content\/uploads\/2024\/02\/pexels-fauxels-3184433-edited-150x150.jpg 150w, https:\/\/sqardance.com\/wp-content\/uploads\/2024\/02\/pexels-fauxels-3184433-edited-768x767.jpg 768w\" data-sizes=\"(max-width: 1000px) 100vw, 1000px\" src=\"data:image\/svg+xml;base64,PHN2ZyB3aWR0aD0iMSIgaGVpZ2h0PSIxIiB4bWxucz0iaHR0cDovL3d3dy53My5vcmcvMjAwMC9zdmciPjwvc3ZnPg==\" style=\"--smush-placeholder-width: 1000px; --smush-placeholder-aspect-ratio: 1000\/1000;\" \/><figcaption class=\"wp-element-caption\">Actividades de Team Building<\/figcaption><\/figure>\n\n\n\n<figure class=\"wp-block-image size-large\"><img decoding=\"async\" width=\"1000\" height=\"1000\" data-id=\"780\" data-src=\"https:\/\/sqardance.com\/wp-content\/uploads\/2024\/02\/pexels-cottonbro-studio-6332444-edited-scaled.jpg\" alt=\"Tecnica de la danza\" class=\"wp-image-780 lazyload\" data-srcset=\"https:\/\/sqardance.com\/wp-content\/uploads\/2024\/02\/pexels-cottonbro-studio-6332444-edited-scaled.jpg 1000w, https:\/\/sqardance.com\/wp-content\/uploads\/2024\/02\/pexels-cottonbro-studio-6332444-edited-300x300.jpg 300w, https:\/\/sqardance.com\/wp-content\/uploads\/2024\/02\/pexels-cottonbro-studio-6332444-edited-1024x1024.jpg 1024w, https:\/\/sqardance.com\/wp-content\/uploads\/2024\/02\/pexels-cottonbro-studio-6332444-edited-150x150.jpg 150w, https:\/\/sqardance.com\/wp-content\/uploads\/2024\/02\/pexels-cottonbro-studio-6332444-edited-768x769.jpg 768w\" data-sizes=\"(max-width: 1000px) 100vw, 1000px\" src=\"data:image\/svg+xml;base64,PHN2ZyB3aWR0aD0iMSIgaGVpZ2h0PSIxIiB4bWxucz0iaHR0cDovL3d3dy53My5vcmcvMjAwMC9zdmciPjwvc3ZnPg==\" style=\"--smush-placeholder-width: 1000px; --smush-placeholder-aspect-ratio: 1000\/1000;\" \/><figcaption class=\"wp-element-caption\">Tecnica de la danza<\/figcaption><\/figure>\n\n\n\n<figure class=\"wp-block-image size-large\"><img decoding=\"async\" width=\"1000\" height=\"1000\" data-id=\"781\" data-src=\"https:\/\/sqardance.com\/wp-content\/uploads\/2024\/02\/pexels-cottonbro-studio-4324017-edited-scaled.jpg\" alt=\"Mejorar habilidades corporales\" class=\"wp-image-781 lazyload\" data-srcset=\"https:\/\/sqardance.com\/wp-content\/uploads\/2024\/02\/pexels-cottonbro-studio-4324017-edited-scaled.jpg 1000w, https:\/\/sqardance.com\/wp-content\/uploads\/2024\/02\/pexels-cottonbro-studio-4324017-edited-300x300.jpg 300w, https:\/\/sqardance.com\/wp-content\/uploads\/2024\/02\/pexels-cottonbro-studio-4324017-edited-1024x1024.jpg 1024w, https:\/\/sqardance.com\/wp-content\/uploads\/2024\/02\/pexels-cottonbro-studio-4324017-edited-150x150.jpg 150w, https:\/\/sqardance.com\/wp-content\/uploads\/2024\/02\/pexels-cottonbro-studio-4324017-edited-768x769.jpg 768w\" data-sizes=\"(max-width: 1000px) 100vw, 1000px\" src=\"data:image\/svg+xml;base64,PHN2ZyB3aWR0aD0iMSIgaGVpZ2h0PSIxIiB4bWxucz0iaHR0cDovL3d3dy53My5vcmcvMjAwMC9zdmciPjwvc3ZnPg==\" style=\"--smush-placeholder-width: 1000px; --smush-placeholder-aspect-ratio: 1000\/1000;\" \/><figcaption class=\"wp-element-caption\">Mejorar habilidades corporales<\/figcaption><\/figure>\n<\/figure>\n<\/div><\/div>\n\n\n\n<h2 class=\"wp-block-heading\" id=\"Programas\">Programas de clases que ofrezco<\/h2>\n\n\n\n<p>Para lograr tu objetivo puedes solicitar las clases de cualquiera de las siguientes maneras. <\/p>\n\n\n\n<figure class=\"wp-block-gallery has-nested-images columns-default is-cropped wp-block-gallery-2 is-layout-flex wp-block-gallery-is-layout-flex\">\n<figure class=\"wp-block-image size-large\"><img decoding=\"async\" width=\"640\" height=\"427\" data-id=\"871\" data-src=\"https:\/\/sqardance.com\/wp-content\/uploads\/2024\/03\/pexels-cottonbro-studio-4003355.jpg\" alt=\"\" class=\"wp-image-871 lazyload\" data-srcset=\"https:\/\/sqardance.com\/wp-content\/uploads\/2024\/03\/pexels-cottonbro-studio-4003355.jpg 640w, https:\/\/sqardance.com\/wp-content\/uploads\/2024\/03\/pexels-cottonbro-studio-4003355-300x200.jpg 300w\" data-sizes=\"(max-width: 640px) 100vw, 640px\" src=\"data:image\/svg+xml;base64,PHN2ZyB3aWR0aD0iMSIgaGVpZ2h0PSIxIiB4bWxucz0iaHR0cDovL3d3dy53My5vcmcvMjAwMC9zdmciPjwvc3ZnPg==\" style=\"--smush-placeholder-width: 640px; --smush-placeholder-aspect-ratio: 640\/427;\" \/><figcaption class=\"wp-element-caption\">Clases personalizadas<\/figcaption><\/figure>\n\n\n\n<figure class=\"wp-block-image size-large\"><img decoding=\"async\" width=\"320\" height=\"427\" data-id=\"874\" data-src=\"https:\/\/sqardance.com\/wp-content\/uploads\/2024\/03\/pexels-david-awokoya-5935969-edited.jpg\" alt=\"\" class=\"wp-image-874 lazyload\" data-srcset=\"https:\/\/sqardance.com\/wp-content\/uploads\/2024\/03\/pexels-david-awokoya-5935969-edited.jpg 320w, https:\/\/sqardance.com\/wp-content\/uploads\/2024\/03\/pexels-david-awokoya-5935969-edited-225x300.jpg 225w\" data-sizes=\"(max-width: 320px) 100vw, 320px\" src=\"data:image\/svg+xml;base64,PHN2ZyB3aWR0aD0iMSIgaGVpZ2h0PSIxIiB4bWxucz0iaHR0cDovL3d3dy53My5vcmcvMjAwMC9zdmciPjwvc3ZnPg==\" style=\"--smush-placeholder-width: 320px; --smush-placeholder-aspect-ratio: 320\/427;\" \/><figcaption class=\"wp-element-caption\">Clases grupales por demanda<\/figcaption><\/figure>\n\n\n\n<figure class=\"wp-block-image size-large\"><img decoding=\"async\" width=\"1024\" height=\"682\" data-id=\"873\" data-src=\"https:\/\/sqardance.com\/wp-content\/uploads\/2024\/03\/pexels-belle-co-1000445-1024x682.jpg\" alt=\"\" class=\"wp-image-873 lazyload\" data-srcset=\"https:\/\/sqardance.com\/wp-content\/uploads\/2024\/03\/pexels-belle-co-1000445-1024x682.jpg 1024w, https:\/\/sqardance.com\/wp-content\/uploads\/2024\/03\/pexels-belle-co-1000445-300x200.jpg 300w, https:\/\/sqardance.com\/wp-content\/uploads\/2024\/03\/pexels-belle-co-1000445-768x512.jpg 768w, https:\/\/sqardance.com\/wp-content\/uploads\/2024\/03\/pexels-belle-co-1000445-930x620.jpg 930w, https:\/\/sqardance.com\/wp-content\/uploads\/2024\/03\/pexels-belle-co-1000445-scaled.jpg 1000w\" data-sizes=\"(max-width: 1024px) 100vw, 1024px\" src=\"data:image\/svg+xml;base64,PHN2ZyB3aWR0aD0iMSIgaGVpZ2h0PSIxIiB4bWxucz0iaHR0cDovL3d3dy53My5vcmcvMjAwMC9zdmciPjwvc3ZnPg==\" style=\"--smush-placeholder-width: 1024px; --smush-placeholder-aspect-ratio: 1024\/682;\" \/><figcaption class=\"wp-element-caption\">Experiencias de Team Building para empresas<\/figcaption><\/figure>\n<\/figure>\n\n\n\n<h2 class=\"wp-block-heading\" id=\"Donde\">\u00bfD\u00f3nde puedes tomar las clases en Tunja?<\/h2>\n\n\n\n<p>Existe la posibilidad de tomarlas <strong>a domicilio<\/strong> o en las instalaciones de la academia Dunkan Dance Studio en Tunja.<\/p>\n\n\n\n<div style=\"text-align: center\"><iframe data-src=\"https:\/\/www.google.com\/maps\/embed?pb=!1m18!1m12!1m3!1d3971.227191874021!2d-73.3667833242729!3d5.533281033876203!2m3!1f0!2f0!3f0!3m2!1i1024!2i768!4f13.1!3m3!1m2!1s0x8e6a7d8e1149fcb3%3A0xfd420a27a7114c35!2sDunkan%20Dance%20Studio%20Tunja!5e0!3m2!1ses!2sco!4v1696624958642!5m2!1ses!2sco\" width=\"600\" height=\"450\" style=\"border:0;\" allowfullscreen=\"\" referrerpolicy=\"no-referrer-when-downgrade\" src=\"data:image\/svg+xml;base64,PHN2ZyB3aWR0aD0iMSIgaGVpZ2h0PSIxIiB4bWxucz0iaHR0cDovL3d3dy53My5vcmcvMjAwMC9zdmciPjwvc3ZnPg==\" class=\"lazyload\" data-load-mode=\"1\"><\/iframe><\/div>\n\n\n\n<h2 class=\"wp-block-heading\" id=\"Precio\">\u00bfCu\u00e1nto vale una clase de una hora?<\/h2>\n\n\n\n<p>El precio depender\u00e1 de si requieres el sal\u00f3n o si no lo requieres y cu\u00e1ntas clases vas a tomar.<\/p>\n\n\n\n<ul class=\"wp-block-list\">\n<li>Formaci\u00f3n especial de Team Building (8 horas, para m\u00e1ximo 10 personas): 800.000 toda la capacitaci\u00f3n.<\/li>\n\n\n\n<li>Clase individual a domicilio: $35.000 \/ hora<\/li>\n\n\n\n<li>Clase individual en Studio: $45.000 \/ hora<\/li>\n\n\n\n<li>Paquete de 10 clases a domicilio: $300.000 \/ 10 horas<\/li>\n\n\n\n<li>Paquete de 10 clases en Studio: $400.000 \/ 10 horas<\/li>\n\n\n\n<li>Hora de clases grupales (5 a 10 participantes) en Studio: $85.000 \/ hora<\/li>\n\n\n\n<li>Paquete de 10 clases grupales (5 a 10 participantes) en Studio: $750.000 \/ 10 horas<\/li>\n<\/ul>\n\n\n\n<p>El pago se debe realizar por adelantado.<\/p>\n\n\n\n<h2 class=\"wp-block-heading\" id=\"Contacto\">Contacto<\/h2>\n\n\n\n<p>Puedes contactarme directamente a la siguiente informaci\u00f3n de contacto:<\/p>\n\n\n\n<p>Tel\u00e9fono: 3197100632<\/p>\n\n\n\n<p>O puedes llenar el siguiente formulario de contacto:<\/p>\n\n\n\n<div align=\"center\">\n<iframe data-src=\"https:\/\/docs.google.com\/forms\/d\/e\/1FAIpQLSc06CJisbM5lMc6uE1imePpX0f1sFf-UbiPCVQvrwpCBMc0Kw\/viewform?embedded=true\" width=\"640\" height=\"1389\" frameborder=\"0\" marginheight=\"0\" marginwidth=\"0\" src=\"data:image\/svg+xml;base64,PHN2ZyB3aWR0aD0iMSIgaGVpZ2h0PSIxIiB4bWxucz0iaHR0cDovL3d3dy53My5vcmcvMjAwMC9zdmciPjwvc3ZnPg==\" class=\"lazyload\" data-load-mode=\"1\">Cargando\u2026<\/iframe>\n<\/div>\n","protected":false},"excerpt":{"rendered":"<p>Si est\u00e1s pensando en tomar clases de baile, te tengo varias propuestas. Todas van enfocadas acorde al objetivo que quieras llegar y hay una gran variedad para que ese objetivo no lo decida yo, lo decides t\u00fa. Contenido \u00bfA qui\u00e9n est\u00e1 dirigido? A personas que quieran encontrar una experiencia cercana en la danza urbana y&hellip;&nbsp;<a href=\"https:\/\/sqardance.com\/index.php\/clases-de-baile\/\" rel=\"bookmark\"><span class=\"screen-reader-text\">Clases de baile en Tunja<\/span><\/a><\/p>\n","protected":false},"author":1,"featured_media":0,"parent":0,"menu_order":0,"comment_status":"closed","ping_status":"closed","template":"","meta":{"neve_meta_sidebar":"","neve_meta_container":"","neve_meta_enable_content_width":"","neve_meta_content_width":0,"neve_meta_title_alignment":"","neve_meta_author_avatar":"","neve_post_elements_order":"","neve_meta_disable_header":"","neve_meta_disable_footer":"","neve_meta_disable_title":"","footnotes":""},"class_list":["post-711","page","type-page","status-publish","hentry"],"_links":{"self":[{"href":"https:\/\/sqardance.com\/index.php\/wp-json\/wp\/v2\/pages\/711","targetHints":{"allow":["GET"]}}],"collection":[{"href":"https:\/\/sqardance.com\/index.php\/wp-json\/wp\/v2\/pages"}],"about":[{"href":"https:\/\/sqardance.com\/index.php\/wp-json\/wp\/v2\/types\/page"}],"author":[{"embeddable":true,"href":"https:\/\/sqardance.com\/index.php\/wp-json\/wp\/v2\/users\/1"}],"replies":[{"embeddable":true,"href":"https:\/\/sqardance.com\/index.php\/wp-json\/wp\/v2\/comments?post=711"}],"version-history":[{"count":15,"href":"https:\/\/sqardance.com\/index.php\/wp-json\/wp\/v2\/pages\/711\/revisions"}],"predecessor-version":[{"id":933,"href":"https:\/\/sqardance.com\/index.php\/wp-json\/wp\/v2\/pages\/711\/revisions\/933"}],"wp:attachment":[{"href":"https:\/\/sqardance.com\/index.php\/wp-json\/wp\/v2\/media?parent=711"}],"curies":[{"name":"wp","href":"https:\/\/api.w.org\/{rel}","templated":true}]}}