{"id":677,"date":"2024-01-27T07:54:11","date_gmt":"2024-01-27T07:54:11","guid":{"rendered":"https:\/\/sqardance.com\/?page_id=677"},"modified":"2024-01-27T07:54:13","modified_gmt":"2024-01-27T07:54:13","slug":"que-es-el-groove-en-la-danza","status":"publish","type":"page","link":"https:\/\/sqardance.com\/index.php\/fundamentos-de-la-danza\/que-es-el-groove-en-la-danza\/","title":{"rendered":"\u00bfQu\u00e9 es el Groove en la danza?"},"content":{"rendered":"\n<div class=\"wp-block-group\"><div class=\"wp-block-group__inner-container is-layout-constrained wp-block-group-is-layout-constrained\">\n<p>El groove en la danza se refiere a la sensaci\u00f3n r\u00edtmica y musical al bailar. Es la conexi\u00f3n entre la m\u00fasica y el bailar\u00edn. Es lo que hace que se identifique un estilo de baile o de un bailar\u00edn a otro a pesar de que se hagan los mismos pasos. Esa definici\u00f3n aunque parece concreta, cuando la vamos a poner en pr\u00e1ctica se vuelve un poco dif\u00edcil de entender. As\u00ed que aqu\u00ed te la traigo en las palabras m\u00e1s sencillas que he podido encontrar.<\/p>\n\n\n<div class=\"wp-block-image\">\n<figure class=\"alignright size-full is-resized\"><img decoding=\"async\" width=\"1000\" height=\"557\" data-src=\"https:\/\/sqardance.com\/wp-content\/uploads\/2023\/11\/Bounce.png\" alt=\"Qu\u00e9 es el groove en danza\" class=\"wp-image-419 lazyload\" style=\"--smush-placeholder-width: 1000px; --smush-placeholder-aspect-ratio: 1000\/557;width:494px;height:auto\" data-srcset=\"https:\/\/sqardance.com\/wp-content\/uploads\/2023\/11\/Bounce.png 1000w, https:\/\/sqardance.com\/wp-content\/uploads\/2023\/11\/Bounce-300x167.png 300w, https:\/\/sqardance.com\/wp-content\/uploads\/2023\/11\/Bounce-768x428.png 768w\" data-sizes=\"(max-width: 1000px) 100vw, 1000px\" src=\"data:image\/svg+xml;base64,PHN2ZyB3aWR0aD0iMSIgaGVpZ2h0PSIxIiB4bWxucz0iaHR0cDovL3d3dy53My5vcmcvMjAwMC9zdmciPjwvc3ZnPg==\" \/><\/figure><\/div><\/div><\/div>\n\n\n\n<h2 class=\"wp-block-heading\">Contenido<\/h2>\n\n\n\n<ul class=\"wp-block-list\">\n<li><a href=\"#Origen\" data-type=\"internal\" data-id=\"#Origen\">Origen del t\u00e9rmino Groove y su definici\u00f3n<\/a> <\/li>\n\n\n\n<li><a href=\"#musica\" data-type=\"internal\" data-id=\"#musica\">Componente musical del Groove en la danza<\/a><\/li>\n\n\n\n<li><a href=\"#percepcion\" data-type=\"internal\" data-id=\"#percepcion\">Percepci\u00f3n individual de la m\u00fasica que genera el groove<\/a><\/li>\n\n\n\n<li><a href=\"#cultura\" data-type=\"internal\" data-id=\"#cultura\">Contexto cultural que influencia el Groove.<\/a><\/li>\n\n\n\n<li><a href=\"#Ejemplos\" data-type=\"internal\" data-id=\"#Ejemplos\">Ejemplos de Groove<\/a><\/li>\n<\/ul>\n\n\n\n<h2 class=\"wp-block-heading\" id=\"Origen\">Origen del t\u00e9rmino Groove en el baile y su definici\u00f3n<\/h2>\n\n\n\n<p>La palabra Groove traduce ranura o surco. Se tom\u00f3 esta palabra de la cultura de los primeros DJ con la m\u00fasica disco, haciendo referencia a la l\u00ednea que sigue la aguja en los disco de acetato que reproduc\u00edan la m\u00fasica en esa \u00e9poca. Este concepto nace en la m\u00fasica y ah\u00ed hace referencia a la sensaci\u00f3n que generan los sonidos que se reproducen en una canci\u00f3n que dan ganas de movernos, como cabecear, saltar, o simplemente hacer un <a href=\"https:\/\/sqardance.com\/index.php\/fundamentos-de-la-danza\/bounce\/\" data-type=\"page\" data-id=\"415\">Bounce<\/a>. <\/p>\n\n\n\n<p>En el baile el concepto se expande un poco m\u00e1s y se vuelve un poco m\u00e1s ambigua. Por un lado se mantiene la definici\u00f3n original en la m\u00fasica y se refiere a lo que cada canci\u00f3n nos hace sentir. Sin embargo, tambi\u00e9n se habla de Groove de un estilo de baile, es algo que cambia la definici\u00f3n porque yo puedo bailar una misma canci\u00f3n con diferentes estilos de baile, o sea tener diferentes Grooves escuchando la misma canci\u00f3n. <\/p>\n\n\n\n<p>De lo anterior es que saqu\u00e9 mi propia interpretaci\u00f3n del Groove. Aclaro que es mi forma de entenderlo, pero no es que lo haya escuchado de alg\u00fan profesor, as\u00ed que puede que encuentren otras definiciones o interpretaciones y no implica que est\u00e9n equivocadas. Para m\u00ed, el Groove es la uni\u00f3n de 3 componentes: la m\u00fasica con la que el compositor me quiere transmitir algo; la percepci\u00f3n individual que es c\u00f3mo yo interpreto lo que escucho; y el contexto cultural e hist\u00f3rico, que cuando voy a bailar me lo apropio para transmitir ese mismo contexto, como la cultura Hip Hop. Con ellas s\u00ed logro obtener una definici\u00f3n m\u00e1s concreta y completa, que explica por qu\u00e9 los estilos tienen Groove, que es el contexto cultural. En las siguientes secciones dar\u00e9 un poco m\u00e1s en detalle esta visi\u00f3n.<\/p>\n\n\n\n<h2 class=\"wp-block-heading\" id=\"musica\">Componente musical del Groove en la danza<\/h2>\n\n\n\n<p>Toda m\u00fasica genera una sensaci\u00f3n y dado que el baile es el movimiento r\u00edtmico del cuerpo usualmente ligado a la m\u00fasica, entonces \u00e9sta lo va a modificar. Cada tipo de m\u00fasica tiene unas caracter\u00edsticas diferentes y por lo tanto una sensaci\u00f3n distinta. Puede ser la velocidad de la canci\u00f3n, el ritmo o incluso la armon\u00eda, por lo que tenemos que tenerla en cuenta a la hora de bailar. Ac\u00e1 te dejo un ejemplo de c\u00f3mo la m\u00fasica cambia a partir de las escalas musicales.<\/p>\n\n\n\n<figure class=\"wp-block-embed alignwide is-type-video is-provider-youtube wp-block-embed-youtube\"><div class=\"wp-block-embed__wrapper\">\n<div class=\"nv-iframe-embed\"><div class=\"container-lazyload preview-lazyload container-youtube js-lazyload--not-loaded\"><a href=\"https:\/\/youtu.be\/8i7K9GYzbIY\" class=\"lazy-load-youtube preview-lazyload preview-youtube\" data-video-title=\"\u00bfQu\u00e9 emociones producen las 7 escalas modales? | Jaime Altozano\" title=\"Play video &quot;\u00bfQu\u00e9 emociones producen las 7 escalas modales? | Jaime Altozano&quot;\" target=\"_blank\" rel=\"noopener\">https:\/\/youtu.be\/8i7K9GYzbIY<\/a><noscript>Video can&#8217;t be loaded because JavaScript is disabled: <a href=\"https:\/\/youtu.be\/8i7K9GYzbIY\" title=\"\u00bfQu\u00e9 emociones producen las 7 escalas modales? | Jaime Altozano\" target=\"_blank\" rel=\"noopener\">\u00bfQu\u00e9 emociones producen las 7 escalas modales? | Jaime Altozano (https:\/\/youtu.be\/8i7K9GYzbIY)<\/a><\/noscript><\/div><\/div>\n<\/div><\/figure>\n\n\n\n<h2 class=\"wp-block-heading\" id=\"percepcion\">Percepci\u00f3n individual de la m\u00fasica que genera el Groove<\/h2>\n\n\n\n<p>Esto es lo que m\u00e1s dificulta explicar del groove porque nadie te puede ense\u00f1ar esta parte, debes descubrirla por ti mismo. Aunque dos personas escuchemos la misma canci\u00f3n puede generar diferencias en la percepci\u00f3n. Eso es porque est\u00e1 ligado a nuestras experiencias. Si una canci\u00f3n es bonita, pero nos la dedic\u00f3 la expareja y cuando la escuchamos la recordamos, entonces nos puede traer nostalgia. Otro ejemplo es la canci\u00f3n que puede ser muy normal, pero es parte de nuestra pel\u00edcula de acci\u00f3n favorita, entonces cuando la escuchemos nos sentiremos ese superh\u00e9roe de acci\u00f3n. Son situaciones que s\u00f3lo nos pasan individualmente, pero adem\u00e1s todas las situaciones por las que pasamos nos condicionan y es por eso que cada uno tiene una percepci\u00f3n distinta.<\/p>\n\n\n\n<h2 class=\"wp-block-heading\" id=\"cultura\">Componente cultural dentro del groove en el baile<\/h2>\n\n\n\n<p>Aunque suele decirse que el groove es lo que se siente, la verdad es que tambi\u00e9n tiene ciertos movimientos que lo identifican. Eso ocurre especialmente a la hora de definir estilos de baile porque al bailarlos se quiere representar una forma de expresi\u00f3n que ten\u00eda todo un contexto. Por ejemplo, el Hip Hop en el groove tiene dos movimientos muy caracter\u00edsticos, el <a href=\"https:\/\/sqardance.com\/index.php\/fundamentos-de-la-danza\/bounce\/\" data-type=\"page\" data-id=\"415\">Bounce<\/a> (rebote) y el Rocking (movimiento del torso), eso nace en el Bronx en New York, donde estos movimientos tambi\u00e9n los hac\u00edan sentir como los due\u00f1os del barrio. Otro caso distinto es el del House, que el movimiento del groove est\u00e1 ligado al Jacking (movimiento espec\u00edfico del torso de abajo hacia arriba), que nace en Chicago se hac\u00eda imitando a la gente que ten\u00eda relaciones en las discotecas. Y es el contexto hist\u00f3rico y cultural de cada estilo de baile donde se adquieren elementos del movimiento que se incorporan para identificar un estilo de baile y otro.<\/p>\n\n\n\n<h2 class=\"wp-block-heading\" id=\"Ejemplos\">Ejemplos de Groove<\/h2>\n\n\n\n<p>Para que no te quedes s\u00f3lo con el concepto en palabras, te dejo ac\u00e1 unos ejemplos de lo que es el Groove. Comencemos con el del Hip Hop.<\/p>\n\n\n\n<figure class=\"wp-block-embed alignwide is-type-video is-provider-youtube wp-block-embed-youtube\"><div class=\"wp-block-embed__wrapper\">\n<div class=\"nv-iframe-embed\"><div class=\"container-lazyload preview-lazyload container-youtube js-lazyload--not-loaded\"><a href=\"https:\/\/youtu.be\/BZ-pEneYAZA\" class=\"lazy-load-youtube preview-lazyload preview-youtube\" data-video-title=\"4 GROOVES B\u00e1sicos | Repaso de Conceptos | Hip Hop Dance\" title=\"Play video &quot;4 GROOVES B\u00e1sicos | Repaso de Conceptos | Hip Hop Dance&quot;\" target=\"_blank\" rel=\"noopener\">https:\/\/youtu.be\/BZ-pEneYAZA<\/a><noscript>Video can&#8217;t be loaded because JavaScript is disabled: <a href=\"https:\/\/youtu.be\/BZ-pEneYAZA\" title=\"4 GROOVES B\u00e1sicos | Repaso de Conceptos | Hip Hop Dance\" target=\"_blank\" rel=\"noopener\">4 GROOVES B\u00e1sicos | Repaso de Conceptos | Hip Hop Dance (https:\/\/youtu.be\/BZ-pEneYAZA)<\/a><\/noscript><\/div><\/div>\n<\/div><\/figure>\n\n\n\n<p>Ahora te dejo el Groove del House.<\/p>\n\n\n\n<figure class=\"wp-block-embed alignwide is-type-video is-provider-youtube wp-block-embed-youtube\"><div class=\"wp-block-embed__wrapper\">\n<div class=\"nv-iframe-embed\"><div class=\"container-lazyload preview-lazyload container-youtube js-lazyload--not-loaded\"><a href=\"https:\/\/youtu.be\/I4JzBOSVDN4\" class=\"lazy-load-youtube preview-lazyload preview-youtube\" data-video-title=\"APRENDE diferentes tipos de GROOVES en el HOUSE DANCE | TUTORIAL\" title=\"Play video &quot;APRENDE diferentes tipos de GROOVES en el HOUSE DANCE | TUTORIAL&quot;\" target=\"_blank\" rel=\"noopener\">https:\/\/youtu.be\/I4JzBOSVDN4<\/a><noscript>Video can&#8217;t be loaded because JavaScript is disabled: <a href=\"https:\/\/youtu.be\/I4JzBOSVDN4\" title=\"APRENDE diferentes tipos de GROOVES en el HOUSE DANCE | TUTORIAL\" target=\"_blank\" rel=\"noopener\">APRENDE diferentes tipos de GROOVES en el HOUSE DANCE | TUTORIAL (https:\/\/youtu.be\/I4JzBOSVDN4)<\/a><\/noscript><\/div><\/div>\n<\/div><\/figure>\n\n\n\n<p>Acu\u00e9rdate de que ac\u00e1 ellos hablan de la parte cultural, pero a\u00fan falta que escuches la canci\u00f3n e interpretes a tu modo. Hazlo muchas veces hasta que te sientas comodidad con el movimiento. Espero que te haya quedado claro el concepto de Groove. <\/p>\n\n\n\n<h2 class=\"wp-block-heading\">Otros dos conceptos en la danza<\/h2>\n\n\n\n<figure class=\"wp-block-gallery has-nested-images columns-default is-cropped wp-block-gallery-1 is-layout-flex wp-block-gallery-is-layout-flex\">\n<figure class=\"wp-block-image size-large\"><a href=\"https:\/\/sqardance.com\/index.php\/fundamentos-de-la-danza\/8-direcciones-de-la-danza\/\"><img decoding=\"async\" width=\"547\" height=\"729\" data-id=\"686\" data-src=\"https:\/\/sqardance.com\/wp-content\/uploads\/2024\/01\/DireccionesImagen1-edited-1.png\" alt=\"Cuales son las 8 direcciones en la danza\" class=\"wp-image-686 lazyload\" data-srcset=\"https:\/\/sqardance.com\/wp-content\/uploads\/2024\/01\/DireccionesImagen1-edited-1.png 547w, https:\/\/sqardance.com\/wp-content\/uploads\/2024\/01\/DireccionesImagen1-edited-1-225x300.png 225w\" data-sizes=\"(max-width: 547px) 100vw, 547px\" src=\"data:image\/svg+xml;base64,PHN2ZyB3aWR0aD0iMSIgaGVpZ2h0PSIxIiB4bWxucz0iaHR0cDovL3d3dy53My5vcmcvMjAwMC9zdmciPjwvc3ZnPg==\" style=\"--smush-placeholder-width: 547px; --smush-placeholder-aspect-ratio: 547\/729;\" \/><\/a><figcaption class=\"wp-element-caption\"><a href=\"https:\/\/sqardance.com\/index.php\/fundamentos-de-la-danza\/8-direcciones-de-la-danza\/\" data-type=\"page\" data-id=\"657\">Direcciones en la danza<\/a><\/figcaption><\/figure>\n\n\n\n<figure class=\"wp-block-image size-large\"><a href=\"https:\/\/sqardance.com\/index.php\/fundamentos-de-la-danza\/elementos\/\"><img decoding=\"async\" width=\"750\" height=\"1000\" data-id=\"689\" data-src=\"https:\/\/sqardance.com\/wp-content\/uploads\/2024\/01\/pexels-darcy-delia-1446563-edited-scaled.jpg\" alt=\"Conceptos B\u00e1sicos del Baile\" class=\"wp-image-689 lazyload\" data-srcset=\"https:\/\/sqardance.com\/wp-content\/uploads\/2024\/01\/pexels-darcy-delia-1446563-edited-scaled.jpg 750w, https:\/\/sqardance.com\/wp-content\/uploads\/2024\/01\/pexels-darcy-delia-1446563-edited-225x300.jpg 225w, https:\/\/sqardance.com\/wp-content\/uploads\/2024\/01\/pexels-darcy-delia-1446563-edited-768x1024.jpg 768w, https:\/\/sqardance.com\/wp-content\/uploads\/2024\/01\/pexels-darcy-delia-1446563-edited-1152x1536.jpg 1152w, https:\/\/sqardance.com\/wp-content\/uploads\/2024\/01\/pexels-darcy-delia-1446563-edited-1537x2048.jpg 1537w\" data-sizes=\"(max-width: 750px) 100vw, 750px\" src=\"data:image\/svg+xml;base64,PHN2ZyB3aWR0aD0iMSIgaGVpZ2h0PSIxIiB4bWxucz0iaHR0cDovL3d3dy53My5vcmcvMjAwMC9zdmciPjwvc3ZnPg==\" style=\"--smush-placeholder-width: 750px; --smush-placeholder-aspect-ratio: 750\/1000;\" \/><\/a><figcaption class=\"wp-element-caption\"><a href=\"https:\/\/sqardance.com\/index.php\/fundamentos-de-la-danza\/elementos\/\" data-type=\"page\" data-id=\"402\">Elementos de la danza<\/a><\/figcaption><\/figure>\n\n\n\n<figure class=\"wp-block-image size-large\"><a href=\"https:\/\/sqardance.com\/index.php\/fundamentos-de-la-danza\/freestyle\/\"><img decoding=\"async\" width=\"749\" height=\"1000\" data-id=\"688\" data-src=\"https:\/\/sqardance.com\/wp-content\/uploads\/2024\/01\/pexels-cottonbro-studio-7958139-edited-1-scaled.jpg\" alt=\"Elemento del Hip Hop Street Fashion\" class=\"wp-image-688 lazyload\" data-srcset=\"https:\/\/sqardance.com\/wp-content\/uploads\/2024\/01\/pexels-cottonbro-studio-7958139-edited-1-scaled.jpg 749w, https:\/\/sqardance.com\/wp-content\/uploads\/2024\/01\/pexels-cottonbro-studio-7958139-edited-1-225x300.jpg 225w, https:\/\/sqardance.com\/wp-content\/uploads\/2024\/01\/pexels-cottonbro-studio-7958139-edited-1-767x1024.jpg 767w, https:\/\/sqardance.com\/wp-content\/uploads\/2024\/01\/pexels-cottonbro-studio-7958139-edited-1-768x1025.jpg 768w\" data-sizes=\"(max-width: 749px) 100vw, 749px\" src=\"data:image\/svg+xml;base64,PHN2ZyB3aWR0aD0iMSIgaGVpZ2h0PSIxIiB4bWxucz0iaHR0cDovL3d3dy53My5vcmcvMjAwMC9zdmciPjwvc3ZnPg==\" style=\"--smush-placeholder-width: 749px; --smush-placeholder-aspect-ratio: 749\/1000;\" \/><\/a><figcaption class=\"wp-element-caption\"><a href=\"https:\/\/sqardance.com\/index.php\/fundamentos-de-la-danza\/freestyle\/\" data-type=\"page\" data-id=\"368\">\u00bfQu\u00e9 es la danza Freestyle?<\/a><\/figcaption><\/figure>\n<\/figure>\n","protected":false},"excerpt":{"rendered":"<p>El groove en la danza se refiere a la sensaci\u00f3n r\u00edtmica y musical al bailar. Es la conexi\u00f3n entre la m\u00fasica y el bailar\u00edn. Es lo que hace que se identifique un estilo de baile o de un bailar\u00edn a otro a pesar de que se hagan los mismos pasos. Esa definici\u00f3n aunque parece concreta,&hellip;&nbsp;<a href=\"https:\/\/sqardance.com\/index.php\/fundamentos-de-la-danza\/que-es-el-groove-en-la-danza\/\" rel=\"bookmark\"><span class=\"screen-reader-text\">\u00bfQu\u00e9 es el Groove en la danza?<\/span><\/a><\/p>\n","protected":false},"author":1,"featured_media":0,"parent":182,"menu_order":0,"comment_status":"closed","ping_status":"closed","template":"","meta":{"neve_meta_sidebar":"","neve_meta_container":"","neve_meta_enable_content_width":"","neve_meta_content_width":0,"neve_meta_title_alignment":"","neve_meta_author_avatar":"","neve_post_elements_order":"","neve_meta_disable_header":"","neve_meta_disable_footer":"","neve_meta_disable_title":"","footnotes":""},"class_list":["post-677","page","type-page","status-publish","hentry"],"_links":{"self":[{"href":"https:\/\/sqardance.com\/index.php\/wp-json\/wp\/v2\/pages\/677","targetHints":{"allow":["GET"]}}],"collection":[{"href":"https:\/\/sqardance.com\/index.php\/wp-json\/wp\/v2\/pages"}],"about":[{"href":"https:\/\/sqardance.com\/index.php\/wp-json\/wp\/v2\/types\/page"}],"author":[{"embeddable":true,"href":"https:\/\/sqardance.com\/index.php\/wp-json\/wp\/v2\/users\/1"}],"replies":[{"embeddable":true,"href":"https:\/\/sqardance.com\/index.php\/wp-json\/wp\/v2\/comments?post=677"}],"version-history":[{"count":6,"href":"https:\/\/sqardance.com\/index.php\/wp-json\/wp\/v2\/pages\/677\/revisions"}],"predecessor-version":[{"id":691,"href":"https:\/\/sqardance.com\/index.php\/wp-json\/wp\/v2\/pages\/677\/revisions\/691"}],"up":[{"embeddable":true,"href":"https:\/\/sqardance.com\/index.php\/wp-json\/wp\/v2\/pages\/182"}],"wp:attachment":[{"href":"https:\/\/sqardance.com\/index.php\/wp-json\/wp\/v2\/media?parent=677"}],"curies":[{"name":"wp","href":"https:\/\/api.w.org\/{rel}","templated":true}]}}