{"id":657,"date":"2024-01-19T06:27:42","date_gmt":"2024-01-19T06:27:42","guid":{"rendered":"https:\/\/sqardance.com\/?page_id=657"},"modified":"2024-01-19T06:28:20","modified_gmt":"2024-01-19T06:28:20","slug":"8-direcciones-de-la-danza","status":"publish","type":"page","link":"https:\/\/sqardance.com\/index.php\/fundamentos-de-la-danza\/8-direcciones-de-la-danza\/","title":{"rendered":"\u00bfCu\u00e1les son las 8 direcciones de la danza?"},"content":{"rendered":"\n<p>En la danza, existen formas de marcar las direcciones. Aunque en realidad puedes dividir tu espacio en infinitas partes, para simplificar la comunicaci\u00f3n entre bailarines, se toman solo 8, que resultan ser suficientes en la mayor\u00eda de los casos. Hay m\u00e1s de una versi\u00f3n para nombrar estas direcciones, y aqu\u00ed te presento dos opciones. Estas pueden variar dependiendo de los m\u00e9todos de ense\u00f1anza, pero son las que m\u00e1s me gustan y las que me parecen m\u00e1s c\u00f3modas.<\/p>\n\n\n\n<h2 class=\"wp-block-heading\">Con direcci\u00f3n al p\u00fablico<\/h2>\n\n\n\n<p>En este caso, se aborda en el contexto de un escenario, donde las direcciones se designan con n\u00fameros, comenzando con la direcci\u00f3n 1 que apunta hacia el p\u00fablico. Luego, se incrementan en sentido de las manecillas del reloj hasta alcanzar el n\u00famero 8. Si nos colocamos en el escenario y miramos hacia el p\u00fablico, la disposici\u00f3n ser\u00eda la siguiente:<\/p>\n\n\n<div class=\"wp-block-image\">\n<figure class=\"aligncenter size-full is-resized\"><img decoding=\"async\" width=\"1000\" height=\"972\" data-src=\"https:\/\/sqardance.com\/wp-content\/uploads\/2024\/01\/DireccionesImagen1.png\" alt=\"Cuales son las 8 direcciones en la danza\" class=\"wp-image-659 lazyload\" style=\"--smush-placeholder-width: 1000px; --smush-placeholder-aspect-ratio: 1000\/972;width:442px;height:auto\" data-srcset=\"https:\/\/sqardance.com\/wp-content\/uploads\/2024\/01\/DireccionesImagen1.png 1000w, https:\/\/sqardance.com\/wp-content\/uploads\/2024\/01\/DireccionesImagen1-300x292.png 300w, https:\/\/sqardance.com\/wp-content\/uploads\/2024\/01\/DireccionesImagen1-768x746.png 768w\" data-sizes=\"(max-width: 1000px) 100vw, 1000px\" src=\"data:image\/svg+xml;base64,PHN2ZyB3aWR0aD0iMSIgaGVpZ2h0PSIxIiB4bWxucz0iaHR0cDovL3d3dy53My5vcmcvMjAwMC9zdmciPjwvc3ZnPg==\" \/><\/figure><\/div>\n\n\n<ol class=\"wp-block-list\">\n<li>Frente (p\u00fablico).<\/li>\n\n\n\n<li>Diagonal derecha-frente.<\/li>\n\n\n\n<li>Lado derecho.<\/li>\n\n\n\n<li>Diagonal derecha-atr\u00e1s.<\/li>\n\n\n\n<li>Atr\u00e1s (atr\u00e1s del escenario).<\/li>\n\n\n\n<li>Diagonal izquierda-atr\u00e1s<\/li>\n\n\n\n<li>Lado izquierdo<\/li>\n\n\n\n<li>Diagonal izquierda-frente.<\/li>\n<\/ol>\n\n\n\n<p>Con este esquema, no importa en qu\u00e9 parte del escenario te encuentres o en qu\u00e9 direcci\u00f3n est\u00e9s ubicado. Si te indican que apuntes con la mano hacia la direcci\u00f3n 1, sabr\u00e1s que es en direcci\u00f3n al p\u00fablico, y as\u00ed sucesivamente con las dem\u00e1s direcciones.<\/p>\n\n\n\n<h2 class=\"wp-block-heading\">Versi\u00f3n de bailes de sal\u00f3n<\/h2>\n\n\n\n<p>En el baile de sal\u00f3n, no se considera la presencia de un p\u00fablico, ya que este puede estar ubicado en cualquier parte, y es m\u00e1s importante orientarnos seg\u00fan las limitaciones del espacio. En este caso, dichas limitaciones estar\u00e1n determinadas por las paredes del sal\u00f3n. La idea es establecer una l\u00ednea de danza que utilizaremos como referencia para la direcci\u00f3n en la que se baila. Esta l\u00ednea se establece en direcci\u00f3n opuesta a las manecillas del reloj. Con esta gu\u00eda, podemos se\u00f1alar las direcciones de referencia.<\/p>\n\n\n<div class=\"wp-block-image\">\n<figure class=\"aligncenter size-full is-resized\"><img decoding=\"async\" width=\"1000\" height=\"834\" data-src=\"https:\/\/sqardance.com\/wp-content\/uploads\/2024\/01\/DireccionesImagen2-1.png\" alt=\"Estas son las 8 direcciones en la danza de sal\u00f3n\" class=\"wp-image-663 lazyload\" style=\"--smush-placeholder-width: 1000px; --smush-placeholder-aspect-ratio: 1000\/834;width:567px;height:auto\" data-srcset=\"https:\/\/sqardance.com\/wp-content\/uploads\/2024\/01\/DireccionesImagen2-1.png 1000w, https:\/\/sqardance.com\/wp-content\/uploads\/2024\/01\/DireccionesImagen2-1-300x250.png 300w, https:\/\/sqardance.com\/wp-content\/uploads\/2024\/01\/DireccionesImagen2-1-768x641.png 768w\" data-sizes=\"(max-width: 1000px) 100vw, 1000px\" src=\"data:image\/svg+xml;base64,PHN2ZyB3aWR0aD0iMSIgaGVpZ2h0PSIxIiB4bWxucz0iaHR0cDovL3d3dy53My5vcmcvMjAwMC9zdmciPjwvc3ZnPg==\" \/><\/figure><\/div>\n\n\n<p>Las direcciones son las siguientes:<\/p>\n\n\n\n<ol class=\"wp-block-list\">\n<li>En este caso las direcciones tendr\u00e1n como referencia el centro del sal\u00f3n. No importa en qu\u00e9 parte de la l\u00ednea de danza est\u00e9s, el centro nunca cambia. <\/li>\n\n\n\n<li>Algo opuesto con el muro, que dependiendo de la posici\u00f3n de la l\u00ednea de danza ser\u00e1 un muro u otro del sal\u00f3n, pero se sabe cu\u00e1l es porque es la direcci\u00f3n opuesta al centro del sal\u00f3n. <\/li>\n\n\n\n<li>Adem\u00e1s tienes las l\u00ednea de la danza, que ya mencion\u00e9 previamente. <\/li>\n\n\n\n<li>La reversa a la l\u00ednea de la danza es la direcci\u00f3n opuesta a la l\u00ednea de danza.<\/li>\n\n\n\n<li>Diagonal muro es la direcci\u00f3n intermedia entre el muro y la l\u00ednea de danza.<\/li>\n\n\n\n<li>Reversa a la diagonal muro es la direcci\u00f3n entre el muro y la reversa de la l\u00ednea de la danza.<\/li>\n\n\n\n<li>Diagonal centro es la direcci\u00f3n entre el centro y la l\u00ednea de danza.<\/li>\n\n\n\n<li>Reversa a la diagonal centro es la direcci\u00f3n entre el centro y la reversa de la l\u00ednea de la danza. <\/li>\n<\/ol>\n\n\n\n<p>Y as\u00ed ya te podr\u00e1s ubicar con otros bailarines en vez de decir &#8220;por la derecha&#8230;, pero la otra derecha&#8221;. Espero que te sea de mucha utilidad.<\/p>\n","protected":false},"excerpt":{"rendered":"<p>En la danza, existen formas de marcar las direcciones. Aunque en realidad puedes dividir tu espacio en infinitas partes, para simplificar la comunicaci\u00f3n entre bailarines, se toman solo 8, que resultan ser suficientes en la mayor\u00eda de los casos. Hay m\u00e1s de una versi\u00f3n para nombrar estas direcciones, y aqu\u00ed te presento dos opciones. Estas&hellip;&nbsp;<a href=\"https:\/\/sqardance.com\/index.php\/fundamentos-de-la-danza\/8-direcciones-de-la-danza\/\" rel=\"bookmark\"><span class=\"screen-reader-text\">\u00bfCu\u00e1les son las 8 direcciones de la danza?<\/span><\/a><\/p>\n","protected":false},"author":1,"featured_media":0,"parent":182,"menu_order":0,"comment_status":"closed","ping_status":"closed","template":"","meta":{"neve_meta_sidebar":"","neve_meta_container":"","neve_meta_enable_content_width":"","neve_meta_content_width":0,"neve_meta_title_alignment":"","neve_meta_author_avatar":"","neve_post_elements_order":"","neve_meta_disable_header":"","neve_meta_disable_footer":"","neve_meta_disable_title":"","footnotes":""},"class_list":["post-657","page","type-page","status-publish","hentry"],"_links":{"self":[{"href":"https:\/\/sqardance.com\/index.php\/wp-json\/wp\/v2\/pages\/657","targetHints":{"allow":["GET"]}}],"collection":[{"href":"https:\/\/sqardance.com\/index.php\/wp-json\/wp\/v2\/pages"}],"about":[{"href":"https:\/\/sqardance.com\/index.php\/wp-json\/wp\/v2\/types\/page"}],"author":[{"embeddable":true,"href":"https:\/\/sqardance.com\/index.php\/wp-json\/wp\/v2\/users\/1"}],"replies":[{"embeddable":true,"href":"https:\/\/sqardance.com\/index.php\/wp-json\/wp\/v2\/comments?post=657"}],"version-history":[{"count":6,"href":"https:\/\/sqardance.com\/index.php\/wp-json\/wp\/v2\/pages\/657\/revisions"}],"predecessor-version":[{"id":666,"href":"https:\/\/sqardance.com\/index.php\/wp-json\/wp\/v2\/pages\/657\/revisions\/666"}],"up":[{"embeddable":true,"href":"https:\/\/sqardance.com\/index.php\/wp-json\/wp\/v2\/pages\/182"}],"wp:attachment":[{"href":"https:\/\/sqardance.com\/index.php\/wp-json\/wp\/v2\/media?parent=657"}],"curies":[{"name":"wp","href":"https:\/\/api.w.org\/{rel}","templated":true}]}}