{"id":601,"date":"2023-12-30T08:22:28","date_gmt":"2023-12-30T08:22:28","guid":{"rendered":"https:\/\/sqardance.com\/?page_id=601"},"modified":"2024-02-18T06:39:25","modified_gmt":"2024-02-18T06:39:25","slug":"como-contar-los-tiempos-musicales-en-el-baile","status":"publish","type":"page","link":"https:\/\/sqardance.com\/index.php\/fundamentos-de-la-danza\/como-contar-los-tiempos-musicales-en-el-baile\/","title":{"rendered":"\u00bfC\u00f3mo contar los tiempos musicales en el baile?"},"content":{"rendered":"\n<div class=\"wp-block-group\"><div class=\"wp-block-group__inner-container is-layout-constrained wp-block-group-is-layout-constrained\"><div class=\"wp-block-image\">\n<figure class=\"alignright size-full is-resized\"><img decoding=\"async\" width=\"640\" height=\"995\" data-src=\"https:\/\/sqardance.com\/wp-content\/uploads\/2024\/02\/pexels-dominika-roseclay-2090877.jpg\" alt=\"Como contar la m\u00fasica en al danza\" class=\"wp-image-825 lazyload\" style=\"--smush-placeholder-width: 640px; --smush-placeholder-aspect-ratio: 640\/995;width:373px;height:auto\" data-srcset=\"https:\/\/sqardance.com\/wp-content\/uploads\/2024\/02\/pexels-dominika-roseclay-2090877.jpg 640w, https:\/\/sqardance.com\/wp-content\/uploads\/2024\/02\/pexels-dominika-roseclay-2090877-193x300.jpg 193w\" data-sizes=\"(max-width: 640px) 100vw, 640px\" src=\"data:image\/svg+xml;base64,PHN2ZyB3aWR0aD0iMSIgaGVpZ2h0PSIxIiB4bWxucz0iaHR0cDovL3d3dy53My5vcmcvMjAwMC9zdmciPjwvc3ZnPg==\" \/><\/figure><\/div>\n\n\n<p>Contar la m\u00fasica en el baile es muy importante cuando estamos entrenando, para comunicarnos entre bailarines y para hacer nuestras propias creaciones. Entonces ac\u00e1 te cuento lo que necesitas saber para no perderte nunca en la m\u00fasica y siempre puedas contar f\u00e1cilmente.<\/p>\n<\/div><\/div>\n\n\n\n<h2 class=\"wp-block-heading\">Contenido<\/h2>\n\n\n\n<ul class=\"wp-block-list\">\n<li><a href=\"#ConteoMusica\" data-type=\"internal\" data-id=\"#ConteoMusica\">\u00bfC\u00f3mo se cuenta en la m\u00fasica?<\/a>\n<ul class=\"wp-block-list\">\n<li><a href=\"#Beat\" data-type=\"internal\" data-id=\"#Beat\">\u00bfQu\u00e9 es el beat en la m\u00fasica?<\/a><\/li>\n\n\n\n<li><a href=\"#Figuras\" data-type=\"internal\" data-id=\"#Figuras\">Figuras de tiempo<\/a><\/li>\n\n\n\n<li><a href=\"#Compas\" data-type=\"internal\" data-id=\"#Compas\">Compas<\/a><\/li>\n\n\n\n<li><a href=\"#Vueltas\">Vueltas musicales: donde terminan los combos de baile<\/a><\/li>\n<\/ul>\n<\/li>\n\n\n\n<li><a href=\"#Octava\" data-type=\"internal\" data-id=\"#Octava\">Octava, el conteo de 1 a 8 en Danza<\/a><\/li>\n\n\n\n<li><a href=\"#Bloque\" data-type=\"internal\" data-id=\"#Bloque\">Bloque en la danza<\/a><\/li>\n<\/ul>\n\n\n\n<h2 class=\"wp-block-heading\" id=\"ConteoMusica\">\u00bfC\u00f3mo se cuenta en la m\u00fasica?<\/h2>\n\n\n\n<p>Los patrones r\u00edtmicos en la m\u00fasica es una forma de organizar sonidos en el tiempo, tanto cuando inician, como cuando terminan. Entonces ac\u00e1 vamos a entender cu\u00e1les son las formas m\u00e1s comunes para que despu\u00e9s en el baile lo puedas entender.<\/p>\n\n\n\n<figure class=\"wp-block-embed alignwide is-type-video is-provider-youtube wp-block-embed-youtube\"><div class=\"wp-block-embed__wrapper\">\n<div class=\"nv-iframe-embed\"><div class=\"container-lazyload preview-lazyload container-youtube js-lazyload--not-loaded\"><a href=\"https:\/\/youtu.be\/L4XrnRyzpps\" class=\"lazy-load-youtube preview-lazyload preview-youtube\" data-video-title=\"\u2764\ufe0f \u00bfQue\u0301 es el RITMO en la M\u00daSICA? \u00bfC\u00f3mo Funciona? \u23f0 Aprende sus Elementos F\u00c1CIL y con EJEMPLOS\" title=\"Play video &quot;\u2764\ufe0f \u00bfQue\u0301 es el RITMO en la M\u00daSICA? \u00bfC\u00f3mo Funciona? \u23f0 Aprende sus Elementos F\u00c1CIL y con EJEMPLOS&quot;\" target=\"_blank\" rel=\"noopener\">https:\/\/youtu.be\/L4XrnRyzpps<\/a><noscript>Video can&#8217;t be loaded because JavaScript is disabled: <a href=\"https:\/\/youtu.be\/L4XrnRyzpps\" title=\"\u2764\ufe0f \u00bfQue\u0301 es el RITMO en la M\u00daSICA? \u00bfC\u00f3mo Funciona? \u23f0 Aprende sus Elementos F\u00c1CIL y con EJEMPLOS\" target=\"_blank\" rel=\"noopener\">\u2764\ufe0f \u00bfQue\u0301 es el RITMO en la M\u00daSICA? \u00bfC\u00f3mo Funciona? \u23f0 Aprende sus Elementos F\u00c1CIL y con EJEMPLOS (https:\/\/youtu.be\/L4XrnRyzpps)<\/a><\/noscript><\/div><\/div>\n<\/div><\/figure>\n\n\n\n<h3 class=\"wp-block-heading\" id=\"Beat\">\u00bfQu\u00e9 es el beat en la m\u00fasica?<\/h3>\n\n\n\n<p>Antes de entrar a entender c\u00f3mo se cuenta en el baile, entendamos c\u00f3mo cuentan los m\u00fasicos. Ellos parten de una medida subjetiva que llaman &#8220;beat&#8221; o pulso en espa\u00f1ol, que b\u00e1sicamente es un intervalo de tiempo fijo que al repetirlo se convierte en la estructura base de la m\u00fasica, si saltamos al llevar el ritmo de una canci\u00f3n ese ser\u00eda el beat. En las canciones de r\u00edtmica simple (como el house), el bombo o kick golpea siempre con intervalo de un beat. Ese intervalo se suele cuantificar en cu\u00e1ntas veces cabe en un minuto, y eso determina la velocidad de la canci\u00f3n, el ejemplo de la m\u00fasica House dice que debe estar a m\u00e1s o menos en 100 beats por minuto o 100BPM. M\u00e1s adelante hablar\u00e9 de los compases, pero en un comp\u00e1s de 4\/4 el tiempo <\/p>\n\n\n\n<h3 class=\"wp-block-heading\" id=\"Figuras\">Figuras de tiempo<\/h3>\n\n\n\n<p>Sin embargo, la m\u00fasica no es s\u00f3lo seguir el beat, tambi\u00e9n se trata de dividirlo y jugar con \u00e9l. Para eso se crearon unas figuras musicales que consisten en tomar intervalos de tiempo que son m\u00faltiplos y subm\u00faltiplos de un beat. As\u00ed nacen las siguientes figuras:<\/p>\n\n\n\n<figure class=\"wp-block-table miTabla\"><table><tbody><tr><td class=\"has-text-align-center\" data-align=\"center\">Nombre de la figura<\/td><td class=\"has-text-align-center\" data-align=\"center\">tiempo de duraci\u00f3n en un comp\u00e1s de 4\/4<\/td><\/tr><tr><td class=\"has-text-align-center\" data-align=\"center\">Redonda<\/td><td class=\"has-text-align-center\" data-align=\"center\">4 tiempos<\/td><\/tr><tr><td class=\"has-text-align-center\" data-align=\"center\">Blanca<\/td><td class=\"has-text-align-center\" data-align=\"center\">2 tiempos<\/td><\/tr><tr><td class=\"has-text-align-center\" data-align=\"center\">Negra<\/td><td class=\"has-text-align-center\" data-align=\"center\">1 tiempo<\/td><\/tr><tr><td class=\"has-text-align-center\" data-align=\"center\">Corchea<\/td><td class=\"has-text-align-center\" data-align=\"center\">1\/2 tiempo<\/td><\/tr><tr><td class=\"has-text-align-center\" data-align=\"center\">Tresillo<\/td><td class=\"has-text-align-center\" data-align=\"center\">1\/3 tiempo<\/td><\/tr><tr><td class=\"has-text-align-center\" data-align=\"center\">Semicorchea<\/td><td class=\"has-text-align-center\" data-align=\"center\">1\/4 tiempo<\/td><\/tr><tr><td class=\"has-text-align-center\" data-align=\"center\">Fusa<\/td><td class=\"has-text-align-center\" data-align=\"center\">1\/8 tiempo<\/td><\/tr><\/tbody><\/table><\/figure>\n\n\n\n<p>Aunque existen m\u00e1s definiciones, para los bailarines estas son las principales y m\u00e1s comunes. Si te las aprendes, ya ser\u00e1 suficiente para entender la r\u00edtmica de la mayor\u00eda de m\u00fasica que vayas a bailar.<\/p>\n\n\n\n<h4 class=\"wp-block-heading\" id=\"Compas\">Compas<\/h4>\n\n\n\n<p>Una vez ya sepas las posibles divisiones en el tiempo, ahora debes aprender c\u00f3mo se agrupan. Existen muchas formas y b\u00e1sicamente cada persona se puede inventar la agrupaci\u00f3n que quiera. Sin embargo, por suerte para nosotros, hay unas que son m\u00e1s comunes. La m\u00e1s com\u00fan es &#8220;4\/4&#8221;, el numerador indica que tendremos 4 beats y el denominador indica que cada beat es equivalente a una negra, en este comp\u00e1s est\u00e1 escrita la mayor\u00eda de la m\u00fasica que escuchamos. Eso quiere decir que podemos contar de a 4 beats y as\u00ed llevar el ritmo de la m\u00fasica. Es por eso que los m\u00fasicos cuentan 1, 2, 3 y 4. <\/p>\n\n\n\n<p>Si el denominador fuera 2, entonces el beat ser\u00eda equivalente a blanca y si es 8, entonces el beat ser\u00eda equivalente a corchea. De ah\u00ed sale tambi\u00e9n otro compas com\u00fan, que es 12\/8, que es muy com\u00fan para m\u00fasica ternaria (que se agrupan de a 3 corcheas).<\/p>\n\n\n\n<div class=\"wp-block-columns is-layout-flex wp-container-core-columns-is-layout-9d6595d7 wp-block-columns-is-layout-flex\">\n<div class=\"wp-block-column is-layout-flow wp-block-column-is-layout-flow\">\n<h4 class=\"wp-block-heading\">Ejemplo 4\/4<\/h4>\n\n\n\n<figure class=\"wp-block-embed aligncenter is-type-video is-provider-youtube wp-block-embed-youtube\"><div class=\"wp-block-embed__wrapper\">\n<div class=\"nv-iframe-embed\"><div class=\"container-lazyload preview-lazyload container-youtube js-lazyload--not-loaded\"><a href=\"https:\/\/youtu.be\/_ovdm2yX4MA\" class=\"lazy-load-youtube preview-lazyload preview-youtube\" data-video-title=\"Avicii - Levels\" title=\"Play video &quot;Avicii - Levels&quot;\" target=\"_blank\" rel=\"noopener\">https:\/\/youtu.be\/_ovdm2yX4MA<\/a><noscript>Video can&#8217;t be loaded because JavaScript is disabled: <a href=\"https:\/\/youtu.be\/_ovdm2yX4MA\" title=\"Avicii - Levels\" target=\"_blank\" rel=\"noopener\">Avicii &#8211; Levels (https:\/\/youtu.be\/_ovdm2yX4MA)<\/a><\/noscript><\/div><\/div>\n<\/div><\/figure>\n<\/div>\n\n\n\n<div class=\"wp-block-column is-layout-flow wp-block-column-is-layout-flow\">\n<h4 class=\"wp-block-heading\">Ejemplo 12\/8<\/h4>\n\n\n\n<figure class=\"wp-block-embed aligncenter is-type-video is-provider-youtube wp-block-embed-youtube\"><div class=\"wp-block-embed__wrapper\">\n<div class=\"nv-iframe-embed\"><div class=\"container-lazyload preview-lazyload container-youtube js-lazyload--not-loaded\"><a href=\"https:\/\/youtu.be\/3TrSMaOZm3Y\" class=\"lazy-load-youtube preview-lazyload preview-youtube\" data-video-title=\"Annie Lennox - I Put A Spell On You (Live)\" title=\"Play video &quot;Annie Lennox - I Put A Spell On You (Live)&quot;\" target=\"_blank\" rel=\"noopener\">https:\/\/youtu.be\/3TrSMaOZm3Y<\/a><noscript>Video can&#8217;t be loaded because JavaScript is disabled: <a href=\"https:\/\/youtu.be\/3TrSMaOZm3Y\" title=\"Annie Lennox - I Put A Spell On You (Live)\" target=\"_blank\" rel=\"noopener\">Annie Lennox &#8211; I Put A Spell On You (Live) (https:\/\/youtu.be\/3TrSMaOZm3Y)<\/a><\/noscript><\/div><\/div>\n<\/div><\/figure>\n<\/div>\n<\/div>\n\n\n\n<h3 class=\"wp-block-heading\" id=\"Vueltas\">Vueltas musicales: donde terminan los combos de baile<\/h3>\n\n\n\n<p>Otro concepto importante de la m\u00fasica son las vueltas, consiste en grupos de 4 compases. La idea es que los cambios de base r\u00edtmica se hacen al final de una vuelta. Eso quiere decir que el estribillo o el coro no terminan hasta que termine una vuelta musical. Si no termina cuando termina esa vuelta, entonces debe esperar hasta que termine la siguiente. Como toda regla de la m\u00fasica, no siempre se cumple, pero s\u00ed la mayor\u00eda de las veces. Tambi\u00e9n es normal que los fills de bater\u00eda (esos redoble de percusi\u00f3n que terminan golpeando un platillo) tambi\u00e9n terminen con una vuelta y el platillo va en el tiempo 1 de la vuelta que va a iniciar. Entonces es un momento muy importante para el bailar\u00edn porque si logra coincidir un combo de baile con un fill se siente incre\u00edble.<\/p>\n\n\n\n<h2 class=\"wp-block-heading\" id=\"Octava\">Octava, el conteo de 1 a 8 en Danza<\/h2>\n\n\n\n<p>En la danza contamos de 1 a 8 beats, no s\u00e9 de d\u00f3nde sale ese conteo, pero coincide con un conteo de 4\/4. Si te das cuenta, 2 octavas (el conteo de uno a 8) es equivalente a una vuelta musical. Tambi\u00e9n, si agrupas de a 3 corcheas en el comp\u00e1s de 12\/8, entonces tendr\u00e1s que dos compases ser\u00e1 contar 8 grupos de 3, lo que tambi\u00e9n mantiene el conteo de 8. Te dejo el siguiente video donde podr\u00e1s escuchar este concepto en el conteo.<\/p>\n\n\n\n<figure class=\"wp-block-embed is-type-video is-provider-youtube wp-block-embed-youtube\"><div class=\"wp-block-embed__wrapper\">\n<div class=\"nv-iframe-embed\"><div class=\"container-lazyload preview-lazyload container-youtube js-lazyload--not-loaded\"><a href=\"https:\/\/youtu.be\/-BhNyRPnp1M?t=86\" class=\"lazy-load-youtube preview-lazyload preview-youtube\" data-video-title=\"\ud83d\udca5POR QU\u00c9 CONTAR la M\u00daSICA al BAILAR? | CONSEJOS para BAILARINES PRINCIPIANTES (DANCE TIPS)\" title=\"Play video &quot;\ud83d\udca5POR QU\u00c9 CONTAR la M\u00daSICA al BAILAR? | CONSEJOS para BAILARINES PRINCIPIANTES (DANCE TIPS)&quot;\" target=\"_blank\" rel=\"noopener\">https:\/\/youtu.be\/-BhNyRPnp1M?t=86<\/a><noscript>Video can&#8217;t be loaded because JavaScript is disabled: <a href=\"https:\/\/youtu.be\/-BhNyRPnp1M?t=86\" title=\"\ud83d\udca5POR QU\u00c9 CONTAR la M\u00daSICA al BAILAR? | CONSEJOS para BAILARINES PRINCIPIANTES (DANCE TIPS)\" target=\"_blank\" rel=\"noopener\">\ud83d\udca5POR QU\u00c9 CONTAR la M\u00daSICA al BAILAR? | CONSEJOS para BAILARINES PRINCIPIANTES (DANCE TIPS) (https:\/\/youtu.be\/-BhNyRPnp1M?t=86)<\/a><\/noscript><\/div><\/div>\n<\/div><\/figure>\n\n\n\n<p>Espero que con esto te quede claro c\u00f3mo contar la m\u00fasica a la hora de bailar y te sirva de mucho. Te invito a ver otros art\u00edculos a continuaci\u00f3n para mejorar tu danza.<\/p>\n\n\n\n<h2 class=\"wp-block-heading\" id=\"Bloque\">Bloque en la danza<\/h2>\n\n\n\n<p>Al igual que se agrupan los conteos en compases y en vueltas musicales, en la danza se agrupan el conteo de 8 en algo que se llama bloque. La definici\u00f3n de bloque es 4 octavas. F\u00edjate que coincide con la definici\u00f3n de 2 vueltas musicales y es as\u00ed porque es muy com\u00fan que en una vuelta nunca se hagan las variaciones de base r\u00edtmica, ya que es muy poco tiempo. Se suele aprovechar la base r\u00edtmica por m\u00e1s tiempo, lo que llev\u00f3 a que los bailarines prefieran contar de esta forma.<\/p>\n\n\n\n<h2 class=\"wp-block-heading\">Otros art\u00edculos sobre danza<\/h2>\n\n\n\n<figure class=\"wp-block-gallery has-nested-images columns-default is-cropped wp-block-gallery-1 is-layout-flex wp-block-gallery-is-layout-flex\">\n<figure class=\"wp-block-image size-large\"><a href=\"https:\/\/sqardance.com\/index.php\/fundamentos-de-la-danza\/que-es-el-groove-en-la-danza\/\"><img decoding=\"async\" width=\"767\" height=\"1024\" data-id=\"697\" data-src=\"https:\/\/sqardance.com\/wp-content\/uploads\/2024\/01\/pexels-cottonbro-studio-7974882-edited-767x1024.jpg\" alt=\"\" class=\"wp-image-697 lazyload\" data-srcset=\"https:\/\/sqardance.com\/wp-content\/uploads\/2024\/01\/pexels-cottonbro-studio-7974882-edited-767x1024.jpg 767w, https:\/\/sqardance.com\/wp-content\/uploads\/2024\/01\/pexels-cottonbro-studio-7974882-edited-225x300.jpg 225w, https:\/\/sqardance.com\/wp-content\/uploads\/2024\/01\/pexels-cottonbro-studio-7974882-edited-768x1025.jpg 768w, https:\/\/sqardance.com\/wp-content\/uploads\/2024\/01\/pexels-cottonbro-studio-7974882-edited-1151x1536.jpg 1151w, https:\/\/sqardance.com\/wp-content\/uploads\/2024\/01\/pexels-cottonbro-studio-7974882-edited-scaled.jpg 749w\" data-sizes=\"(max-width: 767px) 100vw, 767px\" src=\"data:image\/svg+xml;base64,PHN2ZyB3aWR0aD0iMSIgaGVpZ2h0PSIxIiB4bWxucz0iaHR0cDovL3d3dy53My5vcmcvMjAwMC9zdmciPjwvc3ZnPg==\" style=\"--smush-placeholder-width: 767px; --smush-placeholder-aspect-ratio: 767\/1024;\" \/><\/a><figcaption class=\"wp-element-caption\"><a href=\"https:\/\/sqardance.com\/index.php\/fundamentos-de-la-danza\/que-es-el-groove-en-la-danza\/\" data-type=\"page\" data-id=\"677\">\u00bfQu\u00e9 es el Groove?<\/a><\/figcaption><\/figure>\n\n\n\n<figure class=\"wp-block-image size-large\"><a href=\"https:\/\/sqardance.com\/index.php\/hip-hop\/lista-de-pasos\/reebok\/\"><img decoding=\"async\" width=\"640\" height=\"960\" data-id=\"729\" data-src=\"https:\/\/sqardance.com\/wp-content\/uploads\/2024\/02\/pexels-erick-alfredo-sasi-6601918.jpg\" alt=\"\" class=\"wp-image-729 lazyload\" data-srcset=\"https:\/\/sqardance.com\/wp-content\/uploads\/2024\/02\/pexels-erick-alfredo-sasi-6601918.jpg 640w, https:\/\/sqardance.com\/wp-content\/uploads\/2024\/02\/pexels-erick-alfredo-sasi-6601918-200x300.jpg 200w\" data-sizes=\"(max-width: 640px) 100vw, 640px\" src=\"data:image\/svg+xml;base64,PHN2ZyB3aWR0aD0iMSIgaGVpZ2h0PSIxIiB4bWxucz0iaHR0cDovL3d3dy53My5vcmcvMjAwMC9zdmciPjwvc3ZnPg==\" style=\"--smush-placeholder-width: 640px; --smush-placeholder-aspect-ratio: 640\/960;\" \/><\/a><figcaption class=\"wp-element-caption\"><a href=\"https:\/\/sqardance.com\/index.php\/hip-hop\/lista-de-pasos\/reebok\/\" data-type=\"page\" data-id=\"129\">Paso de baile Reebok de Hip Hop<\/a><\/figcaption><\/figure>\n\n\n\n<figure class=\"wp-block-image size-large\"><a href=\"https:\/\/sqardance.com\/index.php\/shuffle\/lista-de-pasos\/t-step\/\"><img decoding=\"async\" width=\"587\" height=\"782\" data-id=\"706\" data-src=\"https:\/\/sqardance.com\/wp-content\/uploads\/2024\/01\/TStepPos1-edited.png\" alt=\"C\u00f3mo hacer el T Step\" class=\"wp-image-706 lazyload\" data-srcset=\"https:\/\/sqardance.com\/wp-content\/uploads\/2024\/01\/TStepPos1-edited.png 587w, https:\/\/sqardance.com\/wp-content\/uploads\/2024\/01\/TStepPos1-edited-225x300.png 225w\" data-sizes=\"(max-width: 587px) 100vw, 587px\" src=\"data:image\/svg+xml;base64,PHN2ZyB3aWR0aD0iMSIgaGVpZ2h0PSIxIiB4bWxucz0iaHR0cDovL3d3dy53My5vcmcvMjAwMC9zdmciPjwvc3ZnPg==\" style=\"--smush-placeholder-width: 587px; --smush-placeholder-aspect-ratio: 587\/782;\" \/><\/a><figcaption class=\"wp-element-caption\"><a href=\"https:\/\/sqardance.com\/index.php\/shuffle\/lista-de-pasos\/t-step\/\" data-type=\"page\" data-id=\"156\">T-step de Shuffle Dnace<\/a><\/figcaption><\/figure>\n<\/figure>\n","protected":false},"excerpt":{"rendered":"<p>Contar la m\u00fasica en el baile es muy importante cuando estamos entrenando, para comunicarnos entre bailarines y para hacer nuestras propias creaciones. Entonces ac\u00e1 te cuento lo que necesitas saber para no perderte nunca en la m\u00fasica y siempre puedas contar f\u00e1cilmente. Contenido \u00bfC\u00f3mo se cuenta en la m\u00fasica? Los patrones r\u00edtmicos en la m\u00fasica&hellip;&nbsp;<a href=\"https:\/\/sqardance.com\/index.php\/fundamentos-de-la-danza\/como-contar-los-tiempos-musicales-en-el-baile\/\" rel=\"bookmark\"><span class=\"screen-reader-text\">\u00bfC\u00f3mo contar los tiempos musicales en el baile?<\/span><\/a><\/p>\n","protected":false},"author":1,"featured_media":0,"parent":182,"menu_order":0,"comment_status":"closed","ping_status":"closed","template":"","meta":{"neve_meta_sidebar":"","neve_meta_container":"","neve_meta_enable_content_width":"","neve_meta_content_width":0,"neve_meta_title_alignment":"","neve_meta_author_avatar":"","neve_post_elements_order":"","neve_meta_disable_header":"","neve_meta_disable_footer":"","neve_meta_disable_title":"","footnotes":""},"class_list":["post-601","page","type-page","status-publish","hentry"],"_links":{"self":[{"href":"https:\/\/sqardance.com\/index.php\/wp-json\/wp\/v2\/pages\/601","targetHints":{"allow":["GET"]}}],"collection":[{"href":"https:\/\/sqardance.com\/index.php\/wp-json\/wp\/v2\/pages"}],"about":[{"href":"https:\/\/sqardance.com\/index.php\/wp-json\/wp\/v2\/types\/page"}],"author":[{"embeddable":true,"href":"https:\/\/sqardance.com\/index.php\/wp-json\/wp\/v2\/users\/1"}],"replies":[{"embeddable":true,"href":"https:\/\/sqardance.com\/index.php\/wp-json\/wp\/v2\/comments?post=601"}],"version-history":[{"count":11,"href":"https:\/\/sqardance.com\/index.php\/wp-json\/wp\/v2\/pages\/601\/revisions"}],"predecessor-version":[{"id":831,"href":"https:\/\/sqardance.com\/index.php\/wp-json\/wp\/v2\/pages\/601\/revisions\/831"}],"up":[{"embeddable":true,"href":"https:\/\/sqardance.com\/index.php\/wp-json\/wp\/v2\/pages\/182"}],"wp:attachment":[{"href":"https:\/\/sqardance.com\/index.php\/wp-json\/wp\/v2\/media?parent=601"}],"curies":[{"name":"wp","href":"https:\/\/api.w.org\/{rel}","templated":true}]}}