{"id":560,"date":"2023-12-08T05:55:01","date_gmt":"2023-12-08T05:55:01","guid":{"rendered":"https:\/\/sqardance.com\/?page_id=560"},"modified":"2024-12-06T08:24:39","modified_gmt":"2024-12-06T08:24:39","slug":"que-es","status":"publish","type":"page","link":"https:\/\/sqardance.com\/index.php\/shuffle\/que-es\/","title":{"rendered":"\u00bfQu\u00e9 es Shuffle Dance?"},"content":{"rendered":"\n<p>Si te has preguntado qu\u00e9 es el Shuffle Dance, te voy a contar m\u00e1s que lo que te dicen en todos lados. Es m\u00e1s que s\u00f3lo un baile para m\u00fasica electr\u00f3nica basado en footwork, tiene un contexto cultural de m\u00e1s de 30 a\u00f1os en todo el mundo, con caracter\u00edsticas \u00fanicas. Por eso, ac\u00e1 te cuento todo en detalle.<\/p>\n\n\n\n<h2 class=\"wp-block-heading\">\u00bfQu\u00e9 es el Shuffle Dance en su contexto hist\u00f3rico?<\/h2>\n\n\n\n<p>El Shuffle Dance es un estilo de baile que se origin\u00f3 a partir de la popularidad del House. Aunque existen varias teor\u00edas de su origen, como que muchos dicen que se cre\u00f3 en Melbourne, yo soy m\u00e1s partidario de que se cre\u00f3 en el Segundo Verano del Amor en Inglaterra y despu\u00e9s, al volverse ilegales los raves, se traslad\u00f3 a Australia, otro pa\u00eds del Reino Unido, teor\u00eda en la que he encontrado la evidencia en video m\u00e1s antigua, te dejo informaci\u00f3n m\u00e1s detallada en el art\u00edculo sobre el <a href=\"https:\/\/sqardance.com\/index.php\/shuffle\/origen\/\" data-type=\"page\" data-id=\"107\" target=\"_blank\" rel=\"noreferrer noopener\">origen del Shuffle<\/a>. Se centra en el movimiento de pies, dejando libres los brazos, algo que en un inicio se usaban conceptos de Liquid Dance, pero que en la actualidad suele darse mucha m\u00e1s libertad. El primer video musical en que se baila es el de &#8220;Everybody In The Place&#8221; de The Prodigy.<\/p>\n\n\n\n<figure class=\"wp-block-embed alignwide is-type-video is-provider-youtube wp-block-embed-youtube\"><div class=\"wp-block-embed__wrapper\">\n<div class=\"nv-iframe-embed\"><div class=\"container-lazyload preview-lazyload container-youtube js-lazyload--not-loaded\"><a href=\"https:\/\/youtu.be\/WY87o9IZXWg?si=mqyqXofW2p8U0wR1\" class=\"lazy-load-youtube preview-lazyload preview-youtube\" data-video-title=\"The Prodigy - Everybody In The Place (Official Video)\" title=\"Play video &quot;The Prodigy - Everybody In The Place (Official Video)&quot;\" target=\"_blank\" rel=\"noopener\">https:\/\/youtu.be\/WY87o9IZXWg?si=mqyqXofW2p8U0wR1<\/a><noscript>Video can&#8217;t be loaded because JavaScript is disabled: <a href=\"https:\/\/youtu.be\/WY87o9IZXWg?si=mqyqXofW2p8U0wR1\" title=\"The Prodigy - Everybody In The Place (Official Video)\" target=\"_blank\" rel=\"noopener\">The Prodigy &#8211; Everybody In The Place (Official Video) (https:\/\/youtu.be\/WY87o9IZXWg?si=mqyqXofW2p8U0wR1)<\/a><\/noscript><\/div><\/div>\n<\/div><\/figure>\n\n\n\n<p>A trav\u00e9s de los m\u00e1s de 30 a\u00f1os de historia de este baile, ha evolucionado con la m\u00fasica electr\u00f3nica, lo que ha implicado que <strong>tiene diferentes tipos de Groove<\/strong> al igual de los muchos estilos de m\u00fasica electr\u00f3nica que hay. Algunos de ellos est\u00e1n relacionados con el pa\u00eds de origen del Groove, como <strong>Russian Shuffle o Malaysian Shuffle<\/strong>, que son bastante agresivos. Por otro lado, la variante <strong>Cutting Shapes<\/strong> de Inglaterra tiene una sensaci\u00f3n mucho m\u00e1s suave y es la que m\u00e1s se hizo popular, ya que quedaba muy bien para bailar m\u00fasica electro pop. Tambi\u00e9n es normal que esos Grooves se utilizan acorde al tipo de m\u00fasica, como el Hardcore, Acid House, Techno, etc. En el siguiente video puedes ver un poco del Malaysian Shuffle.<\/p>\n\n\n\n<figure class=\"wp-block-embed alignwide is-type-video is-provider-youtube wp-block-embed-youtube\"><div class=\"wp-block-embed__wrapper\">\n<div class=\"nv-iframe-embed\"><div class=\"container-lazyload preview-lazyload container-youtube js-lazyload--not-loaded\"><a href=\"https:\/\/www.youtube.com\/shorts\/ZhBVRIKWs_A?feature=share\" class=\"lazy-load-youtube preview-lazyload preview-youtube\" data-video-title=\"Shufflers Meet Up Putrajaya Kuala Lumpur 2023 #hardstylerepublic #shuffledance\" title=\"Play video &quot;Shufflers Meet Up Putrajaya Kuala Lumpur 2023 #hardstylerepublic #shuffledance&quot;\" target=\"_blank\" rel=\"noopener\">https:\/\/www.youtube.com\/shorts\/ZhBVRIKWs_A?feature=share<\/a><noscript>Video can&#8217;t be loaded because JavaScript is disabled: <a href=\"https:\/\/www.youtube.com\/shorts\/ZhBVRIKWs_A?feature=share\" title=\"Shufflers Meet Up Putrajaya Kuala Lumpur 2023 #hardstylerepublic #shuffledance\" target=\"_blank\" rel=\"noopener\">Shufflers Meet Up Putrajaya Kuala Lumpur 2023 #hardstylerepublic #shuffledance (https:\/\/www.youtube.com\/shorts\/ZhBVRIKWs_A?feature=share)<\/a><\/noscript><\/div><\/div>\n<\/div><\/figure>\n\n\n\n<h2 class=\"wp-block-heading\">\u00bfQu\u00e9 caracter\u00edsticas tiene el shuffle?<\/h2>\n\n\n\n<p>Sus movimientos se basan en dos<strong> elementos principales<\/strong>, el <strong>Stomp<\/strong> y el <strong>Shuffle<\/strong>. El Stomp consiste en golpear el piso, lo que genera una peque\u00f1a reacci\u00f3n, movimiento que es muy popular tambi\u00e9n en el estilo de baile House. El otro es el Shuffle, que es arrastrar el pie por el piso. Es importante tener en cuenta que aunque muchos pasos vienen de otros estilos de baile, como el Hip Hop, pero se diferencian al hacer un Stomp o Shuffle al pisar o mover el pie de posici\u00f3n; lo que le da una sensaci\u00f3n caracter\u00edstica. En el ic\u00f3nico video de LMFAO, Party Rock Anthem se observan muy bien estos dos elementos.<\/p>\n\n\n\n<figure class=\"wp-block-embed alignwide is-type-video is-provider-youtube wp-block-embed-youtube\"><div class=\"wp-block-embed__wrapper\">\n<div class=\"nv-iframe-embed\"><div class=\"container-lazyload preview-lazyload container-youtube js-lazyload--not-loaded\"><a href=\"https:\/\/youtu.be\/KQ6zr6kCPj8?t=218\" class=\"lazy-load-youtube preview-lazyload preview-youtube\" data-video-title=\"LMFAO - Party Rock Anthem ft. Lauren Bennett, GoonRock\" title=\"Play video &quot;LMFAO - Party Rock Anthem ft. Lauren Bennett, GoonRock&quot;\" target=\"_blank\" rel=\"noopener\">https:\/\/youtu.be\/KQ6zr6kCPj8?t=218<\/a><noscript>Video can&#8217;t be loaded because JavaScript is disabled: <a href=\"https:\/\/youtu.be\/KQ6zr6kCPj8?t=218\" title=\"LMFAO - Party Rock Anthem ft. Lauren Bennett, GoonRock\" target=\"_blank\" rel=\"noopener\">LMFAO &#8211; Party Rock Anthem ft. Lauren Bennett, GoonRock (https:\/\/youtu.be\/KQ6zr6kCPj8?t=218)<\/a><\/noscript><\/div><\/div>\n<\/div><\/figure>\n\n\n\n<p>Es un estilo que adquiere cada d\u00eda m\u00e1s pasos. El \u00fanico paso original es el <a href=\"https:\/\/sqardance.com\/index.php\/shuffle\/lista-de-pasos\/t-step\/\" data-type=\"page\" data-id=\"156\">T-Step<\/a>, que nace de la combinaci\u00f3n de los dos elementos principales y es uno de los cuatro Foundations del estilo. Los otros 3 pasos son <a href=\"https:\/\/sqardance.com\/index.php\/shuffle\/lista-de-pasos\/running-man\/\" data-type=\"page\" data-id=\"79\">Running Man (tambi\u00e9n abreviado a RM)<\/a>, Charleston y <a href=\"https:\/\/sqardance.com\/index.php\/shuffle\/lista-de-pasos\/criss-cross\/\" data-type=\"page\" data-id=\"850\">Criss Cross,<\/a> todos provenientes del Hip Hop. Hay muchos pasos que vienen de las variaciones de estos, como lo son Polly Pocket o W-Step. Te invito a ver la <a href=\"https:\/\/sqardance.com\/index.php\/shuffle\/lista-de-pasos\/\" data-type=\"page\" data-id=\"75\">lista de pasos de Shuffle<\/a> que estoy creando.<\/p>\n\n\n\n<p>El Shufle es un estilo de baile de m\u00e1s de 30 a\u00f1os, es por eso que tiene tantas variantes y es tan complejo. Aunque su historia no es tan popular a pesar del tiempo, gracias a las redes sociales los movimientos de este bailes s\u00ed se volvieron muy populares. Si quieres conocer todo sobre este estilo, te recomiendo seguir con art\u00edculos de <a href=\"https:\/\/sqardance.com\/index.php\/shuffle\/\" data-type=\"page\" data-id=\"73\">Shuffle Dance<\/a> que tenemos ac\u00e1.<\/p>\n","protected":false},"excerpt":{"rendered":"<p>Si te has preguntado qu\u00e9 es el Shuffle Dance, te voy a contar m\u00e1s que lo que te dicen en todos lados. Es m\u00e1s que s\u00f3lo un baile para m\u00fasica electr\u00f3nica basado en footwork, tiene un contexto cultural de m\u00e1s de 30 a\u00f1os en todo el mundo, con caracter\u00edsticas \u00fanicas. Por eso, ac\u00e1 te cuento&hellip;&nbsp;<a href=\"https:\/\/sqardance.com\/index.php\/shuffle\/que-es\/\" rel=\"bookmark\"><span class=\"screen-reader-text\">\u00bfQu\u00e9 es Shuffle Dance?<\/span><\/a><\/p>\n","protected":false},"author":1,"featured_media":0,"parent":73,"menu_order":0,"comment_status":"closed","ping_status":"closed","template":"","meta":{"neve_meta_sidebar":"","neve_meta_container":"","neve_meta_enable_content_width":"","neve_meta_content_width":0,"neve_meta_title_alignment":"","neve_meta_author_avatar":"","neve_post_elements_order":"","neve_meta_disable_header":"","neve_meta_disable_footer":"","neve_meta_disable_title":"","footnotes":""},"class_list":["post-560","page","type-page","status-publish","hentry"],"_links":{"self":[{"href":"https:\/\/sqardance.com\/index.php\/wp-json\/wp\/v2\/pages\/560","targetHints":{"allow":["GET"]}}],"collection":[{"href":"https:\/\/sqardance.com\/index.php\/wp-json\/wp\/v2\/pages"}],"about":[{"href":"https:\/\/sqardance.com\/index.php\/wp-json\/wp\/v2\/types\/page"}],"author":[{"embeddable":true,"href":"https:\/\/sqardance.com\/index.php\/wp-json\/wp\/v2\/users\/1"}],"replies":[{"embeddable":true,"href":"https:\/\/sqardance.com\/index.php\/wp-json\/wp\/v2\/comments?post=560"}],"version-history":[{"count":13,"href":"https:\/\/sqardance.com\/index.php\/wp-json\/wp\/v2\/pages\/560\/revisions"}],"predecessor-version":[{"id":1445,"href":"https:\/\/sqardance.com\/index.php\/wp-json\/wp\/v2\/pages\/560\/revisions\/1445"}],"up":[{"embeddable":true,"href":"https:\/\/sqardance.com\/index.php\/wp-json\/wp\/v2\/pages\/73"}],"wp:attachment":[{"href":"https:\/\/sqardance.com\/index.php\/wp-json\/wp\/v2\/media?parent=560"}],"curies":[{"name":"wp","href":"https:\/\/api.w.org\/{rel}","templated":true}]}}