{"id":444,"date":"2024-01-31T07:29:40","date_gmt":"2024-01-31T07:29:40","guid":{"rendered":"https:\/\/sqardance.com\/?page_id=444"},"modified":"2024-01-31T07:29:41","modified_gmt":"2024-01-31T07:29:41","slug":"que-es","status":"publish","type":"page","link":"https:\/\/sqardance.com\/index.php\/hip-hop\/que-es\/","title":{"rendered":"\u00bfQu\u00e9 es el Hip Hop?"},"content":{"rendered":"\n<p>El Hip Hop es una cultura que nace en el Bronx, Nueva York, Estados Unidos en los a\u00f1os 70&#8217;s. Se caracteriza por tener un arte callejero, donde sus elementos definen en gran parte el estilo de vida que implica. Es muy popular por su g\u00e9nero musical, el rap, y sus estilos de baile, los cuales han influenciado fuertemente otras culturas modernas, como aquellas que emergen de la m\u00fasica electr\u00f3nica, los raves o el K-pop.<\/p>\n\n\n\n<h2 class=\"wp-block-heading\">Contenido<\/h2>\n\n\n\n<ul class=\"wp-block-list\">\n<li><a href=\"#definicion\" data-type=\"internal\" data-id=\"#definicion\">\u00bfQu\u00e9 significa Hip Hop?<\/a><\/li>\n\n\n\n<li><a href=\"#QueIdentifica\" data-type=\"internal\" data-id=\"#QueIdentifica\">\u00bfQu\u00e9 identifica al Hip Hop?<\/a><\/li>\n\n\n\n<li><a href=\"#Origen\" data-type=\"internal\" data-id=\"#Origen\">Origen del Hip Hop<\/a><\/li>\n<\/ul>\n\n\n\n<h2 class=\"wp-block-heading\" id=\"definicion\">\u00bfQu\u00e9 significa Hip Hop?<\/h2>\n\n\n\n<p>En el revelador di\u00e1logo (en el siguiente video), KRS-One desentra\u00f1a las complejidades del hip-hop, trascendiendo su simple clasificaci\u00f3n como g\u00e9nero musical. Definiendo el t\u00e9rmino como una amalgama de movimiento, conciencia y acci\u00f3n, destaca que ser un &#8220;hip-hop head&#8221; implica comprender la inteligencia y actividad intr\u00ednsecas al movimiento. <strong>&#8220;Hip&#8221; significa conocimiento y conciencia, mientras que &#8220;Hop&#8221; significa movimiento y acci\u00f3n<\/strong>. KRS-One subraya que el hip-hop es m\u00e1s que m\u00fasica; es una idea compartida, una conciencia colectiva que une a las personas, y su existencia no se limita a lo f\u00edsico, sino que reside fuera del espacio y el tiempo tridimensional.<\/p>\n\n\n\n<figure class=\"wp-block-embed alignwide is-type-video is-provider-youtube wp-block-embed-youtube\"><div class=\"wp-block-embed__wrapper\">\n<div class=\"nv-iframe-embed\"><div class=\"container-lazyload preview-lazyload container-youtube js-lazyload--not-loaded\"><a href=\"https:\/\/youtu.be\/ZhOvvv_pNWw\" class=\"lazy-load-youtube preview-lazyload preview-youtube\" data-video-title=\"KRS-One Hablando de hip hop\" title=\"Play video &quot;KRS-One Hablando de hip hop&quot;\" target=\"_blank\" rel=\"noopener\">https:\/\/youtu.be\/ZhOvvv_pNWw<\/a><noscript>Video can&#8217;t be loaded because JavaScript is disabled: <a href=\"https:\/\/youtu.be\/ZhOvvv_pNWw\" title=\"KRS-One Hablando de hip hop\" target=\"_blank\" rel=\"noopener\">KRS-One Hablando de hip hop (https:\/\/youtu.be\/ZhOvvv_pNWw)<\/a><\/noscript><\/div><\/div>\n<\/div><\/figure>\n\n\n\n<h2 class=\"wp-block-heading\" id=\"QueIdentifica\">\u00bfQu\u00e9 identifica al Hip Hop?<\/h2>\n\n\n\n<p>Al explorar los or\u00edgenes del hip-hop, KRS-One rastrea los <a href=\"https:\/\/sqardance.com\/index.php\/hip-hop\/elementos\/\" data-type=\"page\" data-id=\"437\">elementos fundamentales<\/a>, que son: el breaking, graffiti, Dj y MC. Posteriormente, destaca la evoluci\u00f3n hacia nueve elementos, donde los cuatro anteriores son complementados por: conocimiento callejero, beatboxing, moda callejera, emprendimiento callejero y lenguaje callejero. M\u00e1s all\u00e1 de la m\u00fasica rap, el hip-hop se presenta como una forma de pensamiento colectivo que influye en la perspectiva y el enfoque de la vida.<\/p>\n\n\n\n<p> <\/p>\n\n\n\n<div class=\"wp-block-media-text is-stacked-on-mobile\"><figure class=\"wp-block-media-text__media\"><a href=\"https:\/\/sqardance.com\/index.php\/hip-hop\/elementos\/\"><img decoding=\"async\" width=\"1024\" height=\"682\" data-src=\"https:\/\/sqardance.com\/wp-content\/uploads\/2024\/01\/pexels-keenan-constance-2865891-1024x682.jpg\" alt=\"Elementos del Hip Hop\" class=\"wp-image-719 size-full lazyload\" data-srcset=\"https:\/\/sqardance.com\/wp-content\/uploads\/2024\/01\/pexels-keenan-constance-2865891-1024x682.jpg 1024w, https:\/\/sqardance.com\/wp-content\/uploads\/2024\/01\/pexels-keenan-constance-2865891-300x200.jpg 300w, https:\/\/sqardance.com\/wp-content\/uploads\/2024\/01\/pexels-keenan-constance-2865891-768x512.jpg 768w, https:\/\/sqardance.com\/wp-content\/uploads\/2024\/01\/pexels-keenan-constance-2865891-930x620.jpg 930w, https:\/\/sqardance.com\/wp-content\/uploads\/2024\/01\/pexels-keenan-constance-2865891-scaled.jpg 1000w\" data-sizes=\"(max-width: 1024px) 100vw, 1024px\" src=\"data:image\/svg+xml;base64,PHN2ZyB3aWR0aD0iMSIgaGVpZ2h0PSIxIiB4bWxucz0iaHR0cDovL3d3dy53My5vcmcvMjAwMC9zdmciPjwvc3ZnPg==\" style=\"--smush-placeholder-width: 1024px; --smush-placeholder-aspect-ratio: 1024\/682;\" \/><\/a><\/figure><div class=\"wp-block-media-text__content\">\n<p>\u00bfQuieres entrar m\u00e1s en detalle? entra a este art\u00edculo donde te explico con m\u00e1s detalle, ver\u00e1s ejemplo y videos sobre:<\/p>\n\n\n\n<div class=\"wp-block-buttons is-content-justification-center is-layout-flex wp-container-core-buttons-is-layout-16018d1d wp-block-buttons-is-layout-flex\">\n<div class=\"wp-block-button\"><a class=\"wp-block-button__link has-background wp-element-button\" href=\"https:\/\/sqardance.com\/index.php\/hip-hop\/elementos\/\" style=\"border-radius:23px;background-color:#320101\">Elementos del Hip Hop<\/a><\/div>\n<\/div>\n<\/div><\/div>\n\n\n\n<p>Al tener en cuenta los 9 elementos, se configura un completo estilo de vida. De ellos podemos inferir que es un estilo muy activo; el emprendimiento incluye una perspectiva econ\u00f3mica para hacer viable esta forma de vida, permitiendo que quienes deseen vivir del Hip Hop puedan hacerlo. Adem\u00e1s, observamos la forma en que interact\u00faan las personas, ya que el DJ no puede ser el B-boy (el que baila Breaking) al mismo tiempo, lo que implica comunidad en torno a la m\u00fasica. Tambi\u00e9n implica que comprenden las dificultades econ\u00f3micas y las superan, como en el caso del Beatboxing, que surge ante la falta de recursos para comprar equipos de DJ, optando por hacer m\u00fasica con la voz. Estos elementos constituyen una gu\u00eda clara para comprender la cultura detr\u00e1s del Hip Hop.<\/p>\n\n\n\n<h2 class=\"wp-block-heading\" id=\"Origen\">\u00bfD\u00f3nde y c\u00f3mo nace el Hip Hop?<\/h2>\n\n\n\n<p>El Hip Hop surge a ra\u00edz de la migraci\u00f3n de jamaiquinos a Nueva York, espec\u00edficamente en la colonia latina del Bronx, quienes importaron la cultura de los sound systems, siendo DJ Kool Herc, a menudo llamado el creador del Hip Hop, un representante destacado de esta influencia. De esta migraci\u00f3n tambi\u00e9n proviene el toasting, precursor del rap, con el caso particular de Coke La Rock, a quien se atribuye el t\u00edtulo de primer MC en el Hip Hop. Esta cultura, arraigada en lo callejero, emplea los sound systems para organizar fiestas en cualquier lugar disponible. El baile del Break se origina a trav\u00e9s de la imitaci\u00f3n de movimientos de programas televisivos como el locking de Soul Train, incorporando posteriormente movimientos inspirados en pel\u00edculas de artes marciales. El graffiti tiene sus ra\u00edces en la antigua cultura de los tags, destac\u00e1ndose el nombre de Joseph Kyselak, quien plasmaba su nombre en diversas paredes durante sus viajes, un concepto que luego adoptar\u00edan los graffiteros para competir por los espacios y la calidad de sus obras. As\u00ed, nacen los cuatro elementos que dieron vida al Hip Hop en sus inicios.<\/p>\n\n\n\n<h2 class=\"wp-block-heading\">\u00bfC\u00f3mo identificar al Hip Hop?<\/h2>\n\n\n\n<p>Esta pregunta es bastante desafiante, dada la longevidad y diversidad territorial del Hip Hop. Sin embargo, podemos abordarla de manera general. En t\u00e9rminos de moda callejera, se caracteriza por el uso de ropa holgada, como se evidencia en los atuendos de los grandes raperos. En cuanto a la m\u00fasica, se distingue por beats profundos y bajos intensos, con kicks electr\u00f3nicos a menudo generados mediante samples para crear un impacto potente. La estructura musical suele seguir un comp\u00e1s de 4\/4 y tiende a ser repetitiva para permitir que el MC introduzca variaciones a trav\u00e9s del rap. Respecto al baile, es extremadamente diverso. Aunque existen estilos espec\u00edficos como el Party Dance, Break Dance, Krumping o Litefeet que se bailan con m\u00fasica Hip Hop, hay otros, como el Dancehall o el Locking, que comparten historia con el Hip Hop pero no se ejecutan con esta m\u00fasica.<\/p>\n\n\n\n<div class=\"wp-block-media-text has-media-on-the-right is-stacked-on-mobile\" style=\"grid-template-columns:auto 51%\"><div class=\"wp-block-media-text__content\">\n<p>\u00bfQuieres sabe m\u00e1s sobre los la danza en esta cultura? Entra a ver este art\u00edculo sobre:<\/p>\n\n\n\n<div class=\"wp-block-buttons is-content-justification-center is-layout-flex wp-container-core-buttons-is-layout-16018d1d wp-block-buttons-is-layout-flex\">\n<div class=\"wp-block-button\"><a class=\"wp-block-button__link has-background wp-element-button\" style=\"border-radius:23px;background-color:#320101\">Estilos de Baile del Hip Hop<\/a><\/div>\n<\/div>\n<\/div><figure class=\"wp-block-media-text__media\"><img decoding=\"async\" width=\"1024\" height=\"682\" data-src=\"https:\/\/sqardance.com\/wp-content\/uploads\/2024\/01\/pexels-allan-mas-5368956-1024x682.jpg\" alt=\"Estilos de Baile de Hip Hop\" class=\"wp-image-721 size-full lazyload\" data-srcset=\"https:\/\/sqardance.com\/wp-content\/uploads\/2024\/01\/pexels-allan-mas-5368956-1024x682.jpg 1024w, https:\/\/sqardance.com\/wp-content\/uploads\/2024\/01\/pexels-allan-mas-5368956-300x200.jpg 300w, https:\/\/sqardance.com\/wp-content\/uploads\/2024\/01\/pexels-allan-mas-5368956-768x512.jpg 768w, https:\/\/sqardance.com\/wp-content\/uploads\/2024\/01\/pexels-allan-mas-5368956-930x620.jpg 930w, https:\/\/sqardance.com\/wp-content\/uploads\/2024\/01\/pexels-allan-mas-5368956-scaled.jpg 1000w\" data-sizes=\"(max-width: 1024px) 100vw, 1024px\" src=\"data:image\/svg+xml;base64,PHN2ZyB3aWR0aD0iMSIgaGVpZ2h0PSIxIiB4bWxucz0iaHR0cDovL3d3dy53My5vcmcvMjAwMC9zdmciPjwvc3ZnPg==\" style=\"--smush-placeholder-width: 1024px; --smush-placeholder-aspect-ratio: 1024\/682;\" \/><\/figure><\/div>\n\n\n\n<p>En resumen, el hip-hop se revela como m\u00e1s que un g\u00e9nero musical; es una poderosa forma de pensamiento colectivo que fusiona la creatividad, la autenticidad y la identidad. Esta expresi\u00f3n cultural, arraigada en la historia y la evoluci\u00f3n<\/p>\n","protected":false},"excerpt":{"rendered":"<p>El Hip Hop es una cultura que nace en el Bronx, Nueva York, Estados Unidos en los a\u00f1os 70&#8217;s. Se caracteriza por tener un arte callejero, donde sus elementos definen en gran parte el estilo de vida que implica. Es muy popular por su g\u00e9nero musical, el rap, y sus estilos de baile, los cuales&hellip;&nbsp;<a href=\"https:\/\/sqardance.com\/index.php\/hip-hop\/que-es\/\" rel=\"bookmark\"><span class=\"screen-reader-text\">\u00bfQu\u00e9 es el Hip Hop?<\/span><\/a><\/p>\n","protected":false},"author":1,"featured_media":0,"parent":110,"menu_order":0,"comment_status":"closed","ping_status":"closed","template":"","meta":{"neve_meta_sidebar":"","neve_meta_container":"","neve_meta_enable_content_width":"","neve_meta_content_width":0,"neve_meta_title_alignment":"","neve_meta_author_avatar":"","neve_post_elements_order":"","neve_meta_disable_header":"","neve_meta_disable_footer":"","neve_meta_disable_title":"","footnotes":""},"class_list":["post-444","page","type-page","status-publish","hentry"],"_links":{"self":[{"href":"https:\/\/sqardance.com\/index.php\/wp-json\/wp\/v2\/pages\/444","targetHints":{"allow":["GET"]}}],"collection":[{"href":"https:\/\/sqardance.com\/index.php\/wp-json\/wp\/v2\/pages"}],"about":[{"href":"https:\/\/sqardance.com\/index.php\/wp-json\/wp\/v2\/types\/page"}],"author":[{"embeddable":true,"href":"https:\/\/sqardance.com\/index.php\/wp-json\/wp\/v2\/users\/1"}],"replies":[{"embeddable":true,"href":"https:\/\/sqardance.com\/index.php\/wp-json\/wp\/v2\/comments?post=444"}],"version-history":[{"count":4,"href":"https:\/\/sqardance.com\/index.php\/wp-json\/wp\/v2\/pages\/444\/revisions"}],"predecessor-version":[{"id":723,"href":"https:\/\/sqardance.com\/index.php\/wp-json\/wp\/v2\/pages\/444\/revisions\/723"}],"up":[{"embeddable":true,"href":"https:\/\/sqardance.com\/index.php\/wp-json\/wp\/v2\/pages\/110"}],"wp:attachment":[{"href":"https:\/\/sqardance.com\/index.php\/wp-json\/wp\/v2\/media?parent=444"}],"curies":[{"name":"wp","href":"https:\/\/api.w.org\/{rel}","templated":true}]}}