{"id":437,"date":"2023-11-23T21:00:22","date_gmt":"2023-11-23T21:00:22","guid":{"rendered":"https:\/\/sqardance.com\/?page_id=437"},"modified":"2025-11-09T05:10:24","modified_gmt":"2025-11-09T05:10:24","slug":"elementos","status":"publish","type":"page","link":"https:\/\/sqardance.com\/index.php\/hip-hop\/elementos\/","title":{"rendered":"\u00bfCu\u00e1les son los elementos del Hip Hop?"},"content":{"rendered":"\n<p>Al ser el hip hop una cultura, no se limita \u00fanicamente a la m\u00fasica. Es por eso que tiene un conjunto de elementos, los cuales mucha gente cree que son 4, pero en realidad otros mencionan que son 9 y otros dicen que muchos m\u00e1s. Al ser una cultura tan amplia, en cada zona geogr\u00e1fica les dan ciertas variaciones, pero en general s\u00ed hay 4 principales y otras que no dejan de ser importantes. En este art\u00edculo veremos la mayor\u00eda. <\/p>\n\n\n\n<h2 class=\"wp-block-heading\">Contenido<\/h2>\n\n\n\n<ul class=\"wp-block-list\">\n<li><a href=\"#Fundamentales\" data-type=\"internal\" data-id=\"#Fundamentales\">Elementos fundamentales<\/a>\n<ul class=\"wp-block-list\">\n<li><a href=\"#MC\" data-type=\"internal\" data-id=\"#MC\">Emcee (MC)<\/a><\/li>\n\n\n\n<li><a href=\"#DJ\" data-type=\"internal\" data-id=\"#DJ\">DJ<\/a><\/li>\n\n\n\n<li><a href=\"#Graffiti\" data-type=\"internal\" data-id=\"#Graffiti\">Graffiti<\/a><\/li>\n\n\n\n<li><a href=\"#Breakers\" data-type=\"internal\" data-id=\"#Breakers\">B-boy\/B-girl<\/a><\/li>\n\n\n\n<li><a href=\"#Knowledge\" data-type=\"internal\" data-id=\"#Knowledge\">Knowledge<\/a><\/li>\n<\/ul>\n<\/li>\n\n\n\n<li><a href=\"#Posteriores\" data-type=\"internal\" data-id=\"#Posteriores\">Elementos posteriores<\/a>\n<ul class=\"wp-block-list\">\n<li><a href=\"#BeatBox\" data-type=\"internal\" data-id=\"#BeatBox\">Beat Box<\/a><\/li>\n\n\n\n<li><a href=\"#Fashion\" data-type=\"internal\" data-id=\"#Fashion\">Street Fashion<\/a><\/li>\n\n\n\n<li><a href=\"#Emprendimiento\" data-type=\"internal\" data-id=\"#Emprendimiento\">Street Entrepreneurialism<\/a><\/li>\n\n\n\n<li><a href=\"#Language\" data-type=\"internal\" data-id=\"#Language\">Street Language<\/a><\/li>\n<\/ul>\n<\/li>\n\n\n\n<li><a href=\"#Decimo\" data-type=\"internal\" data-id=\"#Decimo\">El d\u00e9cimo elemento &#8220;Health and Wellness&#8221;<\/a><\/li>\n<\/ul>\n\n\n\n<p>Mira este contenido en formato de video de nuestro canal de YouTube:<\/p>\n\n\n<div class=\"wp-block-image\">\n<figure class=\"aligncenter size-large is-resized\"><a href=\"https:\/\/youtu.be\/W9zY4_n29rE\" target=\"_blank\" rel=\" noreferrer noopener\"><img decoding=\"async\" width=\"1024\" height=\"576\" data-src=\"https:\/\/sqardance.com\/wp-content\/uploads\/2025\/11\/Miniatura2-1024x576.png\" alt=\"Video de los Elementos de Hip Hop en YouTube\" class=\"wp-image-1761 lazyload\" style=\"--smush-placeholder-width: 1024px; --smush-placeholder-aspect-ratio: 1024\/576;width:439px;height:auto\" data-srcset=\"https:\/\/sqardance.com\/wp-content\/uploads\/2025\/11\/Miniatura2-1024x576.png 1024w, https:\/\/sqardance.com\/wp-content\/uploads\/2025\/11\/Miniatura2-300x169.png 300w, https:\/\/sqardance.com\/wp-content\/uploads\/2025\/11\/Miniatura2-768x432.png 768w, https:\/\/sqardance.com\/wp-content\/uploads\/2025\/11\/Miniatura2-scaled.png 1000w\" data-sizes=\"(max-width: 1024px) 100vw, 1024px\" src=\"data:image\/svg+xml;base64,PHN2ZyB3aWR0aD0iMSIgaGVpZ2h0PSIxIiB4bWxucz0iaHR0cDovL3d3dy53My5vcmcvMjAwMC9zdmciPjwvc3ZnPg==\" \/><\/a><\/figure><\/div>\n\n\n<h2 class=\"wp-block-heading\" id=\"Fundamentales\">Elementos fundamentales del Hip Hop<\/h2>\n\n\n\n<p>Estos son los elementos que iniciaron en el Hip Hop y los que le dieron el forma desde sus inicios.<\/p>\n\n\n\n<h3 class=\"wp-block-heading\" id=\"MC\">El Emcee, MC o maestro de ceremonias<\/h3>\n\n\n\n<p>El primer elemento llamado Emcee, algunas veces abreviado como MC (pronunciado emci por la pronunciaci\u00f3n de las letras en ingl\u00e9s) es b\u00e1sicamente alguien que tiene un micr\u00f3fono y utiliza su voz. Esa persona es la encargada de conectar con el p\u00fablico que est\u00e1 presente y de animarlos. En el Hip Hop es caracter\u00edstica su presencia, ya que es quien rapea (aunque no todo rapero es MC), quien canta, quien dirige las batallas de bailes si las hay, etc. S\u00f3lo este elemento ya es un conjunto de habilidades que contiene un arte. <\/p>\n\n\n\n<div class=\"wp-block-columns is-layout-flex wp-container-core-columns-is-layout-9d6595d7 wp-block-columns-is-layout-flex\">\n<div class=\"wp-block-column is-layout-flow wp-block-column-is-layout-flow\">\n<h2 class=\"wp-block-heading\">Definici\u00f3n<\/h2>\n\n\n\n<figure class=\"wp-block-embed is-type-video is-provider-youtube wp-block-embed-youtube\"><div class=\"wp-block-embed__wrapper\">\n<div class=\"nv-iframe-embed\"><div class=\"container-lazyload preview-lazyload container-youtube js-lazyload--not-loaded\"><a href=\"https:\/\/youtu.be\/qrLmvqsljmU?t=7\" class=\"lazy-load-youtube preview-lazyload preview-youtube\" data-video-title=\"Ice-T explains the difference between an MC and a Rapper on #SwayInTheMorning | Sway&#039;s Universe\" title=\"Play video &quot;Ice-T explains the difference between an MC and a Rapper on #SwayInTheMorning | Sway&#039;s Universe&quot;\" target=\"_blank\" rel=\"noopener\">https:\/\/youtu.be\/qrLmvqsljmU?t=7<\/a><noscript>Video can&#8217;t be loaded because JavaScript is disabled: <a href=\"https:\/\/youtu.be\/qrLmvqsljmU?t=7\" title=\"Ice-T explains the difference between an MC and a Rapper on #SwayInTheMorning | Sway&#039;s Universe\" target=\"_blank\" rel=\"noopener\">Ice-T explains the difference between an MC and a Rapper on #SwayInTheMorning | Sway&#039;s Universe (https:\/\/youtu.be\/qrLmvqsljmU?t=7)<\/a><\/noscript><\/div><\/div>\n<\/div><\/figure>\n<\/div>\n\n\n\n<div class=\"wp-block-column is-layout-flow wp-block-column-is-layout-flow\">\n<h2 class=\"wp-block-heading\" id=\"MCPlusDJ\">Ejemplo de MC<\/h2>\n\n\n\n<figure class=\"wp-block-embed is-type-video is-provider-youtube wp-block-embed-youtube\"><div class=\"wp-block-embed__wrapper\">\n<div class=\"nv-iframe-embed\"><div class=\"container-lazyload preview-lazyload container-youtube js-lazyload--not-loaded\"><a href=\"https:\/\/youtu.be\/XflfiylNNXY?t=109\" class=\"lazy-load-youtube preview-lazyload preview-youtube\" data-video-title=\"Beastie Boys - Three MC&#039;s and One DJ\" title=\"Play video &quot;Beastie Boys - Three MC&#039;s and One DJ&quot;\" target=\"_blank\" rel=\"noopener\">https:\/\/youtu.be\/XflfiylNNXY?t=109<\/a><noscript>Video can&#8217;t be loaded because JavaScript is disabled: <a href=\"https:\/\/youtu.be\/XflfiylNNXY?t=109\" title=\"Beastie Boys - Three MC&#039;s and One DJ\" target=\"_blank\" rel=\"noopener\">Beastie Boys &#8211; Three MC&#039;s and One DJ (https:\/\/youtu.be\/XflfiylNNXY?t=109)<\/a><\/noscript><\/div><\/div>\n<\/div><\/figure>\n<\/div>\n<\/div>\n\n\n\n<div class=\"wp-block-group\"><div class=\"wp-block-group__inner-container is-layout-constrained wp-block-group-is-layout-constrained\">\n<h3 class=\"wp-block-heading\" id=\"DJ\">El DJ<\/h3>\n\n\n\n<p>El DJ es la persona encargada de poner la m\u00fasica en los eventos del Hip Hop. Su estilo es avanzado y, aunque a veces se limita a poner bases r\u00edtmicas para que los raperos sean el centro de su atenci\u00f3n, tiene t\u00e9cnicas que sobresalen por su dificultad por encima del DJ de otros estilos, como en la m\u00fasica electr\u00f3nica. <\/p>\n\n\n\n<p>Un ejemplo de esto es el Scratch, la t\u00e9cnica que usa el <a href=\"#MCPlusDJ\" data-type=\"internal\" data-id=\"#MCPlusDJ\">DJ en el video de ejemplo de los MC<\/a> que puedes ver m\u00e1s arriba. \u00c9sta consiste en no dejar que la m\u00fasica que tiene el disco se reproduzca, sino que el movimiento con la aguja genera unos ruidos. La idea es que el DJ es capaz de generar bases r\u00edtmicas como si fuera percusi\u00f3n con ese tipo de ruidos.<\/p>\n<\/div><\/div>\n\n\n\n<h3 class=\"wp-block-heading\" id=\"Graffiti\">El Graffer y el Graffiti<\/h3>\n\n\n\n<p>El t\u00e9rmino Graffiti ya es muy popular en la actualidad, y viene del plural de la palabra &#8220;graffito&#8221; del italiano, que significa dibujo, marca o inscripci\u00f3n hecha en un muro. En el inicio se trataba de dejar una marca en las reuniones o zonas del Hip Hop, lo que se conoce como &#8220;Tags&#8221; o marcas de identidad. <\/p>\n\n\n<div class=\"wp-block-image\">\n<figure class=\"aligncenter size-full is-resized\"><img decoding=\"async\" width=\"640\" height=\"480\" data-src=\"https:\/\/sqardance.com\/wp-content\/uploads\/2023\/11\/pexels-sarah-trummer-955798-1-edited.jpg\" alt=\"Elementos del Hip Hop\" class=\"wp-image-467 lazyload\" style=\"--smush-placeholder-width: 640px; --smush-placeholder-aspect-ratio: 640\/480;width:404px;height:auto\" data-srcset=\"https:\/\/sqardance.com\/wp-content\/uploads\/2023\/11\/pexels-sarah-trummer-955798-1-edited.jpg 640w, https:\/\/sqardance.com\/wp-content\/uploads\/2023\/11\/pexels-sarah-trummer-955798-1-edited-300x225.jpg 300w\" data-sizes=\"(max-width: 640px) 100vw, 640px\" src=\"data:image\/svg+xml;base64,PHN2ZyB3aWR0aD0iMSIgaGVpZ2h0PSIxIiB4bWxucz0iaHR0cDovL3d3dy53My5vcmcvMjAwMC9zdmciPjwvc3ZnPg==\" \/><\/figure><\/div>\n\n\n<p>Muchos consideran que el graffiti es algo m\u00e1s antiguo que el Hip Hop, como las marcas que dejaba Joseph Kyselak siglos antes. Sin embargo, la forma particular del graffiti en el Hip Hop muchos se la atribuyen a Darrel McCray o &#8220;Cornbread&#8221;, quien inici\u00f3 en Philadelphia. Otros dicen que inici\u00f3 en el Bronx en Nueva York, donde tambi\u00e9n tuvo gran acogida en los inicios dentro del Hip Hop. <\/p>\n\n\n\n<p>Posteriormente lo usaron para dar mensajes de lemas pol\u00edticos, como el de &#8220;Free Huey&#8221;, donde evolucion\u00f3 por encima del tag. Adem\u00e1s, ya en los a\u00f1os 80&#8217;s se incorporan im\u00e1genes de caricaturas, c\u00f3mics y dem\u00e1s, que hizo evolucionar el elemento a otro nivel. Y evolucion\u00f3 a sus t\u00edpicas letras gruesas llamadas &#8220;Throw Up&#8221; para llamar la atenci\u00f3n y que sean visibles desde m\u00e1s lejos. Dado que por mucho tiempo se hac\u00eda en lugares sin permiso, se volvi\u00f3 algo ilegal atacado por la sociedad, pero es algo que cada vez es menos frecuente. En la actualidad son dibujos muy complejos, llamativos y llenos de significados, incluso por los que pagan entidades gubernamentales y que atraen turismo en muchas ciudades.<\/p>\n\n\n\n<h3 class=\"wp-block-heading\" id=\"Breakers\">B-Boy\/B-girl<\/h3>\n\n\n\n<p>La B viene de Breaker, o aquel que baila Breakdance. Este es el estilo de baile del Hip Hop m\u00e1s llamativo por sus acrobacias. \u00c9ste tiene dos modos fundamentales, el Top Rock o pasos de pie y las acrobacias o movimientos en el suelo. La idea del Top Rock es llamar la atenci\u00f3n para que despu\u00e9s vean las figuras que se hacen, o por lo menos ah\u00ed nace el concepto. Te dejo ac\u00e1 abajo un ejemplo de este tipo de baile.<\/p>\n\n\n\n<figure class=\"wp-block-embed is-type-video is-provider-youtube wp-block-embed-youtube\"><div class=\"wp-block-embed__wrapper\">\n<div class=\"nv-iframe-embed\"><div class=\"container-lazyload preview-lazyload container-youtube js-lazyload--not-loaded\"><a href=\"https:\/\/www.youtube.com\/watch?v=6TtY-FN2htE\" class=\"lazy-load-youtube preview-lazyload preview-youtube\" data-video-title=\"BEST BREAKING HIGHLIGHTS of Red Bull BC One 2023 World Final Paris\" title=\"Play video &quot;BEST BREAKING HIGHLIGHTS of Red Bull BC One 2023 World Final Paris&quot;\" target=\"_blank\" rel=\"noopener\">https:\/\/www.youtube.com\/watch?v=6TtY-FN2htE<\/a><noscript>Video can&#8217;t be loaded because JavaScript is disabled: <a href=\"https:\/\/www.youtube.com\/watch?v=6TtY-FN2htE\" title=\"BEST BREAKING HIGHLIGHTS of Red Bull BC One 2023 World Final Paris\" target=\"_blank\" rel=\"noopener\">BEST BREAKING HIGHLIGHTS of Red Bull BC One 2023 World Final Paris (https:\/\/www.youtube.com\/watch?v=6TtY-FN2htE)<\/a><\/noscript><\/div><\/div>\n<\/div><\/figure>\n\n\n\n<h3 class=\"wp-block-heading\" id=\"Knowledge\">Conocimiento callejero (Street Knowledge): el quinto elemento del hip hop<\/h3>\n\n\n\n<p>Aunque muchos ven el conocimiento como uno de los elementos adicionales, yo personalmente s\u00ed lo veo como uno de los fundamentales. Eso es debido a que incluso est\u00e1 en el nombre, la palabra Hip puede tener varios significados, como cadera, pero el significado referente a Hip Hop es conocimiento. Es por eso que para m\u00ed entra entre los elementos fundamentales.<\/p>\n\n\n\n<p>En este caso se refiere mucho al conocimiento callejero, al emp\u00edrico que se obtiene a trav\u00e9s de la experiencia en la vivencia de la calle. Por ejemplo, en los 90&#8217;s, saber que no se deb\u00eda hacer el C-step (paso de Hip Hop Party) en ciertos lugares podr\u00eda salvarle la vida, porque es un paso que nace en las pandillas (gangs en ingl\u00e9s) y que lo utilizaban para bailarle a los muertos. Entonces, hacerlo era una ofensa a esa pandilla y te convert\u00edas en objetivo de una agresi\u00f3n. Es conocimiento que no s\u00f3lo se aprende en las calles y que es necesario s\u00f3lo en ese contexto.<\/p>\n\n\n\n<h2 class=\"wp-block-heading\" id=\"Posteriores\">Elementos del Hip Hop posteriores<\/h2>\n\n\n\n<p>Al evolucionar el Hip Hop a trav\u00e9s de los a\u00f1os se fueron creando otro conjunto de elementos que fueron identificando esta cultura en una forma m\u00e1s detallada.<\/p>\n\n\n\n<h3 class=\"wp-block-heading\" id=\"BeatBox\">Beat Box<\/h3>\n\n\n\n<p>Este elemento nace de la necesidad de tener m\u00fasica o por lo menos una base r\u00edtmica para poder rapear. Aunque en los eventos grandes se ten\u00edan equipos de audio, en las esquinas de los barrios no. De ah\u00ed es que se incluye en el Hip Hop el Beat Box, que es la persona que hace m\u00fasica con sonidos de su boca, en especial bases r\u00edtmicas, aunque pueden llegar a hacer canciones completas, como en el video a continuaci\u00f3n.<\/p>\n\n\n\n<figure class=\"wp-block-embed aligncenter is-type-video is-provider-youtube wp-block-embed-youtube\"><div class=\"wp-block-embed__wrapper\">\n<div class=\"nv-iframe-embed\"><div class=\"container-lazyload preview-lazyload container-youtube js-lazyload--not-loaded\"><a href=\"https:\/\/youtube.com\/shorts\/0OXzpLr9GBM?si=_VoqOXOSZZuOha3z\" class=\"lazy-load-youtube preview-lazyload preview-youtube\" data-video-title=\"Phonk Music VS Beatbox #shorts\" title=\"Play video &quot;Phonk Music VS Beatbox #shorts&quot;\" target=\"_blank\" rel=\"noopener\">https:\/\/youtube.com\/shorts\/0OXzpLr9GBM?si=_VoqOXOSZZuOha3z<\/a><noscript>Video can&#8217;t be loaded because JavaScript is disabled: <a href=\"https:\/\/youtube.com\/shorts\/0OXzpLr9GBM?si=_VoqOXOSZZuOha3z\" title=\"Phonk Music VS Beatbox #shorts\" target=\"_blank\" rel=\"noopener\">Phonk Music VS Beatbox #shorts (https:\/\/youtube.com\/shorts\/0OXzpLr9GBM?si=_VoqOXOSZZuOha3z)<\/a><\/noscript><\/div><\/div>\n<\/div><\/figure>\n\n\n\n<h3 class=\"wp-block-heading\" id=\"Fashion\">Street Fashion (moda callejera)<\/h3>\n\n\n\n<p>Por su nombre se hace evidente que hace referencia a la forma de vestir en la calle. Una de las tendencias que vimos en la historia es el uso de ropa ancha de los raperos. Algunos mencionan que est\u00e1 relacionado con el <a href=\"#Graffiti\" data-type=\"internal\" data-id=\"#Graffiti\">graffiti<\/a>, espec\u00edficamente a la t\u00e9cnica Throw Up, que buscaban que la ropa fuera gruesa, como la letra de esa t\u00e9cnica.<\/p>\n\n\n<div class=\"wp-block-image\">\n<figure class=\"aligncenter size-large is-resized\"><img decoding=\"async\" width=\"1000\" height=\"1000\" data-src=\"https:\/\/sqardance.com\/wp-content\/uploads\/2023\/11\/pexels-cottonbro-studio-7958139-edited-scaled.jpg\" alt=\"Elemento del Hip Hop Street Fashion\" class=\"wp-image-481 lazyload\" style=\"--smush-placeholder-width: 1000px; --smush-placeholder-aspect-ratio: 1000\/1000;width:460px;height:auto\" data-srcset=\"https:\/\/sqardance.com\/wp-content\/uploads\/2023\/11\/pexels-cottonbro-studio-7958139-edited-scaled.jpg 1000w, https:\/\/sqardance.com\/wp-content\/uploads\/2023\/11\/pexels-cottonbro-studio-7958139-edited-300x300.jpg 300w, https:\/\/sqardance.com\/wp-content\/uploads\/2023\/11\/pexels-cottonbro-studio-7958139-edited-1024x1024.jpg 1024w, https:\/\/sqardance.com\/wp-content\/uploads\/2023\/11\/pexels-cottonbro-studio-7958139-edited-150x150.jpg 150w, https:\/\/sqardance.com\/wp-content\/uploads\/2023\/11\/pexels-cottonbro-studio-7958139-edited-768x769.jpg 768w\" data-sizes=\"(max-width: 1000px) 100vw, 1000px\" src=\"data:image\/svg+xml;base64,PHN2ZyB3aWR0aD0iMSIgaGVpZ2h0PSIxIiB4bWxucz0iaHR0cDovL3d3dy53My5vcmcvMjAwMC9zdmciPjwvc3ZnPg==\" \/><\/figure><\/div>\n\n\n<h3 class=\"wp-block-heading\" id=\"Emprendimiento\"><strong>Street Entrepreneurialism<\/strong> (emprendimiento callejero)<\/h3>\n\n\n\n<p>Aunque el nombre es &#8220;emprendimiento callejero&#8221;, esto va mucho m\u00e1s all\u00e1. Se refiere al emprendimiento que no requiere grandes corporaciones que lo apoyen, sino que, como a muchos nos toca, es empezar desde cero. El concepto nace del rechazo que sufrieron en sus inicios en el Hip Hop, donde las grandes disqueras no cre\u00edan que lograran vender y por lo tanto no apoyaban a los artistas que rapeaban, entonces no les qued\u00f3 otro remedio que volverse empresarios de s\u00ed mismos y su arte. Se caracteriza por probar muchas nuevas ideas y esperar su momento, ya que todo en su inicio genera mucho escepticismo. Ese esp\u00edritu emprendedor es el que llev\u00f3 a Jay-Z a decir &#8220;I&#8217;m not a business man. I am a business, man (No soy un hombre de negocios. Yo soy el negocio, hombre)&#8221; en su canci\u00f3n Diamon is forever. <\/p>\n\n\n\n<p>Como ejemplo, uno de los m\u00e9todos m\u00e1s populares dio vida a un estilo de baile dentro del Hip Hop, que es el LiteFeet. Este estilo de baile nace en el metro de Nueva York, donde chicos se sub\u00edan a bailar Hip Hop y pedir dinero a cambio. Dado que no ten\u00edan espacio para hacer Break Dance, entonces crearon nuevos pasos y llev\u00f3 la evoluci\u00f3n del estilo. En el siguiente video documental se muestra lo importante del dinero en la historia del LiteFeet, lo que para m\u00ed es el ejemplo perfecto del emprendimiento en el Hip Hop.<\/p>\n\n\n\n<figure class=\"wp-block-embed aligncenter is-type-video is-provider-youtube wp-block-embed-youtube\"><div class=\"wp-block-embed__wrapper\">\n<div class=\"nv-iframe-embed\"><div class=\"container-lazyload preview-lazyload container-youtube js-lazyload--not-loaded\"><a href=\"https:\/\/www.youtube.com\/watch?v=Oj2wok72jQ8&#038;list=PLy8OOwQC7wjwbumKRpskHRQFjZ5awGIom\" class=\"lazy-load-youtube preview-lazyload preview-youtube\" data-video-title=\"Litefeet: Sound of the Subway\" title=\"Play video &quot;Litefeet: Sound of the Subway&quot;\" target=\"_blank\" rel=\"noopener\">https:\/\/www.youtube.com\/watch?v=Oj2wok72jQ8&#038;list=PLy8OOwQC7wjwbumKRpskHRQFjZ5awGIom<\/a><noscript>Video can&#8217;t be loaded because JavaScript is disabled: <a href=\"https:\/\/www.youtube.com\/watch?v=Oj2wok72jQ8&#038;list=PLy8OOwQC7wjwbumKRpskHRQFjZ5awGIom\" title=\"Litefeet: Sound of the Subway\" target=\"_blank\" rel=\"noopener\">Litefeet: Sound of the Subway (https:\/\/www.youtube.com\/watch?v=Oj2wok72jQ8&#038;list=PLy8OOwQC7wjwbumKRpskHRQFjZ5awGIom)<\/a><\/noscript><\/div><\/div>\n<\/div><\/figure>\n\n\n\n<h3 class=\"wp-block-heading\" id=\"Language\">Street Language (Lenguaje Callejero)<\/h3>\n\n\n\n<p>Ac\u00e1 se refiere al tipo de lenguaje que se usa en la calle, no \u00fanicamente las expresiones orales, sino cualquier tipo de expresi\u00f3n, como s\u00edmbolos con las manos, sonidos espec\u00edficos del <a href=\"#BeatBox\" data-type=\"internal\" data-id=\"#BeatBox\">Beat Boxing<\/a> que tienen significado, etc. Un ejemplo es el s\u00edmbolo de las manos que hace 2Pac en la portada de su disco &#8220;All eyes on me&#8221;, que significa costa oeste.<\/p>\n\n\n<div class=\"wp-block-image\">\n<figure class=\"aligncenter size-full\"><img decoding=\"async\" width=\"300\" height=\"300\" data-src=\"https:\/\/sqardance.com\/wp-content\/uploads\/2023\/11\/Alleyezonme.jpg\" alt=\"Hip Hop elementos Lenguaje Callejero\" class=\"wp-image-485 lazyload\" data-srcset=\"https:\/\/sqardance.com\/wp-content\/uploads\/2023\/11\/Alleyezonme.jpg 300w, https:\/\/sqardance.com\/wp-content\/uploads\/2023\/11\/Alleyezonme-150x150.jpg 150w\" data-sizes=\"(max-width: 300px) 100vw, 300px\" src=\"data:image\/svg+xml;base64,PHN2ZyB3aWR0aD0iMSIgaGVpZ2h0PSIxIiB4bWxucz0iaHR0cDovL3d3dy53My5vcmcvMjAwMC9zdmciPjwvc3ZnPg==\" style=\"--smush-placeholder-width: 300px; --smush-placeholder-aspect-ratio: 300\/300;\" \/><\/figure><\/div>\n\n\n<p><\/p>\n\n\n\n<h2 class=\"wp-block-heading\" id=\"Decimo\">El d\u00e9cimo elemento Health and Wellness (salud y bienestar)<\/h2>\n\n\n\n<p>Keith Tucker fue el creador del d\u00e9cimo elemento del Hip Hop. \u00c9l escribi\u00f3 una carta abierta al Hip Hop en donde expone la idea de agregar el nuevo elemento, salud y bienestar. Este elemento es apoyado por el centro para la investigaci\u00f3n de la cultura negra Harlem\u2019s historic Schomburg. Se cre\u00f3 este elemento con la idea de combatir la degradaci\u00f3n que se le ha dado al Hip Hop mediante la idealizaci\u00f3n de la violencia, drogas, avaricia y misoginia. Si sabes ingl\u00e9s, puedes conocer en detalle la propuesta en la p\u00e1gina de <a href=\"https:\/\/hiphopisgreen.com\/about-us\/10th-element\/\" data-type=\"link\" data-id=\"https:\/\/hiphopisgreen.com\/about-us\/10th-element\/\" target=\"_blank\" rel=\"noreferrer noopener\">hiphopisgreen.com<\/a>.<\/p>\n\n\n\n<p>Este elemento consiste en la conexi\u00f3n con el alma, nosotros mismos y nuestro planeta. Lo busca a partir de invitar a crear nuevos estilos de vida, en especial una alimentaci\u00f3n basada en vegetales, fitness, sobriedad, salud mental y m\u00e1s. Tiene un pensamiento con una tendencia a la cultura Woke, algo que ha sido caracter\u00edstico de la cultura estadounidense especialmente en la \u00faltima d\u00e9cada, lo que explicar\u00eda una nueva tendencia de pensamiento tambi\u00e9n en el Hip Hop. <\/p>\n\n\n\n<p>Desde mi punto de vista, los primeros elementos fueron la base de la cultura, por eso es normal que sean los m\u00e1s reconocidos. Los elementos posteriores son partes importantes en la evoluci\u00f3n; sin embargo, se puede prescindir de uno u otro sin que deje de ser Hip Hop, como al no tener un Beat Box. Es un elemento interesante y que tiene mucha cultura detr\u00e1s, pero si no est\u00e1, los dem\u00e1s elementos como el DJ y el MC ya caracterizan al Hip Hop. Por \u00faltimo, el d\u00e9cimo elemento que fue agregado recientemente muestra un cambio en la forma en que se quiere adicionar un elemento. Los previos se hac\u00edan de una forma m\u00e1s org\u00e1nica, mientras que este nace de una carta abierta, un poco m\u00e1s impuesto. Vamos a ver qu\u00e9 pasa con esa propuesta, que aunque siento que es necesario en la sociedad actual, toca esperar a ver si es acogida como las dem\u00e1s y se mantiene como un elemento m\u00e1s.<\/p>\n","protected":false},"excerpt":{"rendered":"<p>Al ser el hip hop una cultura, no se limita \u00fanicamente a la m\u00fasica. Es por eso que tiene un conjunto de elementos, los cuales mucha gente cree que son 4, pero en realidad otros mencionan que son 9 y otros dicen que muchos m\u00e1s. Al ser una cultura tan amplia, en cada zona geogr\u00e1fica&hellip;&nbsp;<a href=\"https:\/\/sqardance.com\/index.php\/hip-hop\/elementos\/\" rel=\"bookmark\"><span class=\"screen-reader-text\">\u00bfCu\u00e1les son los elementos del Hip Hop?<\/span><\/a><\/p>\n","protected":false},"author":1,"featured_media":0,"parent":110,"menu_order":0,"comment_status":"closed","ping_status":"closed","template":"","meta":{"neve_meta_sidebar":"","neve_meta_container":"","neve_meta_enable_content_width":"","neve_meta_content_width":0,"neve_meta_title_alignment":"","neve_meta_author_avatar":"","neve_post_elements_order":"","neve_meta_disable_header":"","neve_meta_disable_footer":"","neve_meta_disable_title":"","footnotes":""},"class_list":["post-437","page","type-page","status-publish","hentry"],"_links":{"self":[{"href":"https:\/\/sqardance.com\/index.php\/wp-json\/wp\/v2\/pages\/437","targetHints":{"allow":["GET"]}}],"collection":[{"href":"https:\/\/sqardance.com\/index.php\/wp-json\/wp\/v2\/pages"}],"about":[{"href":"https:\/\/sqardance.com\/index.php\/wp-json\/wp\/v2\/types\/page"}],"author":[{"embeddable":true,"href":"https:\/\/sqardance.com\/index.php\/wp-json\/wp\/v2\/users\/1"}],"replies":[{"embeddable":true,"href":"https:\/\/sqardance.com\/index.php\/wp-json\/wp\/v2\/comments?post=437"}],"version-history":[{"count":42,"href":"https:\/\/sqardance.com\/index.php\/wp-json\/wp\/v2\/pages\/437\/revisions"}],"predecessor-version":[{"id":1763,"href":"https:\/\/sqardance.com\/index.php\/wp-json\/wp\/v2\/pages\/437\/revisions\/1763"}],"up":[{"embeddable":true,"href":"https:\/\/sqardance.com\/index.php\/wp-json\/wp\/v2\/pages\/110"}],"wp:attachment":[{"href":"https:\/\/sqardance.com\/index.php\/wp-json\/wp\/v2\/media?parent=437"}],"curies":[{"name":"wp","href":"https:\/\/api.w.org\/{rel}","templated":true}]}}