{"id":415,"date":"2023-11-11T06:04:52","date_gmt":"2023-11-11T06:04:52","guid":{"rendered":"https:\/\/sqardance.com\/?page_id=415"},"modified":"2023-11-11T06:04:53","modified_gmt":"2023-11-11T06:04:53","slug":"bounce","status":"publish","type":"page","link":"https:\/\/sqardance.com\/index.php\/fundamentos-de-la-danza\/bounce\/","title":{"rendered":"\u00bfQu\u00e9 es el Bounce en danza urbana?"},"content":{"rendered":"\n<p>El Bounce en Danza Urbana es un movimiento en el que, por medio de la flexi\u00f3n de las rodillas, se mueve todo el torso de arriba a abajo. El concepto proviene de muchos estilos que ya son antiguos, como el Lindy Hop, que se cre\u00f3 hace m\u00e1s de 100 a\u00f1os, pero en el Hip Hop se vuelve parte fundamental y es ah\u00ed donde se ha extendido a los dem\u00e1s g\u00e9neros de danza urbana.<\/p>\n\n\n\n<h2 class=\"wp-block-heading\">Contenido<\/h2>\n\n\n\n<ul class=\"wp-block-list\">\n<li><a href=\"#Definicion\" data-type=\"internal\" data-id=\"#Definicion\">Definici\u00f3n de Bounce<\/a><\/li>\n\n\n\n<li><a href=\"#Ejemplo\" data-type=\"internal\" data-id=\"#Ejemplo\">Ejemplo del Bounce<\/a><\/li>\n\n\n\n<li><a href=\"#Entrenar\" data-type=\"internal\" data-id=\"#Entrenar\">\u00bfC\u00f3mo entrenar el Bounce?<\/a><\/li>\n\n\n\n<li><a href=\"#EntrenarPasos\" data-type=\"internal\" data-id=\"#EntrenarPasos\">\u00bfC\u00f3mo entrenar pasos con Bounce?<\/a><\/li>\n<\/ul>\n\n\n\n<h2 class=\"wp-block-heading\" id=\"Definicion\">\u00bfC\u00f3mo se define el bounce?<\/h2>\n\n\n\n<p>La palabra Bounce traduce literalmente rebote y consiste en un movimiento que simula un rebote. Concretamente, lo que se hace es flexionar las rodillas y estirarlas para bajar y subir la posici\u00f3n de la cadera y, en consecuencia, todo lo que est\u00e9 encima. T\u00e9cnicamente, en la danza se llama hacer un demi pli\u00e9 y volver a la posici\u00f3n original. La demostraci\u00f3n la puedes ver en la siguiente imagen.<\/p>\n\n\n<div class=\"wp-block-image\">\n<figure class=\"aligncenter size-full is-resized\"><img decoding=\"async\" width=\"1000\" height=\"557\" data-src=\"https:\/\/sqardance.com\/wp-content\/uploads\/2023\/11\/Bounce.png\" alt=\"Que es el Bounce en danza\" class=\"wp-image-419 lazyload\" style=\"--smush-placeholder-width: 1000px; --smush-placeholder-aspect-ratio: 1000\/557;width:708px;height:auto\" data-srcset=\"https:\/\/sqardance.com\/wp-content\/uploads\/2023\/11\/Bounce.png 1000w, https:\/\/sqardance.com\/wp-content\/uploads\/2023\/11\/Bounce-300x167.png 300w, https:\/\/sqardance.com\/wp-content\/uploads\/2023\/11\/Bounce-768x428.png 768w\" data-sizes=\"(max-width: 1000px) 100vw, 1000px\" src=\"data:image\/svg+xml;base64,PHN2ZyB3aWR0aD0iMSIgaGVpZ2h0PSIxIiB4bWxucz0iaHR0cDovL3d3dy53My5vcmcvMjAwMC9zdmciPjwvc3ZnPg==\" \/><\/figure><\/div>\n\n\n<h2 class=\"wp-block-heading\" id=\"Ejemplo\">Ejemplo de Bounce en la danza<\/h2>\n\n\n\n<p>En el siguiente video puedes ver un ejercicio interesante para incluir el Bounce siguiendo una canci\u00f3n de Hip Hop. Aunque es un ejercicio de entrenamiento, ya le da un contexto del estilo de baile y se ve muy bien mezcl\u00e1ndolo con otros movimientos.<\/p>\n\n\n\n<figure class=\"wp-block-embed alignwide is-type-video is-provider-youtube wp-block-embed-youtube\"><div class=\"wp-block-embed__wrapper\">\n<div class=\"nv-iframe-embed\"><div class=\"container-lazyload preview-lazyload container-youtube js-lazyload--not-loaded\"><a href=\"https:\/\/www.youtube.com\/shorts\/FNsKQtIabZM?feature=share\" class=\"lazy-load-youtube preview-lazyload preview-youtube\" data-video-title=\"Hiphop dance practice for beginners\" title=\"Play video &quot;Hiphop dance practice for beginners&quot;\" target=\"_blank\" rel=\"noopener\">https:\/\/www.youtube.com\/shorts\/FNsKQtIabZM?feature=share<\/a><noscript>Video can&#8217;t be loaded because JavaScript is disabled: <a href=\"https:\/\/www.youtube.com\/shorts\/FNsKQtIabZM?feature=share\" title=\"Hiphop dance practice for beginners\" target=\"_blank\" rel=\"noopener\">Hiphop dance practice for beginners (https:\/\/www.youtube.com\/shorts\/FNsKQtIabZM?feature=share)<\/a><\/noscript><\/div><\/div>\n<\/div><\/figure>\n\n\n\n<h2 class=\"wp-block-heading\" id=\"Entrenar\">\u00bfC\u00f3mo entrenar el Bounce?<\/h2>\n\n\n\n<p>El Bounce es un movimiento aparentemente muy sencillo, pero en realidad s\u00ed tiene cierta complejidad que hace que no se pueda hacer de una forma libre. Por eso te doy los siguientes consejos.<\/p>\n\n\n\n<h3 class=\"wp-block-heading\">Ejercita tus m\u00fasculos antes de intentarlo<\/h3>\n\n\n\n<p>Uno de los problemas que vamos a tener para realizar este movimiento es que requiere bastante fuerza en las piernas, en especial en los cu\u00e1driceps y los s\u00f3leos, los m\u00fasculos que usamos al estirar las piernas. En este caso la contracci\u00f3n de las piernas no necesita de fuerza porque la gravedad nos ayuda, mientras que al estirar nos limita. Es por eso que recomiendo hacer muchos ejercicios en los que se hace fuerza para estirar las piernas como las sentadillas.<\/p>\n\n\n\n<h3 class=\"wp-block-heading\">Practica el movimiento de las rodillas activando los m\u00fasculos<\/h3>\n\n\n\n<p>Activar un m\u00fasculo significa que vamos a estar aplicando fuerza en \u00e9l. En este movimiento no se trata solo de subir y bajar, sino de que se vea controlado. Para eso, debemos mantener el control y no dejarnos ganar por la gravedad ni por las ganas de estirar las piernas para descansar. Es por eso que mantener la consciencia de la fuerza que aplicamos har\u00e1 que el movimiento se vea m\u00e1s armonioso.<\/p>\n\n\n\n<h3 class=\"wp-block-heading\">Realiza ejercicios de velocidad<\/h3>\n\n\n\n<p>El Bounce se suele hacer al ritmo de la m\u00fasica, cuando son canciones que tienen 80 BPM no hay ning\u00fan problema. Sin embargo, si se bailan canciones con 120 BPM s\u00ed se puede volver un poco complicado hacer un Bounce profundo, que sea amplio y que se note especialmente en escenarios, donde la audiencia est\u00e1 lejos.<\/p>\n\n\n\n<h2 class=\"wp-block-heading\" id=\"EntrenarPasos\">\u00bfC\u00f3mo entrenar los pasos que tienen Bounce?<\/h2>\n\n\n\n<p>Adem\u00e1s de entrenar el Bounce con los ejercicios mencionados anteriormente, ten en cuenta las siguientes recomendaciones:<\/p>\n\n\n\n<h3 class=\"wp-block-heading\">Aprende la mec\u00e1nica del paso<\/h3>\n\n\n\n<p>Antes de intentar agregar el Bounce, inicia aprendiendo los movimientos. Si mueves el pie izquierdo o el derecho, d\u00f3nde se pone, etc. Todo esto se debe aprender a un nivel en cual puedas hacerlo sin necesidad de pensar en el movimiento, por ejemplo que mientras lo haces puedas hablar con otra persona o cantar la canci\u00f3n que bailas.<\/p>\n\n\n\n<h3 class=\"wp-block-heading\">Realiza el Bounce con otros movimientos sencillos<\/h3>\n\n\n\n<p>Si es de las primeras veces que haces el Bounce, lo m\u00e1s probable es que no puedas hacer otros movimientos simult\u00e1neamente. Para solucionar este problema debes comenzar a realizar peque\u00f1os movimientos al mismo tiempo que haces el Bounce en vez de iniciar con el paso completo. Trata de comenzar con las partes del cuerpo que se requieren en la mec\u00e1nica del paso. Por ejemplo, si es un paso que requiere mover los pies, entonces intenta hacer el Bounce mientras das un peque\u00f1o paso, luego otro paso y as\u00ed agregando los movimientos, as\u00ed lograr\u00e1s disociar tu cuerpo de tal manera que puedas hacer el demi pli\u00e9 y otros movimientos al mismo tiempo.<\/p>\n\n\n\n<h3 class=\"wp-block-heading\">Agrega el Bounce a la mec\u00e1nica del paso a una velocidad lenta y luego aceleras<\/h3>\n\n\n\n<p>Una vez tengas disociaci\u00f3n y la mec\u00e1nica del paso aprendidas, ya ser\u00e1 f\u00e1cil agregar el Bounce al movimiento del paso de baile. Es mejor hacerlo de forma lenta para que asegures que el movimiento se hace de una forma correcta. Posteriormente incrementas la velocidad para que puedas hacerlo con cualquier canci\u00f3n que desees.<\/p>\n\n\n\n<p>Espero que con estos consejos puedas mejorar tu Bounce a niveles que nunca imaginaste. \u00a1Siente el ritmo, d\u00e9jate llevar y haz que tu baile rebote con una alegr\u00eda sin l\u00edmites!<\/p>\n","protected":false},"excerpt":{"rendered":"<p>El Bounce en Danza Urbana es un movimiento en el que, por medio de la flexi\u00f3n de las rodillas, se mueve todo el torso de arriba a abajo. El concepto proviene de muchos estilos que ya son antiguos, como el Lindy Hop, que se cre\u00f3 hace m\u00e1s de 100 a\u00f1os, pero en el Hip Hop&hellip;&nbsp;<a href=\"https:\/\/sqardance.com\/index.php\/fundamentos-de-la-danza\/bounce\/\" rel=\"bookmark\"><span class=\"screen-reader-text\">\u00bfQu\u00e9 es el Bounce en danza urbana?<\/span><\/a><\/p>\n","protected":false},"author":1,"featured_media":0,"parent":182,"menu_order":0,"comment_status":"closed","ping_status":"closed","template":"","meta":{"neve_meta_sidebar":"","neve_meta_container":"","neve_meta_enable_content_width":"","neve_meta_content_width":0,"neve_meta_title_alignment":"","neve_meta_author_avatar":"","neve_post_elements_order":"","neve_meta_disable_header":"","neve_meta_disable_footer":"","neve_meta_disable_title":"","footnotes":""},"class_list":["post-415","page","type-page","status-publish","hentry"],"_links":{"self":[{"href":"https:\/\/sqardance.com\/index.php\/wp-json\/wp\/v2\/pages\/415","targetHints":{"allow":["GET"]}}],"collection":[{"href":"https:\/\/sqardance.com\/index.php\/wp-json\/wp\/v2\/pages"}],"about":[{"href":"https:\/\/sqardance.com\/index.php\/wp-json\/wp\/v2\/types\/page"}],"author":[{"embeddable":true,"href":"https:\/\/sqardance.com\/index.php\/wp-json\/wp\/v2\/users\/1"}],"replies":[{"embeddable":true,"href":"https:\/\/sqardance.com\/index.php\/wp-json\/wp\/v2\/comments?post=415"}],"version-history":[{"count":6,"href":"https:\/\/sqardance.com\/index.php\/wp-json\/wp\/v2\/pages\/415\/revisions"}],"predecessor-version":[{"id":426,"href":"https:\/\/sqardance.com\/index.php\/wp-json\/wp\/v2\/pages\/415\/revisions\/426"}],"up":[{"embeddable":true,"href":"https:\/\/sqardance.com\/index.php\/wp-json\/wp\/v2\/pages\/182"}],"wp:attachment":[{"href":"https:\/\/sqardance.com\/index.php\/wp-json\/wp\/v2\/media?parent=415"}],"curies":[{"name":"wp","href":"https:\/\/api.w.org\/{rel}","templated":true}]}}