{"id":385,"date":"2023-10-30T21:16:32","date_gmt":"2023-10-30T21:16:32","guid":{"rendered":"https:\/\/sqardance.com\/?page_id=385"},"modified":"2023-10-30T21:16:32","modified_gmt":"2023-10-30T21:16:32","slug":"ejemplos","status":"publish","type":"page","link":"https:\/\/sqardance.com\/index.php\/metal-dance\/ejemplos\/","title":{"rendered":"\u00bfEl metal no se baila? Mira estos ejemplos"},"content":{"rendered":"\n<p>Este art\u00edculo muestra ejemplos de Bailes de Metal. Iniciaremos con unos que he creado con algunos compa\u00f1eros o solo y luego te mostrar\u00e9 los que son de grandes exponentes del metal en vivo.<\/p>\n\n\n\n<div class=\"wp-block-group alignwide\"><div class=\"wp-block-group__inner-container is-layout-constrained wp-block-group-is-layout-constrained\">\n<h2 class=\"wp-block-heading\">BabyMetal en vivo<\/h2>\n\n\n\n<p>Esta banda tambi\u00e9n se ha caracterizado por sus bailes en vivo. Es muy interesante ver c\u00f3mo mezclan lo que se conoce como baile comercial y este g\u00e9nero musical. Su estilo est\u00e1 basado en movimientos de Hip Hop, por ejemplo de este video de MoaMetal podemos reconocer una variaci\u00f3n del paso Tone Wop.<\/p>\n\n\n\n<figure class=\"wp-block-embed alignwide is-type-video is-provider-youtube wp-block-embed-youtube\"><div class=\"wp-block-embed__wrapper\">\n<div class=\"nv-iframe-embed\"><div class=\"container-lazyload preview-lazyload container-youtube js-lazyload--not-loaded\"><a href=\"https:\/\/www.youtube.com\/shorts\/epyYnjbW3Xg\" class=\"lazy-load-youtube preview-lazyload preview-youtube\" data-video-title=\"Moa dance - Baby Metal papaya #babymetal #moababymetal #cute\" title=\"Play video &quot;Moa dance - Baby Metal papaya #babymetal #moababymetal #cute&quot;\" target=\"_blank\" rel=\"noopener\">https:\/\/www.youtube.com\/shorts\/epyYnjbW3Xg<\/a><noscript>Video can&#8217;t be loaded because JavaScript is disabled: <a href=\"https:\/\/www.youtube.com\/shorts\/epyYnjbW3Xg\" title=\"Moa dance - Baby Metal papaya #babymetal #moababymetal #cute\" target=\"_blank\" rel=\"noopener\">Moa dance &#8211; Baby Metal papaya #babymetal #moababymetal #cute (https:\/\/www.youtube.com\/shorts\/epyYnjbW3Xg)<\/a><\/noscript><\/div><\/div>\n<\/div><\/figure>\n<\/div><\/div>\n\n\n\n<h2 class=\"wp-block-heading\">Bailando Gave up de Nine Inch Nails<\/h2>\n\n\n\n<p>De esta reconocida banda de Metal Industrial (aunque algunos dicen que es Rick Industrial) hemos creado una coreograf\u00eda que te dejo a continuaci\u00f3n. Esta coreograf\u00eda fue creada utilizando pasos del estilo de baile House.<\/p>\n\n\n\n<figure class=\"wp-block-embed alignwide is-type-video is-provider-youtube wp-block-embed-youtube\"><div class=\"wp-block-embed__wrapper\">\n<div class=\"nv-iframe-embed\"><div class=\"container-lazyload preview-lazyload container-youtube js-lazyload--not-loaded\"><a href=\"https:\/\/youtube.com\/shorts\/xKXwwXxmKec?feature=share\" class=\"lazy-load-youtube preview-lazyload preview-youtube\" data-video-title=\"Dancing Gave Up | Nine Inch Nails | As\u00ed se BAILA el METAL INDUSTRIAL  | Metal Dance | House Style\" title=\"Play video &quot;Dancing Gave Up | Nine Inch Nails | As\u00ed se BAILA el METAL INDUSTRIAL  | Metal Dance | House Style&quot;\" target=\"_blank\" rel=\"noopener\">https:\/\/youtube.com\/shorts\/xKXwwXxmKec?feature=share<\/a><noscript>Video can&#8217;t be loaded because JavaScript is disabled: <a href=\"https:\/\/youtube.com\/shorts\/xKXwwXxmKec?feature=share\" title=\"Dancing Gave Up | Nine Inch Nails | As\u00ed se BAILA el METAL INDUSTRIAL  | Metal Dance | House Style\" target=\"_blank\" rel=\"noopener\">Dancing Gave Up | Nine Inch Nails | As\u00ed se BAILA el METAL INDUSTRIAL  | Metal Dance | House Style (https:\/\/youtube.com\/shorts\/xKXwwXxmKec?feature=share)<\/a><\/noscript><\/div><\/div>\n<\/div><\/figure>\n\n\n\n<p><\/p>\n","protected":false},"excerpt":{"rendered":"<p>Este art\u00edculo muestra ejemplos de Bailes de Metal. Iniciaremos con unos que he creado con algunos compa\u00f1eros o solo y luego te mostrar\u00e9 los que son de grandes exponentes del metal en vivo. BabyMetal en vivo Esta banda tambi\u00e9n se ha caracterizado por sus bailes en vivo. Es muy interesante ver c\u00f3mo mezclan lo que&hellip;&nbsp;<a href=\"https:\/\/sqardance.com\/index.php\/metal-dance\/ejemplos\/\" rel=\"bookmark\"><span class=\"screen-reader-text\">\u00bfEl metal no se baila? Mira estos ejemplos<\/span><\/a><\/p>\n","protected":false},"author":1,"featured_media":0,"parent":104,"menu_order":0,"comment_status":"closed","ping_status":"closed","template":"","meta":{"neve_meta_sidebar":"","neve_meta_container":"","neve_meta_enable_content_width":"","neve_meta_content_width":0,"neve_meta_title_alignment":"","neve_meta_author_avatar":"","neve_post_elements_order":"","neve_meta_disable_header":"","neve_meta_disable_footer":"","neve_meta_disable_title":"","footnotes":""},"class_list":["post-385","page","type-page","status-publish","hentry"],"_links":{"self":[{"href":"https:\/\/sqardance.com\/index.php\/wp-json\/wp\/v2\/pages\/385","targetHints":{"allow":["GET"]}}],"collection":[{"href":"https:\/\/sqardance.com\/index.php\/wp-json\/wp\/v2\/pages"}],"about":[{"href":"https:\/\/sqardance.com\/index.php\/wp-json\/wp\/v2\/types\/page"}],"author":[{"embeddable":true,"href":"https:\/\/sqardance.com\/index.php\/wp-json\/wp\/v2\/users\/1"}],"replies":[{"embeddable":true,"href":"https:\/\/sqardance.com\/index.php\/wp-json\/wp\/v2\/comments?post=385"}],"version-history":[{"count":4,"href":"https:\/\/sqardance.com\/index.php\/wp-json\/wp\/v2\/pages\/385\/revisions"}],"predecessor-version":[{"id":393,"href":"https:\/\/sqardance.com\/index.php\/wp-json\/wp\/v2\/pages\/385\/revisions\/393"}],"up":[{"embeddable":true,"href":"https:\/\/sqardance.com\/index.php\/wp-json\/wp\/v2\/pages\/104"}],"wp:attachment":[{"href":"https:\/\/sqardance.com\/index.php\/wp-json\/wp\/v2\/media?parent=385"}],"curies":[{"name":"wp","href":"https:\/\/api.w.org\/{rel}","templated":true}]}}