{"id":1618,"date":"2025-02-01T07:49:36","date_gmt":"2025-02-01T07:49:36","guid":{"rendered":"https:\/\/sqardance.com\/?page_id=1618"},"modified":"2025-02-01T07:49:37","modified_gmt":"2025-02-01T07:49:37","slug":"como-se-llama-el-baile-con-los-pies","status":"publish","type":"page","link":"https:\/\/sqardance.com\/index.php\/fundamentos-de-la-danza\/preguntas-danza\/como-se-llama-el-baile-con-los-pies\/","title":{"rendered":"\u00bfC\u00f3mo se llama el baile con los pies?"},"content":{"rendered":"\n<div class=\"wp-block-group\"><div class=\"wp-block-group__inner-container is-layout-constrained wp-block-group-is-layout-constrained\">\n<p>Si te preguntas cu\u00e1l es el baile con los pies, en realidad hay muchos bailes los que se bailan espec\u00edficamente con los pies. Probablemente el estilo que busques sea el Shuffle, pero no es el \u00fanico. De hecho hay un concepto generalizado en el baile que se llama Footwork y se refiere a bailar con los pies. Ac\u00e1 vamos a explorar un gran n\u00famero de bailes que se hacen con los pies y el concepto de Footworking.<\/p>\n\n\n<div class=\"wp-block-image\">\n<figure class=\"alignright size-large is-resized\"><img decoding=\"async\" width=\"767\" height=\"1024\" data-src=\"https:\/\/sqardance.com\/wp-content\/uploads\/2024\/01\/pexels-cottonbro-studio-7958139-edited-1-767x1024.jpg\" alt=\"Cu\u00e1l es el baile con los pies\" class=\"wp-image-688 lazyload\" style=\"--smush-placeholder-width: 767px; --smush-placeholder-aspect-ratio: 767\/1024;width:384px;height:auto\" data-srcset=\"https:\/\/sqardance.com\/wp-content\/uploads\/2024\/01\/pexels-cottonbro-studio-7958139-edited-1-767x1024.jpg 767w, https:\/\/sqardance.com\/wp-content\/uploads\/2024\/01\/pexels-cottonbro-studio-7958139-edited-1-225x300.jpg 225w, https:\/\/sqardance.com\/wp-content\/uploads\/2024\/01\/pexels-cottonbro-studio-7958139-edited-1-768x1025.jpg 768w, https:\/\/sqardance.com\/wp-content\/uploads\/2024\/01\/pexels-cottonbro-studio-7958139-edited-1-scaled.jpg 749w\" data-sizes=\"(max-width: 767px) 100vw, 767px\" src=\"data:image\/svg+xml;base64,PHN2ZyB3aWR0aD0iMSIgaGVpZ2h0PSIxIiB4bWxucz0iaHR0cDovL3d3dy53My5vcmcvMjAwMC9zdmciPjwvc3ZnPg==\" \/><\/figure><\/div><\/div><\/div>\n\n\n\n<h2 class=\"wp-block-heading\">Contenido<\/h2>\n\n\n\n<ul class=\"wp-block-list\">\n<li><a href=\"#Footwork\" data-type=\"internal\" data-id=\"#Footwork\">Footwork<\/a><\/li>\n\n\n\n<li><a href=\"#Shuffle\" data-type=\"internal\" data-id=\"#Shuffle\">Shuffle Dance<\/a><\/li>\n\n\n\n<li><a href=\"#Litefeet\" data-type=\"internal\" data-id=\"#Litefeet\">LiteFeet Dance<\/a><\/li>\n\n\n\n<li><a href=\"#C-walk\" data-type=\"internal\" data-id=\"#C-walk\">C-Walk de Hip Hop<\/a><\/li>\n\n\n\n<li><a href=\"#Chicago-Footworking\" data-type=\"internal\" data-id=\"#Chicago-Footworking\">Chicago Footworking<\/a><\/li>\n<\/ul>\n\n\n\n<h2 class=\"wp-block-heading\" id=\"Footwork\">Concepto de Footwork en el baile<\/h2>\n\n\n\n<p>El Footwork en casi todo el baile consiste en realizar movimientos y pasos con los pies. La palabra viene de la combinaci\u00f3n de pies y trabajo, lo que traducir\u00eda trabajo de pies. La forma m\u00e1s com\u00fan de footwork es el Heel Toe, que b\u00e1sicamente consiste en hacer combinaciones de apoyar en el suelo tanto la punta como el tal\u00f3n y es una buena forma de comenzar con este estilo. <\/p>\n\n\n\n<p>En el siguiente video te dejo un tutorial que sirve como ejemplo de Footwork<\/p>\n\n\n\n<figure class=\"wp-block-embed is-type-video is-provider-youtube wp-block-embed-youtube\"><div class=\"wp-block-embed__wrapper\">\n<div class=\"nv-iframe-embed\"><div class=\"container-lazyload preview-lazyload container-youtube js-lazyload--not-loaded\"><a href=\"https:\/\/youtu.be\/VwJjtOGYFEE\" class=\"lazy-load-youtube preview-lazyload preview-youtube\" data-video-title=\"Combo # 1 de Shuffle Dance -  Footwork Flash | Bailando Zion de Fluke | Tutorial de foot work.\" title=\"Play video &quot;Combo # 1 de Shuffle Dance -  Footwork Flash | Bailando Zion de Fluke | Tutorial de foot work.&quot;\" target=\"_blank\" rel=\"noopener\">https:\/\/youtu.be\/VwJjtOGYFEE<\/a><noscript>Video can&#8217;t be loaded because JavaScript is disabled: <a href=\"https:\/\/youtu.be\/VwJjtOGYFEE\" title=\"Combo # 1 de Shuffle Dance -  Footwork Flash | Bailando Zion de Fluke | Tutorial de foot work.\" target=\"_blank\" rel=\"noopener\">Combo # 1 de Shuffle Dance &#8211;  Footwork Flash | Bailando Zion de Fluke | Tutorial de foot work. (https:\/\/youtu.be\/VwJjtOGYFEE)<\/a><\/noscript><\/div><\/div>\n<\/div><\/figure>\n\n\n\n<p>Nota: No hay que confundir el Footwork de Break Dance con este tipo de Footwork. En el Break se refiere a los movimientos que se hacen en el suelo, no es \u00fanicamente de trabajo de pies. De hecho hay pasos de Top Rock que podr\u00eda considerarse como Footwork en esta definici\u00f3n, pero no en la de Break Dance.<\/p>\n\n\n\n<h2 class=\"wp-block-heading\" id=\"Shuffle\">Shuffle Dance<\/h2>\n\n\n\n<p>El <a href=\"https:\/\/sqardance.com\/index.php\/shuffle\/\" data-type=\"page\" data-id=\"73\">Shuffle<\/a> se centra en los conceptos de arrastras el pie y golpear el suelo pis\u00e1ndolo con un rebote, lo que se conoce como Stomp. Se basa en 4 pasos fundamentales que son Running Man, Charleston, Criss Cross y T-step. Se suele buscar un gran n\u00famero de variaciones de esos pasos y en el torso no hay un movimiento en particular, se deja a libertad del bailar\u00edn. Ac\u00e1 te dejo un video que sirve como ejemplo.<\/p>\n\n\n\n<figure class=\"wp-block-embed aligncenter is-type-video is-provider-youtube wp-block-embed-youtube\"><div class=\"wp-block-embed__wrapper\">\n<div class=\"nv-iframe-embed\"><div class=\"container-lazyload preview-lazyload container-youtube js-lazyload--not-loaded\"><a href=\"https:\/\/youtube.com\/shorts\/6W1pIVN7OLM\" class=\"lazy-load-youtube preview-lazyload preview-youtube\" data-video-title=\"Bailando cl\u00e1sicos de la electr\u00f3nica | estilo Shuffle Dance | Children - Robert Miles\" title=\"Play video &quot;Bailando cl\u00e1sicos de la electr\u00f3nica | estilo Shuffle Dance | Children - Robert Miles&quot;\" target=\"_blank\" rel=\"noopener\">https:\/\/youtube.com\/shorts\/6W1pIVN7OLM<\/a><noscript>Video can&#8217;t be loaded because JavaScript is disabled: <a href=\"https:\/\/youtube.com\/shorts\/6W1pIVN7OLM\" title=\"Bailando cl\u00e1sicos de la electr\u00f3nica | estilo Shuffle Dance | Children - Robert Miles\" target=\"_blank\" rel=\"noopener\">Bailando cl\u00e1sicos de la electr\u00f3nica | estilo Shuffle Dance | Children &#8211; Robert Miles (https:\/\/youtube.com\/shorts\/6W1pIVN7OLM)<\/a><\/noscript><\/div><\/div>\n<\/div><\/figure>\n\n\n\n<h2 class=\"wp-block-heading\" id=\"Litefeet\">LiteFeet Dance<\/h2>\n\n\n\n<p>El estilo de baile <a href=\"https:\/\/sqardance.com\/index.php\/litefeet-dance\/\" data-type=\"page\" data-id=\"993\">LiteFeet<\/a> viene de la cultura del Hip Hop en Nueva York, exactamente en Harlem. Como lo indica su nombre, que traduce pies ligeros, trabaja mucho footwork. En este caso se fundamenta mucho en peque\u00f1os saltos y en el concepto de abrir y cerrar. La m\u00fasica suele ser muy alegre y es muy llamativo porque se usaba para pedir monedas en el metro.<\/p>\n\n\n\n<figure class=\"wp-block-embed aligncenter is-type-video is-provider-youtube wp-block-embed-youtube\"><div class=\"wp-block-embed__wrapper\">\n<div class=\"nv-iframe-embed\"><div class=\"container-lazyload preview-lazyload container-youtube js-lazyload--not-loaded\"><a href=\"https:\/\/youtu.be\/bK1c83d60BA\" class=\"lazy-load-youtube preview-lazyload preview-youtube\" data-video-title=\"\u00bfQu\u00e9 es LiteFeet? La evoluci\u00f3n del Hip Hop de NY\" title=\"Play video &quot;\u00bfQu\u00e9 es LiteFeet? La evoluci\u00f3n del Hip Hop de NY&quot;\" target=\"_blank\" rel=\"noopener\">https:\/\/youtu.be\/bK1c83d60BA<\/a><noscript>Video can&#8217;t be loaded because JavaScript is disabled: <a href=\"https:\/\/youtu.be\/bK1c83d60BA\" title=\"\u00bfQu\u00e9 es LiteFeet? La evoluci\u00f3n del Hip Hop de NY\" target=\"_blank\" rel=\"noopener\">\u00bfQu\u00e9 es LiteFeet? La evoluci\u00f3n del Hip Hop de NY (https:\/\/youtu.be\/bK1c83d60BA)<\/a><\/noscript><\/div><\/div>\n<\/div><\/figure>\n\n\n\n<h2 class=\"wp-block-heading\" id=\"C-walk\">C-Walk de Hip Hop<\/h2>\n\n\n\n<p>El C-walk es un baile que nace en las pandillas de Estados Unidos en lo que se conoce como el Gansta Rap. Era un baile muy sencillo y burlesco que se hac\u00eda cuando un pandillero hac\u00eda un tipo de crimen, en la actualidad el contexto del baile ha cambiado y es m\u00e1s amigable. Busca hacer movimientos de los pies muy suaves, pero al mismo tiempo que muestre algo de destreza. Se basa mucho en el concepto de Heel Toe y dar pasos, como una caminata con flow.<\/p>\n\n\n\n<figure class=\"wp-block-embed aligncenter is-type-video is-provider-youtube wp-block-embed-youtube\"><div class=\"wp-block-embed__wrapper\">\n<div class=\"nv-iframe-embed\"><div class=\"container-lazyload preview-lazyload container-youtube js-lazyload--not-loaded\"><a href=\"https:\/\/www.youtube.com\/shorts\/CfxyKyxnayc?feature=share\" class=\"lazy-load-youtube preview-lazyload preview-youtube\" data-video-title=\"C Walk \ud83d\udc99\" title=\"Play video &quot;C Walk \ud83d\udc99&quot;\" target=\"_blank\" rel=\"noopener\">https:\/\/www.youtube.com\/shorts\/CfxyKyxnayc?feature=share<\/a><noscript>Video can&#8217;t be loaded because JavaScript is disabled: <a href=\"https:\/\/www.youtube.com\/shorts\/CfxyKyxnayc?feature=share\" title=\"C Walk \ud83d\udc99\" target=\"_blank\" rel=\"noopener\">C Walk \ud83d\udc99 (https:\/\/www.youtube.com\/shorts\/CfxyKyxnayc?feature=share)<\/a><\/noscript><\/div><\/div>\n<\/div><\/figure>\n\n\n\n<h2 class=\"wp-block-heading\" id=\"Chicago-Footworking\">Chicago Footworking<\/h2>\n\n\n\n<p>Le estilo de baile Chicago Footworking busca la velocidad. El objetivo es tratar de ser lo m\u00e1s r\u00e1pido posible, tratar de bailarlo en semicorcheas. Realmente es tan r\u00e1pido que se busca que usualmente obliga a bailar muy peque\u00f1o y est\u00e1tico, sin grandes desplazamientos.<\/p>\n\n\n\n<figure class=\"wp-block-embed aligncenter is-type-video is-provider-youtube wp-block-embed-youtube\"><div class=\"wp-block-embed__wrapper\">\n<div class=\"nv-iframe-embed\"><div class=\"container-lazyload preview-lazyload container-youtube js-lazyload--not-loaded\"><a href=\"https:\/\/youtu.be\/QLcL83nR05c\" class=\"lazy-load-youtube preview-lazyload preview-youtube\" data-video-title=\"CHICAGO FOOTWORK BATTLE\" title=\"Play video &quot;CHICAGO FOOTWORK BATTLE&quot;\" target=\"_blank\" rel=\"noopener\">https:\/\/youtu.be\/QLcL83nR05c<\/a><noscript>Video can&#8217;t be loaded because JavaScript is disabled: <a href=\"https:\/\/youtu.be\/QLcL83nR05c\" title=\"CHICAGO FOOTWORK BATTLE\" target=\"_blank\" rel=\"noopener\">CHICAGO FOOTWORK BATTLE (https:\/\/youtu.be\/QLcL83nR05c)<\/a><\/noscript><\/div><\/div>\n<\/div><\/figure>\n\n\n\n<p>Y estos son los estilos de baile que est\u00e1n centrados en Footwork. Espero que con esto te haya aclarado muchas dudas y aprendido mucho sobre qu\u00e9 puedes bailar con los pies.<\/p>\n\n\n\n<h2 class=\"wp-block-heading\">Otros art\u00edculos que te pueden interesar<\/h2>\n\n\n\n<figure class=\"wp-block-gallery has-nested-images columns-default is-cropped wp-block-gallery-1 is-layout-flex wp-block-gallery-is-layout-flex\">\n<figure class=\"wp-block-image size-large\"><a href=\"https:\/\/sqardance.com\/index.php\/metal-dance\/como-bailar-metal\/\"><img decoding=\"async\" width=\"254\" height=\"254\" data-id=\"755\" data-src=\"https:\/\/sqardance.com\/wp-content\/uploads\/2024\/02\/Babymetal-edited.jpg\" alt=\"\" class=\"wp-image-755 lazyload\" data-srcset=\"https:\/\/sqardance.com\/wp-content\/uploads\/2024\/02\/Babymetal-edited.jpg 254w, https:\/\/sqardance.com\/wp-content\/uploads\/2024\/02\/Babymetal-edited-150x150.jpg 150w\" data-sizes=\"(max-width: 254px) 100vw, 254px\" src=\"data:image\/svg+xml;base64,PHN2ZyB3aWR0aD0iMSIgaGVpZ2h0PSIxIiB4bWxucz0iaHR0cDovL3d3dy53My5vcmcvMjAwMC9zdmciPjwvc3ZnPg==\" style=\"--smush-placeholder-width: 254px; --smush-placeholder-aspect-ratio: 254\/254;\" \/><\/a><figcaption class=\"wp-element-caption\"><a href=\"https:\/\/sqardance.com\/index.php\/metal-dance\/como-bailar-metal\/\" data-type=\"page\" data-id=\"235\">\u00bfC\u00f3mo se baila el metal?<\/a><\/figcaption><\/figure>\n\n\n\n<figure class=\"wp-block-image size-large\"><a href=\"https:\/\/sqardance.com\/index.php\/shuffle\/como-aprender-a-bailar\/\"><img decoding=\"async\" width=\"519\" height=\"692\" data-id=\"1580\" data-src=\"https:\/\/sqardance.com\/wp-content\/uploads\/2025\/01\/TStepPos1-edited-1.png\" alt=\"C\u00f3mo hacer el T Step\" class=\"wp-image-1580 lazyload\" data-srcset=\"https:\/\/sqardance.com\/wp-content\/uploads\/2025\/01\/TStepPos1-edited-1.png 519w, https:\/\/sqardance.com\/wp-content\/uploads\/2025\/01\/TStepPos1-edited-1-225x300.png 225w\" data-sizes=\"(max-width: 519px) 100vw, 519px\" src=\"data:image\/svg+xml;base64,PHN2ZyB3aWR0aD0iMSIgaGVpZ2h0PSIxIiB4bWxucz0iaHR0cDovL3d3dy53My5vcmcvMjAwMC9zdmciPjwvc3ZnPg==\" style=\"--smush-placeholder-width: 519px; --smush-placeholder-aspect-ratio: 519\/692;\" \/><\/a><figcaption class=\"wp-element-caption\"><a href=\"https:\/\/sqardance.com\/index.php\/shuffle\/como-aprender-a-bailar\/\" data-type=\"page\" data-id=\"1439\">\u00bfC\u00f3mo se baila el shuffle?<\/a><\/figcaption><\/figure>\n\n\n\n<figure class=\"wp-block-image size-large\"><a href=\"https:\/\/sqardance.com\/index.php\/fundamentos-de-la-danza\/preguntas-danza\/bailes-con-manos\/\"><img decoding=\"async\" width=\"640\" height=\"959\" data-id=\"907\" data-src=\"https:\/\/sqardance.com\/wp-content\/uploads\/2024\/03\/pexels-tan-danh-2017718.jpg\" alt=\"\" class=\"wp-image-907 lazyload\" data-srcset=\"https:\/\/sqardance.com\/wp-content\/uploads\/2024\/03\/pexels-tan-danh-2017718.jpg 640w, https:\/\/sqardance.com\/wp-content\/uploads\/2024\/03\/pexels-tan-danh-2017718-200x300.jpg 200w\" data-sizes=\"(max-width: 640px) 100vw, 640px\" src=\"data:image\/svg+xml;base64,PHN2ZyB3aWR0aD0iMSIgaGVpZ2h0PSIxIiB4bWxucz0iaHR0cDovL3d3dy53My5vcmcvMjAwMC9zdmciPjwvc3ZnPg==\" style=\"--smush-placeholder-width: 640px; --smush-placeholder-aspect-ratio: 640\/959;\" \/><\/a><figcaption class=\"wp-element-caption\"><a href=\"https:\/\/sqardance.com\/index.php\/fundamentos-de-la-danza\/preguntas-danza\/bailes-con-manos\/\" data-type=\"page\" data-id=\"1137\">\u00bfCu\u00e1l es el baile con las manos?<\/a><\/figcaption><\/figure>\n<\/figure>\n\n\n\n<p><\/p>\n","protected":false},"excerpt":{"rendered":"<p>Si te preguntas cu\u00e1l es el baile con los pies, en realidad hay muchos bailes los que se bailan espec\u00edficamente con los pies. Probablemente el estilo que busques sea el Shuffle, pero no es el \u00fanico. De hecho hay un concepto generalizado en el baile que se llama Footwork y se refiere a bailar con&hellip;&nbsp;<a href=\"https:\/\/sqardance.com\/index.php\/fundamentos-de-la-danza\/preguntas-danza\/como-se-llama-el-baile-con-los-pies\/\" rel=\"bookmark\"><span class=\"screen-reader-text\">\u00bfC\u00f3mo se llama el baile con los pies?<\/span><\/a><\/p>\n","protected":false},"author":1,"featured_media":0,"parent":1084,"menu_order":0,"comment_status":"closed","ping_status":"closed","template":"","meta":{"neve_meta_sidebar":"","neve_meta_container":"","neve_meta_enable_content_width":"","neve_meta_content_width":0,"neve_meta_title_alignment":"","neve_meta_author_avatar":"","neve_post_elements_order":"","neve_meta_disable_header":"","neve_meta_disable_footer":"","neve_meta_disable_title":"","footnotes":""},"class_list":["post-1618","page","type-page","status-publish","hentry"],"_links":{"self":[{"href":"https:\/\/sqardance.com\/index.php\/wp-json\/wp\/v2\/pages\/1618","targetHints":{"allow":["GET"]}}],"collection":[{"href":"https:\/\/sqardance.com\/index.php\/wp-json\/wp\/v2\/pages"}],"about":[{"href":"https:\/\/sqardance.com\/index.php\/wp-json\/wp\/v2\/types\/page"}],"author":[{"embeddable":true,"href":"https:\/\/sqardance.com\/index.php\/wp-json\/wp\/v2\/users\/1"}],"replies":[{"embeddable":true,"href":"https:\/\/sqardance.com\/index.php\/wp-json\/wp\/v2\/comments?post=1618"}],"version-history":[{"count":12,"href":"https:\/\/sqardance.com\/index.php\/wp-json\/wp\/v2\/pages\/1618\/revisions"}],"predecessor-version":[{"id":1633,"href":"https:\/\/sqardance.com\/index.php\/wp-json\/wp\/v2\/pages\/1618\/revisions\/1633"}],"up":[{"embeddable":true,"href":"https:\/\/sqardance.com\/index.php\/wp-json\/wp\/v2\/pages\/1084"}],"wp:attachment":[{"href":"https:\/\/sqardance.com\/index.php\/wp-json\/wp\/v2\/media?parent=1618"}],"curies":[{"name":"wp","href":"https:\/\/api.w.org\/{rel}","templated":true}]}}