{"id":1598,"date":"2025-01-30T03:21:01","date_gmt":"2025-01-30T03:21:01","guid":{"rendered":"https:\/\/sqardance.com\/?page_id=1598"},"modified":"2025-01-30T03:21:02","modified_gmt":"2025-01-30T03:21:02","slug":"que-es-un-grupo-o-familia","status":"publish","type":"page","link":"https:\/\/sqardance.com\/index.php\/krump\/preguntas\/que-es-un-grupo-o-familia\/","title":{"rendered":"\u00bfQu\u00e9 es un grupo o familia de Krump?"},"content":{"rendered":"\n<p>El <a href=\"https:\/\/sqardance.com\/index.php\/krump\/\" data-type=\"page\" data-id=\"1069\">Krump<\/a> tiene una filosof\u00eda grupal, no se trata de algo individual. De ah\u00ed nacen las familias o abreviado &#8220;Fam&#8221; que b\u00e1sicamente son grupos o tambi\u00e9n llamados Crew de Krump. En ellas se trabaja el proceso de mejorar la danza, pero no se queda ah\u00ed, tambi\u00e9n se evoluciona la persona de forma integral. Viene como una evoluci\u00f3n de los Crews creados por los B-Boys.<\/p>\n\n\n\n<p>Como tal, la Fam se organiza alrededor de un lider que se trata de la persona con m\u00e1s experiencia y habilidades, usualmente es un instructor de danza y el gu\u00eda espiritual. Es b\u00e1sicamente la funci\u00f3n que ten\u00eda Tommy the Clown cuando le ense\u00f1\u00f3 a los creadores del Krump cuando les ense\u00f1\u00f3 a Clownning. A este l\u00edder se le llama Big Hommie, los que lo siguen y aprenden de \u00e9l son Little Hommies. <\/p>\n\n\n\n<p>El nombre de la familia usualmente va ligado al <a href=\"https:\/\/sqardance.com\/index.php\/fundamentos-de-la-danza\/preguntas-danza\/que-es-aka\/\" data-type=\"page\" data-id=\"1082\">AKA<\/a> del Big Hommie, as\u00ed los Little Hommies puede representar la familia en eventos y batallas. Por ejemplo, si el l\u00edder es Thight Eyez, los Little Hommies de esa familiar se pueden llamar Junior Eyez, Baby Eyez, Young Eyez, Soldier Eyez, etc. As\u00ed, en las competencias de baile son f\u00e1cilmente reconocidos. Los nombres y la jerarqu\u00eda los suelen dar los Big Hommies, pero es com\u00fan tener algo llamado Twin (aunque el nombre puede variar dependiendo de la Fam) que consiste en miembros que adquieren habilidades similares a los del Big Hommie.<\/p>\n\n\n\n<p>Y esto es una familia del Krump. Ac\u00e1 te dejo un video de lo que piensa Tight Eyez, uno de los creadores del Krump sobre la familia en el Krump. Resumiendo un poco, \u00e9l habla de c\u00f3mo es parte de lo que dejamos al mundo y de d\u00f3nde venimos, de c\u00f3mo es nuestro propio camino la interacci\u00f3n con los dem\u00e1s. No salimos de la nada, sino que cada uno de los grandes bailarines viene de un peque\u00f1o Hommie que va a creciendo poco a poco con el esfuerzo de todos los de la familia. <\/p>\n\n\n\n<figure class=\"wp-block-embed is-type-video is-provider-youtube wp-block-embed-youtube\"><div class=\"wp-block-embed__wrapper\">\n<div class=\"nv-iframe-embed\"><div class=\"container-lazyload preview-lazyload container-youtube js-lazyload--not-loaded\"><a href=\"https:\/\/youtu.be\/pIwAzjDMjeI\" class=\"lazy-load-youtube preview-lazyload preview-youtube\" data-video-title=\"&quot;Krump Family&quot; Tight Eyez I Hitman I Beast\" title=\"Play video &quot;&quot;Krump Family&quot; Tight Eyez I Hitman I Beast&quot;\" target=\"_blank\" rel=\"noopener\">https:\/\/youtu.be\/pIwAzjDMjeI<\/a><noscript>Video can&#8217;t be loaded because JavaScript is disabled: <a href=\"https:\/\/youtu.be\/pIwAzjDMjeI\" title=\"&quot;Krump Family&quot; Tight Eyez I Hitman I Beast\" target=\"_blank\" rel=\"noopener\">&quot;Krump Family&quot; Tight Eyez I Hitman I Beast (https:\/\/youtu.be\/pIwAzjDMjeI)<\/a><\/noscript><\/div><\/div>\n<\/div><\/figure>\n\n\n\n<p><\/p>\n\n\n\n<h2 class=\"wp-block-heading\">Otros art\u00edculos que te pueden interesar<\/h2>\n\n\n\n<figure class=\"wp-block-gallery has-nested-images columns-default is-cropped wp-block-gallery-1 is-layout-flex wp-block-gallery-is-layout-flex\">\n<figure class=\"wp-block-image size-large\"><a href=\"https:\/\/sqardance.com\/index.php\/krump\/movimientos-o-pasos\/\"><img decoding=\"async\" width=\"985\" height=\"1024\" data-id=\"1134\" data-src=\"https:\/\/sqardance.com\/wp-content\/uploads\/2024\/04\/tight_eyez___street_kingdom___krump_kings___by_ceydoo_blueshine_d7zs50e-985x1024.png\" alt=\"\" class=\"wp-image-1134 lazyload\" data-srcset=\"https:\/\/sqardance.com\/wp-content\/uploads\/2024\/04\/tight_eyez___street_kingdom___krump_kings___by_ceydoo_blueshine_d7zs50e-985x1024.png 985w, https:\/\/sqardance.com\/wp-content\/uploads\/2024\/04\/tight_eyez___street_kingdom___krump_kings___by_ceydoo_blueshine_d7zs50e-288x300.png 288w, https:\/\/sqardance.com\/wp-content\/uploads\/2024\/04\/tight_eyez___street_kingdom___krump_kings___by_ceydoo_blueshine_d7zs50e-768x799.png 768w, https:\/\/sqardance.com\/wp-content\/uploads\/2024\/04\/tight_eyez___street_kingdom___krump_kings___by_ceydoo_blueshine_d7zs50e-1477x1536.png 1477w, https:\/\/sqardance.com\/wp-content\/uploads\/2024\/04\/tight_eyez___street_kingdom___krump_kings___by_ceydoo_blueshine_d7zs50e-1969x2048.png 1969w, https:\/\/sqardance.com\/wp-content\/uploads\/2024\/04\/tight_eyez___street_kingdom___krump_kings___by_ceydoo_blueshine_d7zs50e.png 962w\" data-sizes=\"(max-width: 985px) 100vw, 985px\" src=\"data:image\/svg+xml;base64,PHN2ZyB3aWR0aD0iMSIgaGVpZ2h0PSIxIiB4bWxucz0iaHR0cDovL3d3dy53My5vcmcvMjAwMC9zdmciPjwvc3ZnPg==\" style=\"--smush-placeholder-width: 985px; --smush-placeholder-aspect-ratio: 985\/1024;\" \/><\/a><figcaption class=\"wp-element-caption\"><a href=\"https:\/\/sqardance.com\/index.php\/krump\/movimientos-o-pasos\/\" data-type=\"page\" data-id=\"1072\">Movimientos\/Pasos del Krump<\/a><\/figcaption><\/figure>\n\n\n\n<figure class=\"wp-block-image size-large\"><a href=\"https:\/\/sqardance.com\/index.php\/litefeet-dance\/historia\/\"><img decoding=\"async\" width=\"1024\" height=\"576\" data-id=\"1052\" data-src=\"https:\/\/sqardance.com\/wp-content\/uploads\/2024\/04\/Chrybaby-1024x576.jpg\" alt=\"\" class=\"wp-image-1052 lazyload\" data-srcset=\"https:\/\/sqardance.com\/wp-content\/uploads\/2024\/04\/Chrybaby-1024x576.jpg 1024w, https:\/\/sqardance.com\/wp-content\/uploads\/2024\/04\/Chrybaby-300x169.jpg 300w, https:\/\/sqardance.com\/wp-content\/uploads\/2024\/04\/Chrybaby-768x432.jpg 768w, https:\/\/sqardance.com\/wp-content\/uploads\/2024\/04\/Chrybaby-scaled.jpg 1000w\" data-sizes=\"(max-width: 1024px) 100vw, 1024px\" src=\"data:image\/svg+xml;base64,PHN2ZyB3aWR0aD0iMSIgaGVpZ2h0PSIxIiB4bWxucz0iaHR0cDovL3d3dy53My5vcmcvMjAwMC9zdmciPjwvc3ZnPg==\" style=\"--smush-placeholder-width: 1024px; --smush-placeholder-aspect-ratio: 1024\/576;\" \/><\/a><figcaption class=\"wp-element-caption\"><a href=\"https:\/\/sqardance.com\/index.php\/litefeet-dance\/historia\/\" data-type=\"page\" data-id=\"1020\">Historia del lite feet<\/a><\/figcaption><\/figure>\n\n\n\n<figure class=\"wp-block-image size-large\"><a href=\"https:\/\/sqardance.com\/index.php\/hip-hop\/elementos\/\"><img decoding=\"async\" width=\"640\" height=\"972\" data-id=\"466\" data-src=\"https:\/\/sqardance.com\/wp-content\/uploads\/2023\/11\/pexels-sarah-trummer-955798-1.jpg\" alt=\"Elementos del Hip Hop\" class=\"wp-image-466 lazyload\" data-srcset=\"https:\/\/sqardance.com\/wp-content\/uploads\/2023\/11\/pexels-sarah-trummer-955798-1.jpg 640w, https:\/\/sqardance.com\/wp-content\/uploads\/2023\/11\/pexels-sarah-trummer-955798-1-198x300.jpg 198w\" data-sizes=\"(max-width: 640px) 100vw, 640px\" src=\"data:image\/svg+xml;base64,PHN2ZyB3aWR0aD0iMSIgaGVpZ2h0PSIxIiB4bWxucz0iaHR0cDovL3d3dy53My5vcmcvMjAwMC9zdmciPjwvc3ZnPg==\" style=\"--smush-placeholder-width: 640px; --smush-placeholder-aspect-ratio: 640\/972;\" \/><\/a><figcaption class=\"wp-element-caption\"><a href=\"https:\/\/sqardance.com\/index.php\/hip-hop\/elementos\/\" data-type=\"page\" data-id=\"437\">Elementos del Hip Hop<\/a><\/figcaption><\/figure>\n<\/figure>\n\n\n\n<h2 class=\"wp-block-heading\"> <\/h2>\n","protected":false},"excerpt":{"rendered":"<p>El Krump tiene una filosof\u00eda grupal, no se trata de algo individual. De ah\u00ed nacen las familias o abreviado &#8220;Fam&#8221; que b\u00e1sicamente son grupos o tambi\u00e9n llamados Crew de Krump. En ellas se trabaja el proceso de mejorar la danza, pero no se queda ah\u00ed, tambi\u00e9n se evoluciona la persona de forma integral. Viene como&hellip;&nbsp;<a href=\"https:\/\/sqardance.com\/index.php\/krump\/preguntas\/que-es-un-grupo-o-familia\/\" rel=\"bookmark\"><span class=\"screen-reader-text\">\u00bfQu\u00e9 es un grupo o familia de Krump?<\/span><\/a><\/p>\n","protected":false},"author":1,"featured_media":0,"parent":1561,"menu_order":0,"comment_status":"closed","ping_status":"closed","template":"","meta":{"neve_meta_sidebar":"","neve_meta_container":"","neve_meta_enable_content_width":"","neve_meta_content_width":0,"neve_meta_title_alignment":"","neve_meta_author_avatar":"","neve_post_elements_order":"","neve_meta_disable_header":"","neve_meta_disable_footer":"","neve_meta_disable_title":"","footnotes":""},"class_list":["post-1598","page","type-page","status-publish","hentry"],"_links":{"self":[{"href":"https:\/\/sqardance.com\/index.php\/wp-json\/wp\/v2\/pages\/1598","targetHints":{"allow":["GET"]}}],"collection":[{"href":"https:\/\/sqardance.com\/index.php\/wp-json\/wp\/v2\/pages"}],"about":[{"href":"https:\/\/sqardance.com\/index.php\/wp-json\/wp\/v2\/types\/page"}],"author":[{"embeddable":true,"href":"https:\/\/sqardance.com\/index.php\/wp-json\/wp\/v2\/users\/1"}],"replies":[{"embeddable":true,"href":"https:\/\/sqardance.com\/index.php\/wp-json\/wp\/v2\/comments?post=1598"}],"version-history":[{"count":3,"href":"https:\/\/sqardance.com\/index.php\/wp-json\/wp\/v2\/pages\/1598\/revisions"}],"predecessor-version":[{"id":1605,"href":"https:\/\/sqardance.com\/index.php\/wp-json\/wp\/v2\/pages\/1598\/revisions\/1605"}],"up":[{"embeddable":true,"href":"https:\/\/sqardance.com\/index.php\/wp-json\/wp\/v2\/pages\/1561"}],"wp:attachment":[{"href":"https:\/\/sqardance.com\/index.php\/wp-json\/wp\/v2\/media?parent=1598"}],"curies":[{"name":"wp","href":"https:\/\/api.w.org\/{rel}","templated":true}]}}