{"id":1575,"date":"2025-01-29T07:36:23","date_gmt":"2025-01-29T07:36:23","guid":{"rendered":"https:\/\/sqardance.com\/?page_id=1575"},"modified":"2025-01-29T07:36:24","modified_gmt":"2025-01-29T07:36:24","slug":"que-son-las-batallas","status":"publish","type":"page","link":"https:\/\/sqardance.com\/index.php\/krump\/preguntas\/que-son-las-batallas\/","title":{"rendered":"\u00bfQu\u00e9 son las batallas de Krump?"},"content":{"rendered":"\n<p>Las batallas de Krump son un tipo de competencia de baile, algunas competencias son formales y otras son informales. En ellas se busca &#8220;pelear&#8221; por demostrar quien tiene el mejor baile. Dependiendo del contexto hay diferentes criterios entre los cuales se suele juzgar los siguientes par\u00e1metros:<\/p>\n\n\n\n<ul class=\"wp-block-list\">\n<li><strong>Ritmo<\/strong>: que el bailar\u00edn est\u00e9 a tiempo y sepa moverse acorde a los tiempos musicales y tambi\u00e9n encontrar las vueltas musicales. Te dejo un art\u00edculo completo sobre los <a href=\"https:\/\/sqardance.com\/index.php\/fundamentos-de-la-danza\/como-contar-los-tiempos-musicales-en-el-baile\/\" data-type=\"page\" data-id=\"601\">tiempos musicales en el baile<\/a>.<\/li>\n\n\n\n<li><strong>Manejo del lenguaje (Vocabulario)<\/strong>: bailar es como hablar, hay que conocer las palabras, en el Krump tambi\u00e9n, se debe conocer los movimientos b\u00e1sicos, el contexto cultural de groove, etc. Si tienes algo de duda estoy recolectando informaci\u00f3n sobre los <a href=\"https:\/\/sqardance.com\/index.php\/krump\/movimientos-o-pasos\/\" data-type=\"page\" data-id=\"1072\">movimientos de Krump<\/a>.<\/li>\n\n\n\n<li><strong>Originalidad<\/strong>: Este consiste en c\u00f3mo agregas nuevos movimientos o usas los mismos para expresar algo completamente nuevo dentro del Krump. Pueden ser variaciones de los pasos, incorporaci\u00f3n de pasos de otros estilos, crear tus propios movimientos o combos, etc.<\/li>\n\n\n\n<li><strong>Fluidez<\/strong>: es la capacidad de un bailar\u00edn de no frenar mientras cambia de pasos o de movimientos, sino que lo hace sin interrupci\u00f3n.<\/li>\n\n\n\n<li><strong>Expresi\u00f3n\/Story Telling<\/strong>: En las batallas se suele contar una historia o expresar algo, se eval\u00faa qu\u00e9 tanto se entiende. <\/li>\n<\/ul>\n\n\n\n<p>Ac\u00e1 te dejo una batalla de Krump para que puedas identificar estos par\u00e1metros en bailarines profesionales.<\/p>\n\n\n\n<figure class=\"wp-block-embed alignwide is-type-video is-provider-youtube wp-block-embed-youtube\"><div class=\"wp-block-embed__wrapper\">\n<div class=\"nv-iframe-embed\"><div class=\"container-lazyload preview-lazyload container-youtube js-lazyload--not-loaded\"><a href=\"https:\/\/youtu.be\/nsKg4aZFolU\" class=\"lazy-load-youtube preview-lazyload preview-youtube\" data-video-title=\"Sniper vs Brui5er | Male Final | EBS Krump 2023\" title=\"Play video &quot;Sniper vs Brui5er | Male Final | EBS Krump 2023&quot;\" target=\"_blank\" rel=\"noopener\">https:\/\/youtu.be\/nsKg4aZFolU<\/a><noscript>Video can&#8217;t be loaded because JavaScript is disabled: <a href=\"https:\/\/youtu.be\/nsKg4aZFolU\" title=\"Sniper vs Brui5er | Male Final | EBS Krump 2023\" target=\"_blank\" rel=\"noopener\">Sniper vs Brui5er | Male Final | EBS Krump 2023 (https:\/\/youtu.be\/nsKg4aZFolU)<\/a><\/noscript><\/div><\/div>\n<\/div><\/figure>\n\n\n\n<h2 class=\"wp-block-heading\">Otros art\u00edculos que te pueden interesar<\/h2>\n\n\n\n<figure class=\"wp-block-gallery has-nested-images columns-default is-cropped wp-block-gallery-1 is-layout-flex wp-block-gallery-is-layout-flex\">\n<figure class=\"wp-block-image size-large\"><a href=\"https:\/\/sqardance.com\/index.php\/krump\/historia\/\"><img decoding=\"async\" width=\"1024\" height=\"680\" data-id=\"1162\" data-src=\"https:\/\/sqardance.com\/wp-content\/uploads\/2024\/05\/krump_it_by_an1ken_d1z8gcg-1024x680.jpg\" alt=\"\" class=\"wp-image-1162 lazyload\" data-srcset=\"https:\/\/sqardance.com\/wp-content\/uploads\/2024\/05\/krump_it_by_an1ken_d1z8gcg-1024x680.jpg 1024w, https:\/\/sqardance.com\/wp-content\/uploads\/2024\/05\/krump_it_by_an1ken_d1z8gcg-300x199.jpg 300w, https:\/\/sqardance.com\/wp-content\/uploads\/2024\/05\/krump_it_by_an1ken_d1z8gcg-768x510.jpg 768w, https:\/\/sqardance.com\/wp-content\/uploads\/2024\/05\/krump_it_by_an1ken_d1z8gcg-1536x1020.jpg 1536w, https:\/\/sqardance.com\/wp-content\/uploads\/2024\/05\/krump_it_by_an1ken_d1z8gcg-2048x1360.jpg 2048w, https:\/\/sqardance.com\/wp-content\/uploads\/2024\/05\/krump_it_by_an1ken_d1z8gcg-scaled.jpg 1000w\" data-sizes=\"(max-width: 1024px) 100vw, 1024px\" src=\"data:image\/svg+xml;base64,PHN2ZyB3aWR0aD0iMSIgaGVpZ2h0PSIxIiB4bWxucz0iaHR0cDovL3d3dy53My5vcmcvMjAwMC9zdmciPjwvc3ZnPg==\" style=\"--smush-placeholder-width: 1024px; --smush-placeholder-aspect-ratio: 1024\/680;\" \/><\/a><figcaption class=\"wp-element-caption\"><a href=\"https:\/\/sqardance.com\/index.php\/krump\/historia\/\" data-type=\"page\" data-id=\"1071\">Historia del Krump<\/a><\/figcaption><\/figure>\n\n\n\n<figure class=\"wp-block-image size-large\"><a href=\"https:\/\/sqardance.com\/index.php\/litefeet-dance\/historia\/\"><img decoding=\"async\" width=\"1024\" height=\"576\" data-id=\"1052\" data-src=\"https:\/\/sqardance.com\/wp-content\/uploads\/2024\/04\/Chrybaby-1024x576.jpg\" alt=\"\" class=\"wp-image-1052 lazyload\" data-srcset=\"https:\/\/sqardance.com\/wp-content\/uploads\/2024\/04\/Chrybaby-1024x576.jpg 1024w, https:\/\/sqardance.com\/wp-content\/uploads\/2024\/04\/Chrybaby-300x169.jpg 300w, https:\/\/sqardance.com\/wp-content\/uploads\/2024\/04\/Chrybaby-768x432.jpg 768w, https:\/\/sqardance.com\/wp-content\/uploads\/2024\/04\/Chrybaby-scaled.jpg 1000w\" data-sizes=\"(max-width: 1024px) 100vw, 1024px\" src=\"data:image\/svg+xml;base64,PHN2ZyB3aWR0aD0iMSIgaGVpZ2h0PSIxIiB4bWxucz0iaHR0cDovL3d3dy53My5vcmcvMjAwMC9zdmciPjwvc3ZnPg==\" style=\"--smush-placeholder-width: 1024px; --smush-placeholder-aspect-ratio: 1024\/576;\" \/><\/a><figcaption class=\"wp-element-caption\"><a href=\"https:\/\/sqardance.com\/index.php\/litefeet-dance\/historia\/\" data-type=\"page\" data-id=\"1020\">Historia del lite feet<\/a><\/figcaption><\/figure>\n\n\n\n<figure class=\"wp-block-image size-large\"><a href=\"https:\/\/sqardance.com\/index.php\/krump\/movimientos-o-pasos\/\"><img decoding=\"async\" width=\"985\" height=\"1024\" data-id=\"1134\" data-src=\"https:\/\/sqardance.com\/wp-content\/uploads\/2024\/04\/tight_eyez___street_kingdom___krump_kings___by_ceydoo_blueshine_d7zs50e-985x1024.png\" alt=\"\" class=\"wp-image-1134 lazyload\" data-srcset=\"https:\/\/sqardance.com\/wp-content\/uploads\/2024\/04\/tight_eyez___street_kingdom___krump_kings___by_ceydoo_blueshine_d7zs50e-985x1024.png 985w, https:\/\/sqardance.com\/wp-content\/uploads\/2024\/04\/tight_eyez___street_kingdom___krump_kings___by_ceydoo_blueshine_d7zs50e-288x300.png 288w, https:\/\/sqardance.com\/wp-content\/uploads\/2024\/04\/tight_eyez___street_kingdom___krump_kings___by_ceydoo_blueshine_d7zs50e-768x799.png 768w, https:\/\/sqardance.com\/wp-content\/uploads\/2024\/04\/tight_eyez___street_kingdom___krump_kings___by_ceydoo_blueshine_d7zs50e-1477x1536.png 1477w, https:\/\/sqardance.com\/wp-content\/uploads\/2024\/04\/tight_eyez___street_kingdom___krump_kings___by_ceydoo_blueshine_d7zs50e-1969x2048.png 1969w, https:\/\/sqardance.com\/wp-content\/uploads\/2024\/04\/tight_eyez___street_kingdom___krump_kings___by_ceydoo_blueshine_d7zs50e.png 962w\" data-sizes=\"(max-width: 985px) 100vw, 985px\" src=\"data:image\/svg+xml;base64,PHN2ZyB3aWR0aD0iMSIgaGVpZ2h0PSIxIiB4bWxucz0iaHR0cDovL3d3dy53My5vcmcvMjAwMC9zdmciPjwvc3ZnPg==\" style=\"--smush-placeholder-width: 985px; --smush-placeholder-aspect-ratio: 985\/1024;\" \/><\/a><figcaption class=\"wp-element-caption\"><a href=\"https:\/\/sqardance.com\/index.php\/krump\/movimientos-o-pasos\/\" data-type=\"page\" data-id=\"1072\">Movimientos\/Pasos del Krump<\/a><\/figcaption><\/figure>\n<\/figure>\n","protected":false},"excerpt":{"rendered":"<p>Las batallas de Krump son un tipo de competencia de baile, algunas competencias son formales y otras son informales. En ellas se busca &#8220;pelear&#8221; por demostrar quien tiene el mejor baile. Dependiendo del contexto hay diferentes criterios entre los cuales se suele juzgar los siguientes par\u00e1metros: Ac\u00e1 te dejo una batalla de Krump para que&hellip;&nbsp;<a href=\"https:\/\/sqardance.com\/index.php\/krump\/preguntas\/que-son-las-batallas\/\" rel=\"bookmark\"><span class=\"screen-reader-text\">\u00bfQu\u00e9 son las batallas de Krump?<\/span><\/a><\/p>\n","protected":false},"author":1,"featured_media":0,"parent":1561,"menu_order":0,"comment_status":"closed","ping_status":"closed","template":"","meta":{"neve_meta_sidebar":"","neve_meta_container":"","neve_meta_enable_content_width":"","neve_meta_content_width":0,"neve_meta_title_alignment":"","neve_meta_author_avatar":"","neve_post_elements_order":"","neve_meta_disable_header":"","neve_meta_disable_footer":"","neve_meta_disable_title":"","footnotes":""},"class_list":["post-1575","page","type-page","status-publish","hentry"],"_links":{"self":[{"href":"https:\/\/sqardance.com\/index.php\/wp-json\/wp\/v2\/pages\/1575","targetHints":{"allow":["GET"]}}],"collection":[{"href":"https:\/\/sqardance.com\/index.php\/wp-json\/wp\/v2\/pages"}],"about":[{"href":"https:\/\/sqardance.com\/index.php\/wp-json\/wp\/v2\/types\/page"}],"author":[{"embeddable":true,"href":"https:\/\/sqardance.com\/index.php\/wp-json\/wp\/v2\/users\/1"}],"replies":[{"embeddable":true,"href":"https:\/\/sqardance.com\/index.php\/wp-json\/wp\/v2\/comments?post=1575"}],"version-history":[{"count":3,"href":"https:\/\/sqardance.com\/index.php\/wp-json\/wp\/v2\/pages\/1575\/revisions"}],"predecessor-version":[{"id":1593,"href":"https:\/\/sqardance.com\/index.php\/wp-json\/wp\/v2\/pages\/1575\/revisions\/1593"}],"up":[{"embeddable":true,"href":"https:\/\/sqardance.com\/index.php\/wp-json\/wp\/v2\/pages\/1561"}],"wp:attachment":[{"href":"https:\/\/sqardance.com\/index.php\/wp-json\/wp\/v2\/media?parent=1575"}],"curies":[{"name":"wp","href":"https:\/\/api.w.org\/{rel}","templated":true}]}}