{"id":1562,"date":"2025-01-27T06:45:57","date_gmt":"2025-01-27T06:45:57","guid":{"rendered":"https:\/\/sqardance.com\/?page_id=1562"},"modified":"2025-01-27T06:47:13","modified_gmt":"2025-01-27T06:47:13","slug":"por-que-se-llama-krump","status":"publish","type":"page","link":"https:\/\/sqardance.com\/index.php\/krump\/preguntas\/por-que-se-llama-krump\/","title":{"rendered":"\u00bfPor qu\u00e9 se llama krump?"},"content":{"rendered":"<div class=\"wp-block-image\">\n<figure class=\"alignright size-large is-resized\"><img decoding=\"async\" width=\"985\" height=\"1024\" data-src=\"https:\/\/sqardance.com\/wp-content\/uploads\/2024\/04\/tight_eyez___street_kingdom___krump_kings___by_ceydoo_blueshine_d7zs50e-985x1024.png\" alt=\"\" class=\"wp-image-1134 lazyload\" style=\"--smush-placeholder-width: 985px; --smush-placeholder-aspect-ratio: 985\/1024;width:498px;height:auto\" data-srcset=\"https:\/\/sqardance.com\/wp-content\/uploads\/2024\/04\/tight_eyez___street_kingdom___krump_kings___by_ceydoo_blueshine_d7zs50e-985x1024.png 985w, https:\/\/sqardance.com\/wp-content\/uploads\/2024\/04\/tight_eyez___street_kingdom___krump_kings___by_ceydoo_blueshine_d7zs50e-288x300.png 288w, https:\/\/sqardance.com\/wp-content\/uploads\/2024\/04\/tight_eyez___street_kingdom___krump_kings___by_ceydoo_blueshine_d7zs50e-768x799.png 768w, https:\/\/sqardance.com\/wp-content\/uploads\/2024\/04\/tight_eyez___street_kingdom___krump_kings___by_ceydoo_blueshine_d7zs50e-1477x1536.png 1477w, https:\/\/sqardance.com\/wp-content\/uploads\/2024\/04\/tight_eyez___street_kingdom___krump_kings___by_ceydoo_blueshine_d7zs50e-1969x2048.png 1969w, https:\/\/sqardance.com\/wp-content\/uploads\/2024\/04\/tight_eyez___street_kingdom___krump_kings___by_ceydoo_blueshine_d7zs50e.png 962w\" data-sizes=\"(max-width: 985px) 100vw, 985px\" src=\"data:image\/svg+xml;base64,PHN2ZyB3aWR0aD0iMSIgaGVpZ2h0PSIxIiB4bWxucz0iaHR0cDovL3d3dy53My5vcmcvMjAwMC9zdmciPjwvc3ZnPg==\" \/><\/figure><\/div>\n\n\n<p>El nombre del estilo de baile Krump es realmente un acr\u00f3nimo que significa Kingdom Radical Uplifted Mighty Praise, que su traducci\u00f3n es poderosa plegaria elevada radicalmente al reino. Eso viene de la historia ligada al contexto religioso que tiene la cultura en la que fue creado. Aunque nace como una forma de liberar la presi\u00f3n de la mente ante todos los malos pensamientos que sufr\u00edan los chicos, tambi\u00e9n se utilizaba como medio de comunicaci\u00f3n espiritual con Dios. <\/p>\n\n\n\n<p>Seg\u00fan el documental Rize, el origen de la conexi\u00f3n religiosa y el Krump viene desde Tommy the Clown. Su historia nace de que \u00e9l era un delincuente com\u00fan que termin\u00f3 en la c\u00e1rcel. Cuando sale, decide cambiar su vida e ingresa a una iglesia. Tambi\u00e9n inicia con el Clowning, el baile que se hace para alegrar fiestas. En un grupo de payasos comenz\u00f3 a reclutar chicos y ense\u00f1arles a bailar para que se alejaran de los peligros de los barrios bajos en los que viv\u00edan. Unos de ellos fueron los que crearon el Krump. Sus v\u00ednculos religiosos fueron inculcados por Tommy y su entorno. Esos ni\u00f1os buscando un escape que no fuera alegre como el Clowning, por lo que crearon el Krump, pero ellos no se alejaron de sus creencias, sino que las manifestaron de otras formas en su nuevo baile.<\/p>\n\n\n\n<p><\/p>\n\n\n\n<p><\/p>\n\n\n\n<h2 class=\"wp-block-heading\">Otros art\u00edculos que te pueden interesar<\/h2>\n\n\n\n<figure class=\"wp-block-gallery has-nested-images columns-default is-cropped wp-block-gallery-1 is-layout-flex wp-block-gallery-is-layout-flex\">\n<figure class=\"wp-block-image size-large\"><a href=\"https:\/\/sqardance.com\/index.php\/krump\/movimientos-o-pasos\/\"><img decoding=\"async\" width=\"1024\" height=\"680\" data-id=\"1162\" data-src=\"https:\/\/sqardance.com\/wp-content\/uploads\/2024\/05\/krump_it_by_an1ken_d1z8gcg-1024x680.jpg\" alt=\"\" class=\"wp-image-1162 lazyload\" data-srcset=\"https:\/\/sqardance.com\/wp-content\/uploads\/2024\/05\/krump_it_by_an1ken_d1z8gcg-1024x680.jpg 1024w, https:\/\/sqardance.com\/wp-content\/uploads\/2024\/05\/krump_it_by_an1ken_d1z8gcg-300x199.jpg 300w, https:\/\/sqardance.com\/wp-content\/uploads\/2024\/05\/krump_it_by_an1ken_d1z8gcg-768x510.jpg 768w, https:\/\/sqardance.com\/wp-content\/uploads\/2024\/05\/krump_it_by_an1ken_d1z8gcg-1536x1020.jpg 1536w, https:\/\/sqardance.com\/wp-content\/uploads\/2024\/05\/krump_it_by_an1ken_d1z8gcg-2048x1360.jpg 2048w, https:\/\/sqardance.com\/wp-content\/uploads\/2024\/05\/krump_it_by_an1ken_d1z8gcg-scaled.jpg 1000w\" data-sizes=\"(max-width: 1024px) 100vw, 1024px\" src=\"data:image\/svg+xml;base64,PHN2ZyB3aWR0aD0iMSIgaGVpZ2h0PSIxIiB4bWxucz0iaHR0cDovL3d3dy53My5vcmcvMjAwMC9zdmciPjwvc3ZnPg==\" style=\"--smush-placeholder-width: 1024px; --smush-placeholder-aspect-ratio: 1024\/680;\" \/><\/a><figcaption class=\"wp-element-caption\"><a href=\"https:\/\/sqardance.com\/index.php\/krump\/movimientos-o-pasos\/\" data-type=\"page\" data-id=\"1072\">Lista de movimientos del Krump<\/a><\/figcaption><\/figure>\n\n\n\n<figure class=\"wp-block-image size-large\"><a href=\"https:\/\/sqardance.com\/index.php\/hip-hop\/lista-de-pasos\/smurf\/\"><img decoding=\"async\" width=\"696\" height=\"1024\" data-id=\"835\" data-src=\"https:\/\/sqardance.com\/wp-content\/uploads\/2024\/02\/Pitufos-696x1024.jpg\" alt=\"Smurf origen del paso de baile\" class=\"wp-image-835 lazyload\" data-srcset=\"https:\/\/sqardance.com\/wp-content\/uploads\/2024\/02\/Pitufos-696x1024.jpg 696w, https:\/\/sqardance.com\/wp-content\/uploads\/2024\/02\/Pitufos-204x300.jpg 204w, https:\/\/sqardance.com\/wp-content\/uploads\/2024\/02\/Pitufos-768x1129.jpg 768w, https:\/\/sqardance.com\/wp-content\/uploads\/2024\/02\/Pitufos-1045x1536.jpg 1045w, https:\/\/sqardance.com\/wp-content\/uploads\/2024\/02\/Pitufos-scaled.jpg 680w\" data-sizes=\"(max-width: 696px) 100vw, 696px\" src=\"data:image\/svg+xml;base64,PHN2ZyB3aWR0aD0iMSIgaGVpZ2h0PSIxIiB4bWxucz0iaHR0cDovL3d3dy53My5vcmcvMjAwMC9zdmciPjwvc3ZnPg==\" style=\"--smush-placeholder-width: 696px; --smush-placeholder-aspect-ratio: 696\/1024;\" \/><\/a><figcaption class=\"wp-element-caption\"><a href=\"https:\/\/sqardance.com\/index.php\/hip-hop\/lista-de-pasos\/smurf\/\" data-type=\"page\" data-id=\"811\">Paso Smurf de Hip Hop Party Dance<\/a><\/figcaption><\/figure>\n\n\n\n<figure class=\"wp-block-image size-large\"><a href=\"https:\/\/sqardance.com\/index.php\/hip-hop\/elementos\/\"><img decoding=\"async\" width=\"640\" height=\"480\" data-id=\"467\" data-src=\"https:\/\/sqardance.com\/wp-content\/uploads\/2023\/11\/pexels-sarah-trummer-955798-1-edited.jpg\" alt=\"Elementos del Hip Hop\" class=\"wp-image-467 lazyload\" data-srcset=\"https:\/\/sqardance.com\/wp-content\/uploads\/2023\/11\/pexels-sarah-trummer-955798-1-edited.jpg 640w, https:\/\/sqardance.com\/wp-content\/uploads\/2023\/11\/pexels-sarah-trummer-955798-1-edited-300x225.jpg 300w\" data-sizes=\"(max-width: 640px) 100vw, 640px\" src=\"data:image\/svg+xml;base64,PHN2ZyB3aWR0aD0iMSIgaGVpZ2h0PSIxIiB4bWxucz0iaHR0cDovL3d3dy53My5vcmcvMjAwMC9zdmciPjwvc3ZnPg==\" style=\"--smush-placeholder-width: 640px; --smush-placeholder-aspect-ratio: 640\/480;\" \/><\/a><figcaption class=\"wp-element-caption\"><a href=\"https:\/\/sqardance.com\/index.php\/hip-hop\/elementos\/\" data-type=\"page\" data-id=\"437\">Elementos del Hip Hop<\/a><\/figcaption><\/figure>\n<\/figure>\n","protected":false},"excerpt":{"rendered":"<p>El nombre del estilo de baile Krump es realmente un acr\u00f3nimo que significa Kingdom Radical Uplifted Mighty Praise, que su traducci\u00f3n es poderosa plegaria elevada radicalmente al reino. Eso viene de la historia ligada al contexto religioso que tiene la cultura en la que fue creado. Aunque nace como una forma de liberar la presi\u00f3n&hellip;&nbsp;<a href=\"https:\/\/sqardance.com\/index.php\/krump\/preguntas\/por-que-se-llama-krump\/\" rel=\"bookmark\"><span class=\"screen-reader-text\">\u00bfPor qu\u00e9 se llama krump?<\/span><\/a><\/p>\n","protected":false},"author":1,"featured_media":0,"parent":1561,"menu_order":0,"comment_status":"closed","ping_status":"closed","template":"","meta":{"neve_meta_sidebar":"","neve_meta_container":"","neve_meta_enable_content_width":"","neve_meta_content_width":0,"neve_meta_title_alignment":"","neve_meta_author_avatar":"","neve_post_elements_order":"","neve_meta_disable_header":"","neve_meta_disable_footer":"","neve_meta_disable_title":"","footnotes":""},"class_list":["post-1562","page","type-page","status-publish","hentry"],"_links":{"self":[{"href":"https:\/\/sqardance.com\/index.php\/wp-json\/wp\/v2\/pages\/1562","targetHints":{"allow":["GET"]}}],"collection":[{"href":"https:\/\/sqardance.com\/index.php\/wp-json\/wp\/v2\/pages"}],"about":[{"href":"https:\/\/sqardance.com\/index.php\/wp-json\/wp\/v2\/types\/page"}],"author":[{"embeddable":true,"href":"https:\/\/sqardance.com\/index.php\/wp-json\/wp\/v2\/users\/1"}],"replies":[{"embeddable":true,"href":"https:\/\/sqardance.com\/index.php\/wp-json\/wp\/v2\/comments?post=1562"}],"version-history":[{"count":2,"href":"https:\/\/sqardance.com\/index.php\/wp-json\/wp\/v2\/pages\/1562\/revisions"}],"predecessor-version":[{"id":1571,"href":"https:\/\/sqardance.com\/index.php\/wp-json\/wp\/v2\/pages\/1562\/revisions\/1571"}],"up":[{"embeddable":true,"href":"https:\/\/sqardance.com\/index.php\/wp-json\/wp\/v2\/pages\/1561"}],"wp:attachment":[{"href":"https:\/\/sqardance.com\/index.php\/wp-json\/wp\/v2\/media?parent=1562"}],"curies":[{"name":"wp","href":"https:\/\/api.w.org\/{rel}","templated":true}]}}