{"id":1561,"date":"2025-01-26T08:47:47","date_gmt":"2025-01-26T08:47:47","guid":{"rendered":"https:\/\/sqardance.com\/?page_id=1561"},"modified":"2025-01-31T06:00:53","modified_gmt":"2025-01-31T06:00:53","slug":"preguntas","status":"publish","type":"page","link":"https:\/\/sqardance.com\/index.php\/krump\/preguntas\/","title":{"rendered":"Preguntas sobre Krump"},"content":{"rendered":"\n<p>Aunque he publicado algunos art\u00edculos generales sobre <a href=\"https:\/\/sqardance.com\/index.php\/krump\/que-es\/\" data-type=\"page\" data-id=\"1070\">qu\u00e9 es<\/a>, la <a href=\"https:\/\/sqardance.com\/index.php\/krump\/historia\/\" data-type=\"page\" data-id=\"1071\">historia<\/a> y <a href=\"https:\/\/sqardance.com\/index.php\/krump\/movimientos-o-pasos\/\" data-type=\"page\" data-id=\"1072\">movimientos del krump<\/a>,  siempre suelen surgir preguntas que son m\u00e1s espec\u00edficas. Ac\u00e1 te traigo una lista con las m\u00e1s comunes para que conozcas las respuestas.<\/p>\n\n\n\n<ol class=\"wp-block-list\">\n<li><a href=\"https:\/\/sqardance.com\/index.php\/krump\/preguntas-sobre-krump\/por-que-se-llama-krump\/\" data-type=\"page\" data-id=\"1562\">\u00bfPor qu\u00e9 se llama krump?<\/a><\/li>\n\n\n\n<li><a href=\"https:\/\/sqardance.com\/index.php\/krump\/preguntas\/que-son-las-batallas\/\" data-type=\"page\" data-id=\"1575\">\u00bfQu\u00e9 es una batalla de Krump?<\/a><\/li>\n\n\n\n<li><a href=\"https:\/\/sqardance.com\/index.php\/krump\/preguntas\/que-es-un-grupo-o-familia\/\" data-type=\"page\" data-id=\"1598\">\u00bfQu\u00e9 es un grupo de Krump?<\/a><\/li>\n\n\n\n<li><a href=\"https:\/\/sqardance.com\/index.php\/krump\/preguntas\/es-real\/\" data-type=\"page\" data-id=\"1608\">\u00bfEl krumping es real?<\/a><\/li>\n<\/ol>\n","protected":false},"excerpt":{"rendered":"<p>Aunque he publicado algunos art\u00edculos generales sobre qu\u00e9 es, la historia y movimientos del krump, siempre suelen surgir preguntas que son m\u00e1s espec\u00edficas. Ac\u00e1 te traigo una lista con las m\u00e1s comunes para que conozcas las respuestas.<\/p>\n","protected":false},"author":1,"featured_media":0,"parent":1069,"menu_order":0,"comment_status":"closed","ping_status":"closed","template":"","meta":{"neve_meta_sidebar":"","neve_meta_container":"","neve_meta_enable_content_width":"","neve_meta_content_width":0,"neve_meta_title_alignment":"","neve_meta_author_avatar":"","neve_post_elements_order":"","neve_meta_disable_header":"","neve_meta_disable_footer":"","neve_meta_disable_title":"","footnotes":""},"class_list":["post-1561","page","type-page","status-publish","hentry"],"_links":{"self":[{"href":"https:\/\/sqardance.com\/index.php\/wp-json\/wp\/v2\/pages\/1561","targetHints":{"allow":["GET"]}}],"collection":[{"href":"https:\/\/sqardance.com\/index.php\/wp-json\/wp\/v2\/pages"}],"about":[{"href":"https:\/\/sqardance.com\/index.php\/wp-json\/wp\/v2\/types\/page"}],"author":[{"embeddable":true,"href":"https:\/\/sqardance.com\/index.php\/wp-json\/wp\/v2\/users\/1"}],"replies":[{"embeddable":true,"href":"https:\/\/sqardance.com\/index.php\/wp-json\/wp\/v2\/comments?post=1561"}],"version-history":[{"count":7,"href":"https:\/\/sqardance.com\/index.php\/wp-json\/wp\/v2\/pages\/1561\/revisions"}],"predecessor-version":[{"id":1617,"href":"https:\/\/sqardance.com\/index.php\/wp-json\/wp\/v2\/pages\/1561\/revisions\/1617"}],"up":[{"embeddable":true,"href":"https:\/\/sqardance.com\/index.php\/wp-json\/wp\/v2\/pages\/1069"}],"wp:attachment":[{"href":"https:\/\/sqardance.com\/index.php\/wp-json\/wp\/v2\/media?parent=1561"}],"curies":[{"name":"wp","href":"https:\/\/api.w.org\/{rel}","templated":true}]}}