{"id":129,"date":"2023-09-27T21:48:33","date_gmt":"2023-09-27T21:48:33","guid":{"rendered":"https:\/\/sqardance.com\/?page_id=129"},"modified":"2023-09-27T21:49:36","modified_gmt":"2023-09-27T21:49:36","slug":"reebok","status":"publish","type":"page","link":"https:\/\/sqardance.com\/index.php\/hip-hop\/lista-de-pasos\/reebok\/","title":{"rendered":"\u00bfCu\u00e1l es el paso de Hip Hop llamado Reebok?"},"content":{"rendered":"\n<p>Hoy voy a hablar de una duda que muchos tienen y es el paso Reebok de hip hop. Hay dos versiones, ac\u00e1 las ense\u00f1ar\u00e9 y tratar\u00e9 de aclararles la duda de cu\u00e1l es la verdadera. Dice la historia o leyenda que el paso nace en un comercial de Reebok. Entonces al ser tan famoso el comercial y haber utilizado un estilo de baile que comenzaba a ser popular, decidieron llamarlo como la esa marca. Despu\u00e9s hablar\u00e9 un poco de eso, analizaremos si es leyenda y si nos ayudar\u00e1 a descifrar qu\u00e9 versi\u00f3n es la verdadera. <\/p>\n\n\n\n<h2 class=\"wp-block-heading\">Contenido<\/h2>\n\n\n\n<ul class=\"wp-block-list\">\n<li><a href=\"#Primera\" data-type=\"internal\" data-id=\"#Primera\">Primera versi\u00f3n de Reebok<\/a><\/li>\n\n\n\n<li><a href=\"#Segunda\" data-type=\"internal\" data-id=\"#Segunda\">Segunda versi\u00f3n del paso<\/a><\/li>\n\n\n\n<li><a href=\"#YouTubers\" data-type=\"internal\" data-id=\"#YouTubers\">\u00bfQu\u00e9 dicen los YouTubers sobre el paso?<\/a><\/li>\n\n\n\n<li><a href=\"#Antiguo\" data-type=\"internal\" data-id=\"#Antiguo\">\u00bfQu\u00e9 es lo m\u00e1s antiguo que encontr\u00e9 del paso?<\/a><\/li>\n\n\n\n<li><a href=\"#Comerciales\" data-type=\"internal\" data-id=\"#Comerciales\">\u00bfDe qu\u00e9 trataban los comerciales de Reenok de la \u00e9poca?<\/a><\/li>\n<\/ul>\n\n\n\n<h2 class=\"wp-block-heading\" id=\"Primera\">Primera versi\u00f3n de Reebok<\/h2>\n\n\n\n<p>Antes me parec\u00eda que esta era la versi\u00f3n m\u00e1s popular en YouTube, aunque parece que va cambiando con el tiempo. Consiste en una variaci\u00f3n del paso Cabbage Patch. \u00c9ste se basa en un movimiento de pies que dan dos pasos a tiempo con la m\u00fasica y luego tres pasos a doble tiempo. A su vez se hace un Rocking y las manos tienen cierta libertad de movimiento. La variaci\u00f3n consiste en lo que hacen los brazos, que para el caso del Reebok es un movimiento que simula como si se tuviera una trompeta.\u00a0<\/p>\n\n\n\n<figure class=\"wp-block-embed is-type-video is-provider-youtube wp-block-embed-youtube\"><div class=\"wp-block-embed__wrapper\">\n<div class=\"nv-iframe-embed\"><div class=\"container-lazyload preview-lazyload container-youtube js-lazyload--not-loaded\"><a href=\"https:\/\/www.youtube.com\/watch?v=yPw7ihUmlvE\" class=\"lazy-load-youtube preview-lazyload preview-youtube\" data-video-title=\"HIP HOP | Pasos B\u00e1sicos | REEBOK\" title=\"Play video &quot;HIP HOP | Pasos B\u00e1sicos | REEBOK&quot;\" target=\"_blank\" rel=\"noopener\">https:\/\/www.youtube.com\/watch?v=yPw7ihUmlvE<\/a><noscript>Video can&#8217;t be loaded because JavaScript is disabled: <a href=\"https:\/\/www.youtube.com\/watch?v=yPw7ihUmlvE\" title=\"HIP HOP | Pasos B\u00e1sicos | REEBOK\" target=\"_blank\" rel=\"noopener\">HIP HOP | Pasos B\u00e1sicos | REEBOK (https:\/\/www.youtube.com\/watch?v=yPw7ihUmlvE)<\/a><\/noscript><\/div><\/div>\n<\/div><\/figure>\n\n\n\n<h2 class=\"wp-block-heading\" id=\"Segunda\">Segunda versi\u00f3n de reebok<\/h2>\n\n\n\n<p>En esta es diferente, se hacen unos peque\u00f1os saltos a la velocidad del bit de la m\u00fasica. Despu\u00e9s de caer, hacemos como una especie de onda suave con el cuerpo. En cada salto se da un peque\u00f1o pu\u00f1o al aire por delante de la cara, como si estuvi\u00e9ramos actuando en una pel\u00edcula de terror y tuvi\u00e9ramos un cuchillo en la mano, aunque la posici\u00f3n puede cambiar dependiendo de las variaciones. Tambi\u00e9n hay algunos que en lugar de dar el pu\u00f1o lo que hacen es tomar la camisa y mostrarla un poco.\u00a0<\/p>\n\n\n\n<figure class=\"wp-block-embed is-type-video is-provider-youtube wp-block-embed-youtube\"><div class=\"wp-block-embed__wrapper\">\n<div class=\"nv-iframe-embed\"><div class=\"container-lazyload preview-lazyload container-youtube js-lazyload--not-loaded\"><a href=\"https:\/\/www.youtube.com\/watch?v=fKa2UaTguCA&#038;t=2s\" class=\"lazy-load-youtube preview-lazyload preview-youtube\" data-video-title=\"Paso REEBOK | Pasos b\u00e1sicos de HIP HOP\" title=\"Play video &quot;Paso REEBOK | Pasos b\u00e1sicos de HIP HOP&quot;\" target=\"_blank\" rel=\"noopener\">https:\/\/www.youtube.com\/watch?v=fKa2UaTguCA&#038;t=2s<\/a><noscript>Video can&#8217;t be loaded because JavaScript is disabled: <a href=\"https:\/\/www.youtube.com\/watch?v=fKa2UaTguCA&#038;t=2s\" title=\"Paso REEBOK | Pasos b\u00e1sicos de HIP HOP\" target=\"_blank\" rel=\"noopener\">Paso REEBOK | Pasos b\u00e1sicos de HIP HOP (https:\/\/www.youtube.com\/watch?v=fKa2UaTguCA&#038;t=2s)<\/a><\/noscript><\/div><\/div>\n<\/div><\/figure>\n\n\n\n<p><br><br>Esta versi\u00f3n tambi\u00e9n trae un mito, de que se llama Reebok porque es como si se estuviera estrenando ropa de la marca. Y que ese podr\u00eda ser otro origen del paso, pero s\u00f3lo aplica para esta versi\u00f3n. Realmente es otro mito, no s\u00e9 si sea verdad y nunca he escuchado de d\u00f3nde sale y s\u00ed tiene similitud con un paso de Dancehall que s\u00ed tiene ese significado. <\/p>\n\n\n\n<h2 class=\"wp-block-heading\" id=\"YouTubers\">\u00bfQu\u00e9 dicen los YouTubers que por qu\u00e9 lo llaman as\u00ed?<\/h2>\n\n\n\n<p>Realmente nadie ha mostrado el comercial, aunque s\u00ed lo mencionan. La mayor\u00eda se limita a explicar el movimiento y decir que el nombre est\u00e1 relacionado con la marca. La fuente m\u00e1s nombrada es Buddha Stretch, que es un bailar\u00edn de esa \u00e9poca, famoso por salir en el video de la canci\u00f3n &#8220;Remember the Time&#8221; de Michael Jackson.<\/p>\n\n\n\n<h2 class=\"wp-block-heading\" id=\"Antiguo\">\u00bfQu\u00e9 es lo m\u00e1s antiguo que encontr\u00e9 al respecto?<\/h2>\n\n\n\n<p>En un documental un poco viejo de Hip Hop encontr\u00e9 que ellos le llaman Reebok a la segunda versi\u00f3n que mostr\u00e9. El documental se llama New School Dictionary y entrevistan a Buddha stretch (quien ya mencion\u00e9 anteriormente), Caleaf y Link, bailarines famosos de la \u00e9poca. <\/p>\n\n\n\n<figure class=\"wp-block-embed is-type-video is-provider-youtube wp-block-embed-youtube\"><div class=\"wp-block-embed__wrapper\">\n<div class=\"nv-iframe-embed\"><div class=\"container-lazyload preview-lazyload container-youtube js-lazyload--not-loaded\"><a href=\"https:\/\/www.youtube.com\/watch?v=_yX6H5o1OyU\" class=\"lazy-load-youtube preview-lazyload preview-youtube\" data-video-title=\"New School Dictionary ft Buddha Stretch, Henry Link &amp; Caleaf Sellers\" title=\"Play video &quot;New School Dictionary ft Buddha Stretch, Henry Link &amp; Caleaf Sellers&quot;\" target=\"_blank\" rel=\"noopener\">https:\/\/www.youtube.com\/watch?v=_yX6H5o1OyU<\/a><noscript>Video can&#8217;t be loaded because JavaScript is disabled: <a href=\"https:\/\/www.youtube.com\/watch?v=_yX6H5o1OyU\" title=\"New School Dictionary ft Buddha Stretch, Henry Link &amp; Caleaf Sellers\" target=\"_blank\" rel=\"noopener\">New School Dictionary ft Buddha Stretch, Henry Link &amp; Caleaf Sellers (https:\/\/www.youtube.com\/watch?v=_yX6H5o1OyU)<\/a><\/noscript><\/div><\/div>\n<\/div><\/figure>\n\n\n\n<p>La confusi\u00f3n se aumenta porque el mismo Buddha Stretch junto a Link (dos de los bailarines que aparecen en el documental) sacaron otro video muchos a\u00f1os despu\u00e9s diciendo que Reebok era la primera versi\u00f3n. Eso nos deja al principio, si se supon\u00eda que \u00e9l era nuestra fuente salvadora, pues nada que hacer. <\/p>\n\n\n\n<figure class=\"wp-block-embed is-type-video is-provider-youtube wp-block-embed-youtube\"><div class=\"wp-block-embed__wrapper\">\n<div class=\"nv-iframe-embed\"><div class=\"container-lazyload preview-lazyload container-youtube js-lazyload--not-loaded\"><a href=\"https:\/\/www.youtube.com\/watch?v=CW6EvvkYNPg\" class=\"lazy-load-youtube preview-lazyload preview-youtube\" data-video-title=\"Next School Dictionary] Hip-Hop (Part 1)\" title=\"Play video &quot;Next School Dictionary] Hip-Hop (Part 1)&quot;\" target=\"_blank\" rel=\"noopener\">https:\/\/www.youtube.com\/watch?v=CW6EvvkYNPg<\/a><noscript>Video can&#8217;t be loaded because JavaScript is disabled: <a href=\"https:\/\/www.youtube.com\/watch?v=CW6EvvkYNPg\" title=\"Next School Dictionary] Hip-Hop (Part 1)\" target=\"_blank\" rel=\"noopener\">Next School Dictionary] Hip-Hop (Part 1) (https:\/\/www.youtube.com\/watch?v=CW6EvvkYNPg)<\/a><\/noscript><\/div><\/div>\n<\/div><\/figure>\n\n\n\n<h2 class=\"wp-block-heading\" id=\"Comerciales\">\u00bfDe qu\u00e9 trataban los comerciales de reebok de la \u00e9poca?<\/h2>\n\n\n\n<p>Ahora mi otra forma de intentar averiguar la verdad es buscar el comercial. No encontr\u00e9 ninguno que contenga alguno de los dos pasos. Lo m\u00e1s antiguo que encontr\u00e9 similar a la \u00e9poca de Reebok se concentraba en su modelo de tenis \u201cpump\u201d y su campa\u00f1a pump it up, y otros comerciales que trataban de basquetbolistas. Con cosas que se inflan, o saltando para encestar, pero no vi un baile en esos comerciales. Tal vez no he llegado a ese comercial con el baile, pero no encontr\u00e9 el comercial del que se supone que nace este paso. \u00c9stos eran los comerciales m\u00e1s ligados al Hip Hop, ya que a los basquetbolistas tambi\u00e9n les gustaba esa m\u00fasica.<\/p>\n\n\n\n<div class=\"wp-block-columns is-layout-flex wp-container-core-columns-is-layout-9d6595d7 wp-block-columns-is-layout-flex\">\n<div class=\"wp-block-column is-layout-flow wp-block-column-is-layout-flow\">\n<figure class=\"wp-block-embed is-type-video is-provider-youtube wp-block-embed-youtube\"><div class=\"wp-block-embed__wrapper\">\n<div class=\"nv-iframe-embed\"><div class=\"container-lazyload preview-lazyload container-youtube js-lazyload--not-loaded\"><a href=\"https:\/\/youtu.be\/Zs_Rc-BO0zI\" class=\"lazy-load-youtube preview-lazyload preview-youtube\" data-video-title=\"Reebok Commercial 1989\" title=\"Play video &quot;Reebok Commercial 1989&quot;\" target=\"_blank\" rel=\"noopener\">https:\/\/youtu.be\/Zs_Rc-BO0zI<\/a><noscript>Video can&#8217;t be loaded because JavaScript is disabled: <a href=\"https:\/\/youtu.be\/Zs_Rc-BO0zI\" title=\"Reebok Commercial 1989\" target=\"_blank\" rel=\"noopener\">Reebok Commercial 1989 (https:\/\/youtu.be\/Zs_Rc-BO0zI)<\/a><\/noscript><\/div><\/div>\n<\/div><\/figure>\n<\/div>\n\n\n\n<div class=\"wp-block-column is-layout-flow wp-block-column-is-layout-flow\">\n<figure class=\"wp-block-embed is-type-video is-provider-youtube wp-block-embed-youtube\"><div class=\"wp-block-embed__wrapper\">\n<div class=\"nv-iframe-embed\"><div class=\"container-lazyload preview-lazyload container-youtube js-lazyload--not-loaded\"><a href=\"https:\/\/www.youtube.com\/watch?v=Zs-MZd35PKE\" class=\"lazy-load-youtube preview-lazyload preview-youtube\" data-video-title=\"Reebok Commercial 1988\" title=\"Play video &quot;Reebok Commercial 1988&quot;\" target=\"_blank\" rel=\"noopener\">https:\/\/www.youtube.com\/watch?v=Zs-MZd35PKE<\/a><noscript>Video can&#8217;t be loaded because JavaScript is disabled: <a href=\"https:\/\/www.youtube.com\/watch?v=Zs-MZd35PKE\" title=\"Reebok Commercial 1988\" target=\"_blank\" rel=\"noopener\">Reebok Commercial 1988 (https:\/\/www.youtube.com\/watch?v=Zs-MZd35PKE)<\/a><\/noscript><\/div><\/div>\n<\/div><\/figure>\n<\/div>\n<\/div>\n\n\n\n<p>De la misma \u00e9poca tambi\u00e9n se hicieron otros comerciales, unos que buscaban otros clientes objetivos como las mujeres u otros deportes.<\/p>\n\n\n\n<div class=\"wp-block-columns is-layout-flex wp-container-core-columns-is-layout-9d6595d7 wp-block-columns-is-layout-flex\">\n<div class=\"wp-block-column is-layout-flow wp-block-column-is-layout-flow\">\n<figure class=\"wp-block-embed is-type-video is-provider-youtube wp-block-embed-youtube\"><div class=\"wp-block-embed__wrapper\">\n<div class=\"nv-iframe-embed\"><div class=\"container-lazyload preview-lazyload container-youtube js-lazyload--not-loaded\"><a href=\"https:\/\/www.youtube.com\/watch?v=Ml3P4Ns3zYg\" class=\"lazy-load-youtube preview-lazyload preview-youtube\" data-video-title=\"Reebok 1980s Commercial | Women Working Out | Physics Behind the Physiques\" title=\"Play video &quot;Reebok 1980s Commercial | Women Working Out | Physics Behind the Physiques&quot;\" target=\"_blank\" rel=\"noopener\">https:\/\/www.youtube.com\/watch?v=Ml3P4Ns3zYg<\/a><noscript>Video can&#8217;t be loaded because JavaScript is disabled: <a href=\"https:\/\/www.youtube.com\/watch?v=Ml3P4Ns3zYg\" title=\"Reebok 1980s Commercial | Women Working Out | Physics Behind the Physiques\" target=\"_blank\" rel=\"noopener\">Reebok 1980s Commercial | Women Working Out | Physics Behind the Physiques (https:\/\/www.youtube.com\/watch?v=Ml3P4Ns3zYg)<\/a><\/noscript><\/div><\/div>\n<\/div><\/figure>\n<\/div>\n\n\n\n<div class=\"wp-block-column is-layout-flow wp-block-column-is-layout-flow\">\n<figure class=\"wp-block-embed is-type-video is-provider-youtube wp-block-embed-youtube\"><div class=\"wp-block-embed__wrapper\">\n<div class=\"nv-iframe-embed\"><div class=\"container-lazyload preview-lazyload container-youtube js-lazyload--not-loaded\"><a href=\"https:\/\/www.youtube.com\/watch?app=desktop&#038;v=60zRz76mSfk\" class=\"lazy-load-youtube preview-lazyload preview-youtube\" data-video-title=\"1986 Reebok &quot;Because life is not a spectator sport&quot; TV Commercial\" title=\"Play video &quot;1986 Reebok &quot;Because life is not a spectator sport&quot; TV Commercial&quot;\" target=\"_blank\" rel=\"noopener\">https:\/\/www.youtube.com\/watch?app=desktop&#038;v=60zRz76mSfk<\/a><noscript>Video can&#8217;t be loaded because JavaScript is disabled: <a href=\"https:\/\/www.youtube.com\/watch?app=desktop&#038;v=60zRz76mSfk\" title=\"1986 Reebok &quot;Because life is not a spectator sport&quot; TV Commercial\" target=\"_blank\" rel=\"noopener\">1986 Reebok &quot;Because life is not a spectator sport&quot; TV Commercial (https:\/\/www.youtube.com\/watch?app=desktop&#038;v=60zRz76mSfk)<\/a><\/noscript><\/div><\/div>\n<\/div><\/figure>\n<\/div>\n<\/div>\n\n\n\n<p>Encontr\u00e9 otros comerciales enfocados al p\u00fablico de Hip Hop, pero ya son muy nuevos, como el de 50 Cents y Jay-z que es despu\u00e9s del 2000.\u00a0En cuanto a bailes en comerciales de Reebok, tambi\u00e9n es algo muy nuevo para ser de esa \u00e9poca, como el comercial de Shakira.<\/p>\n\n\n\n<div class=\"wp-block-columns is-layout-flex wp-container-core-columns-is-layout-9d6595d7 wp-block-columns-is-layout-flex\">\n<div class=\"wp-block-column is-layout-flow wp-block-column-is-layout-flow\">\n<figure class=\"wp-block-embed is-type-video is-provider-youtube wp-block-embed-youtube\"><div class=\"wp-block-embed__wrapper\">\n<div class=\"nv-iframe-embed\"><div class=\"container-lazyload preview-lazyload container-youtube js-lazyload--not-loaded\"><a href=\"https:\/\/www.youtube.com\/watch?v=l6kRrfcLAuE\" class=\"lazy-load-youtube preview-lazyload preview-youtube\" data-video-title=\"50 Cent &amp; Jay-Z - Reebok Commercial\" title=\"Play video &quot;50 Cent &amp; Jay-Z - Reebok Commercial&quot;\" target=\"_blank\" rel=\"noopener\">https:\/\/www.youtube.com\/watch?v=l6kRrfcLAuE<\/a><noscript>Video can&#8217;t be loaded because JavaScript is disabled: <a href=\"https:\/\/www.youtube.com\/watch?v=l6kRrfcLAuE\" title=\"50 Cent &amp; Jay-Z - Reebok Commercial\" target=\"_blank\" rel=\"noopener\">50 Cent &amp; Jay-Z &#8211; Reebok Commercial (https:\/\/www.youtube.com\/watch?v=l6kRrfcLAuE)<\/a><\/noscript><\/div><\/div>\n<\/div><\/figure>\n<\/div>\n\n\n\n<div class=\"wp-block-column is-layout-flow wp-block-column-is-layout-flow\">\n<figure class=\"wp-block-embed is-type-video is-provider-youtube wp-block-embed-youtube\"><div class=\"wp-block-embed__wrapper\">\n<div class=\"nv-iframe-embed\"><div class=\"container-lazyload preview-lazyload container-youtube js-lazyload--not-loaded\"><a href=\"https:\/\/www.youtube.com\/watch?v=DKcaWEX1JtM\" class=\"lazy-load-youtube preview-lazyload preview-youtube\" data-video-title=\"Shakira - Comercial Reebok (Whenever, Wherever 2002)\" title=\"Play video &quot;Shakira - Comercial Reebok (Whenever, Wherever 2002)&quot;\" target=\"_blank\" rel=\"noopener\">https:\/\/www.youtube.com\/watch?v=DKcaWEX1JtM<\/a><noscript>Video can&#8217;t be loaded because JavaScript is disabled: <a href=\"https:\/\/www.youtube.com\/watch?v=DKcaWEX1JtM\" title=\"Shakira - Comercial Reebok (Whenever, Wherever 2002)\" target=\"_blank\" rel=\"noopener\">Shakira &#8211; Comercial Reebok (Whenever, Wherever 2002) (https:\/\/www.youtube.com\/watch?v=DKcaWEX1JtM)<\/a><\/noscript><\/div><\/div>\n<\/div><\/figure>\n<\/div>\n<\/div>\n\n\n\n<p>\u00bfEs factible que sacara un comercial de personas bailando Hip Hop? Yo creo que s\u00ed, de hecho, era una tendencia de la \u00e9poca. Ac\u00e1 vemos un comercial de PONY donde bailan Break Dance, uno de los subestilos de baile del Hip Hop. Eso me lleva a pensar que s\u00ed era el p\u00fablico objetivo de la \u00e9poca para las marcas deportivas, que tambi\u00e9n era una forma de llegarle a esas personas, pero desafortunadamente no deja de ser s\u00f3lo una posibilidad sin poderse confirmar.<\/p>\n\n\n\n<figure class=\"wp-block-embed is-type-video is-provider-youtube wp-block-embed-youtube\"><div class=\"wp-block-embed__wrapper\">\n<div class=\"nv-iframe-embed\"><div class=\"container-lazyload preview-lazyload container-youtube js-lazyload--not-loaded\"><a href=\"https:\/\/www.youtube.com\/watch?v=kUS4wVhgXF4\" class=\"lazy-load-youtube preview-lazyload preview-youtube\" data-video-title=\"1984 - PONY - Winning Shoes (with Darryl Dawkins &amp; the Dynamic Breakers) Commercial\" title=\"Play video &quot;1984 - PONY - Winning Shoes (with Darryl Dawkins &amp; the Dynamic Breakers) Commercial&quot;\" target=\"_blank\" rel=\"noopener\">https:\/\/www.youtube.com\/watch?v=kUS4wVhgXF4<\/a><noscript>Video can&#8217;t be loaded because JavaScript is disabled: <a href=\"https:\/\/www.youtube.com\/watch?v=kUS4wVhgXF4\" title=\"1984 - PONY - Winning Shoes (with Darryl Dawkins &amp; the Dynamic Breakers) Commercial\" target=\"_blank\" rel=\"noopener\">1984 &#8211; PONY &#8211; Winning Shoes (with Darryl Dawkins &amp; the Dynamic Breakers) Commercial (https:\/\/www.youtube.com\/watch?v=kUS4wVhgXF4)<\/a><\/noscript><\/div><\/div>\n<\/div><\/figure>\n\n\n\n<h2 class=\"wp-block-heading\">Conclusi\u00f3n<\/h2>\n\n\n\n<p>Lo primero que me doy cuenta es que el nombre no es tan importante. Si un bailar\u00edn como Buddha Stretch no les da tanta importancia a los nombres como para decir siempre el mismo, entonces debemos aprenderlos es para poderlos identificar. La conclusi\u00f3n a la que llego es que no se sabe cu\u00e1l es el verdadero paso Reebok. Me gusta llamar Reebook a la segunda versi\u00f3n porque de lo contrario ese paso tan popular no tendr\u00eda nombre, lo que es inconveniente para ense\u00f1arlo y comunicarlo a otras personas. El otro sigue siendo una variaci\u00f3n de cabbage patch con manos de trompeta. As\u00ed que no nos compliquemos m\u00e1s y espero que te haya gustado la historia que encontr\u00e9 relacionada a este paso.<\/p>\n","protected":false},"excerpt":{"rendered":"<p>Hoy voy a hablar de una duda que muchos tienen y es el paso Reebok de hip hop. Hay dos versiones, ac\u00e1 las ense\u00f1ar\u00e9 y tratar\u00e9 de aclararles la duda de cu\u00e1l es la verdadera. Dice la historia o leyenda que el paso nace en un comercial de Reebok. Entonces al ser tan famoso el&hellip;&nbsp;<a href=\"https:\/\/sqardance.com\/index.php\/hip-hop\/lista-de-pasos\/reebok\/\" rel=\"bookmark\"><span class=\"screen-reader-text\">\u00bfCu\u00e1l es el paso de Hip Hop llamado Reebok?<\/span><\/a><\/p>\n","protected":false},"author":1,"featured_media":0,"parent":112,"menu_order":0,"comment_status":"closed","ping_status":"closed","template":"","meta":{"neve_meta_sidebar":"","neve_meta_container":"","neve_meta_enable_content_width":"","neve_meta_content_width":0,"neve_meta_title_alignment":"","neve_meta_author_avatar":"","neve_post_elements_order":"","neve_meta_disable_header":"","neve_meta_disable_footer":"","neve_meta_disable_title":"","footnotes":""},"class_list":["post-129","page","type-page","status-publish","hentry"],"_links":{"self":[{"href":"https:\/\/sqardance.com\/index.php\/wp-json\/wp\/v2\/pages\/129","targetHints":{"allow":["GET"]}}],"collection":[{"href":"https:\/\/sqardance.com\/index.php\/wp-json\/wp\/v2\/pages"}],"about":[{"href":"https:\/\/sqardance.com\/index.php\/wp-json\/wp\/v2\/types\/page"}],"author":[{"embeddable":true,"href":"https:\/\/sqardance.com\/index.php\/wp-json\/wp\/v2\/users\/1"}],"replies":[{"embeddable":true,"href":"https:\/\/sqardance.com\/index.php\/wp-json\/wp\/v2\/comments?post=129"}],"version-history":[{"count":6,"href":"https:\/\/sqardance.com\/index.php\/wp-json\/wp\/v2\/pages\/129\/revisions"}],"predecessor-version":[{"id":149,"href":"https:\/\/sqardance.com\/index.php\/wp-json\/wp\/v2\/pages\/129\/revisions\/149"}],"up":[{"embeddable":true,"href":"https:\/\/sqardance.com\/index.php\/wp-json\/wp\/v2\/pages\/112"}],"wp:attachment":[{"href":"https:\/\/sqardance.com\/index.php\/wp-json\/wp\/v2\/media?parent=129"}],"curies":[{"name":"wp","href":"https:\/\/api.w.org\/{rel}","templated":true}]}}