{"id":1239,"date":"2024-10-20T06:27:21","date_gmt":"2024-10-20T06:27:21","guid":{"rendered":"https:\/\/sqardance.com\/?page_id=1239"},"modified":"2024-10-20T07:27:33","modified_gmt":"2024-10-20T07:27:33","slug":"que-es","status":"publish","type":"page","link":"https:\/\/sqardance.com\/index.php\/electro-dance\/que-es\/","title":{"rendered":"\u00bfQu\u00e9 es el Electro Dance y Tecktonik?"},"content":{"rendered":"\n<p>El Electro Dance es un estilo de danza urbana creado para bailar m\u00fasica electr\u00f3nica. Se centra mucho en el movimiento de brazos, algunos le llaman Tecktonik y como todo estilo de baile viene acompa\u00f1ado de una cultura completa. En este art\u00edculo te cuento un poco de todo este mundo.<\/p>\n\n\n\n<h2 class=\"wp-block-heading\">Contenido<\/h2>\n\n\n\n<ul class=\"wp-block-list\">\n<li><a href=\"#Tecktonik\" data-type=\"internal\" data-id=\"#Tecktonik\">\u00bfQu\u00e9 es Tecktonik?<\/a><\/li>\n\n\n\n<li><a href=\"#Objetivo\" data-type=\"internal\" data-id=\"#Objetivo\">\u00bfCu\u00e1l es el objetivo del Electro Dance?<\/a><\/li>\n\n\n\n<li><a href=\"#Filosofia\" data-type=\"internal\" data-id=\"#Filosofia\">Filosof\u00eda del Electro Dance<\/a><\/li>\n\n\n\n<li><a href=\"#Caracteristicas\" data-type=\"internal\" data-id=\"#Caracteristicas\">\u00bfQu\u00e9 caracteriza el estilo Electro Dance?<\/a><\/li>\n\n\n\n<li><a href=\"#Musica\" data-type=\"internal\" data-id=\"#Musica\">\u00bfCon qu\u00e9 m\u00fasica se baila el Electro Dance?<\/a><\/li>\n<\/ul>\n\n\n\n<h2 class=\"wp-block-heading\" id=\"Tecktonik\">\u00bfQu\u00e9 es Tecktonik?<\/h2>\n\n\n\n<figure class=\"wp-block-embed alignwide is-type-video is-provider-youtube wp-block-embed-youtube\"><div class=\"wp-block-embed__wrapper\">\n<div class=\"nv-iframe-embed\"><div class=\"container-lazyload preview-lazyload container-youtube js-lazyload--not-loaded\"><a href=\"https:\/\/youtube.com\/shorts\/yEB0Ojozxpk?si=DJPeaGWbI3H2oEl6\" class=\"lazy-load-youtube preview-lazyload preview-youtube\" data-video-title=\"\u00bfQue es Tecktonik? \u00bfEs un estilo de baile?\" title=\"Play video &quot;\u00bfQue es Tecktonik? \u00bfEs un estilo de baile?&quot;\" target=\"_blank\" rel=\"noopener\">https:\/\/youtube.com\/shorts\/yEB0Ojozxpk?si=DJPeaGWbI3H2oEl6<\/a><noscript>Video can&#8217;t be loaded because JavaScript is disabled: <a href=\"https:\/\/youtube.com\/shorts\/yEB0Ojozxpk?si=DJPeaGWbI3H2oEl6\" title=\"\u00bfQue es Tecktonik? \u00bfEs un estilo de baile?\" target=\"_blank\" rel=\"noopener\">\u00bfQue es Tecktonik? \u00bfEs un estilo de baile? (https:\/\/youtube.com\/shorts\/yEB0Ojozxpk?si=DJPeaGWbI3H2oEl6)<\/a><\/noscript><\/div><\/div>\n<\/div><\/figure>\n\n\n\n<div class=\"wp-block-group\"><div class=\"wp-block-group__inner-container is-layout-constrained wp-block-group-is-layout-constrained\">\n<div class=\"wp-block-group\"><div class=\"wp-block-group__inner-container is-layout-constrained wp-block-group-is-layout-constrained\"><div class=\"wp-block-image\">\n<figure class=\"alignright size-full is-resized\"><img decoding=\"async\" width=\"1000\" height=\"750\" data-src=\"https:\/\/sqardance.com\/wp-content\/uploads\/2024\/08\/tecktonik2-scaled.jpeg\" alt=\"\" class=\"wp-image-1246 lazyload\" style=\"--smush-placeholder-width: 1000px; --smush-placeholder-aspect-ratio: 1000\/750;width:309px;height:auto\" data-srcset=\"https:\/\/sqardance.com\/wp-content\/uploads\/2024\/08\/tecktonik2-scaled.jpeg 1000w, https:\/\/sqardance.com\/wp-content\/uploads\/2024\/08\/tecktonik2-300x225.jpeg 300w, https:\/\/sqardance.com\/wp-content\/uploads\/2024\/08\/tecktonik2-768x576.jpeg 768w\" data-sizes=\"(max-width: 1000px) 100vw, 1000px\" src=\"data:image\/svg+xml;base64,PHN2ZyB3aWR0aD0iMSIgaGVpZ2h0PSIxIiB4bWxucz0iaHR0cDovL3d3dy53My5vcmcvMjAwMC9zdmciPjwvc3ZnPg==\" \/><\/figure><\/div>\n\n\n<p>En los inicios del Electro Dance se crearon unas batallas muy importantes, llamadas Tecktonik Killer. Tecktonik era una marca que patrocinaba eventos de baile, porque ten\u00eda productos relacionados con el baile, como ropa y hasta bebidas energizantes. A medida que se populariz\u00f3 el estilo de baile en redes sociales, muchas personas lo llamaron Tecktonik, a pesar de que eso no era correcto, el nombre del estilo de baile era Electro Dance. <\/p>\n\n\n\n<h2 class=\"wp-block-heading\" id=\"Objetivo\">\u00bfCu\u00e1l es el objetivo del Electro Dance?<\/h2>\n\n\n\n<p>El Electro Dance nace en un contexto de rumba nocturna, donde no se ve\u00eda casi nada y se ten\u00edan luces en los brazos, como manillas, guantes que iluminan, etc. Este baile buscaba ser visible con esos elementos, lo que implica mover mucho los brazos. Tambi\u00e9n, se relaciona mucho con las batallas de baile, ya que uno de los primeros eventos en donde se da a conocer es el Tecktonik Killer, la competencia entre bailarines. Tambi\u00e9n era com\u00fan que cada discoteca tuviera su propio bailar\u00edn y se enfrentaran entre ellos para darle prestigio a su discoteca, lo que implica que busca demostrar habilidades de baile. De ah\u00ed tenemos los dos objetivos dentro del Electro Dance, el movimiento de brazos para ser visible en la oscuridad con luces y el contexto de batalla. Da click si quieres conocer m\u00e1s sobre la historia del electro dance.<\/p>\n<\/div><\/div>\n\n\n\n<h2 class=\"wp-block-heading\" id=\"Filosofia\">Filosof\u00eda del Electro Dance<\/h2>\n\n\n\n<p>El lema principal del electro es &#8220;Electro is the future&#8221; (Electro es el futuro). Es por eso que es muy com\u00fan ver el &#8220;dress code&#8221; muy ligado a ropa futurista, llamado &#8220;future rave&#8221;. Tambi\u00e9n tiene implicaciones de que se visualiza esa cultura como una visi\u00f3n de lo que ser\u00e1 el futuro y busca tambi\u00e9n usar la tecnolog\u00eda m\u00e1s avanzada.<\/p>\n\n\n\n<p>En la cultura del Electro, la fiesta est\u00e1 muy presente, dado que se cre\u00f3 en discotecas. Cuando conoc\u00ed la historia, la asoci\u00e9 a la historia del carnaval, donde se permite todo, en especial en temas sexuales, es por eso que la comunidad LGBTI tambi\u00e9n ha estado presente en esta cultura, aunque no es una cultura representativa de esa comunidad, como lo ser\u00eda el Vogue, s\u00ed toma influencia del Vogue y esa comunidad porque s\u00ed estaba presente en ese momento. Es una cultura de mucha tolerancia, que busca compartir la fiesta.<\/p>\n\n\n\n<p>Tambi\u00e9n sigue muchos de los ideales de la m\u00fasica electr\u00f3nica. Ah\u00ed el amor es un tema muy com\u00fan. No es una cultura revolucionaria, ni agresiva, por el contrario busca una posici\u00f3n un poco pasiva y m\u00e1s tranquila. Para que te hagas una idea, es una cultura opuesta al <a href=\"https:\/\/sqardance.com\/index.php\/krump\/\" data-type=\"page\" data-id=\"1069\">Krump<\/a>, que s\u00ed tiene una componente de agresividad, de desahogo. El Electro Dance se cre\u00f3 y populariz\u00f3 a partir de momentos felices, tanto de fiesta como de creaci\u00f3n de videos con amigos, entonces esa alegr\u00eda hace parte de la cultura de este estilo de baile.<\/p>\n\n\n\n<h2 class=\"wp-block-heading\" id=\"Caracteristicas\">\u00bfQu\u00e9 caracteriza el estilo Electro Dance?<\/h2>\n\n\n\n<p>La principal caracter\u00edstica es el movimiento de brazos a la hora de bailar. Sin embargo, no es el \u00fanico estilo que se enfoca en el movimiento de esta extremidad, el Whacking es otro estilo de baile que usa mucho el movimiento de brazos. Sin embargo, ambos tienen sus diferencias. En el Electro se suele buscar mucho que los brazos se crucen y que sean movimientos amplios, como el caso de del movimiento llamado &#8220;Change&#8221;, que es con el que comienza la secuencia del siguiente video de Electro Dance, y otros como butterfly, space y dem\u00e1s, si quieres ver m\u00e1s movimientos ve a la lista de movimientos de Electro Dance. Comp\u00e1ralo con el Waacking, que mueve los brazos r\u00e1pidos, pero cada uno se suele mantener su espacio independiente y no los cruza.<\/p>\n\n\n\n<div class=\"wp-block-columns is-layout-flex wp-container-core-columns-is-layout-9d6595d7 wp-block-columns-is-layout-flex\">\n<div class=\"wp-block-column is-layout-flow wp-block-column-is-layout-flow\">\n<h2 class=\"wp-block-heading\">Electro Dance<\/h2>\n\n\n\n<figure class=\"wp-block-embed is-type-video is-provider-youtube wp-block-embed-youtube\"><div class=\"wp-block-embed__wrapper\">\n<div class=\"nv-iframe-embed\"><div class=\"container-lazyload preview-lazyload container-youtube js-lazyload--not-loaded\"><a href=\"https:\/\/youtu.be\/dM2b-DGXBzI\" class=\"lazy-load-youtube preview-lazyload preview-youtube\" data-video-title=\"Yelle - A Cause Des Garcons | FREESTYLE DANCE (milky way)\" title=\"Play video &quot;Yelle - A Cause Des Garcons | FREESTYLE DANCE (milky way)&quot;\" target=\"_blank\" rel=\"noopener\">https:\/\/youtu.be\/dM2b-DGXBzI<\/a><noscript>Video can&#8217;t be loaded because JavaScript is disabled: <a href=\"https:\/\/youtu.be\/dM2b-DGXBzI\" title=\"Yelle - A Cause Des Garcons | FREESTYLE DANCE (milky way)\" target=\"_blank\" rel=\"noopener\">Yelle &#8211; A Cause Des Garcons | FREESTYLE DANCE (milky way) (https:\/\/youtu.be\/dM2b-DGXBzI)<\/a><\/noscript><\/div><\/div>\n<\/div><\/figure>\n<\/div>\n\n\n\n<div class=\"wp-block-column is-layout-flow wp-block-column-is-layout-flow\">\n<h2 class=\"wp-block-heading\">Whacking<\/h2>\n\n\n\n<figure class=\"wp-block-embed is-type-video is-provider-youtube wp-block-embed-youtube\"><div class=\"wp-block-embed__wrapper\">\n<div class=\"nv-iframe-embed\"><div class=\"container-lazyload preview-lazyload container-youtube js-lazyload--not-loaded\"><a href=\"https:\/\/youtu.be\/UOuW_-QUYqo\" class=\"lazy-load-youtube preview-lazyload preview-youtube\" data-video-title=\"waacking basic freestyle\" title=\"Play video &quot;waacking basic freestyle&quot;\" target=\"_blank\" rel=\"noopener\">https:\/\/youtu.be\/UOuW_-QUYqo<\/a><noscript>Video can&#8217;t be loaded because JavaScript is disabled: <a href=\"https:\/\/youtu.be\/UOuW_-QUYqo\" title=\"waacking basic freestyle\" target=\"_blank\" rel=\"noopener\">waacking basic freestyle (https:\/\/youtu.be\/UOuW_-QUYqo)<\/a><\/noscript><\/div><\/div>\n<\/div><\/figure>\n<\/div>\n<\/div>\n\n\n\n<div class=\"wp-block-group\"><div class=\"wp-block-group__inner-container is-layout-constrained wp-block-group-is-layout-constrained\">\n<h2 class=\"wp-block-heading\" id=\"Musica\"> \u00bfCon qu\u00e9 m\u00fasica se baila el Electro Dance?<\/h2>\n\n\n\n<p>Culturalmente, el Electro Dance nace en Francia en las discotecas, por lo que su estilo de baile predilecto es &#8220;french electro&#8221;, &#8220;french tech&#8221; o &#8220;french techno&#8221;. De todas maneras, nace con diferentes estilos de baile, como el Jump Style, Hard Techno, electro y tech house, todos los estilos que llegaban de pa\u00edses fronterizos con Francia. Al volverse popular, se ha bailado con otros estilos de m\u00fasica electr\u00f3nica, en especial cualquier subestilo del techno, pero si nos vamos a lo convencional analicemos el techno franc\u00e9s. Un ejemplo lo puedes ver a continuaci\u00f3n, una canci\u00f3n de Anetha llamada Terraphoria.<\/p>\n\n\n\n<figure class=\"wp-block-embed alignwide is-type-video is-provider-youtube wp-block-embed-youtube\"><div class=\"wp-block-embed__wrapper\">\n<div class=\"nv-iframe-embed\"><div class=\"container-lazyload preview-lazyload container-youtube js-lazyload--not-loaded\"><a href=\"https:\/\/youtu.be\/GWUhAXUGzRc?t=17\" class=\"lazy-load-youtube preview-lazyload preview-youtube\" data-video-title=\"Anetha - Terraphoria (Official Video)\" title=\"Play video &quot;Anetha - Terraphoria (Official Video)&quot;\" target=\"_blank\" rel=\"noopener\">https:\/\/youtu.be\/GWUhAXUGzRc?t=17<\/a><noscript>Video can&#8217;t be loaded because JavaScript is disabled: <a href=\"https:\/\/youtu.be\/GWUhAXUGzRc?t=17\" title=\"Anetha - Terraphoria (Official Video)\" target=\"_blank\" rel=\"noopener\">Anetha &#8211; Terraphoria (Official Video) (https:\/\/youtu.be\/GWUhAXUGzRc?t=17)<\/a><\/noscript><\/div><\/div>\n<\/div><\/figure>\n\n\n\n<p>La principal caracter\u00edstica es que marca los beats con un bombo on un kick electr\u00f3nico, no es un sample de una bater\u00eda real. El hi-hat suele marcar las semicorcheas, o sea cuatro golpes por cada beat, tambi\u00e9n es artificial y se escucha un poco al fondo, en caso de que no se marque con hi hat, alg\u00fan otro instrumento marca las semicorcheas, generando una sensaci\u00f3n de velocidad mayor. Si no est\u00e1 el hi hat marcando semicorcheas, puede estar marcando las corcheas opuestas a las que marca el kick, el conocido sonido del &#8220;punchis&#8221;, incluso se puede dar el caso de que se encuentren ambas simult\u00e1neamente. El clap suele marcar los tiempos 2 y 4 de un compas de 4\/4. La armon\u00eda y la melod\u00eda la suelen llevar sintetizadores, algo que va en la onda futurista de esta cultura. En muchos casos es com\u00fan encontrar arpegios en semicorcheas.<\/p>\n\n\n\n<h2 class=\"wp-block-heading\">M\u00e1s sobre el bailes de m\u00fasica electr\u00f3nica<\/h2>\n\n\n\n<figure class=\"wp-block-gallery has-nested-images columns-default is-cropped wp-block-gallery-1 is-layout-flex wp-block-gallery-is-layout-flex\">\n<figure class=\"wp-block-image size-full\"><a href=\"https:\/\/sqardance.com\/index.php\/electro-dance\/lista-de-movimientos-o-pasos\/\"><img decoding=\"async\" width=\"600\" height=\"469\" data-id=\"1318\" data-src=\"https:\/\/sqardance.com\/wp-content\/uploads\/2024\/10\/Space.png\" alt=\"\" class=\"wp-image-1318 lazyload\" data-srcset=\"https:\/\/sqardance.com\/wp-content\/uploads\/2024\/10\/Space.png 600w, https:\/\/sqardance.com\/wp-content\/uploads\/2024\/10\/Space-300x235.png 300w\" data-sizes=\"(max-width: 600px) 100vw, 600px\" src=\"data:image\/svg+xml;base64,PHN2ZyB3aWR0aD0iMSIgaGVpZ2h0PSIxIiB4bWxucz0iaHR0cDovL3d3dy53My5vcmcvMjAwMC9zdmciPjwvc3ZnPg==\" style=\"--smush-placeholder-width: 600px; --smush-placeholder-aspect-ratio: 600\/469;\" \/><\/a><figcaption class=\"wp-element-caption\"><a href=\"https:\/\/sqardance.com\/index.php\/electro-dance\/lista-de-movimientos-o-pasos\/\" data-type=\"page\" data-id=\"1256\">Movimientos del Electro Dance<\/a><\/figcaption><\/figure>\n\n\n\n<figure class=\"wp-block-image size-large\"><a href=\"https:\/\/sqardance.com\/index.php\/electro-dance\/historia\/\"><img decoding=\"async\" width=\"431\" height=\"766\" data-id=\"1282\" data-src=\"https:\/\/sqardance.com\/wp-content\/uploads\/2024\/09\/BlackOutParty-edited.jpg\" alt=\"\" class=\"wp-image-1282 lazyload\" data-srcset=\"https:\/\/sqardance.com\/wp-content\/uploads\/2024\/09\/BlackOutParty-edited.jpg 431w, https:\/\/sqardance.com\/wp-content\/uploads\/2024\/09\/BlackOutParty-edited-169x300.jpg 169w\" data-sizes=\"(max-width: 431px) 100vw, 431px\" src=\"data:image\/svg+xml;base64,PHN2ZyB3aWR0aD0iMSIgaGVpZ2h0PSIxIiB4bWxucz0iaHR0cDovL3d3dy53My5vcmcvMjAwMC9zdmciPjwvc3ZnPg==\" style=\"--smush-placeholder-width: 431px; --smush-placeholder-aspect-ratio: 431\/766;\" \/><\/a><figcaption class=\"wp-element-caption\"><a href=\"https:\/\/sqardance.com\/index.php\/electro-dance\/historia\/\" data-type=\"page\" data-id=\"1238\">Historia del Electro Dance<\/a><\/figcaption><\/figure>\n\n\n\n<figure class=\"wp-block-image size-large\"><a href=\"https:\/\/sqardance.com\/index.php\/shuffle\/lista-de-pasos\/\"><img decoding=\"async\" width=\"721\" height=\"961\" data-id=\"707\" data-src=\"https:\/\/sqardance.com\/wp-content\/uploads\/2024\/01\/RunningManPos1-edited-1.png\" alt=\"Como se hace el running man\" class=\"wp-image-707 lazyload\" data-srcset=\"https:\/\/sqardance.com\/wp-content\/uploads\/2024\/01\/RunningManPos1-edited-1.png 721w, https:\/\/sqardance.com\/wp-content\/uploads\/2024\/01\/RunningManPos1-edited-1-225x300.png 225w\" data-sizes=\"(max-width: 721px) 100vw, 721px\" src=\"data:image\/svg+xml;base64,PHN2ZyB3aWR0aD0iMSIgaGVpZ2h0PSIxIiB4bWxucz0iaHR0cDovL3d3dy53My5vcmcvMjAwMC9zdmciPjwvc3ZnPg==\" style=\"--smush-placeholder-width: 721px; --smush-placeholder-aspect-ratio: 721\/961;\" \/><\/a><figcaption class=\"wp-element-caption\"><a href=\"https:\/\/sqardance.com\/index.php\/shuffle\/lista-de-pasos\/\" data-type=\"page\" data-id=\"75\">Pasos de Shuffle Dance<\/a><\/figcaption><\/figure>\n<\/figure>\n<\/div><\/div>\n<\/div><\/div>\n","protected":false},"excerpt":{"rendered":"<p>El Electro Dance es un estilo de danza urbana creado para bailar m\u00fasica electr\u00f3nica. Se centra mucho en el movimiento de brazos, algunos le llaman Tecktonik y como todo estilo de baile viene acompa\u00f1ado de una cultura completa. En este art\u00edculo te cuento un poco de todo este mundo. Contenido \u00bfQu\u00e9 es Tecktonik? En los&hellip;&nbsp;<a href=\"https:\/\/sqardance.com\/index.php\/electro-dance\/que-es\/\" rel=\"bookmark\"><span class=\"screen-reader-text\">\u00bfQu\u00e9 es el Electro Dance y Tecktonik?<\/span><\/a><\/p>\n","protected":false},"author":1,"featured_media":0,"parent":1236,"menu_order":0,"comment_status":"closed","ping_status":"closed","template":"","meta":{"neve_meta_sidebar":"","neve_meta_container":"","neve_meta_enable_content_width":"","neve_meta_content_width":0,"neve_meta_title_alignment":"","neve_meta_author_avatar":"","neve_post_elements_order":"","neve_meta_disable_header":"","neve_meta_disable_footer":"","neve_meta_disable_title":"","footnotes":""},"class_list":["post-1239","page","type-page","status-publish","hentry"],"_links":{"self":[{"href":"https:\/\/sqardance.com\/index.php\/wp-json\/wp\/v2\/pages\/1239","targetHints":{"allow":["GET"]}}],"collection":[{"href":"https:\/\/sqardance.com\/index.php\/wp-json\/wp\/v2\/pages"}],"about":[{"href":"https:\/\/sqardance.com\/index.php\/wp-json\/wp\/v2\/types\/page"}],"author":[{"embeddable":true,"href":"https:\/\/sqardance.com\/index.php\/wp-json\/wp\/v2\/users\/1"}],"replies":[{"embeddable":true,"href":"https:\/\/sqardance.com\/index.php\/wp-json\/wp\/v2\/comments?post=1239"}],"version-history":[{"count":21,"href":"https:\/\/sqardance.com\/index.php\/wp-json\/wp\/v2\/pages\/1239\/revisions"}],"predecessor-version":[{"id":1339,"href":"https:\/\/sqardance.com\/index.php\/wp-json\/wp\/v2\/pages\/1239\/revisions\/1339"}],"up":[{"embeddable":true,"href":"https:\/\/sqardance.com\/index.php\/wp-json\/wp\/v2\/pages\/1236"}],"wp:attachment":[{"href":"https:\/\/sqardance.com\/index.php\/wp-json\/wp\/v2\/media?parent=1239"}],"curies":[{"name":"wp","href":"https:\/\/api.w.org\/{rel}","templated":true}]}}