{"id":1236,"date":"2024-10-20T06:20:01","date_gmt":"2024-10-20T06:20:01","guid":{"rendered":"https:\/\/sqardance.com\/?page_id=1236"},"modified":"2024-10-20T07:27:37","modified_gmt":"2024-10-20T07:27:37","slug":"electro-dance","status":"publish","type":"page","link":"https:\/\/sqardance.com\/index.php\/electro-dance\/","title":{"rendered":"Electro Dance"},"content":{"rendered":"\n<p>El Electro Dance es un estilo de baile que se enfoca en el movimiento de los brazos. Nace en las fiestas Black Out, que oscurec\u00edan todo y se utilizaban elementos fluorescentes en la oscuridad. Ac\u00e1 encuentras toda la informaci\u00f3n sobre este estilo de baile. Es importante que no confundas Electro Dance con cualquier estilo de bailar m\u00fasica electr\u00f3nica, ya que puede que te refieras a otros estilos como el House o el <a href=\"https:\/\/sqardance.com\/index.php\/shuffle\/\" data-type=\"page\" data-id=\"73\">Shuffle<\/a>.<\/p>\n\n\n\n<figure class=\"wp-block-gallery has-nested-images columns-default is-cropped wp-block-gallery-1 is-layout-flex wp-block-gallery-is-layout-flex\">\n<figure class=\"wp-block-image size-large\"><a href=\"https:\/\/sqardance.com\/index.php\/electro-dance\/que-es\/\"><img decoding=\"async\" width=\"1000\" height=\"750\" data-id=\"1246\" data-src=\"https:\/\/sqardance.com\/wp-content\/uploads\/2024\/08\/tecktonik2-scaled.jpeg\" alt=\"\" class=\"wp-image-1246 lazyload\" data-srcset=\"https:\/\/sqardance.com\/wp-content\/uploads\/2024\/08\/tecktonik2-scaled.jpeg 1000w, https:\/\/sqardance.com\/wp-content\/uploads\/2024\/08\/tecktonik2-300x225.jpeg 300w, https:\/\/sqardance.com\/wp-content\/uploads\/2024\/08\/tecktonik2-768x576.jpeg 768w\" data-sizes=\"(max-width: 1000px) 100vw, 1000px\" src=\"data:image\/svg+xml;base64,PHN2ZyB3aWR0aD0iMSIgaGVpZ2h0PSIxIiB4bWxucz0iaHR0cDovL3d3dy53My5vcmcvMjAwMC9zdmciPjwvc3ZnPg==\" style=\"--smush-placeholder-width: 1000px; --smush-placeholder-aspect-ratio: 1000\/750;\" \/><\/a><figcaption class=\"wp-element-caption\"><a href=\"https:\/\/sqardance.com\/index.php\/electro-dance\/que-es\/\" data-type=\"page\" data-id=\"1239\">\u00bfQu\u00e9 es Tecktonik y el Electro Dance?<\/a><\/figcaption><\/figure>\n\n\n\n<figure class=\"wp-block-image size-large\"><a href=\"https:\/\/sqardance.com\/index.php\/electro-dance\/historia\/\"><img decoding=\"async\" width=\"431\" height=\"766\" data-id=\"1282\" data-src=\"https:\/\/sqardance.com\/wp-content\/uploads\/2024\/09\/BlackOutParty-edited.jpg\" alt=\"\" class=\"wp-image-1282 lazyload\" data-srcset=\"https:\/\/sqardance.com\/wp-content\/uploads\/2024\/09\/BlackOutParty-edited.jpg 431w, https:\/\/sqardance.com\/wp-content\/uploads\/2024\/09\/BlackOutParty-edited-169x300.jpg 169w\" data-sizes=\"(max-width: 431px) 100vw, 431px\" src=\"data:image\/svg+xml;base64,PHN2ZyB3aWR0aD0iMSIgaGVpZ2h0PSIxIiB4bWxucz0iaHR0cDovL3d3dy53My5vcmcvMjAwMC9zdmciPjwvc3ZnPg==\" style=\"--smush-placeholder-width: 431px; --smush-placeholder-aspect-ratio: 431\/766;\" \/><\/a><figcaption class=\"wp-element-caption\"><a href=\"https:\/\/sqardance.com\/index.php\/electro-dance\/historia\/\" data-type=\"page\" data-id=\"1238\">Historia del Electro Dance<\/a><\/figcaption><\/figure>\n\n\n\n<figure class=\"wp-block-image size-large\"><a href=\"https:\/\/sqardance.com\/index.php\/electro-dance\/lista-de-movimientos-o-pasos\/\"><img decoding=\"async\" width=\"600\" height=\"469\" data-id=\"1318\" data-src=\"https:\/\/sqardance.com\/wp-content\/uploads\/2024\/10\/Space.png\" alt=\"\" class=\"wp-image-1318 lazyload\" data-srcset=\"https:\/\/sqardance.com\/wp-content\/uploads\/2024\/10\/Space.png 600w, https:\/\/sqardance.com\/wp-content\/uploads\/2024\/10\/Space-300x235.png 300w\" data-sizes=\"(max-width: 600px) 100vw, 600px\" src=\"data:image\/svg+xml;base64,PHN2ZyB3aWR0aD0iMSIgaGVpZ2h0PSIxIiB4bWxucz0iaHR0cDovL3d3dy53My5vcmcvMjAwMC9zdmciPjwvc3ZnPg==\" style=\"--smush-placeholder-width: 600px; --smush-placeholder-aspect-ratio: 600\/469;\" \/><\/a><figcaption class=\"wp-element-caption\"><a href=\"https:\/\/sqardance.com\/index.php\/electro-dance\/lista-de-movimientos-o-pasos\/\" data-type=\"page\" data-id=\"1256\">Movimientos del Electro Dance<\/a><\/figcaption><\/figure>\n<\/figure>\n","protected":false},"excerpt":{"rendered":"<p>El Electro Dance es un estilo de baile que se enfoca en el movimiento de los brazos. Nace en las fiestas Black Out, que oscurec\u00edan todo y se utilizaban elementos fluorescentes en la oscuridad. Ac\u00e1 encuentras toda la informaci\u00f3n sobre este estilo de baile. Es importante que no confundas Electro Dance con cualquier estilo de&hellip;&nbsp;<a href=\"https:\/\/sqardance.com\/index.php\/electro-dance\/\" rel=\"bookmark\"><span class=\"screen-reader-text\">Electro Dance<\/span><\/a><\/p>\n","protected":false},"author":1,"featured_media":0,"parent":0,"menu_order":0,"comment_status":"closed","ping_status":"closed","template":"","meta":{"neve_meta_sidebar":"","neve_meta_container":"","neve_meta_enable_content_width":"","neve_meta_content_width":0,"neve_meta_title_alignment":"","neve_meta_author_avatar":"","neve_post_elements_order":"","neve_meta_disable_header":"","neve_meta_disable_footer":"","neve_meta_disable_title":"","footnotes":""},"class_list":["post-1236","page","type-page","status-publish","hentry"],"_links":{"self":[{"href":"https:\/\/sqardance.com\/index.php\/wp-json\/wp\/v2\/pages\/1236","targetHints":{"allow":["GET"]}}],"collection":[{"href":"https:\/\/sqardance.com\/index.php\/wp-json\/wp\/v2\/pages"}],"about":[{"href":"https:\/\/sqardance.com\/index.php\/wp-json\/wp\/v2\/types\/page"}],"author":[{"embeddable":true,"href":"https:\/\/sqardance.com\/index.php\/wp-json\/wp\/v2\/users\/1"}],"replies":[{"embeddable":true,"href":"https:\/\/sqardance.com\/index.php\/wp-json\/wp\/v2\/comments?post=1236"}],"version-history":[{"count":9,"href":"https:\/\/sqardance.com\/index.php\/wp-json\/wp\/v2\/pages\/1236\/revisions"}],"predecessor-version":[{"id":1335,"href":"https:\/\/sqardance.com\/index.php\/wp-json\/wp\/v2\/pages\/1236\/revisions\/1335"}],"wp:attachment":[{"href":"https:\/\/sqardance.com\/index.php\/wp-json\/wp\/v2\/media?parent=1236"}],"curies":[{"name":"wp","href":"https:\/\/api.w.org\/{rel}","templated":true}]}}