{"id":1199,"date":"2024-05-10T08:53:43","date_gmt":"2024-05-10T08:53:43","guid":{"rendered":"https:\/\/sqardance.com\/?page_id=1199"},"modified":"2024-05-10T08:53:44","modified_gmt":"2024-05-10T08:53:44","slug":"arm-swing","status":"publish","type":"page","link":"https:\/\/sqardance.com\/index.php\/krump\/movimientos-o-pasos\/arm-swing\/","title":{"rendered":"\u00bfC\u00f3mo se hace Arm swing en Krump?"},"content":{"rendered":"\n<p>El Arm Swing es uno de los movimientos b\u00e1sicos del Krump. Thight Eyez lo define como un t\u00e9rmino del lenguaje del Krump. Los t\u00e9rminos es como saberse las palabras y luego hablamos usando esas palabras, as\u00ed mismo este movimiento nos sirve para expresar a trav\u00e9s de este estilo de baile. De hecho es uno de los movimientos m\u00e1s populares y s\u00ed o s\u00ed lo hacen siempre que bailan Krump. Es por eso que hoy te vengo a hablar de este incre\u00edble movimiento.<\/p>\n\n\n\n<h2 class=\"wp-block-heading\">Contenido<\/h2>\n\n\n\n<ul class=\"wp-block-list\">\n<li><a href=\"#Definicion\" data-type=\"internal\" data-id=\"#Definicion\">Definici\u00f3n del Arm Swing<\/a><\/li>\n\n\n\n<li><a href=\"#Tipos\" data-type=\"internal\" data-id=\"#Tipos\">Tipos y opciones para hacer el Arm Swing<\/a><\/li>\n\n\n\n<li><a href=\"#Consejos\" data-type=\"internal\" data-id=\"#Consejos\">Consejos para usar Arm Swings<\/a><\/li>\n\n\n\n<li><a href=\"#Entrenar\" data-type=\"internal\" data-id=\"#Entrenar\">\u00bfC\u00f3mo entrenar el Arm Swing de Krump?<\/a><\/li>\n<\/ul>\n\n\n\n<h2 class=\"wp-block-heading\" id=\"Definicion\">Definici\u00f3n del Arm Swing<\/h2>\n\n\n\n<p>Arm Swing traduce balanceo del brazo. Esa definici\u00f3n ya nos da una idea de qu\u00e9 trata. Es un tipo de movimiento en el que tiene el movimiento pendular. Tiene muchas maneras de ejecutarse, eso debido a que es un concepto y de resto hay libertad para el bailar\u00edn a la hora de ejecutarlo. Veamos a forma m\u00e1s b\u00e1sica de realizarlo y luego en las siguientes secciones desarrollamos los tipos de Arm Swing.<\/p>\n\n\n\n<p><strong>Advertencia<\/strong>: Si vas a realizar el Arm Swing, es importante que siempre tengas los m\u00fasculos activados al realizar, esto adem\u00e1s de verse m\u00e1s est\u00e9tico y ligado al Krump, tambi\u00e9n es necesario para proteger el brazo. Los movimientos a gran velocidad pueden da\u00f1ar las articulaciones, lo que es contrarrestado con el control que genera la fuerza. <\/p>\n\n\n\n<p>La forma m\u00e1s com\u00fan de realizarlo es la siguiente:<\/p>\n\n\n\n<ul class=\"wp-block-list\">\n<li><strong>Parate en la posici\u00f3n de Krump<\/strong>, con las piernas formando un diamante, como una primera con demi pli\u00e9. <strong>Comienza el movimiento recogiendo el brazo llevando la mano arriba del hombro<\/strong> de tal manera que se estire el pecho, puedes cerrar la mano completamente aunque no es necesario, s\u00f3lo mant\u00e9n activos los m\u00fasculos. Si no sientes que el pecho se estira, entonces puedes llevar la mano un poco m\u00e1s atr\u00e1s. Para lograr mayor amplitud, enf\u00f3cate en activar los m\u00fasculos que est\u00e1n cerca al hueso de la esc\u00e1pula y el hombro.<\/li>\n\n\n\n<li><strong>Inicia el movimiento con el pecho para adelante que har\u00e1 mover el hombro<\/strong>, entonces ser\u00e1 m\u00e1s amplio. Obviamente no podr\u00e1s moverlo mucho por la velocidad y que el siguiente movimiento te har\u00e1 frenar ese movimiento, pero por poco que lo muevas marcar\u00e1 una diferencia. <\/li>\n\n\n\n<li>Luego <strong>lanza el codo para adelante continuando el movimiento del hombro<\/strong>. Va hasta que est\u00e9 en frente del hombro. Ese movimiento es muy potente, por lo que debes mantener la activos todos los m\u00fasculos.<\/li>\n\n\n\n<li>Ah\u00ed el brazo tiene una inercia, si no la sientes, es porque no est\u00e1s haciendo bien el movimiento o lo haces muy lento. <strong>La inercia hace que la mano tienda a ir para adelante, sigue el movimiento<\/strong>. Frena la mano instant\u00e1neamente cuando llegue exactamente en frente del hombro y \u00fasala como si fueras a agarrar algo, como si fuera una garra.<\/li>\n\n\n\n<li> Si quieres puedes terminar con el movimiento ah\u00ed, con lo que se conoce como un Arm Placement, pero tambi\u00e9n puedes continuarlo devolviendo el brazo a la posici\u00f3n inicial arriba del hombro.<\/li>\n<\/ul>\n\n\n\n<figure class=\"wp-block-embed alignwide is-type-video is-provider-youtube wp-block-embed-youtube\"><div class=\"wp-block-embed__wrapper\">\n<div class=\"nv-iframe-embed\"><div class=\"container-lazyload preview-lazyload container-youtube js-lazyload--not-loaded\"><a href=\"https:\/\/youtu.be\/xt-bsgNqfSI?t=13\" class=\"lazy-load-youtube preview-lazyload preview-youtube\" data-video-title=\"KRUMP TUTORIAL #3: BASICS (ARMSWING)\" title=\"Play video &quot;KRUMP TUTORIAL #3: BASICS (ARMSWING)&quot;\" target=\"_blank\" rel=\"noopener\">https:\/\/youtu.be\/xt-bsgNqfSI?t=13<\/a><noscript>Video can&#8217;t be loaded because JavaScript is disabled: <a href=\"https:\/\/youtu.be\/xt-bsgNqfSI?t=13\" title=\"KRUMP TUTORIAL #3: BASICS (ARMSWING)\" target=\"_blank\" rel=\"noopener\">KRUMP TUTORIAL #3: BASICS (ARMSWING) (https:\/\/youtu.be\/xt-bsgNqfSI?t=13)<\/a><\/noscript><\/div><\/div>\n<\/div><\/figure>\n\n\n\n<h2 class=\"wp-block-heading\" id=\"Tipos\">Tipos y opciones para hacer el Arm Swing<\/h2>\n\n\n\n<p>Hay diferentes formas de desarrollar el Arm Swing. Por lo que te traigo ac\u00e1 varias opciones que puedes incluir en tu baile.<\/p>\n\n\n\n<ul class=\"wp-block-list\">\n<li><strong>Recoger vs Lanzar<\/strong>: Puedes usar el Arm Swing para recoger algo o agarrar, que fue el que vimos inicialmente que volv\u00eda al hombro. El de lanzar tiene una trayectoria similar solo que la mano tiene el movimiento de soltar, como si tuvieras una piedra y la estuvieras lanzando. Eso se nota en particular cuando la mano llega completamente a adelante.<\/li>\n\n\n\n<li><strong>Direcciones<\/strong>: el Arm Swing que vimos en la secci\u00f3n anterior era adelante, pero no tiene por qu\u00e9 ser as\u00ed siempre, puede ser a la derecha, a la izquierda, a abajo, a arriba y diagonales.<\/li>\n\n\n\n<li><strong>Veloces vs lentos<\/strong>: aunque lograr la inercia que permite ver el movimiento de una forma impactante, hacer el Arm swing de una forma lenta tambi\u00e9n es factible y permite usar movimientos mucho m\u00e1s amplios.<\/li>\n<\/ul>\n\n\n\n<figure class=\"wp-block-embed alignwide is-type-video is-provider-youtube wp-block-embed-youtube\"><div class=\"wp-block-embed__wrapper\">\n<div class=\"nv-iframe-embed\"><div class=\"container-lazyload preview-lazyload container-youtube js-lazyload--not-loaded\"><a href=\"https:\/\/youtu.be\/jhSDTIg5yWo\" class=\"lazy-load-youtube preview-lazyload preview-youtube\" data-video-title=\"Krump 4.0 - Swing &amp; Rumble\" title=\"Play video &quot;Krump 4.0 - Swing &amp; Rumble&quot;\" target=\"_blank\" rel=\"noopener\">https:\/\/youtu.be\/jhSDTIg5yWo<\/a><noscript>Video can&#8217;t be loaded because JavaScript is disabled: <a href=\"https:\/\/youtu.be\/jhSDTIg5yWo\" title=\"Krump 4.0 - Swing &amp; Rumble\" target=\"_blank\" rel=\"noopener\">Krump 4.0 &#8211; Swing &amp; Rumble (https:\/\/youtu.be\/jhSDTIg5yWo)<\/a><\/noscript><\/div><\/div>\n<\/div><\/figure>\n\n\n\n<h2 class=\"wp-block-heading\" id=\"Consejos\">Consejos para usar Arm Swings<\/h2>\n\n\n\n<p>Usar un Arm Swing no puede ser algo plano. Por muy bien que lo hagas, s\u00f3lo se ve bonito una vez y luego aburre. Entonces, ac\u00e1 te tengo unos consejos para que hagas las variaciones:<\/p>\n\n\n\n<ul class=\"wp-block-list\">\n<li>Haz varios tipos de Arm Swing seguidos, usa las direcciones, velocidades, agarra y suelta. Hazlo con ambos brazos.<\/li>\n\n\n\n<li>Sigue el consejo del video de Tight Eyez, usa el <a href=\"https:\/\/sqardance.com\/index.php\/krump\/movimientos-o-pasos\/wobble\/\" data-type=\"page\" data-id=\"1200\">Wobble<\/a> para acompa\u00f1ar el Arm Swing.<\/li>\n\n\n\n<li>Finaliza el Arm Swing con un estacato, qu\u00e9date completamente por un instante, como lo ser\u00eda un Freeze en Break Dance.<\/li>\n\n\n\n<li>Realiza un movimiento de reacci\u00f3n al terminar el Arm Swing. Por ejemplo, cuando llegue adelante activa el <a href=\"https:\/\/sqardance.com\/index.php\/krump\/movimientos-o-pasos\/que-es-bounce\/\" data-type=\"page\" data-id=\"1190\">Bounce<\/a> o cuando recojas el brazo y la mano llegue al hombro, haz que pecho siga para atr\u00e1s como si lo que recogiste fuera tan pesado que es dif\u00edcil de detener.<\/li>\n<\/ul>\n\n\n\n<h2 class=\"wp-block-heading\" id=\"Entrenar\">\u00bfC\u00f3mo entrenar el Arm Swing de Krump?<\/h2>\n\n\n\n<p>Este es un movimiento que no tiene un forma exacta de hacerse, por lo que lo mejor es experimentar con \u00e9l. Para este objetivo te traigo los siguientes ejercicios:<\/p>\n\n\n\n<ul class=\"wp-block-list\">\n<li>Comienza practicando s\u00f3lo el movimiento del codo, el que haces exactamente antes de que la mano llegue en frente al hombro. Hazlo tanto para arriba como para abajo. Practica como si fueran roll de brazo. <\/li>\n\n\n\n<li>Despu\u00e9s agrega el movimiento del codo. En este punto te dar\u00e1s cuenta de que el codo es el que da la direcci\u00f3n del movimiento. Entonces ac\u00e1 es donde tiene mayor sentido practicar los cambios de direcci\u00f3n.<\/li>\n\n\n\n<li>Por \u00faltimo, toma en cuenta el movimiento del pecho. El torso es la base del Krump, si no lo haces as\u00ed, entonces siempre se ver\u00e1 como si faltara la esencia de este estilo de baile. Para poderlo hacer bien, inicia haciendo ejercicios de disociaci\u00f3n entre pecho y brazo, por ejemplo mover los hombros como el Wobble mientras mueves el codo para adelante y atr\u00e1s. Tambi\u00e9n practica cada uno de los movimientos de forma independiente y al final los unes.<\/li>\n\n\n\n<li>Para poderlo incorporar en tu danza, debes poderlo hacer en continuaci\u00f3n con otros movimientos que ya conozcas. Realiza una lista de esos movimientos y comienza a intercalarlos cada uno con el Arm Swing. Ejemplo, si s\u00f3lo conozco dos movimientos como el Wooble y el Chest Pop, entonces hago un Arm Swing seguido de un Wobble, repito el Arm Swing, hago un Chest Pop y termino con un Arm Swing. Eso har\u00e1 que cuando lo quieras ejecutar ya tengas la experiencia para no frenarte e iniciar el movimiento como si fuera una pieza de baile distinta.<\/li>\n<\/ul>\n\n\n\n<p>Espero que con te haya ser puedas entrenar el Arm Swing e incrementes tus habilidades como bailar\u00edn.<\/p>\n\n\n\n<h2 class=\"wp-block-heading\">Otros art\u00edculos que te pueden interesar<\/h2>\n\n\n\n<figure class=\"wp-block-gallery has-nested-images columns-default is-cropped wp-block-gallery-1 is-layout-flex wp-block-gallery-is-layout-flex\">\n<figure class=\"wp-block-image size-large\"><a href=\"https:\/\/sqardance.com\/index.php\/hip-hop\/estilos-de-baile\/\"><img decoding=\"async\" width=\"480\" height=\"853\" data-id=\"1119\" data-src=\"https:\/\/sqardance.com\/wp-content\/uploads\/2024\/04\/pexels-keenan-constance-2865891-edited.jpg\" alt=\"Elementos del Hip Hop\" class=\"wp-image-1119 lazyload\" data-srcset=\"https:\/\/sqardance.com\/wp-content\/uploads\/2024\/04\/pexels-keenan-constance-2865891-edited.jpg 480w, https:\/\/sqardance.com\/wp-content\/uploads\/2024\/04\/pexels-keenan-constance-2865891-edited-169x300.jpg 169w\" data-sizes=\"(max-width: 480px) 100vw, 480px\" src=\"data:image\/svg+xml;base64,PHN2ZyB3aWR0aD0iMSIgaGVpZ2h0PSIxIiB4bWxucz0iaHR0cDovL3d3dy53My5vcmcvMjAwMC9zdmciPjwvc3ZnPg==\" style=\"--smush-placeholder-width: 480px; --smush-placeholder-aspect-ratio: 480\/853;\" \/><\/a><figcaption class=\"wp-element-caption\"><a href=\"https:\/\/sqardance.com\/index.php\/hip-hop\/estilos-de-baile\/\" data-type=\"page\" data-id=\"501\">Estilos de baile del Hip Hop<\/a><\/figcaption><\/figure>\n\n\n\n<figure class=\"wp-block-image size-large\"><a href=\"https:\/\/sqardance.com\/index.php\/hip-hop\/elementos\/\"><img decoding=\"async\" width=\"640\" height=\"480\" data-id=\"467\" data-src=\"https:\/\/sqardance.com\/wp-content\/uploads\/2023\/11\/pexels-sarah-trummer-955798-1-edited.jpg\" alt=\"Elementos del Hip Hop\" class=\"wp-image-467 lazyload\" data-srcset=\"https:\/\/sqardance.com\/wp-content\/uploads\/2023\/11\/pexels-sarah-trummer-955798-1-edited.jpg 640w, https:\/\/sqardance.com\/wp-content\/uploads\/2023\/11\/pexels-sarah-trummer-955798-1-edited-300x225.jpg 300w\" data-sizes=\"(max-width: 640px) 100vw, 640px\" src=\"data:image\/svg+xml;base64,PHN2ZyB3aWR0aD0iMSIgaGVpZ2h0PSIxIiB4bWxucz0iaHR0cDovL3d3dy53My5vcmcvMjAwMC9zdmciPjwvc3ZnPg==\" style=\"--smush-placeholder-width: 640px; --smush-placeholder-aspect-ratio: 640\/480;\" \/><\/a><figcaption class=\"wp-element-caption\"><a href=\"https:\/\/sqardance.com\/index.php\/hip-hop\/elementos\/\" data-type=\"page\" data-id=\"437\">Elementos del Hip Hop<\/a><\/figcaption><\/figure>\n\n\n\n<figure class=\"wp-block-image size-large\"><a href=\"https:\/\/sqardance.com\/index.php\/krump\/movimientos-o-pasos\/\"><img decoding=\"async\" width=\"1024\" height=\"680\" data-id=\"1162\" data-src=\"https:\/\/sqardance.com\/wp-content\/uploads\/2024\/05\/krump_it_by_an1ken_d1z8gcg-1024x680.jpg\" alt=\"\" class=\"wp-image-1162 lazyload\" data-srcset=\"https:\/\/sqardance.com\/wp-content\/uploads\/2024\/05\/krump_it_by_an1ken_d1z8gcg-1024x680.jpg 1024w, https:\/\/sqardance.com\/wp-content\/uploads\/2024\/05\/krump_it_by_an1ken_d1z8gcg-300x199.jpg 300w, https:\/\/sqardance.com\/wp-content\/uploads\/2024\/05\/krump_it_by_an1ken_d1z8gcg-768x510.jpg 768w, https:\/\/sqardance.com\/wp-content\/uploads\/2024\/05\/krump_it_by_an1ken_d1z8gcg-1536x1020.jpg 1536w, https:\/\/sqardance.com\/wp-content\/uploads\/2024\/05\/krump_it_by_an1ken_d1z8gcg-2048x1360.jpg 2048w, https:\/\/sqardance.com\/wp-content\/uploads\/2024\/05\/krump_it_by_an1ken_d1z8gcg-scaled.jpg 1000w\" data-sizes=\"(max-width: 1024px) 100vw, 1024px\" src=\"data:image\/svg+xml;base64,PHN2ZyB3aWR0aD0iMSIgaGVpZ2h0PSIxIiB4bWxucz0iaHR0cDovL3d3dy53My5vcmcvMjAwMC9zdmciPjwvc3ZnPg==\" style=\"--smush-placeholder-width: 1024px; --smush-placeholder-aspect-ratio: 1024\/680;\" \/><\/a><figcaption class=\"wp-element-caption\"><a href=\"https:\/\/sqardance.com\/index.php\/krump\/movimientos-o-pasos\/\" data-type=\"page\" data-id=\"1072\">Lista de movimientos del Krump<\/a><\/figcaption><\/figure>\n<\/figure>\n","protected":false},"excerpt":{"rendered":"<p>El Arm Swing es uno de los movimientos b\u00e1sicos del Krump. Thight Eyez lo define como un t\u00e9rmino del lenguaje del Krump. Los t\u00e9rminos es como saberse las palabras y luego hablamos usando esas palabras, as\u00ed mismo este movimiento nos sirve para expresar a trav\u00e9s de este estilo de baile. De hecho es uno de&hellip;&nbsp;<a href=\"https:\/\/sqardance.com\/index.php\/krump\/movimientos-o-pasos\/arm-swing\/\" rel=\"bookmark\"><span class=\"screen-reader-text\">\u00bfC\u00f3mo se hace Arm swing en Krump?<\/span><\/a><\/p>\n","protected":false},"author":1,"featured_media":0,"parent":1072,"menu_order":0,"comment_status":"closed","ping_status":"closed","template":"","meta":{"neve_meta_sidebar":"","neve_meta_container":"","neve_meta_enable_content_width":"","neve_meta_content_width":0,"neve_meta_title_alignment":"","neve_meta_author_avatar":"","neve_post_elements_order":"","neve_meta_disable_header":"","neve_meta_disable_footer":"","neve_meta_disable_title":"","footnotes":""},"class_list":["post-1199","page","type-page","status-publish","hentry"],"_links":{"self":[{"href":"https:\/\/sqardance.com\/index.php\/wp-json\/wp\/v2\/pages\/1199","targetHints":{"allow":["GET"]}}],"collection":[{"href":"https:\/\/sqardance.com\/index.php\/wp-json\/wp\/v2\/pages"}],"about":[{"href":"https:\/\/sqardance.com\/index.php\/wp-json\/wp\/v2\/types\/page"}],"author":[{"embeddable":true,"href":"https:\/\/sqardance.com\/index.php\/wp-json\/wp\/v2\/users\/1"}],"replies":[{"embeddable":true,"href":"https:\/\/sqardance.com\/index.php\/wp-json\/wp\/v2\/comments?post=1199"}],"version-history":[{"count":6,"href":"https:\/\/sqardance.com\/index.php\/wp-json\/wp\/v2\/pages\/1199\/revisions"}],"predecessor-version":[{"id":1224,"href":"https:\/\/sqardance.com\/index.php\/wp-json\/wp\/v2\/pages\/1199\/revisions\/1224"}],"up":[{"embeddable":true,"href":"https:\/\/sqardance.com\/index.php\/wp-json\/wp\/v2\/pages\/1072"}],"wp:attachment":[{"href":"https:\/\/sqardance.com\/index.php\/wp-json\/wp\/v2\/media?parent=1199"}],"curies":[{"name":"wp","href":"https:\/\/api.w.org\/{rel}","templated":true}]}}