{"id":1190,"date":"2024-05-08T08:38:25","date_gmt":"2024-05-08T08:38:25","guid":{"rendered":"https:\/\/sqardance.com\/?page_id=1190"},"modified":"2024-05-09T04:34:32","modified_gmt":"2024-05-09T04:34:32","slug":"que-es-bounce","status":"publish","type":"page","link":"https:\/\/sqardance.com\/index.php\/krump\/movimientos-o-pasos\/que-es-bounce\/","title":{"rendered":"\u00bfQu\u00e9 es Bounce en el Krump?"},"content":{"rendered":"\n<p>El Bounce es uno de los movimientos b\u00e1sicos en varios estilos de baile, en especial en el Hip Hop. Por eso es normal que tambi\u00e9n lo tenga el Krump, aunque tiene diferencias muy caracter\u00edsticas particulares. Este art\u00edculo explicar\u00e9 espec\u00edficamente lo que significa en el Krump, parte de que ya tienes un conocimiento b\u00e1sico. Si no lo tienes, te dejo el art\u00edculo sobre <a href=\"https:\/\/sqardance.com\/index.php\/fundamentos-de-la-danza\/bounce\/\" data-type=\"page\" data-id=\"415\">\u00bfQu\u00e9 es el Bounce?<\/a> Si ya sabes contin\u00faa para entender las caracter\u00edsticas para este estilo<\/p>\n\n\n\n<h2 class=\"wp-block-heading\">Contenido<\/h2>\n\n\n\n<ul class=\"wp-block-list\">\n<li><a href=\"#definicion\" data-type=\"internal\" data-id=\"#definicion\">Concepto b\u00e1sico del Bounce<\/a><\/li>\n\n\n\n<li><a href=\"#Consejos\" data-type=\"internal\" data-id=\"#Consejos\">Consejo uno de los creadores del Krump sobre la importancia del Bounce<\/a><\/li>\n<\/ul>\n\n\n\n<h2 class=\"wp-block-heading\" id=\"definicion\">Concepto b\u00e1sico del Bounce<\/h2>\n\n\n\n<p>En el Krump el movimiento del Bounce es parte fundamental del <a href=\"https:\/\/sqardance.com\/index.php\/fundamentos-de-la-danza\/que-es-el-groove-en-la-danza\/\" data-type=\"page\" data-id=\"677\">Groove<\/a>. Tight Eyez lo describe como si fuera la respiraci\u00f3n del baile. Se centra en dos partes: <\/p>\n\n\n\n<ul class=\"wp-block-list\">\n<li><strong>Flexionar las rodillas<\/strong>: por temas de salud, aseg\u00farate de que la punta de la rodilla coincide con la direcci\u00f3n de la punta del p\u00ede. Hazla en la posici\u00f3n formando un diamante con las piernas, como si fuera una <a href=\"https:\/\/sqardance.com\/index.php\/fundamentos-de-la-danza\/posicion-primera\/\" data-type=\"page\" data-id=\"584\">posici\u00f3n primera<\/a> con demi pli\u00e9. Al aumentar el pli\u00e9 la cadera bajar\u00e1 y el control de ese movimiento es uno de los componentes del Krump.<\/li>\n\n\n\n<li><strong>Disociaci\u00f3n del torso<\/strong>: mover el torso en una disociaci\u00f3n con el mismo efecto de rebote es el otro movimiento que complementa el Bounce.Es importante notar que algunas partes del cuerpo como la cabeza no se mueven igual para darle mayor notoriedad al torso. Mueve el pecho hasta que se muevan los hombros, ese es un buen indicador de que est\u00e1s haciendo un movimiento amplio.<\/li>\n<\/ul>\n\n\n\n<figure class=\"wp-block-embed alignwide is-type-video is-provider-youtube wp-block-embed-youtube\"><div class=\"wp-block-embed__wrapper\">\n<div class=\"nv-iframe-embed\"><div class=\"container-lazyload preview-lazyload container-youtube js-lazyload--not-loaded\"><a href=\"https:\/\/youtu.be\/8voWS4eY-eM\" class=\"lazy-load-youtube preview-lazyload preview-youtube\" data-video-title=\"TUTORIAL DE KRUMP:  the bounce\" title=\"Play video &quot;TUTORIAL DE KRUMP:  the bounce&quot;\" target=\"_blank\" rel=\"noopener\">https:\/\/youtu.be\/8voWS4eY-eM<\/a><noscript>Video can&#8217;t be loaded because JavaScript is disabled: <a href=\"https:\/\/youtu.be\/8voWS4eY-eM\" title=\"TUTORIAL DE KRUMP:  the bounce\" target=\"_blank\" rel=\"noopener\">TUTORIAL DE KRUMP:  the bounce (https:\/\/youtu.be\/8voWS4eY-eM)<\/a><\/noscript><\/div><\/div>\n<\/div><\/figure>\n\n\n\n<h2 class=\"wp-block-heading\" id=\"Consejos\">Consejo uno de los creadores del Krump sobre la importancia del Bounce<\/h2>\n\n\n\n<p>Hay un video de Tight Eyez que es muy interesante donde habla del groove y en particular del Bounce. Y da unos tips que pueden ayudar a mejorar tu baile. Si sabes ingl\u00e9s, puedes verlos t\u00fa mismo en el video que est\u00e1 m\u00e1s abajo, si no, entonces lee que ac\u00e1 te los enumero:<\/p>\n\n\n\n<ul class=\"wp-block-list\">\n<li>Usa el Bounce como una respiraci\u00f3n en el baile, debe estar presente todo el tiempo.<\/li>\n\n\n\n<li>Antes de practicar movimientos complejos, enf\u00f3cate en practicar muy bien las bases y el Bounce es una de ellas.<\/li>\n\n\n\n<li>Puedes usar el Bounce como una reacci\u00f3n a un movimiento, por ejemplo un Stomp. Es particularmente \u00fatil cuando la gente se estanca mientras baila.<\/li>\n\n\n\n<li>El Bounce puede ir con el Beat de la canci\u00f3n, pero tambi\u00e9n puede darme mi propio ritmo, no tiene que ser constante.<\/li>\n\n\n\n<li>El Bounce puede ser una conexi\u00f3n con entre dos pasos, por ejemplo haces un Chest Pop, luego el Bounce y sigues a otro movimiento generando una continuidad. <\/li>\n\n\n\n<li>Concentrate en el Bounce porque puedes tener los Arm Swings, Chest Pops y cualquier otro movimiento, pero lo que hace que funcione bien es el Bounce.<\/li>\n\n\n\n<li>Exagera el Bounce en el torso, las piernas sostienen y est\u00e1n bien, pero el torso es lo que le va a dar un mejor groove.<\/li>\n<\/ul>\n\n\n\n<figure class=\"wp-block-embed alignwide is-type-video is-provider-youtube wp-block-embed-youtube\"><div class=\"wp-block-embed__wrapper\">\n<div class=\"nv-iframe-embed\"><div class=\"container-lazyload preview-lazyload container-youtube js-lazyload--not-loaded\"><a href=\"https:\/\/youtu.be\/ceSJ2YlfzKE\" class=\"lazy-load-youtube preview-lazyload preview-youtube\" data-video-title=\"KRUMP BASICS - TRAVELING + THE BOUNCE\" title=\"Play video &quot;KRUMP BASICS - TRAVELING + THE BOUNCE&quot;\" target=\"_blank\" rel=\"noopener\">https:\/\/youtu.be\/ceSJ2YlfzKE<\/a><noscript>Video can&#8217;t be loaded because JavaScript is disabled: <a href=\"https:\/\/youtu.be\/ceSJ2YlfzKE\" title=\"KRUMP BASICS - TRAVELING + THE BOUNCE\" target=\"_blank\" rel=\"noopener\">KRUMP BASICS &#8211; TRAVELING + THE BOUNCE (https:\/\/youtu.be\/ceSJ2YlfzKE)<\/a><\/noscript><\/div><\/div>\n<\/div><\/figure>\n\n\n\n<h2 class=\"wp-block-heading\">Otros art\u00edculos que te pueden interesar<\/h2>\n\n\n\n<figure class=\"wp-block-gallery has-nested-images columns-default is-cropped wp-block-gallery-1 is-layout-flex wp-block-gallery-is-layout-flex\">\n<figure class=\"wp-block-image size-large\"><a href=\"https:\/\/sqardance.com\/index.php\/krump\/movimientos-o-pasos\/\"><img decoding=\"async\" width=\"1024\" height=\"680\" data-id=\"1162\" data-src=\"https:\/\/sqardance.com\/wp-content\/uploads\/2024\/05\/krump_it_by_an1ken_d1z8gcg-1024x680.jpg\" alt=\"\" class=\"wp-image-1162 lazyload\" data-srcset=\"https:\/\/sqardance.com\/wp-content\/uploads\/2024\/05\/krump_it_by_an1ken_d1z8gcg-1024x680.jpg 1024w, https:\/\/sqardance.com\/wp-content\/uploads\/2024\/05\/krump_it_by_an1ken_d1z8gcg-300x199.jpg 300w, https:\/\/sqardance.com\/wp-content\/uploads\/2024\/05\/krump_it_by_an1ken_d1z8gcg-768x510.jpg 768w, https:\/\/sqardance.com\/wp-content\/uploads\/2024\/05\/krump_it_by_an1ken_d1z8gcg-1536x1020.jpg 1536w, https:\/\/sqardance.com\/wp-content\/uploads\/2024\/05\/krump_it_by_an1ken_d1z8gcg-2048x1360.jpg 2048w, https:\/\/sqardance.com\/wp-content\/uploads\/2024\/05\/krump_it_by_an1ken_d1z8gcg-scaled.jpg 1000w\" data-sizes=\"(max-width: 1024px) 100vw, 1024px\" src=\"data:image\/svg+xml;base64,PHN2ZyB3aWR0aD0iMSIgaGVpZ2h0PSIxIiB4bWxucz0iaHR0cDovL3d3dy53My5vcmcvMjAwMC9zdmciPjwvc3ZnPg==\" style=\"--smush-placeholder-width: 1024px; --smush-placeholder-aspect-ratio: 1024\/680;\" \/><\/a><figcaption class=\"wp-element-caption\"><a href=\"https:\/\/sqardance.com\/index.php\/krump\/movimientos-o-pasos\/\" data-type=\"page\" data-id=\"1072\">Lista de pasos del Krump<\/a><\/figcaption><\/figure>\n\n\n\n<figure class=\"wp-block-image size-large\"><img decoding=\"async\" width=\"700\" height=\"309\" data-id=\"1163\" data-src=\"https:\/\/sqardance.com\/wp-content\/uploads\/2024\/05\/Marge-Krump.jpg\" alt=\"\" class=\"wp-image-1163 lazyload\" data-srcset=\"https:\/\/sqardance.com\/wp-content\/uploads\/2024\/05\/Marge-Krump.jpg 700w, https:\/\/sqardance.com\/wp-content\/uploads\/2024\/05\/Marge-Krump-300x132.jpg 300w\" data-sizes=\"(max-width: 700px) 100vw, 700px\" src=\"data:image\/svg+xml;base64,PHN2ZyB3aWR0aD0iMSIgaGVpZ2h0PSIxIiB4bWxucz0iaHR0cDovL3d3dy53My5vcmcvMjAwMC9zdmciPjwvc3ZnPg==\" style=\"--smush-placeholder-width: 700px; --smush-placeholder-aspect-ratio: 700\/309;\" \/><figcaption class=\"wp-element-caption\"><a href=\"https:\/\/sqardance.com\/index.php\/krump\/historia\/\" data-type=\"page\" data-id=\"1071\">Historia del Krump desde el Clowing hasta el meme de Marge Simpson<\/a><\/figcaption><\/figure>\n\n\n\n<figure class=\"wp-block-image size-large\"><a href=\"https:\/\/sqardance.com\/index.php\/litefeet-dance\/historia\/\"><img decoding=\"async\" width=\"1024\" height=\"576\" data-id=\"1052\" data-src=\"https:\/\/sqardance.com\/wp-content\/uploads\/2024\/04\/Chrybaby-1024x576.jpg\" alt=\"\" class=\"wp-image-1052 lazyload\" data-srcset=\"https:\/\/sqardance.com\/wp-content\/uploads\/2024\/04\/Chrybaby-1024x576.jpg 1024w, https:\/\/sqardance.com\/wp-content\/uploads\/2024\/04\/Chrybaby-300x169.jpg 300w, https:\/\/sqardance.com\/wp-content\/uploads\/2024\/04\/Chrybaby-768x432.jpg 768w, https:\/\/sqardance.com\/wp-content\/uploads\/2024\/04\/Chrybaby-scaled.jpg 1000w\" data-sizes=\"(max-width: 1024px) 100vw, 1024px\" src=\"data:image\/svg+xml;base64,PHN2ZyB3aWR0aD0iMSIgaGVpZ2h0PSIxIiB4bWxucz0iaHR0cDovL3d3dy53My5vcmcvMjAwMC9zdmciPjwvc3ZnPg==\" style=\"--smush-placeholder-width: 1024px; --smush-placeholder-aspect-ratio: 1024\/576;\" \/><\/a><figcaption class=\"wp-element-caption\"><a href=\"https:\/\/sqardance.com\/index.php\/litefeet-dance\/historia\/\" data-type=\"page\" data-id=\"1020\">Historia del lite feet<\/a><\/figcaption><\/figure>\n<\/figure>\n","protected":false},"excerpt":{"rendered":"<p>El Bounce es uno de los movimientos b\u00e1sicos en varios estilos de baile, en especial en el Hip Hop. Por eso es normal que tambi\u00e9n lo tenga el Krump, aunque tiene diferencias muy caracter\u00edsticas particulares. Este art\u00edculo explicar\u00e9 espec\u00edficamente lo que significa en el Krump, parte de que ya tienes un conocimiento b\u00e1sico. Si no&hellip;&nbsp;<a href=\"https:\/\/sqardance.com\/index.php\/krump\/movimientos-o-pasos\/que-es-bounce\/\" rel=\"bookmark\"><span class=\"screen-reader-text\">\u00bfQu\u00e9 es Bounce en el Krump?<\/span><\/a><\/p>\n","protected":false},"author":1,"featured_media":0,"parent":1072,"menu_order":0,"comment_status":"closed","ping_status":"closed","template":"","meta":{"neve_meta_sidebar":"","neve_meta_container":"","neve_meta_enable_content_width":"","neve_meta_content_width":0,"neve_meta_title_alignment":"","neve_meta_author_avatar":"","neve_post_elements_order":"","neve_meta_disable_header":"","neve_meta_disable_footer":"","neve_meta_disable_title":"","footnotes":""},"class_list":["post-1190","page","type-page","status-publish","hentry"],"_links":{"self":[{"href":"https:\/\/sqardance.com\/index.php\/wp-json\/wp\/v2\/pages\/1190","targetHints":{"allow":["GET"]}}],"collection":[{"href":"https:\/\/sqardance.com\/index.php\/wp-json\/wp\/v2\/pages"}],"about":[{"href":"https:\/\/sqardance.com\/index.php\/wp-json\/wp\/v2\/types\/page"}],"author":[{"embeddable":true,"href":"https:\/\/sqardance.com\/index.php\/wp-json\/wp\/v2\/users\/1"}],"replies":[{"embeddable":true,"href":"https:\/\/sqardance.com\/index.php\/wp-json\/wp\/v2\/comments?post=1190"}],"version-history":[{"count":6,"href":"https:\/\/sqardance.com\/index.php\/wp-json\/wp\/v2\/pages\/1190\/revisions"}],"predecessor-version":[{"id":1203,"href":"https:\/\/sqardance.com\/index.php\/wp-json\/wp\/v2\/pages\/1190\/revisions\/1203"}],"up":[{"embeddable":true,"href":"https:\/\/sqardance.com\/index.php\/wp-json\/wp\/v2\/pages\/1072"}],"wp:attachment":[{"href":"https:\/\/sqardance.com\/index.php\/wp-json\/wp\/v2\/media?parent=1190"}],"curies":[{"name":"wp","href":"https:\/\/api.w.org\/{rel}","templated":true}]}}