{"id":1137,"date":"2024-04-30T09:00:31","date_gmt":"2024-04-30T09:00:31","guid":{"rendered":"https:\/\/sqardance.com\/?page_id=1137"},"modified":"2024-04-30T09:00:32","modified_gmt":"2024-04-30T09:00:32","slug":"bailes-con-manos","status":"publish","type":"page","link":"https:\/\/sqardance.com\/index.php\/fundamentos-de-la-danza\/preguntas-danza\/bailes-con-manos\/","title":{"rendered":"\u00bfC\u00f3mo se llama el baile que se hace con las manos?"},"content":{"rendered":"\n<div class=\"wp-block-group\"><div class=\"wp-block-group__inner-container is-layout-constrained wp-block-group-is-layout-constrained\">\n<p>En realidad hay m\u00e1s de un estilo que se baila con las manos o brazos. En este art\u00edculo te traigo los 3 m\u00e1s importantes de la actualidad que son el Whacking\/Waacking, el Tutting y el Electro Dance. Vamos a ver de qu\u00e9 se trata cada uno.<\/p>\n\n\n<div class=\"wp-block-image\">\n<figure class=\"alignright size-full is-resized\"><img decoding=\"async\" width=\"1000\" height=\"782\" data-src=\"https:\/\/sqardance.com\/wp-content\/uploads\/2023\/12\/CuartaBallet.png\" alt=\"Baile con los brazos\" class=\"wp-image-638 lazyload\" style=\"--smush-placeholder-width: 1000px; --smush-placeholder-aspect-ratio: 1000\/782;width:474px;height:auto\" data-srcset=\"https:\/\/sqardance.com\/wp-content\/uploads\/2023\/12\/CuartaBallet.png 1000w, https:\/\/sqardance.com\/wp-content\/uploads\/2023\/12\/CuartaBallet-300x235.png 300w, https:\/\/sqardance.com\/wp-content\/uploads\/2023\/12\/CuartaBallet-768x601.png 768w\" data-sizes=\"(max-width: 1000px) 100vw, 1000px\" src=\"data:image\/svg+xml;base64,PHN2ZyB3aWR0aD0iMSIgaGVpZ2h0PSIxIiB4bWxucz0iaHR0cDovL3d3dy53My5vcmcvMjAwMC9zdmciPjwvc3ZnPg==\" \/><\/figure><\/div><\/div><\/div>\n\n\n\n<h2 class=\"wp-block-heading\">Contenido<\/h2>\n\n\n\n<ul class=\"wp-block-list\">\n<li><a href=\"#Whacking\" data-type=\"internal\" data-id=\"#Whacking\">Whacking<\/a><\/li>\n\n\n\n<li><a href=\"#Tutting\" data-type=\"internal\" data-id=\"#Tutting\">Tutting<\/a><\/li>\n\n\n\n<li><a href=\"#Electrodance\" data-type=\"internal\" data-id=\"#Electrodance\">Electrodance<\/a><\/li>\n<\/ul>\n\n\n\n<h2 class=\"wp-block-heading\" id=\"Whacking\">Whacking<\/h2>\n\n\n\n<p>Este es uno de los estilos particulares del Funk. Naci\u00f3 durante los a\u00f1os 70&#8217;s en los clubs en los que asist\u00eda la comunidad gay en Los \u00c1ngeles, California. Se hizo popular en los a\u00f1os 70&#8217;s gracias al programa de televisi\u00f3n Soul Train, que hizo famosos a muchos de los estilos de baile m\u00e1s populares hoy en d\u00eda. Este estilo no tiene pasos definidos, \u00fanicamente movimientos de baile y es as\u00ed porque su principal forma de baile es el <a href=\"https:\/\/sqardance.com\/index.php\/fundamentos-de-la-danza\/freestyle\/\" data-type=\"page\" data-id=\"368\">freestyle<\/a>. Debido a su influencia de la comunidad gay, sus movimientos tienen una tendencia femenina, aunque no es exclusivo de gays ni se tiene que expresar feminidad, s\u00f3lo es una caracter\u00edstica com\u00fan. Ac\u00e1 dejo una muestra de este tipo de baile.<\/p>\n\n\n\n<figure class=\"wp-block-embed alignwide is-type-video is-provider-youtube wp-block-embed-youtube\"><div class=\"wp-block-embed__wrapper\">\n<div class=\"nv-iframe-embed\"><div class=\"container-lazyload preview-lazyload container-youtube js-lazyload--not-loaded\"><a href=\"https:\/\/youtu.be\/J1IugRb0PXA?t=14\" class=\"lazy-load-youtube preview-lazyload preview-youtube\" data-video-title=\"IBUKI \u25aa\ufe0f Waacking \ud83d\udd25 Judge Showcase \u25aa\ufe0f &quot;THE CIRCLE \ud83c\udf10 DANCE LAB&quot; 2022\" title=\"Play video &quot;IBUKI \u25aa\ufe0f Waacking \ud83d\udd25 Judge Showcase \u25aa\ufe0f &quot;THE CIRCLE \ud83c\udf10 DANCE LAB&quot; 2022&quot;\" target=\"_blank\" rel=\"noopener\">https:\/\/youtu.be\/J1IugRb0PXA?t=14<\/a><noscript>Video can&#8217;t be loaded because JavaScript is disabled: <a href=\"https:\/\/youtu.be\/J1IugRb0PXA?t=14\" title=\"IBUKI \u25aa\ufe0f Waacking \ud83d\udd25 Judge Showcase \u25aa\ufe0f &quot;THE CIRCLE \ud83c\udf10 DANCE LAB&quot; 2022\" target=\"_blank\" rel=\"noopener\">IBUKI \u25aa\ufe0f Waacking \ud83d\udd25 Judge Showcase \u25aa\ufe0f &quot;THE CIRCLE \ud83c\udf10 DANCE LAB&quot; 2022 (https:\/\/youtu.be\/J1IugRb0PXA?t=14)<\/a><\/noscript><\/div><\/div>\n<\/div><\/figure>\n\n\n\n<h2 class=\"wp-block-heading\" id=\"Tutting\">Tutting <\/h2>\n\n\n\n<p>Este estilo que pertenece en la actualidad a una de las ramas del Popping. Su objetivo es crear figuras geom\u00e9tricas con las manos y los brazos. Tambi\u00e9n toma como inspiraci\u00f3n muchas formas de los jerogl\u00edficos y dibujos egipcios que estaban en muros. Incluso tiene movimientos espec\u00edficos para los dedos. Eso tiene implicaciones interesantes en este estilo de baile porque mientras muchos estilos se centran en los movimientos grandes, este le da much\u00edsima importancia a los detalles peque\u00f1os.<\/p>\n\n\n\n<figure class=\"wp-block-embed alignwide is-type-video is-provider-youtube wp-block-embed-youtube\"><div class=\"wp-block-embed__wrapper\">\n<div class=\"nv-iframe-embed\"><div class=\"container-lazyload preview-lazyload container-youtube js-lazyload--not-loaded\"><a href=\"https:\/\/youtu.be\/oJ6mC4DsOM4\" class=\"lazy-load-youtube preview-lazyload preview-youtube\" data-video-title=\"Sadeck | Tutting |Murmuration 20\" title=\"Play video &quot;Sadeck | Tutting |Murmuration 20&quot;\" target=\"_blank\" rel=\"noopener\">https:\/\/youtu.be\/oJ6mC4DsOM4<\/a><noscript>Video can&#8217;t be loaded because JavaScript is disabled: <a href=\"https:\/\/youtu.be\/oJ6mC4DsOM4\" title=\"Sadeck | Tutting |Murmuration 20\" target=\"_blank\" rel=\"noopener\">Sadeck | Tutting |Murmuration 20 (https:\/\/youtu.be\/oJ6mC4DsOM4)<\/a><\/noscript><\/div><\/div>\n<\/div><\/figure>\n\n\n\n<h2 class=\"wp-block-heading\" id=\"Electrodance\">Electrodance<\/h2>\n\n\n\n<p>Este es un estilo creado para m\u00fasica electr\u00f3nica en Francia a los inicios de la d\u00e9cada del 2000, tambi\u00e9n llamado tecktonik, eso debido a una marca que patrocinaba eventos de m\u00fasica electr\u00f3nica. Tiene claras influencias del Whacking, pero tiende a jugar much\u00edsimo m\u00e1s con los cruces de los brazos, adem\u00e1s de tambi\u00e9n involucrar mucho m\u00e1s otras partes del cuerpo como la cabeza, el torso e incluso las piernas, donde suele completarse figuras que tienen de eje las extremidades superiores. <\/p>\n\n\n\n<figure class=\"wp-block-embed alignwide is-type-video is-provider-youtube wp-block-embed-youtube\"><div class=\"wp-block-embed__wrapper\">\n<div class=\"nv-iframe-embed\"><div class=\"container-lazyload preview-lazyload container-youtube js-lazyload--not-loaded\"><a href=\"https:\/\/youtu.be\/YU0DEXuguWo?t=8\" class=\"lazy-load-youtube preview-lazyload preview-youtube\" data-video-title=\"VICTORY CUP 2022 | BEST DUET CHOREO PRO | 2 \u041c\u0415\u0421\u0422\u041e - RONIN &amp; LOONY BOY\" title=\"Play video &quot;VICTORY CUP 2022 | BEST DUET CHOREO PRO | 2 \u041c\u0415\u0421\u0422\u041e - RONIN &amp; LOONY BOY&quot;\" target=\"_blank\" rel=\"noopener\">https:\/\/youtu.be\/YU0DEXuguWo?t=8<\/a><noscript>Video can&#8217;t be loaded because JavaScript is disabled: <a href=\"https:\/\/youtu.be\/YU0DEXuguWo?t=8\" title=\"VICTORY CUP 2022 | BEST DUET CHOREO PRO | 2 \u041c\u0415\u0421\u0422\u041e - RONIN &amp; LOONY BOY\" target=\"_blank\" rel=\"noopener\">VICTORY CUP 2022 | BEST DUET CHOREO PRO | 2 \u041c\u0415\u0421\u0422\u041e &#8211; RONIN &amp; LOONY BOY (https:\/\/youtu.be\/YU0DEXuguWo?t=8)<\/a><\/noscript><\/div><\/div>\n<\/div><\/figure>\n\n\n\n<h2 class=\"wp-block-heading\">Otros art\u00edculos que te pueden interesar<\/h2>\n\n\n\n<figure class=\"wp-block-gallery has-nested-images columns-default is-cropped wp-block-gallery-1 is-layout-flex wp-block-gallery-is-layout-flex\">\n<figure class=\"wp-block-image size-large\"><a href=\"https:\/\/sqardance.com\/index.php\/hip-hop\/estilos-de-baile\/\"><img decoding=\"async\" width=\"985\" height=\"1024\" data-id=\"1134\" data-src=\"https:\/\/sqardance.com\/wp-content\/uploads\/2024\/04\/tight_eyez___street_kingdom___krump_kings___by_ceydoo_blueshine_d7zs50e-985x1024.png\" alt=\"\" class=\"wp-image-1134 lazyload\" data-srcset=\"https:\/\/sqardance.com\/wp-content\/uploads\/2024\/04\/tight_eyez___street_kingdom___krump_kings___by_ceydoo_blueshine_d7zs50e-985x1024.png 985w, https:\/\/sqardance.com\/wp-content\/uploads\/2024\/04\/tight_eyez___street_kingdom___krump_kings___by_ceydoo_blueshine_d7zs50e-288x300.png 288w, https:\/\/sqardance.com\/wp-content\/uploads\/2024\/04\/tight_eyez___street_kingdom___krump_kings___by_ceydoo_blueshine_d7zs50e-768x799.png 768w, https:\/\/sqardance.com\/wp-content\/uploads\/2024\/04\/tight_eyez___street_kingdom___krump_kings___by_ceydoo_blueshine_d7zs50e-1477x1536.png 1477w, https:\/\/sqardance.com\/wp-content\/uploads\/2024\/04\/tight_eyez___street_kingdom___krump_kings___by_ceydoo_blueshine_d7zs50e-1969x2048.png 1969w, https:\/\/sqardance.com\/wp-content\/uploads\/2024\/04\/tight_eyez___street_kingdom___krump_kings___by_ceydoo_blueshine_d7zs50e.png 962w\" data-sizes=\"(max-width: 985px) 100vw, 985px\" src=\"data:image\/svg+xml;base64,PHN2ZyB3aWR0aD0iMSIgaGVpZ2h0PSIxIiB4bWxucz0iaHR0cDovL3d3dy53My5vcmcvMjAwMC9zdmciPjwvc3ZnPg==\" style=\"--smush-placeholder-width: 985px; --smush-placeholder-aspect-ratio: 985\/1024;\" \/><\/a><figcaption class=\"wp-element-caption\"><a href=\"https:\/\/sqardance.com\/index.php\/hip-hop\/estilos-de-baile\/\" data-type=\"page\" data-id=\"501\">Estilos de baile del Hip Hop<\/a><\/figcaption><\/figure>\n\n\n\n<figure class=\"wp-block-image size-large\"><a href=\"https:\/\/sqardance.com\/index.php\/metal-dance\/como-bailar-metal\/\"><img decoding=\"async\" width=\"480\" height=\"360\" data-id=\"753\" data-src=\"https:\/\/sqardance.com\/wp-content\/uploads\/2024\/02\/Babymetal.jpg\" alt=\"\" class=\"wp-image-753 lazyload\" data-srcset=\"https:\/\/sqardance.com\/wp-content\/uploads\/2024\/02\/Babymetal.jpg 480w, https:\/\/sqardance.com\/wp-content\/uploads\/2024\/02\/Babymetal-300x225.jpg 300w\" data-sizes=\"(max-width: 480px) 100vw, 480px\" src=\"data:image\/svg+xml;base64,PHN2ZyB3aWR0aD0iMSIgaGVpZ2h0PSIxIiB4bWxucz0iaHR0cDovL3d3dy53My5vcmcvMjAwMC9zdmciPjwvc3ZnPg==\" style=\"--smush-placeholder-width: 480px; --smush-placeholder-aspect-ratio: 480\/360;\" \/><\/a><figcaption class=\"wp-element-caption\"><a href=\"https:\/\/sqardance.com\/index.php\/metal-dance\/como-bailar-metal\/\" data-type=\"page\" data-id=\"235\">C\u00f3mo se baila el metal<\/a><\/figcaption><\/figure>\n\n\n\n<figure class=\"wp-block-image size-large\"><a href=\"https:\/\/sqardance.com\/index.php\/shuffle\/lista-de-pasos\/\"><img decoding=\"async\" width=\"521\" height=\"521\" data-id=\"703\" data-src=\"https:\/\/sqardance.com\/wp-content\/uploads\/2024\/01\/RunningManPos2V2-edited.png\" alt=\"\" class=\"wp-image-703 lazyload\" data-srcset=\"https:\/\/sqardance.com\/wp-content\/uploads\/2024\/01\/RunningManPos2V2-edited.png 521w, https:\/\/sqardance.com\/wp-content\/uploads\/2024\/01\/RunningManPos2V2-edited-300x300.png 300w, https:\/\/sqardance.com\/wp-content\/uploads\/2024\/01\/RunningManPos2V2-edited-150x150.png 150w\" data-sizes=\"(max-width: 521px) 100vw, 521px\" src=\"data:image\/svg+xml;base64,PHN2ZyB3aWR0aD0iMSIgaGVpZ2h0PSIxIiB4bWxucz0iaHR0cDovL3d3dy53My5vcmcvMjAwMC9zdmciPjwvc3ZnPg==\" style=\"--smush-placeholder-width: 521px; --smush-placeholder-aspect-ratio: 521\/521;\" \/><\/a><figcaption class=\"wp-element-caption\"><a href=\"https:\/\/sqardance.com\/index.php\/shuffle\/lista-de-pasos\/\" data-type=\"page\" data-id=\"75\">Lista de pasos de Shuffle Dance<\/a><\/figcaption><\/figure>\n<\/figure>\n","protected":false},"excerpt":{"rendered":"<p>En realidad hay m\u00e1s de un estilo que se baila con las manos o brazos. En este art\u00edculo te traigo los 3 m\u00e1s importantes de la actualidad que son el Whacking\/Waacking, el Tutting y el Electro Dance. Vamos a ver de qu\u00e9 se trata cada uno. Contenido Whacking Este es uno de los estilos particulares&hellip;&nbsp;<a href=\"https:\/\/sqardance.com\/index.php\/fundamentos-de-la-danza\/preguntas-danza\/bailes-con-manos\/\" rel=\"bookmark\"><span class=\"screen-reader-text\">\u00bfC\u00f3mo se llama el baile que se hace con las manos?<\/span><\/a><\/p>\n","protected":false},"author":1,"featured_media":0,"parent":1084,"menu_order":0,"comment_status":"closed","ping_status":"closed","template":"","meta":{"neve_meta_sidebar":"","neve_meta_container":"","neve_meta_enable_content_width":"","neve_meta_content_width":0,"neve_meta_title_alignment":"","neve_meta_author_avatar":"","neve_post_elements_order":"","neve_meta_disable_header":"","neve_meta_disable_footer":"","neve_meta_disable_title":"","footnotes":""},"class_list":["post-1137","page","type-page","status-publish","hentry"],"_links":{"self":[{"href":"https:\/\/sqardance.com\/index.php\/wp-json\/wp\/v2\/pages\/1137","targetHints":{"allow":["GET"]}}],"collection":[{"href":"https:\/\/sqardance.com\/index.php\/wp-json\/wp\/v2\/pages"}],"about":[{"href":"https:\/\/sqardance.com\/index.php\/wp-json\/wp\/v2\/types\/page"}],"author":[{"embeddable":true,"href":"https:\/\/sqardance.com\/index.php\/wp-json\/wp\/v2\/users\/1"}],"replies":[{"embeddable":true,"href":"https:\/\/sqardance.com\/index.php\/wp-json\/wp\/v2\/comments?post=1137"}],"version-history":[{"count":4,"href":"https:\/\/sqardance.com\/index.php\/wp-json\/wp\/v2\/pages\/1137\/revisions"}],"predecessor-version":[{"id":1145,"href":"https:\/\/sqardance.com\/index.php\/wp-json\/wp\/v2\/pages\/1137\/revisions\/1145"}],"up":[{"embeddable":true,"href":"https:\/\/sqardance.com\/index.php\/wp-json\/wp\/v2\/pages\/1084"}],"wp:attachment":[{"href":"https:\/\/sqardance.com\/index.php\/wp-json\/wp\/v2\/media?parent=1137"}],"curies":[{"name":"wp","href":"https:\/\/api.w.org\/{rel}","templated":true}]}}