{"id":1130,"date":"2024-04-29T07:52:31","date_gmt":"2024-04-29T07:52:31","guid":{"rendered":"https:\/\/sqardance.com\/?page_id=1130"},"modified":"2024-04-29T07:52:32","modified_gmt":"2024-04-29T07:52:32","slug":"cuando-se-empezo-a-bailar","status":"publish","type":"page","link":"https:\/\/sqardance.com\/index.php\/hip-hop\/preguntas\/cuando-se-empezo-a-bailar\/","title":{"rendered":"\u00bfCu\u00e1ndo se empez\u00f3 a bailar hip hop?"},"content":{"rendered":"\n<p>El Hip Hop nace como una cultura en las fiestas del Bronx em Nueva York. Es por eso que desde el inicio se ha bailado. Y hay un hecho bastante curioso, hay una fiesta de cumplea\u00f1os que el DJ Cool Herc le hace a su hermana el 11 de agosto de 1973, que se convierte en la que muchos consideran el inicio del Hip Hop. El inicio se mezclaba mucho la m\u00fasica disco y el funk, por lo que se bailaba como se bailaban esos g\u00e9neros musicales en esa \u00e9poca. Sin embargo, no es la \u00fanica forma en que se empez\u00f3 a bailar y en especial el Break Dance marc\u00f3 un punto de inflexi\u00f3n en ese baile. Ac\u00e1 te explicar\u00e9 un poco de algunos estilos de baile del Hip Hop.<\/p>\n\n\n\n<h2 class=\"wp-block-heading\">Contenido<\/h2>\n\n\n\n<ul class=\"wp-block-list\">\n<li><a href=\"#Break-Dance\" data-type=\"internal\" data-id=\"#Break-Dance\">\u00bfCu\u00e1ndo se comienza a bailar el Break Dance?<\/a><\/li>\n\n\n\n<li><a href=\"#Party-Dance\" data-type=\"internal\" data-id=\"#Party-Dance\">\u00bfC\u00f3mo comenz\u00f3 el Party Dance de hip hop?<\/a><\/li>\n\n\n\n<li><a href=\"#Clowing\" data-type=\"internal\" data-id=\"#Clowing\">\u00bfCu\u00e1ndo comienza el Clowing?<\/a><\/li>\n\n\n\n<li><a href=\"#Krump\" data-type=\"internal\" data-id=\"#Krump\">\u00bfCu\u00e1ndo se comienza a bailar Krump?<\/a><\/li>\n\n\n\n<li><a href=\"#LiteFeet\" data-type=\"internal\" data-id=\"#LiteFeet\">\u00bfCu\u00e1ndo comenz\u00f3 a bailarse el Lite Feet?<\/a><\/li>\n<\/ul>\n\n\n\n<h2 class=\"wp-block-heading\" id=\"Break-Dance\">\u00bfCu\u00e1ndo se comienza a bailar el Break Dance?<\/h2>\n\n\n\n<div class=\"wp-block-group\"><div class=\"wp-block-group__inner-container is-layout-constrained wp-block-group-is-layout-constrained\"><div class=\"wp-block-image\">\n<figure class=\"alignright size-full is-resized\"><img decoding=\"async\" width=\"480\" height=\"853\" data-src=\"https:\/\/sqardance.com\/wp-content\/uploads\/2024\/04\/pexels-keenan-constance-2865891-edited.jpg\" alt=\"\u00bfCu\u00e1ndo se empez\u00f3 a bailar el Hip Hop?\" class=\"wp-image-1119 lazyload\" style=\"--smush-placeholder-width: 480px; --smush-placeholder-aspect-ratio: 480\/853;width:362px;height:auto\" data-srcset=\"https:\/\/sqardance.com\/wp-content\/uploads\/2024\/04\/pexels-keenan-constance-2865891-edited.jpg 480w, https:\/\/sqardance.com\/wp-content\/uploads\/2024\/04\/pexels-keenan-constance-2865891-edited-169x300.jpg 169w\" data-sizes=\"(max-width: 480px) 100vw, 480px\" src=\"data:image\/svg+xml;base64,PHN2ZyB3aWR0aD0iMSIgaGVpZ2h0PSIxIiB4bWxucz0iaHR0cDovL3d3dy53My5vcmcvMjAwMC9zdmciPjwvc3ZnPg==\" \/><\/figure><\/div>\n\n\n<p>El Break Dance nace en el mismo lugar del Hip Hop y m\u00e1s o menos por la misma \u00e9poca. A diferencia del Hip Hop, no hay una fecha exacta, simplemente diferentes personas poco a poco fueron transformando los bailes hasta que lograron un estilo de baile particular. Como menciona el documental &#8220;The Fresh Kids&#8221;, el DJ Cool Herc hizo algo particular y era tomar las partes de las canciones m\u00e1s importantes y repetirlas. Eso se conoci\u00f3 como <strong>Break Beat<\/strong> y era la parte m\u00e1s emocionante de la fiesta. Los bailarines esperaban el momento del Break Beat para sacar sus mejores movimientos. De ah\u00ed el nombre Break Boys (B-Boys) y Break Girls (B-Girls). En ese mismo documental algunos de los entrevistados que han vivido el Break Dance afirman que no fue previo a 1973 y en esa \u00e9poca casi siempre se bailaba arriba, lo que se conoce como Top Rocking.<\/p>\n<\/div><\/div>\n\n\n\n<p>Entre 1975 y 1980 se incluyeron migrantes de Puerto Rico. Ellos son los que agregan el &#8220;Moreno Style&#8221;. Es cuando se comienzan a utilizar las figuras que vienen de las pel\u00edculas de artes marciales. Para algunos esta es cuando se concreta la creaci\u00f3n del Break Dance, ya que ah\u00ed se tiene lo que comienza a ser el footwork y los Power Moves, al final eso es lo que caracteriza realmente este baile.<\/p>\n\n\n\n<h2 class=\"wp-block-heading\" id=\"Party-Dance\">\u00bfC\u00f3mo comenz\u00f3 el Party Dance de hip hop?<\/h2>\n\n\n\n<p>Como el Hip Hop era una cultura que involucraba mucho fiestas, tanto callejeras como en clubs. Eso implicaba que mucha gente lo bailaba, pero no todos ten\u00edan la habilidad, ni quer\u00edan adquirirla, para hacer Break Dance. Tambi\u00e9n ocurr\u00eda que en los inicios del Break no hab\u00eda m\u00fasica Hip Hop, se bailaba espec\u00edficamente durante los Break Beats que se hac\u00edan con m\u00fasica disco, funk y otros g\u00e9neros musicales, por lo que no fue un estilo de baile creado espec\u00edficamente para las canciones de Hip Hop (algo que explica el bailar\u00edn Buddha Stretch en el documental New School Dictionary). Eso implicaba que un nuevo g\u00e9nero musical estaba naciendo, pero no ten\u00eda un estilo de baile.<\/p>\n\n\n\n<p>Eso llev\u00f3 a que, en los 80&#8217;s, aparecieran bailarines e hicieran pasos sociales, que usaban para bailar en fiestas y serv\u00edan para interactuar mientras se baila, lo que los hac\u00eda mucho m\u00e1s sencillos. Eso se llamo en ese momento el <strong>estilo de baile Hip Hop<\/strong>, aunque existen m\u00e1s estilos de baile, . Un ejemplo de esos pasos es <a href=\"https:\/\/sqardance.com\/index.php\/hip-hop\/lista-de-pasos\/smurf\/\" data-type=\"page\" data-id=\"811\">Smurf<\/a> que es relativamente sencillo, pero que buscaba m\u00e1s el groove, ver <a href=\"https:\/\/sqardance.com\/index.php\/hip-hop\/lista-de-pasos\/\" data-type=\"page\" data-id=\"112\">lista de pasos de Party Dance de Hip Hop<\/a>. <\/p>\n\n\n\n<h2 class=\"wp-block-heading\" id=\"Clowing\">\u00bfCu\u00e1ndo comienza el Clowing?<\/h2>\n\n\n\n<p>En 1992, uno de los bailarines m\u00e1s populares en la actualidad dentro del Hip Hop, comenz\u00f3 a bailar para fiestas vestido de payaso, se llama Tommy The Clown. Comienza la fiesta desde el carro (con sistemas de Car Audio) afuera de la casa, donde comenzaba a bailar algo similar al Hip Hop Party Dance, pero mucho m\u00e1s c\u00f3mico, m\u00e1s teatral, incluso incluye movimientos de mimos. <\/p>\n\n\n\n<h2 class=\"wp-block-heading\" id=\"Krump\">\u00bfCu\u00e1ndo se comienza a bailar Krump?<\/h2>\n\n\n\n<div class=\"wp-block-group\"><div class=\"wp-block-group__inner-container is-layout-constrained wp-block-group-is-layout-constrained\"><div class=\"wp-block-image\">\n<figure class=\"alignleft size-large is-resized\"><img decoding=\"async\" width=\"985\" height=\"1024\" data-src=\"https:\/\/sqardance.com\/wp-content\/uploads\/2024\/04\/tight_eyez___street_kingdom___krump_kings___by_ceydoo_blueshine_d7zs50e-985x1024.png\" alt=\"\u00bfDesde cuando se baila el Hip Hop?\" class=\"wp-image-1134 lazyload\" style=\"--smush-placeholder-width: 985px; --smush-placeholder-aspect-ratio: 985\/1024;width:369px;height:auto\" data-srcset=\"https:\/\/sqardance.com\/wp-content\/uploads\/2024\/04\/tight_eyez___street_kingdom___krump_kings___by_ceydoo_blueshine_d7zs50e-985x1024.png 985w, https:\/\/sqardance.com\/wp-content\/uploads\/2024\/04\/tight_eyez___street_kingdom___krump_kings___by_ceydoo_blueshine_d7zs50e-288x300.png 288w, https:\/\/sqardance.com\/wp-content\/uploads\/2024\/04\/tight_eyez___street_kingdom___krump_kings___by_ceydoo_blueshine_d7zs50e-768x799.png 768w, https:\/\/sqardance.com\/wp-content\/uploads\/2024\/04\/tight_eyez___street_kingdom___krump_kings___by_ceydoo_blueshine_d7zs50e-1477x1536.png 1477w, https:\/\/sqardance.com\/wp-content\/uploads\/2024\/04\/tight_eyez___street_kingdom___krump_kings___by_ceydoo_blueshine_d7zs50e-1969x2048.png 1969w, https:\/\/sqardance.com\/wp-content\/uploads\/2024\/04\/tight_eyez___street_kingdom___krump_kings___by_ceydoo_blueshine_d7zs50e.png 962w\" data-sizes=\"(max-width: 985px) 100vw, 985px\" src=\"data:image\/svg+xml;base64,PHN2ZyB3aWR0aD0iMSIgaGVpZ2h0PSIxIiB4bWxucz0iaHR0cDovL3d3dy53My5vcmcvMjAwMC9zdmciPjwvc3ZnPg==\" \/><\/figure><\/div>\n\n\n<p>El Krump se puede decir que es uno de los hijos del Clowing, algo que se comenz\u00f3 a bailar a partir del 2000. De hecho sus creadores en el documental Rize, los creadores de este estilo de Baile le agradecen a Tommy The Clown por ense\u00f1arles a bailar. Sin embargo, ellos mencionan la diferencia, es un baile notoriamente m\u00e1s agresivo. No est\u00e1 creado para compartir en fiestas, sino como una manera de desahogar las frustraciones de la vida dif\u00edcil de esos barrios, es tambi\u00e9n una forma de buscar algo m\u00e1s espiritual.<\/p>\n<\/div><\/div>\n\n\n\n<h2 class=\"wp-block-heading\" id=\"LiteFeet\">\u00bfCu\u00e1ndo comenz\u00f3 a bailarse el Lite Feet?<\/h2>\n\n\n\n<p>El <a href=\"https:\/\/sqardance.com\/index.php\/litefeet-dance\/\" data-type=\"page\" data-id=\"993\">Lite Feet<\/a> comenz\u00f3 a bailarse en 2015 en los torneos de Basket Ball como espect\u00e1culo de medio tiempo. Eran bailes de <a href=\"https:\/\/sqardance.com\/index.php\/fundamentos-de-la-danza\/freestyle\/\" data-type=\"page\" data-id=\"368\">freestyle<\/a> con m\u00fasica de Hip Hop, donde un <a href=\"https:\/\/sqardance.com\/index.php\/hip-hop\/elementos\/#MC\" data-type=\"link\" data-id=\"https:\/\/sqardance.com\/index.php\/hip-hop\/elementos\/#MC\">MC<\/a> lanza rimas, espec\u00edficamente una dec\u00eda \u201cget the Lite Feet going, get the lite the lite\u201d, de donde sale el nombre. En el 2016 ya se lanza la canci\u00f3n <a href=\"https:\/\/sqardance.com\/index.php\/litefeet-dance\/lista-de-pasos\/chicken-nooddle-soup\/\" data-type=\"page\" data-id=\"1001\">Chicken Noodle Soup<\/a>, que tambi\u00e9n termin\u00f3 siendo uno de los pasos que dieron origen a la fundamentaci\u00f3n del estilo de baile, de hecho es la primera canci\u00f3n de estilo Lite Feet y tambi\u00e9n el primer paso creado para este estilo de baile. <\/p>\n\n\n\n<p><\/p>\n\n\n\n<p><\/p>\n\n\n\n<h2 class=\"wp-block-heading\">Otros art\u00edculos sobre Hip Hop que te pueden interesar<\/h2>\n\n\n\n<figure class=\"wp-block-gallery has-nested-images columns-default is-cropped wp-block-gallery-1 is-layout-flex wp-block-gallery-is-layout-flex\">\n<figure class=\"wp-block-image size-large\"><img decoding=\"async\" width=\"300\" height=\"300\" data-id=\"485\" data-src=\"https:\/\/sqardance.com\/wp-content\/uploads\/2023\/11\/Alleyezonme.jpg\" alt=\"Hip Hop elementos Lenguaje Callejero\" class=\"wp-image-485 lazyload\" data-srcset=\"https:\/\/sqardance.com\/wp-content\/uploads\/2023\/11\/Alleyezonme.jpg 300w, https:\/\/sqardance.com\/wp-content\/uploads\/2023\/11\/Alleyezonme-150x150.jpg 150w\" data-sizes=\"(max-width: 300px) 100vw, 300px\" src=\"data:image\/svg+xml;base64,PHN2ZyB3aWR0aD0iMSIgaGVpZ2h0PSIxIiB4bWxucz0iaHR0cDovL3d3dy53My5vcmcvMjAwMC9zdmciPjwvc3ZnPg==\" style=\"--smush-placeholder-width: 300px; --smush-placeholder-aspect-ratio: 300\/300;\" \/><figcaption class=\"wp-element-caption\"><a href=\"https:\/\/sqardance.com\/index.php\/hip-hop\/que-es\/\" data-type=\"page\" data-id=\"444\">\u00a1Qu\u00e9 es el Hip Hop?<\/a><\/figcaption><\/figure>\n\n\n\n<figure class=\"wp-block-image size-large\"><a href=\"https:\/\/sqardance.com\/index.php\/hip-hop\/elementos\/\"><img decoding=\"async\" width=\"640\" height=\"480\" data-id=\"467\" data-src=\"https:\/\/sqardance.com\/wp-content\/uploads\/2023\/11\/pexels-sarah-trummer-955798-1-edited.jpg\" alt=\"Elementos del Hip Hop\" class=\"wp-image-467 lazyload\" data-srcset=\"https:\/\/sqardance.com\/wp-content\/uploads\/2023\/11\/pexels-sarah-trummer-955798-1-edited.jpg 640w, https:\/\/sqardance.com\/wp-content\/uploads\/2023\/11\/pexels-sarah-trummer-955798-1-edited-300x225.jpg 300w\" data-sizes=\"(max-width: 640px) 100vw, 640px\" src=\"data:image\/svg+xml;base64,PHN2ZyB3aWR0aD0iMSIgaGVpZ2h0PSIxIiB4bWxucz0iaHR0cDovL3d3dy53My5vcmcvMjAwMC9zdmciPjwvc3ZnPg==\" style=\"--smush-placeholder-width: 640px; --smush-placeholder-aspect-ratio: 640\/480;\" \/><\/a><figcaption class=\"wp-element-caption\"><a href=\"https:\/\/sqardance.com\/index.php\/hip-hop\/elementos\/\" data-type=\"page\" data-id=\"437\">Elementos del Hip Hop<\/a><\/figcaption><\/figure>\n\n\n\n<figure class=\"wp-block-image size-large\"><a href=\"https:\/\/sqardance.com\/index.php\/hip-hop\/lista-de-pasos\/\"><img decoding=\"async\" width=\"1024\" height=\"1024\" data-id=\"481\" data-src=\"https:\/\/sqardance.com\/wp-content\/uploads\/2023\/11\/pexels-cottonbro-studio-7958139-edited-1024x1024.jpg\" alt=\"Elemento del Hip Hop Street Fashion\" class=\"wp-image-481 lazyload\" data-srcset=\"https:\/\/sqardance.com\/wp-content\/uploads\/2023\/11\/pexels-cottonbro-studio-7958139-edited-1024x1024.jpg 1024w, https:\/\/sqardance.com\/wp-content\/uploads\/2023\/11\/pexels-cottonbro-studio-7958139-edited-300x300.jpg 300w, https:\/\/sqardance.com\/wp-content\/uploads\/2023\/11\/pexels-cottonbro-studio-7958139-edited-150x150.jpg 150w, https:\/\/sqardance.com\/wp-content\/uploads\/2023\/11\/pexels-cottonbro-studio-7958139-edited-768x769.jpg 768w, https:\/\/sqardance.com\/wp-content\/uploads\/2023\/11\/pexels-cottonbro-studio-7958139-edited-scaled.jpg 1000w\" data-sizes=\"(max-width: 1024px) 100vw, 1024px\" src=\"data:image\/svg+xml;base64,PHN2ZyB3aWR0aD0iMSIgaGVpZ2h0PSIxIiB4bWxucz0iaHR0cDovL3d3dy53My5vcmcvMjAwMC9zdmciPjwvc3ZnPg==\" style=\"--smush-placeholder-width: 1024px; --smush-placeholder-aspect-ratio: 1024\/1024;\" \/><\/a><figcaption class=\"wp-element-caption\"><a href=\"https:\/\/sqardance.com\/index.php\/hip-hop\/lista-de-pasos\/\" data-type=\"page\" data-id=\"112\">Lista de pasos de Hip Hop Party Dance<\/a><\/figcaption><\/figure>\n<\/figure>\n","protected":false},"excerpt":{"rendered":"<p>El Hip Hop nace como una cultura en las fiestas del Bronx em Nueva York. Es por eso que desde el inicio se ha bailado. Y hay un hecho bastante curioso, hay una fiesta de cumplea\u00f1os que el DJ Cool Herc le hace a su hermana el 11 de agosto de 1973, que se convierte&hellip;&nbsp;<a href=\"https:\/\/sqardance.com\/index.php\/hip-hop\/preguntas\/cuando-se-empezo-a-bailar\/\" rel=\"bookmark\"><span class=\"screen-reader-text\">\u00bfCu\u00e1ndo se empez\u00f3 a bailar hip hop?<\/span><\/a><\/p>\n","protected":false},"author":1,"featured_media":0,"parent":1123,"menu_order":0,"comment_status":"closed","ping_status":"closed","template":"","meta":{"neve_meta_sidebar":"","neve_meta_container":"","neve_meta_enable_content_width":"","neve_meta_content_width":0,"neve_meta_title_alignment":"","neve_meta_author_avatar":"","neve_post_elements_order":"","neve_meta_disable_header":"","neve_meta_disable_footer":"","neve_meta_disable_title":"","footnotes":""},"class_list":["post-1130","page","type-page","status-publish","hentry"],"_links":{"self":[{"href":"https:\/\/sqardance.com\/index.php\/wp-json\/wp\/v2\/pages\/1130","targetHints":{"allow":["GET"]}}],"collection":[{"href":"https:\/\/sqardance.com\/index.php\/wp-json\/wp\/v2\/pages"}],"about":[{"href":"https:\/\/sqardance.com\/index.php\/wp-json\/wp\/v2\/types\/page"}],"author":[{"embeddable":true,"href":"https:\/\/sqardance.com\/index.php\/wp-json\/wp\/v2\/users\/1"}],"replies":[{"embeddable":true,"href":"https:\/\/sqardance.com\/index.php\/wp-json\/wp\/v2\/comments?post=1130"}],"version-history":[{"count":4,"href":"https:\/\/sqardance.com\/index.php\/wp-json\/wp\/v2\/pages\/1130\/revisions"}],"predecessor-version":[{"id":1135,"href":"https:\/\/sqardance.com\/index.php\/wp-json\/wp\/v2\/pages\/1130\/revisions\/1135"}],"up":[{"embeddable":true,"href":"https:\/\/sqardance.com\/index.php\/wp-json\/wp\/v2\/pages\/1123"}],"wp:attachment":[{"href":"https:\/\/sqardance.com\/index.php\/wp-json\/wp\/v2\/media?parent=1130"}],"curies":[{"name":"wp","href":"https:\/\/api.w.org\/{rel}","templated":true}]}}