{"id":1123,"date":"2024-04-25T08:08:15","date_gmt":"2024-04-25T08:08:15","guid":{"rendered":"https:\/\/sqardance.com\/?page_id=1123"},"modified":"2024-04-25T08:09:32","modified_gmt":"2024-04-25T08:09:32","slug":"preguntas","status":"publish","type":"page","link":"https:\/\/sqardance.com\/index.php\/hip-hop\/preguntas\/","title":{"rendered":"Preguntas sobre hip hop dance"},"content":{"rendered":"\n<p>Ac\u00e1 te traigo las preguntas m\u00e1s comunes sobre el Hip Hop. Dando click en ellas te llevar\u00e1 a la respuesta. Expl\u00f3ralas con clama porque algunas son complejas y una vez las sepas comp\u00e1rtelas con tus amigos. Incluso si eres profesor, puedes usarlas para probar el conocimiento de tus estudiantes.<\/p>\n\n\n\n<ol class=\"wp-block-list\">\n<li><a href=\"https:\/\/sqardance.com\/index.php\/hip-hop\/elementos\/\" data-type=\"page\" data-id=\"437\">\u00bfCu\u00e1les son los elementos del hip hop?<\/a><\/li>\n\n\n\n<li><a href=\"https:\/\/sqardance.com\/index.php\/fundamentos-de-la-danza\/bounce\/\" data-type=\"page\" data-id=\"415\">\u00bfQu\u00e9 es el bounce?<\/a><\/li>\n\n\n\n<li><a href=\"https:\/\/sqardance.com\/index.php\/hip-hop\/rocking\/\" data-type=\"page\" data-id=\"954\">\u00bfQu\u00e9 es el rocking?<\/a><\/li>\n\n\n\n<li><a href=\"https:\/\/sqardance.com\/index.php\/hip-hop\/estilos-de-baile\/\" data-type=\"page\" data-id=\"501\">\u00bfCu\u00e1les son los estilos de baile del Hip Hop?<\/a><\/li>\n\n\n\n<li><a href=\"https:\/\/sqardance.com\/index.php\/hip-hop\/preguntas\/como-se-les-dice-a-los-bailarines\/\" data-type=\"page\" data-id=\"1108\">\u00bfC\u00f3mo se les dice a los bailarines de hip hop?<\/a><\/li>\n<\/ol>\n","protected":false},"excerpt":{"rendered":"<p>Ac\u00e1 te traigo las preguntas m\u00e1s comunes sobre el Hip Hop. Dando click en ellas te llevar\u00e1 a la respuesta. Expl\u00f3ralas con clama porque algunas son complejas y una vez las sepas comp\u00e1rtelas con tus amigos. Incluso si eres profesor, puedes usarlas para probar el conocimiento de tus estudiantes.<\/p>\n","protected":false},"author":1,"featured_media":0,"parent":110,"menu_order":0,"comment_status":"closed","ping_status":"closed","template":"","meta":{"neve_meta_sidebar":"","neve_meta_container":"","neve_meta_enable_content_width":"","neve_meta_content_width":0,"neve_meta_title_alignment":"","neve_meta_author_avatar":"","neve_post_elements_order":"","neve_meta_disable_header":"","neve_meta_disable_footer":"","neve_meta_disable_title":"","footnotes":""},"class_list":["post-1123","page","type-page","status-publish","hentry"],"_links":{"self":[{"href":"https:\/\/sqardance.com\/index.php\/wp-json\/wp\/v2\/pages\/1123","targetHints":{"allow":["GET"]}}],"collection":[{"href":"https:\/\/sqardance.com\/index.php\/wp-json\/wp\/v2\/pages"}],"about":[{"href":"https:\/\/sqardance.com\/index.php\/wp-json\/wp\/v2\/types\/page"}],"author":[{"embeddable":true,"href":"https:\/\/sqardance.com\/index.php\/wp-json\/wp\/v2\/users\/1"}],"replies":[{"embeddable":true,"href":"https:\/\/sqardance.com\/index.php\/wp-json\/wp\/v2\/comments?post=1123"}],"version-history":[{"count":4,"href":"https:\/\/sqardance.com\/index.php\/wp-json\/wp\/v2\/pages\/1123\/revisions"}],"predecessor-version":[{"id":1127,"href":"https:\/\/sqardance.com\/index.php\/wp-json\/wp\/v2\/pages\/1123\/revisions\/1127"}],"up":[{"embeddable":true,"href":"https:\/\/sqardance.com\/index.php\/wp-json\/wp\/v2\/pages\/110"}],"wp:attachment":[{"href":"https:\/\/sqardance.com\/index.php\/wp-json\/wp\/v2\/media?parent=1123"}],"curies":[{"name":"wp","href":"https:\/\/api.w.org\/{rel}","templated":true}]}}