{"id":1108,"date":"2024-04-25T08:09:09","date_gmt":"2024-04-25T08:09:09","guid":{"rendered":"https:\/\/sqardance.com\/?page_id=1108"},"modified":"2024-04-25T08:09:10","modified_gmt":"2024-04-25T08:09:10","slug":"como-se-les-dice-a-los-bailarines","status":"publish","type":"page","link":"https:\/\/sqardance.com\/index.php\/hip-hop\/preguntas\/como-se-les-dice-a-los-bailarines\/","title":{"rendered":"\u00bfC\u00f3mo se les dice a los bailarines de hip hop?"},"content":{"rendered":"\n<div class=\"wp-block-group\"><div class=\"wp-block-group__inner-container is-layout-constrained wp-block-group-is-layout-constrained\"><div class=\"wp-block-image\">\n<figure class=\"alignright size-large is-resized\"><img decoding=\"async\" width=\"480\" height=\"853\" data-src=\"https:\/\/sqardance.com\/wp-content\/uploads\/2024\/04\/pexels-keenan-constance-2865891-edited.jpg\" alt=\"C\u00f3mo se les llama a los bailarines de hip hop\" class=\"wp-image-1119 lazyload\" style=\"--smush-placeholder-width: 480px; --smush-placeholder-aspect-ratio: 480\/853;width:258px;height:auto\" data-srcset=\"https:\/\/sqardance.com\/wp-content\/uploads\/2024\/04\/pexels-keenan-constance-2865891-edited.jpg 480w, https:\/\/sqardance.com\/wp-content\/uploads\/2024\/04\/pexels-keenan-constance-2865891-edited-169x300.jpg 169w\" data-sizes=\"(max-width: 480px) 100vw, 480px\" src=\"data:image\/svg+xml;base64,PHN2ZyB3aWR0aD0iMSIgaGVpZ2h0PSIxIiB4bWxucz0iaHR0cDovL3d3dy53My5vcmcvMjAwMC9zdmciPjwvc3ZnPg==\" \/><\/figure><\/div>\n\n\n<p>El nombre m\u00e1s com\u00fan de los bailarines viene del ingl\u00e9s &#8220;dancers&#8221;. Sin embargo, cada estilo de baile tiene una cultura detr\u00e1s que tienen su propia identidad y en consecuencia tambi\u00e9n diferentes nombres. Ac\u00e1 exploraremos los m\u00e1s populares dentro del Hip Hop.<\/p>\n<\/div><\/div>\n\n\n\n<h2 class=\"wp-block-heading\">Contenido<\/h2>\n\n\n\n<ul class=\"wp-block-list\">\n<li><a href=\"#Breakers\" data-type=\"internal\" data-id=\"#Breakers\">B-Boys y B-girls<\/a><\/li>\n\n\n\n<li><a href=\"#Clowns\" data-type=\"internal\" data-id=\"#Clowns\">Clowns<\/a><\/li>\n\n\n\n<li><a href=\"#Krumpers\" data-type=\"internal\" data-id=\"#Krumpers\">Krumpers<\/a><\/li>\n\n\n\n<li><a href=\"#Lite-Feet-Dancers\" data-type=\"internal\" data-id=\"#Lite-Feet-Dancers\">Lite Feet Dancers<\/a><\/li>\n\n\n\n<li><a href=\"#Poppers\" data-type=\"internal\" data-id=\"#Poppers\">Poppers<\/a><\/li>\n<\/ul>\n\n\n\n<h2 class=\"wp-block-heading\" id=\"Breakers\">B-Boys y B-girls<\/h2>\n\n\n\n<p>Desde los inicios del Hip Hop nace el estilo de baile llamado Break Dance y a la persona que hace ese tipo de baile se le llama Breaker. De ah\u00ed es que nace la letra B de B-boys p B-girls que boys y girls simplemente se agrega si es un chico o una chica la persona que baila. Este estilo se caracteriza por tener muchos trucos en el suelo y es muy vistoso. Probablemente sean de los bailarines m\u00e1s \u00e1giles que haya. Ac\u00e1 te comparto una batalla de B-girls para que puedas diferenciar el estilo.<\/p>\n\n\n\n<figure class=\"wp-block-embed alignwide is-type-video is-provider-youtube wp-block-embed-youtube\"><div class=\"wp-block-embed__wrapper\">\n<div class=\"nv-iframe-embed\"><div class=\"container-lazyload preview-lazyload container-youtube js-lazyload--not-loaded\"><a href=\"https:\/\/youtu.be\/gq27dTJUkKE\" class=\"lazy-load-youtube preview-lazyload preview-youtube\" data-video-title=\"B-Girl India vs. B-Girl Logistx | Final | Red Bull BC One World Final 2022 New York\" title=\"Play video &quot;B-Girl India vs. B-Girl Logistx | Final | Red Bull BC One World Final 2022 New York&quot;\" target=\"_blank\" rel=\"noopener\">https:\/\/youtu.be\/gq27dTJUkKE<\/a><noscript>Video can&#8217;t be loaded because JavaScript is disabled: <a href=\"https:\/\/youtu.be\/gq27dTJUkKE\" title=\"B-Girl India vs. B-Girl Logistx | Final | Red Bull BC One World Final 2022 New York\" target=\"_blank\" rel=\"noopener\">B-Girl India vs. B-Girl Logistx | Final | Red Bull BC One World Final 2022 New York (https:\/\/youtu.be\/gq27dTJUkKE)<\/a><\/noscript><\/div><\/div>\n<\/div><\/figure>\n\n\n\n<h2 class=\"wp-block-heading\" id=\"Clowns\">Clowns<\/h2>\n\n\n\n<p>La historia de los Clowns comienza con Tommy the Clown, que es un bailar\u00edn que comenz\u00f3 a hacer fiestas donde bailaba Hip Hop vestido de payaso. Eso se transform\u00f3 en un estilo de baile \u00fanico muy alegre, pero que se mantiene dentro de la cultura del Hip Hop.<\/p>\n\n\n\n<figure class=\"wp-block-embed alignwide is-type-video is-provider-youtube wp-block-embed-youtube\"><div class=\"wp-block-embed__wrapper\">\n<div class=\"nv-iframe-embed\"><div class=\"container-lazyload preview-lazyload container-youtube js-lazyload--not-loaded\"><a href=\"https:\/\/youtu.be\/_CbqrGNw3bY\" class=\"lazy-load-youtube preview-lazyload preview-youtube\" data-video-title=\"ONE OF THE RAWEST DANCE STYLES l OfficialTsquadTV l Tommy the Clown\" title=\"Play video &quot;ONE OF THE RAWEST DANCE STYLES l OfficialTsquadTV l Tommy the Clown&quot;\" target=\"_blank\" rel=\"noopener\">https:\/\/youtu.be\/_CbqrGNw3bY<\/a><noscript>Video can&#8217;t be loaded because JavaScript is disabled: <a href=\"https:\/\/youtu.be\/_CbqrGNw3bY\" title=\"ONE OF THE RAWEST DANCE STYLES l OfficialTsquadTV l Tommy the Clown\" target=\"_blank\" rel=\"noopener\">ONE OF THE RAWEST DANCE STYLES l OfficialTsquadTV l Tommy the Clown (https:\/\/youtu.be\/_CbqrGNw3bY)<\/a><\/noscript><\/div><\/div>\n<\/div><\/figure>\n\n\n\n<h2 class=\"wp-block-heading\" id=\"Krumpers\">Krumpers<\/h2>\n\n\n\n<p>En Los \u00c1ngeles California naci\u00f3 un estilo de baile distinto, muy agresivo. El objetivo es sacar toda la ira y desahogarse por las situaciones malas de la vida cotidiana de los barrios m\u00e1s peligrosos de esa ciudad y es descendiente de los Clowns. Este baile se llama Krump y en consecuencia los Krumpers son sus bailarines.<\/p>\n\n\n\n<figure class=\"wp-block-embed alignwide is-type-video is-provider-youtube wp-block-embed-youtube\"><div class=\"wp-block-embed__wrapper\">\n<div class=\"nv-iframe-embed\"><div class=\"container-lazyload preview-lazyload container-youtube js-lazyload--not-loaded\"><a href=\"https:\/\/youtu.be\/_cA9DAVfniI\" class=\"lazy-load-youtube preview-lazyload preview-youtube\" data-video-title=\"BEST OF TIGHT EYEZ\" title=\"Play video &quot;BEST OF TIGHT EYEZ&quot;\" target=\"_blank\" rel=\"noopener\">https:\/\/youtu.be\/_cA9DAVfniI<\/a><noscript>Video can&#8217;t be loaded because JavaScript is disabled: <a href=\"https:\/\/youtu.be\/_cA9DAVfniI\" title=\"BEST OF TIGHT EYEZ\" target=\"_blank\" rel=\"noopener\">BEST OF TIGHT EYEZ (https:\/\/youtu.be\/_cA9DAVfniI)<\/a><\/noscript><\/div><\/div>\n<\/div><\/figure>\n\n\n\n<h2 class=\"wp-block-heading\" id=\"Lite-Feet-Dancers\">Lite Feet Dancers<\/h2>\n\n\n\n<p>Los bailarines de <a href=\"https:\/\/sqardance.com\/index.php\/litefeet-dance\/\" data-type=\"page\" data-id=\"993\">Lite Feet<\/a> no tienen un nombre espec\u00edfico, por lo que s\u00f3lo se les llama por el nombre del estilo de baile m\u00e1s dancers, que es bailar\u00edn en ingl\u00e9s. Su cultura trata de ser divertida, en los metros de Nueva York se usaba este estilo de baile para ganar dinero, entonces desde un inicio fue muy llamativo. <\/p>\n\n\n\n<figure class=\"wp-block-embed alignwide is-type-video is-provider-youtube wp-block-embed-youtube\"><div class=\"wp-block-embed__wrapper\">\n<div class=\"nv-iframe-embed\"><div class=\"container-lazyload preview-lazyload container-youtube js-lazyload--not-loaded\"><a href=\"https:\/\/youtu.be\/yLpokb-aIUw\" class=\"lazy-load-youtube preview-lazyload preview-youtube\" data-video-title=\"Brotherhood vs 2Real Boyz | Lite Feet Nation Final | New York City\" title=\"Play video &quot;Brotherhood vs 2Real Boyz | Lite Feet Nation Final | New York City&quot;\" target=\"_blank\" rel=\"noopener\">https:\/\/youtu.be\/yLpokb-aIUw<\/a><noscript>Video can&#8217;t be loaded because JavaScript is disabled: <a href=\"https:\/\/youtu.be\/yLpokb-aIUw\" title=\"Brotherhood vs 2Real Boyz | Lite Feet Nation Final | New York City\" target=\"_blank\" rel=\"noopener\">Brotherhood vs 2Real Boyz | Lite Feet Nation Final | New York City (https:\/\/youtu.be\/yLpokb-aIUw)<\/a><\/noscript><\/div><\/div>\n<\/div><\/figure>\n\n\n\n<h2 class=\"wp-block-heading\" id=\"Poppers\">Poppers<\/h2>\n\n\n\n<p>Uno de los estilos de baile m\u00e1s antiguos del Hip Hop es el Popping. Est\u00e1 catalogado dentro de la cultura del Hip Hop y en la actualidad se usa para bailar much\u00edsimo la m\u00fasica Hip Hop, pero inicialmente se bailaba m\u00fasica Funk. A los bailarines de este estilo se les llama poppers y se les dice as\u00ed por un movimiento que se llama Pop y consiste en aplicar mucha fuerza al finalizar un movimiento del cuerpo y mantenerlo est\u00e1tico por un instante. En realidad el estilo es mucho m\u00e1s complejo, tiene much\u00edsimas m\u00e1s t\u00e9cnicas, pero el nombre se basa s\u00f3lo en la m\u00e1s popular.<\/p>\n\n\n\n<figure class=\"wp-block-embed alignwide is-type-video is-provider-youtube wp-block-embed-youtube\"><div class=\"wp-block-embed__wrapper\">\n<div class=\"nv-iframe-embed\"><div class=\"container-lazyload preview-lazyload container-youtube js-lazyload--not-loaded\"><a href=\"https:\/\/youtu.be\/Bdn7MpfB4dw\" class=\"lazy-load-youtube preview-lazyload preview-youtube\" data-video-title=\"Mt Pop vs Sonya \/\/ Popping Final \/\/ Freestyle Session 2023 \/\/ stance\" title=\"Play video &quot;Mt Pop vs Sonya \/\/ Popping Final \/\/ Freestyle Session 2023 \/\/ stance&quot;\" target=\"_blank\" rel=\"noopener\">https:\/\/youtu.be\/Bdn7MpfB4dw<\/a><noscript>Video can&#8217;t be loaded because JavaScript is disabled: <a href=\"https:\/\/youtu.be\/Bdn7MpfB4dw\" title=\"Mt Pop vs Sonya \/\/ Popping Final \/\/ Freestyle Session 2023 \/\/ stance\" target=\"_blank\" rel=\"noopener\">Mt Pop vs Sonya \/\/ Popping Final \/\/ Freestyle Session 2023 \/\/ stance (https:\/\/youtu.be\/Bdn7MpfB4dw)<\/a><\/noscript><\/div><\/div>\n<\/div><\/figure>\n","protected":false},"excerpt":{"rendered":"<p>El nombre m\u00e1s com\u00fan de los bailarines viene del ingl\u00e9s &#8220;dancers&#8221;. Sin embargo, cada estilo de baile tiene una cultura detr\u00e1s que tienen su propia identidad y en consecuencia tambi\u00e9n diferentes nombres. Ac\u00e1 exploraremos los m\u00e1s populares dentro del Hip Hop. Contenido B-Boys y B-girls Desde los inicios del Hip Hop nace el estilo de&hellip;&nbsp;<a href=\"https:\/\/sqardance.com\/index.php\/hip-hop\/preguntas\/como-se-les-dice-a-los-bailarines\/\" rel=\"bookmark\"><span class=\"screen-reader-text\">\u00bfC\u00f3mo se les dice a los bailarines de hip hop?<\/span><\/a><\/p>\n","protected":false},"author":1,"featured_media":0,"parent":1123,"menu_order":0,"comment_status":"closed","ping_status":"closed","template":"","meta":{"neve_meta_sidebar":"","neve_meta_container":"","neve_meta_enable_content_width":"","neve_meta_content_width":0,"neve_meta_title_alignment":"","neve_meta_author_avatar":"","neve_post_elements_order":"","neve_meta_disable_header":"","neve_meta_disable_footer":"","neve_meta_disable_title":"","footnotes":""},"class_list":["post-1108","page","type-page","status-publish","hentry"],"_links":{"self":[{"href":"https:\/\/sqardance.com\/index.php\/wp-json\/wp\/v2\/pages\/1108","targetHints":{"allow":["GET"]}}],"collection":[{"href":"https:\/\/sqardance.com\/index.php\/wp-json\/wp\/v2\/pages"}],"about":[{"href":"https:\/\/sqardance.com\/index.php\/wp-json\/wp\/v2\/types\/page"}],"author":[{"embeddable":true,"href":"https:\/\/sqardance.com\/index.php\/wp-json\/wp\/v2\/users\/1"}],"replies":[{"embeddable":true,"href":"https:\/\/sqardance.com\/index.php\/wp-json\/wp\/v2\/comments?post=1108"}],"version-history":[{"count":8,"href":"https:\/\/sqardance.com\/index.php\/wp-json\/wp\/v2\/pages\/1108\/revisions"}],"predecessor-version":[{"id":1122,"href":"https:\/\/sqardance.com\/index.php\/wp-json\/wp\/v2\/pages\/1108\/revisions\/1122"}],"up":[{"embeddable":true,"href":"https:\/\/sqardance.com\/index.php\/wp-json\/wp\/v2\/pages\/1123"}],"wp:attachment":[{"href":"https:\/\/sqardance.com\/index.php\/wp-json\/wp\/v2\/media?parent=1108"}],"curies":[{"name":"wp","href":"https:\/\/api.w.org\/{rel}","templated":true}]}}