{"id":110,"date":"2023-09-26T07:50:03","date_gmt":"2023-09-26T07:50:03","guid":{"rendered":"https:\/\/sqardance.com\/?page_id=110"},"modified":"2024-02-02T17:10:25","modified_gmt":"2024-02-02T17:10:25","slug":"hip-hop","status":"publish","type":"page","link":"https:\/\/sqardance.com\/index.php\/hip-hop\/","title":{"rendered":"Hip Hop Dance"},"content":{"rendered":"\n<p>El Hip Hop es una cultura que tiene muchos elementos, no solamente el baile. Sin embargo, para poder hacer una buena interpretaci\u00f3n, s\u00ed hay que conocer el contexto de lo que se vivi\u00f3 en esa \u00e9poca y el por qu\u00e9 se mov\u00edan como lo hac\u00edan y qu\u00e9 origin\u00f3 el groove y los pasos que componen los estilos de baile del Hip Hop. Ac\u00e1 te dejo varios art\u00edculos sobre el tema.<\/p>\n\n\n\n<figure class=\"wp-block-gallery has-nested-images columns-default is-cropped wp-block-gallery-1 is-layout-flex wp-block-gallery-is-layout-flex\">\n<figure class=\"wp-block-image\"><a href=\"https:\/\/sqardance.com\/index.php\/hip-hop\/que-es\/\"><img decoding=\"async\" width=\"667\" height=\"1000\" data-id=\"175\" data-src=\"https:\/\/sqardance.com\/wp-content\/uploads\/2023\/10\/hip-hop-4655484_1920.jpg\" alt=\"Hip Hop\" class=\"wp-image-175 lazyload\" data-srcset=\"https:\/\/sqardance.com\/wp-content\/uploads\/2023\/10\/hip-hop-4655484_1920.jpg 667w, https:\/\/sqardance.com\/wp-content\/uploads\/2023\/10\/hip-hop-4655484_1920-200x300.jpg 200w, https:\/\/sqardance.com\/wp-content\/uploads\/2023\/10\/hip-hop-4655484_1920-683x1024.jpg 683w, https:\/\/sqardance.com\/wp-content\/uploads\/2023\/10\/hip-hop-4655484_1920-768x1151.jpg 768w, https:\/\/sqardance.com\/wp-content\/uploads\/2023\/10\/hip-hop-4655484_1920-1025x1536.jpg 1025w\" data-sizes=\"(max-width: 667px) 100vw, 667px\" src=\"data:image\/svg+xml;base64,PHN2ZyB3aWR0aD0iMSIgaGVpZ2h0PSIxIiB4bWxucz0iaHR0cDovL3d3dy53My5vcmcvMjAwMC9zdmciPjwvc3ZnPg==\" style=\"--smush-placeholder-width: 667px; --smush-placeholder-aspect-ratio: 667\/1000;\" \/><\/a><figcaption class=\"wp-element-caption\"><a href=\"https:\/\/sqardance.com\/index.php\/hip-hop\/que-es\/\" data-type=\"page\" data-id=\"444\">Qu\u00e9 es el Hip Hop<\/a><\/figcaption><\/figure>\n\n\n\n<figure class=\"wp-block-image\"><a href=\"https:\/\/sqardance.com\/index.php\/hip-hop\/elementos\/\"><img decoding=\"async\" width=\"640\" height=\"972\" data-id=\"466\" data-src=\"https:\/\/sqardance.com\/wp-content\/uploads\/2023\/11\/pexels-sarah-trummer-955798-1.jpg\" alt=\"Elementos del Hip Hop\" class=\"wp-image-466 lazyload\" data-srcset=\"https:\/\/sqardance.com\/wp-content\/uploads\/2023\/11\/pexels-sarah-trummer-955798-1.jpg 640w, https:\/\/sqardance.com\/wp-content\/uploads\/2023\/11\/pexels-sarah-trummer-955798-1-198x300.jpg 198w\" data-sizes=\"(max-width: 640px) 100vw, 640px\" src=\"data:image\/svg+xml;base64,PHN2ZyB3aWR0aD0iMSIgaGVpZ2h0PSIxIiB4bWxucz0iaHR0cDovL3d3dy53My5vcmcvMjAwMC9zdmciPjwvc3ZnPg==\" style=\"--smush-placeholder-width: 640px; --smush-placeholder-aspect-ratio: 640\/972;\" \/><\/a><figcaption class=\"wp-element-caption\"><a href=\"https:\/\/sqardance.com\/index.php\/hip-hop\/elementos\/\" data-type=\"page\" data-id=\"437\">Elementos del Hip Hop<\/a><\/figcaption><\/figure>\n\n\n\n<figure class=\"wp-block-image\"><a href=\"https:\/\/sqardance.com\/index.php\/hip-hop\/estilos-de-baile\/\"><img decoding=\"async\" width=\"1000\" height=\"666\" data-id=\"721\" data-src=\"https:\/\/sqardance.com\/wp-content\/uploads\/2024\/01\/pexels-allan-mas-5368956-scaled.jpg\" alt=\"Estilos de Baile de Hip Hop\" class=\"wp-image-721 lazyload\" data-srcset=\"https:\/\/sqardance.com\/wp-content\/uploads\/2024\/01\/pexels-allan-mas-5368956-scaled.jpg 1000w, https:\/\/sqardance.com\/wp-content\/uploads\/2024\/01\/pexels-allan-mas-5368956-300x200.jpg 300w, https:\/\/sqardance.com\/wp-content\/uploads\/2024\/01\/pexels-allan-mas-5368956-1024x682.jpg 1024w, https:\/\/sqardance.com\/wp-content\/uploads\/2024\/01\/pexels-allan-mas-5368956-768x512.jpg 768w, https:\/\/sqardance.com\/wp-content\/uploads\/2024\/01\/pexels-allan-mas-5368956-930x620.jpg 930w\" data-sizes=\"(max-width: 1000px) 100vw, 1000px\" src=\"data:image\/svg+xml;base64,PHN2ZyB3aWR0aD0iMSIgaGVpZ2h0PSIxIiB4bWxucz0iaHR0cDovL3d3dy53My5vcmcvMjAwMC9zdmciPjwvc3ZnPg==\" style=\"--smush-placeholder-width: 1000px; --smush-placeholder-aspect-ratio: 1000\/666;\" \/><\/a><figcaption class=\"wp-element-caption\"><a href=\"https:\/\/sqardance.com\/index.php\/hip-hop\/estilos-de-baile\/\" data-type=\"page\" data-id=\"501\">Estilos de baile del Hip Hop<\/a><\/figcaption><\/figure>\n<\/figure>\n\n\n\n<h2 class=\"wp-block-heading\">Pasos de baile de Hip Hop Party Dance<\/h2>\n\n\n\n<p>Y como tiene que ser, ac\u00e1 te dejo algunos pasos de Hip Hop Party Dance, que es la forma m\u00e1s com\u00fan de baile de Hip Hop. <\/p>\n\n\n\n<figure class=\"wp-block-gallery has-nested-images columns-default is-cropped wp-block-gallery-2 is-layout-flex wp-block-gallery-is-layout-flex\">\n<figure class=\"wp-block-image size-large\"><a href=\"https:\/\/sqardance.com\/index.php\/hip-hop\/lista-de-pasos\/\"><img decoding=\"async\" width=\"768\" height=\"1024\" data-id=\"699\" data-src=\"https:\/\/sqardance.com\/wp-content\/uploads\/2024\/01\/pexels-beatriz-braga-11063348-edited-768x1024.jpg\" alt=\"\" class=\"wp-image-699 lazyload\" data-srcset=\"https:\/\/sqardance.com\/wp-content\/uploads\/2024\/01\/pexels-beatriz-braga-11063348-edited-768x1024.jpg 768w, https:\/\/sqardance.com\/wp-content\/uploads\/2024\/01\/pexels-beatriz-braga-11063348-edited-225x300.jpg 225w, https:\/\/sqardance.com\/wp-content\/uploads\/2024\/01\/pexels-beatriz-braga-11063348-edited-1152x1536.jpg 1152w, https:\/\/sqardance.com\/wp-content\/uploads\/2024\/01\/pexels-beatriz-braga-11063348-edited-1536x2048.jpg 1536w, https:\/\/sqardance.com\/wp-content\/uploads\/2024\/01\/pexels-beatriz-braga-11063348-edited-scaled.jpg 750w\" data-sizes=\"(max-width: 768px) 100vw, 768px\" src=\"data:image\/svg+xml;base64,PHN2ZyB3aWR0aD0iMSIgaGVpZ2h0PSIxIiB4bWxucz0iaHR0cDovL3d3dy53My5vcmcvMjAwMC9zdmciPjwvc3ZnPg==\" style=\"--smush-placeholder-width: 768px; --smush-placeholder-aspect-ratio: 768\/1024;\" \/><\/a><figcaption class=\"wp-element-caption\"><a href=\"https:\/\/sqardance.com\/index.php\/hip-hop\/lista-de-pasos\/\" data-type=\"page\" data-id=\"112\">Lista de pasos<\/a><\/figcaption><\/figure>\n\n\n\n<figure class=\"wp-block-image size-large\"><a href=\"https:\/\/sqardance.com\/index.php\/hip-hop\/lista-de-pasos\/roger-rabbit\/\"><img decoding=\"async\" width=\"640\" height=\"1024\" data-id=\"728\" data-src=\"https:\/\/sqardance.com\/wp-content\/uploads\/2024\/02\/who_framed_roger_rabbit_poster_by_theaven_ddqphk8-414w-2x-640x1024.jpg\" alt=\"\" class=\"wp-image-728 lazyload\" data-srcset=\"https:\/\/sqardance.com\/wp-content\/uploads\/2024\/02\/who_framed_roger_rabbit_poster_by_theaven_ddqphk8-414w-2x-640x1024.jpg 640w, https:\/\/sqardance.com\/wp-content\/uploads\/2024\/02\/who_framed_roger_rabbit_poster_by_theaven_ddqphk8-414w-2x-187x300.jpg 187w, https:\/\/sqardance.com\/wp-content\/uploads\/2024\/02\/who_framed_roger_rabbit_poster_by_theaven_ddqphk8-414w-2x-768x1230.jpg 768w, https:\/\/sqardance.com\/wp-content\/uploads\/2024\/02\/who_framed_roger_rabbit_poster_by_theaven_ddqphk8-414w-2x-scaled.jpg 625w\" data-sizes=\"(max-width: 640px) 100vw, 640px\" src=\"data:image\/svg+xml;base64,PHN2ZyB3aWR0aD0iMSIgaGVpZ2h0PSIxIiB4bWxucz0iaHR0cDovL3d3dy53My5vcmcvMjAwMC9zdmciPjwvc3ZnPg==\" style=\"--smush-placeholder-width: 640px; --smush-placeholder-aspect-ratio: 640\/1024;\" \/><\/a><figcaption class=\"wp-element-caption\"><a href=\"https:\/\/sqardance.com\/index.php\/hip-hop\/lista-de-pasos\/roger-rabbit\/\" data-type=\"page\" data-id=\"327\">Roger Rabbit en Hip Hop<\/a><\/figcaption><\/figure>\n\n\n\n<figure class=\"wp-block-image size-large\"><a href=\"https:\/\/sqardance.com\/index.php\/hip-hop\/lista-de-pasos\/reebok\/\"><img decoding=\"async\" width=\"640\" height=\"960\" data-id=\"729\" data-src=\"https:\/\/sqardance.com\/wp-content\/uploads\/2024\/02\/pexels-erick-alfredo-sasi-6601918.jpg\" alt=\"\" class=\"wp-image-729 lazyload\" data-srcset=\"https:\/\/sqardance.com\/wp-content\/uploads\/2024\/02\/pexels-erick-alfredo-sasi-6601918.jpg 640w, https:\/\/sqardance.com\/wp-content\/uploads\/2024\/02\/pexels-erick-alfredo-sasi-6601918-200x300.jpg 200w\" data-sizes=\"(max-width: 640px) 100vw, 640px\" src=\"data:image\/svg+xml;base64,PHN2ZyB3aWR0aD0iMSIgaGVpZ2h0PSIxIiB4bWxucz0iaHR0cDovL3d3dy53My5vcmcvMjAwMC9zdmciPjwvc3ZnPg==\" style=\"--smush-placeholder-width: 640px; --smush-placeholder-aspect-ratio: 640\/960;\" \/><\/a><figcaption class=\"wp-element-caption\"><a href=\"https:\/\/sqardance.com\/index.php\/hip-hop\/lista-de-pasos\/reebok\/\" data-type=\"page\" data-id=\"129\">Paso de baile Reebok<\/a><\/figcaption><\/figure>\n<\/figure>\n","protected":false},"excerpt":{"rendered":"<p>El Hip Hop es una cultura que tiene muchos elementos, no solamente el baile. Sin embargo, para poder hacer una buena interpretaci\u00f3n, s\u00ed hay que conocer el contexto de lo que se vivi\u00f3 en esa \u00e9poca y el por qu\u00e9 se mov\u00edan como lo hac\u00edan y qu\u00e9 origin\u00f3 el groove y los pasos que componen&hellip;&nbsp;<a href=\"https:\/\/sqardance.com\/index.php\/hip-hop\/\" rel=\"bookmark\"><span class=\"screen-reader-text\">Hip Hop Dance<\/span><\/a><\/p>\n","protected":false},"author":1,"featured_media":0,"parent":0,"menu_order":0,"comment_status":"closed","ping_status":"closed","template":"","meta":{"neve_meta_sidebar":"","neve_meta_container":"","neve_meta_enable_content_width":"","neve_meta_content_width":0,"neve_meta_title_alignment":"","neve_meta_author_avatar":"","neve_post_elements_order":"","neve_meta_disable_header":"","neve_meta_disable_footer":"","neve_meta_disable_title":"","footnotes":""},"class_list":["post-110","page","type-page","status-publish","hentry"],"_links":{"self":[{"href":"https:\/\/sqardance.com\/index.php\/wp-json\/wp\/v2\/pages\/110","targetHints":{"allow":["GET"]}}],"collection":[{"href":"https:\/\/sqardance.com\/index.php\/wp-json\/wp\/v2\/pages"}],"about":[{"href":"https:\/\/sqardance.com\/index.php\/wp-json\/wp\/v2\/types\/page"}],"author":[{"embeddable":true,"href":"https:\/\/sqardance.com\/index.php\/wp-json\/wp\/v2\/users\/1"}],"replies":[{"embeddable":true,"href":"https:\/\/sqardance.com\/index.php\/wp-json\/wp\/v2\/comments?post=110"}],"version-history":[{"count":6,"href":"https:\/\/sqardance.com\/index.php\/wp-json\/wp\/v2\/pages\/110\/revisions"}],"predecessor-version":[{"id":730,"href":"https:\/\/sqardance.com\/index.php\/wp-json\/wp\/v2\/pages\/110\/revisions\/730"}],"wp:attachment":[{"href":"https:\/\/sqardance.com\/index.php\/wp-json\/wp\/v2\/media?parent=110"}],"curies":[{"name":"wp","href":"https:\/\/api.w.org\/{rel}","templated":true}]}}