{"id":1082,"date":"2024-04-13T07:45:18","date_gmt":"2024-04-13T07:45:18","guid":{"rendered":"https:\/\/sqardance.com\/?page_id=1082"},"modified":"2024-04-13T07:45:19","modified_gmt":"2024-04-13T07:45:19","slug":"que-es-aka","status":"publish","type":"page","link":"https:\/\/sqardance.com\/index.php\/fundamentos-de-la-danza\/preguntas-danza\/que-es-aka\/","title":{"rendered":"\u00bfQu\u00e9 es el AKA en el Hip Hop y el baile?"},"content":{"rendered":"\n<div class=\"wp-block-group\"><div class=\"wp-block-group__inner-container is-layout-constrained wp-block-group-is-layout-constrained\"><div class=\"wp-block-image\">\n<figure class=\"alignright size-large is-resized\"><img decoding=\"async\" width=\"1024\" height=\"682\" data-src=\"https:\/\/sqardance.com\/wp-content\/uploads\/2024\/01\/pexels-keenan-constance-2865891-1024x682.jpg\" alt=\"\u00bfQu\u00e9 es el AKA en Hip Hop y el baile?\" class=\"wp-image-719 lazyload\" style=\"--smush-placeholder-width: 1024px; --smush-placeholder-aspect-ratio: 1024\/682;width:453px;height:auto\" data-srcset=\"https:\/\/sqardance.com\/wp-content\/uploads\/2024\/01\/pexels-keenan-constance-2865891-1024x682.jpg 1024w, https:\/\/sqardance.com\/wp-content\/uploads\/2024\/01\/pexels-keenan-constance-2865891-300x200.jpg 300w, https:\/\/sqardance.com\/wp-content\/uploads\/2024\/01\/pexels-keenan-constance-2865891-768x512.jpg 768w, https:\/\/sqardance.com\/wp-content\/uploads\/2024\/01\/pexels-keenan-constance-2865891-930x620.jpg 930w, https:\/\/sqardance.com\/wp-content\/uploads\/2024\/01\/pexels-keenan-constance-2865891-scaled.jpg 1000w\" data-sizes=\"(max-width: 1024px) 100vw, 1024px\" src=\"data:image\/svg+xml;base64,PHN2ZyB3aWR0aD0iMSIgaGVpZ2h0PSIxIiB4bWxucz0iaHR0cDovL3d3dy53My5vcmcvMjAwMC9zdmciPjwvc3ZnPg==\" \/><\/figure><\/div>\n\n\n<p>AKA es un acr\u00f3nimo del ingl\u00e9s que significa &#8220;Also Known As&#8221; (en espa\u00f1ol &#8220;tambi\u00e9n conocido como&#8221;). Se usa para identificar un apodo o seud\u00f3nimo de un artista. No se limita a los bailarines, tambi\u00e9n puede ser un DJ, un MC o cualquier otro tipo de arte, como los mencionados en los <a href=\"https:\/\/sqardance.com\/index.php\/hip-hop\/elementos\/\" data-type=\"page\" data-id=\"437\">elementos del Hip Hop<\/a>. Inicialmente se us\u00f3 mucho \u00fanicamente en el Hip Hop, pero posteriormente se expandi\u00f3 a otras culturas, en especial en la danza. Su significado, aunque sigue siendo el acr\u00f3nimo, ha cambiado a ser m\u00e1s profundo. Ac\u00e1 te cuento de qu\u00e9 trata.<\/p>\n<\/div><\/div>\n\n\n\n<h2 class=\"wp-block-heading\">Contenido<\/h2>\n\n\n\n<ul class=\"wp-block-list\">\n<li><a href=\"#Origen\" data-type=\"internal\" data-id=\"#Origen\">Origen del AKA en el Hip Hop<\/a><\/li>\n\n\n\n<li><a href=\"#Implicaciones\" data-type=\"internal\" data-id=\"#Implicaciones\">\u00bfQu\u00e9 implica un AKA en el baile?<\/a><\/li>\n<\/ul>\n\n\n\n<h2 class=\"wp-block-heading\" id=\"Origen\">Origen del AKA en el Hip Hop<\/h2>\n\n\n\n<p>El AKA viene desde los inicios del Hip Hop, con el que todos llaman el padre del Hip Hop Kool Herc. Su nombre real es Clive Campbell. Fue quien llev\u00f3 la cultura del sound system que se ten\u00eda en Jamaica a New York City. Una de las cualidades que lo caracteriz\u00f3 era que cuidaba su cuerpo y lo ejercitaba mucho, de ah\u00ed se le comenz\u00f3 a llamar H\u00e9rcules, como el hijo de J\u00fapiter en la mitolog\u00eda Romana y conocido por su fuerza. De ah\u00ed viene el apodo de Herc, pero a veces firmaba &#8220;Kool Herc AKA Herculoid&#8221;, simplificando las palabras en ingles &#8220;Also Known AS&#8221;. Incluso despu\u00e9s su Crew se llam\u00f3 Kool Herc y the Herculoids.<\/p>\n\n\n\n<h2 class=\"wp-block-heading\" id=\"Implicaciones\">\u00bfQu\u00e9 implica un AKA en el baile?<\/h2>\n\n\n\n<p>La palabra AKA ha evolucionado y dejado de ser un simple acr\u00f3nimo y pas\u00f3 a ser mucho m\u00e1s. Un AKA no solo se limita a las letras. Para muchos bailarines, AKA significa <strong>romper con las limitaciones<\/strong> impuestas por un solo nombre. Es la oportunidad de explorar diferentes facetas de su arte, <strong>adoptar nuevas identidades<\/strong> que reflejen su evoluci\u00f3n y <strong>abrazar la diversidad<\/strong> de estilos que dominan. Ya no s\u00f3lo es un nombre que nos ponen otros, es algo que nosotros mismos podemos ponernos, como los pseud\u00f3nimos de los escritores.<\/p>\n\n\n\n<p>Por ejemplo, en Krump y Wahcking se utilizan un personaje a la hora de bailar, el AKA <strong>puede ser el nombre de ese personaje<\/strong>. En otros casos, como el de Kool Herc se <strong>tiene una historia personal<\/strong>. Incluso algunos pueden llamar as\u00ed a <strong>un alter ego<\/strong>, en el cual expresa caracter\u00edsticas que quiere resaltar de su propia personalidad o incluso su deseo del ser. La idea es tambi\u00e9n que identifique y sea llamativo al mismo tiempo para que los dem\u00e1s te reconozcan.<\/p>\n\n\n\n<p>Las posibilidades son muy grandes a la hora de elegir un AKA. Aseg\u00farate de pensar uno bueno para ti y si no fue bueno, no importa, siempre puedes cambiarlo y crear uno nuevo.<\/p>\n\n\n\n<h2 class=\"wp-block-heading\">Otros art\u00edculos que te pueden interesar<\/h2>\n\n\n\n<figure class=\"wp-block-gallery has-nested-images columns-default is-cropped wp-block-gallery-1 is-layout-flex wp-block-gallery-is-layout-flex\">\n<figure class=\"wp-block-image size-large\"><a href=\"https:\/\/sqardance.com\/index.php\/litefeet-dance\/historia\/\"><img decoding=\"async\" width=\"1024\" height=\"576\" data-id=\"1052\" data-src=\"https:\/\/sqardance.com\/wp-content\/uploads\/2024\/04\/Chrybaby-1024x576.jpg\" alt=\"\" class=\"wp-image-1052 lazyload\" data-srcset=\"https:\/\/sqardance.com\/wp-content\/uploads\/2024\/04\/Chrybaby-1024x576.jpg 1024w, https:\/\/sqardance.com\/wp-content\/uploads\/2024\/04\/Chrybaby-300x169.jpg 300w, https:\/\/sqardance.com\/wp-content\/uploads\/2024\/04\/Chrybaby-768x432.jpg 768w, https:\/\/sqardance.com\/wp-content\/uploads\/2024\/04\/Chrybaby-scaled.jpg 1000w\" data-sizes=\"(max-width: 1024px) 100vw, 1024px\" src=\"data:image\/svg+xml;base64,PHN2ZyB3aWR0aD0iMSIgaGVpZ2h0PSIxIiB4bWxucz0iaHR0cDovL3d3dy53My5vcmcvMjAwMC9zdmciPjwvc3ZnPg==\" style=\"--smush-placeholder-width: 1024px; --smush-placeholder-aspect-ratio: 1024\/576;\" \/><\/a><figcaption class=\"wp-element-caption\"><a href=\"https:\/\/sqardance.com\/index.php\/litefeet-dance\/historia\/\" data-type=\"page\" data-id=\"1020\">Historia del lite feet<\/a><\/figcaption><\/figure>\n\n\n\n<figure class=\"wp-block-image size-large\"><a href=\"https:\/\/sqardance.com\/index.php\/fundamentos-de-la-danza\/8-direcciones-de-la-danza\/\"><img decoding=\"async\" width=\"547\" height=\"729\" data-id=\"686\" data-src=\"https:\/\/sqardance.com\/wp-content\/uploads\/2024\/01\/DireccionesImagen1-edited-1.png\" alt=\"Cuales son las 8 direcciones en la danza\" class=\"wp-image-686 lazyload\" data-srcset=\"https:\/\/sqardance.com\/wp-content\/uploads\/2024\/01\/DireccionesImagen1-edited-1.png 547w, https:\/\/sqardance.com\/wp-content\/uploads\/2024\/01\/DireccionesImagen1-edited-1-225x300.png 225w\" data-sizes=\"(max-width: 547px) 100vw, 547px\" src=\"data:image\/svg+xml;base64,PHN2ZyB3aWR0aD0iMSIgaGVpZ2h0PSIxIiB4bWxucz0iaHR0cDovL3d3dy53My5vcmcvMjAwMC9zdmciPjwvc3ZnPg==\" style=\"--smush-placeholder-width: 547px; --smush-placeholder-aspect-ratio: 547\/729;\" \/><\/a><figcaption class=\"wp-element-caption\"><a href=\"https:\/\/sqardance.com\/index.php\/fundamentos-de-la-danza\/8-direcciones-de-la-danza\/\" data-type=\"page\" data-id=\"657\">Direcciones en la danza<\/a><\/figcaption><\/figure>\n\n\n\n<figure class=\"wp-block-image size-large\"><a href=\"https:\/\/sqardance.com\/index.php\/fundamentos-de-la-danza\/como-contar-los-tiempos-musicales-en-el-baile\/\"><img decoding=\"async\" width=\"640\" height=\"995\" data-id=\"825\" data-src=\"https:\/\/sqardance.com\/wp-content\/uploads\/2024\/02\/pexels-dominika-roseclay-2090877.jpg\" alt=\"Como contar la m\u00fasica en al danza\" class=\"wp-image-825 lazyload\" data-srcset=\"https:\/\/sqardance.com\/wp-content\/uploads\/2024\/02\/pexels-dominika-roseclay-2090877.jpg 640w, https:\/\/sqardance.com\/wp-content\/uploads\/2024\/02\/pexels-dominika-roseclay-2090877-193x300.jpg 193w\" data-sizes=\"(max-width: 640px) 100vw, 640px\" src=\"data:image\/svg+xml;base64,PHN2ZyB3aWR0aD0iMSIgaGVpZ2h0PSIxIiB4bWxucz0iaHR0cDovL3d3dy53My5vcmcvMjAwMC9zdmciPjwvc3ZnPg==\" style=\"--smush-placeholder-width: 640px; --smush-placeholder-aspect-ratio: 640\/995;\" \/><\/a><figcaption class=\"wp-element-caption\"><a href=\"https:\/\/sqardance.com\/index.php\/fundamentos-de-la-danza\/como-contar-los-tiempos-musicales-en-el-baile\/\" data-type=\"page\" data-id=\"601\">\u00bfC\u00f3mo contar tiempos musicales en la danza?<\/a><\/figcaption><\/figure>\n<\/figure>\n","protected":false},"excerpt":{"rendered":"<p>AKA es un acr\u00f3nimo del ingl\u00e9s que significa &#8220;Also Known As&#8221; (en espa\u00f1ol &#8220;tambi\u00e9n conocido como&#8221;). Se usa para identificar un apodo o seud\u00f3nimo de un artista. No se limita a los bailarines, tambi\u00e9n puede ser un DJ, un MC o cualquier otro tipo de arte, como los mencionados en los elementos del Hip Hop.&hellip;&nbsp;<a href=\"https:\/\/sqardance.com\/index.php\/fundamentos-de-la-danza\/preguntas-danza\/que-es-aka\/\" rel=\"bookmark\"><span class=\"screen-reader-text\">\u00bfQu\u00e9 es el AKA en el Hip Hop y el baile?<\/span><\/a><\/p>\n","protected":false},"author":1,"featured_media":0,"parent":1084,"menu_order":0,"comment_status":"closed","ping_status":"closed","template":"","meta":{"neve_meta_sidebar":"","neve_meta_container":"","neve_meta_enable_content_width":"","neve_meta_content_width":0,"neve_meta_title_alignment":"","neve_meta_author_avatar":"","neve_post_elements_order":"","neve_meta_disable_header":"","neve_meta_disable_footer":"","neve_meta_disable_title":"","footnotes":""},"class_list":["post-1082","page","type-page","status-publish","hentry"],"_links":{"self":[{"href":"https:\/\/sqardance.com\/index.php\/wp-json\/wp\/v2\/pages\/1082","targetHints":{"allow":["GET"]}}],"collection":[{"href":"https:\/\/sqardance.com\/index.php\/wp-json\/wp\/v2\/pages"}],"about":[{"href":"https:\/\/sqardance.com\/index.php\/wp-json\/wp\/v2\/types\/page"}],"author":[{"embeddable":true,"href":"https:\/\/sqardance.com\/index.php\/wp-json\/wp\/v2\/users\/1"}],"replies":[{"embeddable":true,"href":"https:\/\/sqardance.com\/index.php\/wp-json\/wp\/v2\/comments?post=1082"}],"version-history":[{"count":3,"href":"https:\/\/sqardance.com\/index.php\/wp-json\/wp\/v2\/pages\/1082\/revisions"}],"predecessor-version":[{"id":1087,"href":"https:\/\/sqardance.com\/index.php\/wp-json\/wp\/v2\/pages\/1082\/revisions\/1087"}],"up":[{"embeddable":true,"href":"https:\/\/sqardance.com\/index.php\/wp-json\/wp\/v2\/pages\/1084"}],"wp:attachment":[{"href":"https:\/\/sqardance.com\/index.php\/wp-json\/wp\/v2\/media?parent=1082"}],"curies":[{"name":"wp","href":"https:\/\/api.w.org\/{rel}","templated":true}]}}