{"id":1072,"date":"2024-05-07T08:15:54","date_gmt":"2024-05-07T08:15:54","guid":{"rendered":"https:\/\/sqardance.com\/?page_id=1072"},"modified":"2024-05-10T09:23:35","modified_gmt":"2024-05-10T09:23:35","slug":"movimientos-o-pasos","status":"publish","type":"page","link":"https:\/\/sqardance.com\/index.php\/krump\/movimientos-o-pasos\/","title":{"rendered":"Movimientos o pasos del krump"},"content":{"rendered":"\n<p>El Krump es un estilo de baile que no est\u00e1 concretamente basado en pasos, como s\u00ed es el Hip Hop Party Dance, sino que se centra en movimientos. N tiene muchos, pero son muy vers\u00e1tiles y es lo que hace tan grande al Krump. Eso quiere decir que conceptos simples como aplicar un movimiento del pecho muy r\u00e1pido o dibujar un arco con mis brazos, me va a dar miles de posibilidades a la hora bailar. La idea es usar esos movimientos simples para hacer creaciones complejas que nazcan de nuestra imaginaci\u00f3n.<\/p>\n\n\n\n<h2 class=\"wp-block-heading\">Contenido<\/h2>\n\n\n\n<ul class=\"wp-block-list\">\n<li><a href=\"#Groove\" data-type=\"internal\" data-id=\"#Groove\">Movimientos del groove<\/a><\/li>\n\n\n\n<li><a href=\"#Basicos\" data-type=\"internal\" data-id=\"#Basicos\">Movimientos b\u00e1sicos<\/a><\/li>\n<\/ul>\n\n\n\n<h2 class=\"wp-block-heading\" id=\"Groove\">Movimientos del groove<\/h2>\n\n\n\n<p>El <a href=\"https:\/\/sqardance.com\/index.php\/fundamentos-de-la-danza\/que-es-el-groove-en-la-danza\/\" data-type=\"page\" data-id=\"677\">groove <\/a>es lo que caracteriza al estilo de baile y la forma en la que se suele transmitir la sensaci\u00f3n musical en nuestro movimiento. Para el Krump, culturalmente los siguientes movimientos se consideran groove.<\/p>\n\n\n\n<ul class=\"wp-block-list\">\n<li><a href=\"https:\/\/sqardance.com\/index.php\/krump\/movimientos-o-pasos\/wobble\/\" data-type=\"page\" data-id=\"1200\">Wobble<\/a><\/li>\n\n\n\n<li><a href=\"https:\/\/sqardance.com\/index.php\/krump\/movimientos-o-pasos\/que-es-bounce\/\" data-type=\"page\" data-id=\"1190\">Bounce<\/a><\/li>\n<\/ul>\n\n\n\n<h2 class=\"wp-block-heading\" id=\"Basicos\">Movimientos b\u00e1sicos<\/h2>\n\n\n\n<p>Adem\u00e1s del Groove, el Krump tiene una serie de movimientos b\u00e1sicos que son usados en conjunto para crear expresiones muy complejas. Con los siguientes movimientos tienes suficiente para bailar este estilo:<\/p>\n\n\n\n<ul class=\"wp-block-list\">\n<li><a href=\"https:\/\/sqardance.com\/index.php\/krump\/movimientos-o-pasos\/arm-swing\/\" data-type=\"page\" data-id=\"1199\">Arm swing<\/a><\/li>\n\n\n\n<li>Jabs<\/li>\n\n\n\n<li>Chest Pops<\/li>\n\n\n\n<li>Stomp<\/li>\n\n\n\n<li>Arm Placement<\/li>\n<\/ul>\n\n\n\n<figure class=\"wp-block-embed is-type-video is-provider-youtube wp-block-embed-youtube\"><div class=\"wp-block-embed__wrapper\">\n<div class=\"nv-iframe-embed\"><div class=\"container-lazyload preview-lazyload container-youtube js-lazyload--not-loaded\"><a href=\"https:\/\/youtu.be\/45V-dxHgycg\" class=\"lazy-load-youtube preview-lazyload preview-youtube\" data-video-title=\"&quot;KRUMP&quot; a short documentary film by Johannes Ziegler (FULL MOVIE) English subtitles\" title=\"Play video &quot;&quot;KRUMP&quot; a short documentary film by Johannes Ziegler (FULL MOVIE) English subtitles&quot;\" target=\"_blank\" rel=\"noopener\">https:\/\/youtu.be\/45V-dxHgycg<\/a><noscript>Video can&#8217;t be loaded because JavaScript is disabled: <a href=\"https:\/\/youtu.be\/45V-dxHgycg\" title=\"&quot;KRUMP&quot; a short documentary film by Johannes Ziegler (FULL MOVIE) English subtitles\" target=\"_blank\" rel=\"noopener\">&quot;KRUMP&quot; a short documentary film by Johannes Ziegler (FULL MOVIE) English subtitles (https:\/\/youtu.be\/45V-dxHgycg)<\/a><\/noscript><\/div><\/div>\n<\/div><\/figure>\n\n\n\n<h2 class=\"wp-block-heading\">Otros art\u00edculos que te pueden interesar<\/h2>\n\n\n\n<figure class=\"wp-block-gallery has-nested-images columns-default is-cropped wp-block-gallery-1 is-layout-flex wp-block-gallery-is-layout-flex\">\n<figure class=\"wp-block-image size-large\"><a href=\"https:\/\/sqardance.com\/index.php\/krump\/que-es\/\"><img decoding=\"async\" width=\"1024\" height=\"680\" data-id=\"1162\" data-src=\"https:\/\/sqardance.com\/wp-content\/uploads\/2024\/05\/krump_it_by_an1ken_d1z8gcg-1024x680.jpg\" alt=\"\" class=\"wp-image-1162 lazyload\" data-srcset=\"https:\/\/sqardance.com\/wp-content\/uploads\/2024\/05\/krump_it_by_an1ken_d1z8gcg-1024x680.jpg 1024w, https:\/\/sqardance.com\/wp-content\/uploads\/2024\/05\/krump_it_by_an1ken_d1z8gcg-300x199.jpg 300w, https:\/\/sqardance.com\/wp-content\/uploads\/2024\/05\/krump_it_by_an1ken_d1z8gcg-768x510.jpg 768w, https:\/\/sqardance.com\/wp-content\/uploads\/2024\/05\/krump_it_by_an1ken_d1z8gcg-1536x1020.jpg 1536w, https:\/\/sqardance.com\/wp-content\/uploads\/2024\/05\/krump_it_by_an1ken_d1z8gcg-2048x1360.jpg 2048w, https:\/\/sqardance.com\/wp-content\/uploads\/2024\/05\/krump_it_by_an1ken_d1z8gcg-scaled.jpg 1000w\" data-sizes=\"(max-width: 1024px) 100vw, 1024px\" src=\"data:image\/svg+xml;base64,PHN2ZyB3aWR0aD0iMSIgaGVpZ2h0PSIxIiB4bWxucz0iaHR0cDovL3d3dy53My5vcmcvMjAwMC9zdmciPjwvc3ZnPg==\" style=\"--smush-placeholder-width: 1024px; --smush-placeholder-aspect-ratio: 1024\/680;\" \/><\/a><figcaption class=\"wp-element-caption\"><a href=\"https:\/\/sqardance.com\/index.php\/krump\/que-es\/\" data-type=\"page\" data-id=\"1070\">\u00bfQu\u00e9 es el Krump?<\/a><\/figcaption><\/figure>\n\n\n\n<figure class=\"wp-block-image size-large\"><a href=\"https:\/\/sqardance.com\/index.php\/krump\/historia\/\"><img decoding=\"async\" width=\"985\" height=\"1024\" data-id=\"1134\" data-src=\"https:\/\/sqardance.com\/wp-content\/uploads\/2024\/04\/tight_eyez___street_kingdom___krump_kings___by_ceydoo_blueshine_d7zs50e-985x1024.png\" alt=\"\" class=\"wp-image-1134 lazyload\" data-srcset=\"https:\/\/sqardance.com\/wp-content\/uploads\/2024\/04\/tight_eyez___street_kingdom___krump_kings___by_ceydoo_blueshine_d7zs50e-985x1024.png 985w, https:\/\/sqardance.com\/wp-content\/uploads\/2024\/04\/tight_eyez___street_kingdom___krump_kings___by_ceydoo_blueshine_d7zs50e-288x300.png 288w, https:\/\/sqardance.com\/wp-content\/uploads\/2024\/04\/tight_eyez___street_kingdom___krump_kings___by_ceydoo_blueshine_d7zs50e-768x799.png 768w, https:\/\/sqardance.com\/wp-content\/uploads\/2024\/04\/tight_eyez___street_kingdom___krump_kings___by_ceydoo_blueshine_d7zs50e-1477x1536.png 1477w, https:\/\/sqardance.com\/wp-content\/uploads\/2024\/04\/tight_eyez___street_kingdom___krump_kings___by_ceydoo_blueshine_d7zs50e-1969x2048.png 1969w, https:\/\/sqardance.com\/wp-content\/uploads\/2024\/04\/tight_eyez___street_kingdom___krump_kings___by_ceydoo_blueshine_d7zs50e.png 962w\" data-sizes=\"(max-width: 985px) 100vw, 985px\" src=\"data:image\/svg+xml;base64,PHN2ZyB3aWR0aD0iMSIgaGVpZ2h0PSIxIiB4bWxucz0iaHR0cDovL3d3dy53My5vcmcvMjAwMC9zdmciPjwvc3ZnPg==\" style=\"--smush-placeholder-width: 985px; --smush-placeholder-aspect-ratio: 985\/1024;\" \/><\/a><figcaption class=\"wp-element-caption\"><a href=\"https:\/\/sqardance.com\/index.php\/krump\/historia\/\" data-type=\"page\" data-id=\"1071\">Historia del Krump<\/a><\/figcaption><\/figure>\n\n\n\n<figure class=\"wp-block-image size-large\"><a href=\"https:\/\/sqardance.com\/index.php\/hip-hop\/elementos\/\"><img decoding=\"async\" width=\"640\" height=\"480\" data-id=\"467\" data-src=\"https:\/\/sqardance.com\/wp-content\/uploads\/2023\/11\/pexels-sarah-trummer-955798-1-edited.jpg\" alt=\"Elementos del Hip Hop\" class=\"wp-image-467 lazyload\" data-srcset=\"https:\/\/sqardance.com\/wp-content\/uploads\/2023\/11\/pexels-sarah-trummer-955798-1-edited.jpg 640w, https:\/\/sqardance.com\/wp-content\/uploads\/2023\/11\/pexels-sarah-trummer-955798-1-edited-300x225.jpg 300w\" data-sizes=\"(max-width: 640px) 100vw, 640px\" src=\"data:image\/svg+xml;base64,PHN2ZyB3aWR0aD0iMSIgaGVpZ2h0PSIxIiB4bWxucz0iaHR0cDovL3d3dy53My5vcmcvMjAwMC9zdmciPjwvc3ZnPg==\" style=\"--smush-placeholder-width: 640px; --smush-placeholder-aspect-ratio: 640\/480;\" \/><\/a><figcaption class=\"wp-element-caption\"><a href=\"https:\/\/sqardance.com\/index.php\/hip-hop\/elementos\/\" data-type=\"page\" data-id=\"437\">Elementos del Hip Hop<\/a><\/figcaption><\/figure>\n<\/figure>\n","protected":false},"excerpt":{"rendered":"<p>El Krump es un estilo de baile que no est\u00e1 concretamente basado en pasos, como s\u00ed es el Hip Hop Party Dance, sino que se centra en movimientos. N tiene muchos, pero son muy vers\u00e1tiles y es lo que hace tan grande al Krump. Eso quiere decir que conceptos simples como aplicar un movimiento del&hellip;&nbsp;<a href=\"https:\/\/sqardance.com\/index.php\/krump\/movimientos-o-pasos\/\" rel=\"bookmark\"><span class=\"screen-reader-text\">Movimientos o pasos del krump<\/span><\/a><\/p>\n","protected":false},"author":1,"featured_media":0,"parent":1069,"menu_order":0,"comment_status":"closed","ping_status":"closed","template":"","meta":{"neve_meta_sidebar":"","neve_meta_container":"","neve_meta_enable_content_width":"","neve_meta_content_width":0,"neve_meta_title_alignment":"","neve_meta_author_avatar":"","neve_post_elements_order":"","neve_meta_disable_header":"","neve_meta_disable_footer":"","neve_meta_disable_title":"","footnotes":""},"class_list":["post-1072","page","type-page","status-publish","hentry"],"_links":{"self":[{"href":"https:\/\/sqardance.com\/index.php\/wp-json\/wp\/v2\/pages\/1072","targetHints":{"allow":["GET"]}}],"collection":[{"href":"https:\/\/sqardance.com\/index.php\/wp-json\/wp\/v2\/pages"}],"about":[{"href":"https:\/\/sqardance.com\/index.php\/wp-json\/wp\/v2\/types\/page"}],"author":[{"embeddable":true,"href":"https:\/\/sqardance.com\/index.php\/wp-json\/wp\/v2\/users\/1"}],"replies":[{"embeddable":true,"href":"https:\/\/sqardance.com\/index.php\/wp-json\/wp\/v2\/comments?post=1072"}],"version-history":[{"count":14,"href":"https:\/\/sqardance.com\/index.php\/wp-json\/wp\/v2\/pages\/1072\/revisions"}],"predecessor-version":[{"id":1226,"href":"https:\/\/sqardance.com\/index.php\/wp-json\/wp\/v2\/pages\/1072\/revisions\/1226"}],"up":[{"embeddable":true,"href":"https:\/\/sqardance.com\/index.php\/wp-json\/wp\/v2\/pages\/1069"}],"wp:attachment":[{"href":"https:\/\/sqardance.com\/index.php\/wp-json\/wp\/v2\/media?parent=1072"}],"curies":[{"name":"wp","href":"https:\/\/api.w.org\/{rel}","templated":true}]}}