{"id":1071,"date":"2024-05-07T08:18:06","date_gmt":"2024-05-07T08:18:06","guid":{"rendered":"https:\/\/sqardance.com\/?page_id=1071"},"modified":"2024-05-09T04:35:53","modified_gmt":"2024-05-09T04:35:53","slug":"historia","status":"publish","type":"page","link":"https:\/\/sqardance.com\/index.php\/krump\/historia\/","title":{"rendered":"Historia del Krump"},"content":{"rendered":"\n<p>El estilo de baile Krump nace en el a\u00f1o 2000 en barrios marginados de Los \u00c1ngeles California, como South Central. Nace de bailarines que practicaban el Clowing, pero buscaban su propio estilo. Ac\u00e1 te explico con m\u00e1s detalle su procedencia y por qu\u00e9 es el baile que es.<\/p>\n\n\n\n<h2 class=\"wp-block-heading\">Contenido<\/h2>\n\n\n\n<ul class=\"wp-block-list\">\n<li><a href=\"#Clowing\" data-type=\"internal\" data-id=\"#Clowing\">Nacimiento del Clowing<\/a><\/li>\n\n\n\n<li><a href=\"#Inicios\" data-type=\"internal\" data-id=\"#Inicios\">\u00bfQu\u00e9 buscaba el Krump en sus inicios?<\/a><\/li>\n\n\n\n<li><a href=\"#Expansion\" data-type=\"internal\" data-id=\"#Expansion\">Expansi\u00f3n del Krump<\/a><\/li>\n<\/ul>\n\n\n\n<h2 class=\"wp-block-heading\" id=\"Clowing\">Nacimiento del Clowing<\/h2>\n\n\n\n<p>El movimiento de payasos comienza con la historia de Thomas Johnson en uno de los barrios m\u00e1s peligrosos de Los Angeles, California. El contexto es un sector de violencia, donde mucha gente es impulsada a ser pandillera y terminar en la violencia. En el documental llamado Rize, \u00e9l menciona que antes del movimiento \u00e9l era un pandillero, se dedicaba al vender drogas, algo por lo que muchas personas terminan asesinadas, con muchos problemas o en la c\u00e1rcel. En el caso de \u00e9l, termin\u00f3 en la c\u00e1rcel y al salir entendi\u00f3 que no pod\u00eda seguir as\u00ed o podr\u00eda terminar asesinado, por lo que decidi\u00f3 cambiar. De ah\u00ed se acerca a la iglesia y al baile.<\/p>\n\n\n\n<p>En un inicio Thomas se dedicaba a hacer locuras y una chica le pregunt\u00f3 si pod\u00eda ser el payaso en su fiesta de cumplea\u00f1os. Comienza a hacer fiestas familiares o para ni\u00f1os bailando Hip Hop y vestido de payaso. De ah\u00ed su <a href=\"https:\/\/sqardance.com\/index.php\/fundamentos-de-la-danza\/preguntas-danza\/que-es-aka\/\" data-type=\"page\" data-id=\"1082\">AKA<\/a>, Tommy the Clown. En ellas baila un estilo diferente, que se hace popular entre los ni\u00f1os. Ese estilo de baile \u00fanico se creo alrededor de 1992. <\/p>\n\n\n\n<p>De esos chicos, reclut\u00f3 a algunos y form\u00f3 su propio grupo de baile, que en el contexto del Clowing lo llaman &#8220;Family&#8221;. De hecho, Tommy no s\u00f3lo se involucr\u00f3 con ellos como un entrenador de baile, sino tambi\u00e9n en sus vidas personales. \u00c9l los rega\u00f1aba si no hac\u00edan tareas del colegio, les ayudaba cuando los padres no pod\u00edan porque ten\u00edan problemas de drogas o delincuencia. Este proyecto no fue s\u00f3lo una forma de ganar dinero, sino tambi\u00e9n de ayudar a los chicos a crecer en un ambiente mucho mejor, que no tuviera violencia ni vicios. <\/p>\n\n\n\n<figure class=\"wp-block-embed alignwide is-type-video is-provider-youtube wp-block-embed-youtube\"><div class=\"wp-block-embed__wrapper\">\n<div class=\"nv-iframe-embed\"><div class=\"container-lazyload preview-lazyload container-youtube js-lazyload--not-loaded\"><a href=\"https:\/\/youtu.be\/Sm3fMuUN9FM?t=397\" class=\"lazy-load-youtube preview-lazyload preview-youtube\" data-video-title=\"RIZE | DOCUMENTARY | Full Movie\" title=\"Play video &quot;RIZE | DOCUMENTARY | Full Movie&quot;\" target=\"_blank\" rel=\"noopener\">https:\/\/youtu.be\/Sm3fMuUN9FM?t=397<\/a><noscript>Video can&#8217;t be loaded because JavaScript is disabled: <a href=\"https:\/\/youtu.be\/Sm3fMuUN9FM?t=397\" title=\"RIZE | DOCUMENTARY | Full Movie\" target=\"_blank\" rel=\"noopener\">RIZE | DOCUMENTARY | Full Movie (https:\/\/youtu.be\/Sm3fMuUN9FM?t=397)<\/a><\/noscript><\/div><\/div>\n<\/div><\/figure>\n\n\n\n<h2 class=\"wp-block-heading\" id=\"Inicios\">\u00bfQu\u00e9 buscaba el Krump en sus inicios?<\/h2>\n\n\n\n<p>El Krumping se le acredita a Jo&#8217;Artis Ratti AKA Big Mijo y a Ceasare Willis AKA Tight Eyez, se habla de su creaci\u00f3n en el a\u00f1o 2000. Ellos crecieron en los grupos de Clowing. Incluso, en el documental Rize, Tight Eyez menciona que ellos aprendieron de Tommy The Clown. Es por eso que este baile tiene una b\u00fasqueda de algo espiritual, algo que Tommy inculcaba mucho en los chicos que reclutaba, lo que se ve reflejado en el significado del acr\u00f3nico Krump.<\/p>\n\n\n\n<p>Otro tema interesante del documental Rize es que hace una comparaci\u00f3n entre los movimientos del Krump y los que hac\u00edan las comunidades africanas. Lo cual muestra que realmente tiene una similitud. Incluso algunos de los bailarines comentan que quer\u00edan volver a sus raices. Y se demuestra que el Krump busca tener elementos de bailes Afro, no s\u00f3lo busca una creaci\u00f3n 100% original.<\/p>\n\n\n\n<p>El mayor motivo por el que se cre\u00f3 el Krump, lo dicen los bailarines que lo iniciaron en el documental Raised by Krump, es que ellos no siempre estaban de humor para bailar y hacer feliz a otra persona, que era el objetivo del Clowing. A veces ten\u00edan experiencias terribles, donde son acosados por pandilleros o la polic\u00eda (porque ellos cre\u00edan que eran pandilleros por vivir en un barrio espec\u00edfico, ser negros o ser pobres) y para completar tienen dificultades de todo tipo, econ\u00f3micas, de no saber ni que hacer para comer. Entonces, no siempre se puede poner una cara bonita, no siempre se tiene una sonrisa, a veces hay que dejar salir la rabia y eso lo permite el Krump.<\/p>\n\n\n\n<figure class=\"wp-block-embed alignwide is-type-video is-provider-youtube wp-block-embed-youtube\"><div class=\"wp-block-embed__wrapper\">\n<div class=\"nv-iframe-embed\"><div class=\"container-lazyload preview-lazyload container-youtube js-lazyload--not-loaded\"><a href=\"https:\/\/youtu.be\/B-4QThvO-8Q?t=298\" class=\"lazy-load-youtube preview-lazyload preview-youtube\" data-video-title=\"Raised by Krump\" title=\"Play video &quot;Raised by Krump&quot;\" target=\"_blank\" rel=\"noopener\">https:\/\/youtu.be\/B-4QThvO-8Q?t=298<\/a><noscript>Video can&#8217;t be loaded because JavaScript is disabled: <a href=\"https:\/\/youtu.be\/B-4QThvO-8Q?t=298\" title=\"Raised by Krump\" target=\"_blank\" rel=\"noopener\">Raised by Krump (https:\/\/youtu.be\/B-4QThvO-8Q?t=298)<\/a><\/noscript><\/div><\/div>\n<\/div><\/figure>\n\n\n\n<p>Otro aspecto muy importante que muestra el documental &#8220;Rize&#8221; es la de buscar originalidad. Quieren estar por fuera del Hip Hop comercial, supongo que en especial al Gansta Rap, dejar de lado los valores que se venden en ese estilo de Hip Hop. Ellos estaban buscando valores m\u00e1s espirituales y de comunidad. Es interesante ver c\u00f3mo Tight Eyez menciona en &#8220;Risen by Krump&#8221; que \u00e9l conoce gente que roba, que al no tener dinero saca un arma y le quita las pertenencias a otro, pero que \u00e9l no lo piensa as\u00ed, \u00e9l es diferente. Adem\u00e1s, sus conocidos que delinquen le dicen que ellos no tienen opci\u00f3n, pero que \u00e9l s\u00ed la tiene gracias al baile. Esto muestra el impacto de este estilo de m\u00fasica para ellos y c\u00f3mo marc\u00f3 la historia de una sociedad.<\/p>\n\n\n\n<h2 class=\"wp-block-heading\" id=\"Expansion\">Expansi\u00f3n del Krump<\/h2>\n\n\n\n<p>El hecho que marc\u00f3 un antes y un despu\u00e9s del Krump, fue el documental Rize. La pel\u00edcula fue dirigida por David LaChapelle, quien ya era un director reconocido por videos musicales de grandes artistas, como Elton John, Avril Lavigne, Christina Aguilera, Blink 182 y muchos otros. De hecho, conoci\u00f3 sobre este estilo de baile mientras grababa el video de la canci\u00f3n &#8220;Dirrty&#8221; de Christina Aguilera, aunque la coreograf\u00eda contiene otros estilos, como Hip Hop, Dancehall y Sensual\/Sexy Dance. Esta era su primera pel\u00edcula y la recepci\u00f3n fue relativamente buena.<br><br>La popularidad del Krump tambi\u00e9n creci\u00f3 debido a <strong>core\u00f3grafos populares<\/strong>, lo que lo llev\u00f3 varios videos musicales de artistas populares del momento. <\/p>\n\n\n\n<ul class=\"wp-block-list\">\n<li><strong>I&#8217;m Relly Hot de Missy Elliott<\/strong>:Es parte de la coreograf\u00eda que representa una batalla entre pandillas.<\/li>\n\n\n\n<li><strong>Hey Mama de Black Eyed Peas<\/strong>:En el video aparecen un gran n\u00famero de bailarines y unas chicas aparecen bailando Krump.<\/li>\n\n\n\n<li><strong>Hung Up de Madonna<\/strong>: En ese video se muestra una calle de barrio similar a las que se ven en el documental Rize, un grupo de chicos ah\u00ed baila Krump mientras se hacen cortes de edici\u00f3n que combinan ese estilo de baile con otros estilos, como el Jazz y el Vogue de Madonna.<\/li>\n\n\n\n<li><strong>Galvanize de The Chemical Brothers<\/strong>: Donde muestra c\u00f3mo unos chicos encuentran la forma de meterse a unas batallas de Krump en un lugar prohibido.<\/li>\n<\/ul>\n\n\n\n<figure class=\"wp-block-embed alignwide is-type-video is-provider-youtube wp-block-embed-youtube\"><div class=\"wp-block-embed__wrapper\">\n<div class=\"nv-iframe-embed\"><div class=\"container-lazyload preview-lazyload container-youtube js-lazyload--not-loaded\"><a href=\"https:\/\/youtu.be\/Xu3FTEmN-eg?t=127\" class=\"lazy-load-youtube preview-lazyload preview-youtube\" data-video-title=\"The Chemical Brothers - Galvanize (Official Music Video)\" title=\"Play video &quot;The Chemical Brothers - Galvanize (Official Music Video)&quot;\" target=\"_blank\" rel=\"noopener\">https:\/\/youtu.be\/Xu3FTEmN-eg?t=127<\/a><noscript>Video can&#8217;t be loaded because JavaScript is disabled: <a href=\"https:\/\/youtu.be\/Xu3FTEmN-eg?t=127\" title=\"The Chemical Brothers - Galvanize (Official Music Video)\" target=\"_blank\" rel=\"noopener\">The Chemical Brothers &#8211; Galvanize (Official Music Video) (https:\/\/youtu.be\/Xu3FTEmN-eg?t=127)<\/a><\/noscript><\/div><\/div>\n<\/div><\/figure>\n\n\n\n<p>En las <strong>pel\u00edculas<\/strong> tambi\u00e9n tuvo apariciones. Las siguientes son las m\u00e1s representativas:<\/p>\n\n\n\n<ul class=\"wp-block-list\">\n<li><strong>Bring It On: All or Nothing<\/strong> (&#8220;Triunfos Robados 3&#8221; en espa\u00f1ol): tuvo una presencia en una escena de secundaria que seg\u00fan los comentarios de la audiencia llaman de rid\u00edcula para adelante. En especial la cr\u00edtica es a que los bailarines no tienen t\u00e9cnica, no representan la esencia del estilo y es m\u00e1s una escena para coquetear entre dos personajes. Personalmente, no es el ejemplo que mirar\u00eda para admirar al Krump, pero muchos chicos peque\u00f1os se interesaron en este baile debido a esa peli y eso lo valoro mucho, adem\u00e1s de que en el contexto adolescente tiene todo el sentido de que se comporten as\u00ed.<\/li>\n\n\n\n<li><strong>Climax<\/strong>: en esta pel\u00edcula francesa tambi\u00e9n tiene una aparici\u00f3n este estilo de baile. Las caracter\u00edsticas se ven menos similares a la tendencia original y m\u00e1s a la tendencia que tom\u00f3 en muchos pa\u00edses lejanos. Es un buen ejemplo para ver las diferencias, en especial c\u00f3mo ac\u00e1 ya no es tan importante ni tan acelerado el movimiento de cadera, pero s\u00ed lo es mucho m\u00e1s el movimiento de brazos.<\/li>\n\n\n\n<li><strong>Stomp the Yard<\/strong> (&#8220;Baile Urbano&#8221; en espa\u00f1ol): para m\u00ed, es la que mejor representa el estilo de baile. Por el contexto tambi\u00e9n es la que m\u00e1s f\u00e1cil lo tiene, es un contexto de batallas de baile y pandillas en Estados Unidos. <a href=\"https:\/\/youtu.be\/KijOyndrk7c\" data-type=\"link\" data-id=\"https:\/\/youtu.be\/KijOyndrk7c\" target=\"_blank\" rel=\"noopener\">Link para ver la pel\u00edcula completa<\/a>.<\/li>\n<\/ul>\n\n\n\n<p>En series de TV tambi\u00e9n se hizo popular. En la serie Community hay una escena de burla a varios personajes que no saben bailar Krump. Sali\u00f3 en varios programas de competencia. como  &#8220;So You Think You Can Dance&#8221;, &#8220;Street Dance of China&#8221; y &#8220;America&#8217;s Best Dance Crew&#8221;. Incluso lleg\u00f3 a salir un meme de los simpsons, donde Marge y Bart intentan bailar Krump, te lo dejo a continuaci\u00f3n:<\/p>\n\n\n\n<figure class=\"wp-block-embed alignwide is-type-video is-provider-youtube wp-block-embed-youtube\"><div class=\"wp-block-embed__wrapper\">\n<div class=\"nv-iframe-embed\"><div class=\"container-lazyload preview-lazyload container-youtube js-lazyload--not-loaded\"><a href=\"https:\/\/youtu.be\/cbsiZQganXc\" class=\"lazy-load-youtube preview-lazyload preview-youtube\" data-video-title=\"Marge Krumping! \u266b [Original HD]\" title=\"Play video &quot;Marge Krumping! \u266b [Original HD]&quot;\" target=\"_blank\" rel=\"noopener\">https:\/\/youtu.be\/cbsiZQganXc<\/a><noscript>Video can&#8217;t be loaded because JavaScript is disabled: <a href=\"https:\/\/youtu.be\/cbsiZQganXc\" title=\"Marge Krumping! \u266b [Original HD]\" target=\"_blank\" rel=\"noopener\">Marge Krumping! \u266b [Original HD] (https:\/\/youtu.be\/cbsiZQganXc)<\/a><\/noscript><\/div><\/div>\n<\/div><\/figure>\n\n\n\n<p>Y estos son los hechos m\u00e1s relevantes antes y despu\u00e9s de crear el Krump para que este estilo de baile se volviera lo que es hoy en d\u00eda. <\/p>\n\n\n\n<h2 class=\"wp-block-heading\">Otros art\u00edculos que te pueden interesar<\/h2>\n\n\n\n<figure class=\"wp-block-gallery has-nested-images columns-default is-cropped wp-block-gallery-1 is-layout-flex wp-block-gallery-is-layout-flex\">\n<figure class=\"wp-block-image size-large\"><a href=\"https:\/\/sqardance.com\/index.php\/krump\/movimientos-o-pasos\/\"><img decoding=\"async\" width=\"1024\" height=\"680\" data-id=\"1162\" data-src=\"https:\/\/sqardance.com\/wp-content\/uploads\/2024\/05\/krump_it_by_an1ken_d1z8gcg-1024x680.jpg\" alt=\"\" class=\"wp-image-1162 lazyload\" data-srcset=\"https:\/\/sqardance.com\/wp-content\/uploads\/2024\/05\/krump_it_by_an1ken_d1z8gcg-1024x680.jpg 1024w, https:\/\/sqardance.com\/wp-content\/uploads\/2024\/05\/krump_it_by_an1ken_d1z8gcg-300x199.jpg 300w, https:\/\/sqardance.com\/wp-content\/uploads\/2024\/05\/krump_it_by_an1ken_d1z8gcg-768x510.jpg 768w, https:\/\/sqardance.com\/wp-content\/uploads\/2024\/05\/krump_it_by_an1ken_d1z8gcg-1536x1020.jpg 1536w, https:\/\/sqardance.com\/wp-content\/uploads\/2024\/05\/krump_it_by_an1ken_d1z8gcg-2048x1360.jpg 2048w, https:\/\/sqardance.com\/wp-content\/uploads\/2024\/05\/krump_it_by_an1ken_d1z8gcg-scaled.jpg 1000w\" data-sizes=\"(max-width: 1024px) 100vw, 1024px\" src=\"data:image\/svg+xml;base64,PHN2ZyB3aWR0aD0iMSIgaGVpZ2h0PSIxIiB4bWxucz0iaHR0cDovL3d3dy53My5vcmcvMjAwMC9zdmciPjwvc3ZnPg==\" style=\"--smush-placeholder-width: 1024px; --smush-placeholder-aspect-ratio: 1024\/680;\" \/><\/a><figcaption class=\"wp-element-caption\"><a href=\"https:\/\/sqardance.com\/index.php\/krump\/movimientos-o-pasos\/\" data-type=\"page\" data-id=\"1072\">Pasos del Krump<\/a><\/figcaption><\/figure>\n\n\n\n<figure class=\"wp-block-image size-large\"><a href=\"https:\/\/sqardance.com\/index.php\/krump\/que-es\/\"><img decoding=\"async\" width=\"985\" height=\"1024\" data-id=\"1134\" data-src=\"https:\/\/sqardance.com\/wp-content\/uploads\/2024\/04\/tight_eyez___street_kingdom___krump_kings___by_ceydoo_blueshine_d7zs50e-985x1024.png\" alt=\"\" class=\"wp-image-1134 lazyload\" data-srcset=\"https:\/\/sqardance.com\/wp-content\/uploads\/2024\/04\/tight_eyez___street_kingdom___krump_kings___by_ceydoo_blueshine_d7zs50e-985x1024.png 985w, https:\/\/sqardance.com\/wp-content\/uploads\/2024\/04\/tight_eyez___street_kingdom___krump_kings___by_ceydoo_blueshine_d7zs50e-288x300.png 288w, https:\/\/sqardance.com\/wp-content\/uploads\/2024\/04\/tight_eyez___street_kingdom___krump_kings___by_ceydoo_blueshine_d7zs50e-768x799.png 768w, https:\/\/sqardance.com\/wp-content\/uploads\/2024\/04\/tight_eyez___street_kingdom___krump_kings___by_ceydoo_blueshine_d7zs50e-1477x1536.png 1477w, https:\/\/sqardance.com\/wp-content\/uploads\/2024\/04\/tight_eyez___street_kingdom___krump_kings___by_ceydoo_blueshine_d7zs50e-1969x2048.png 1969w, https:\/\/sqardance.com\/wp-content\/uploads\/2024\/04\/tight_eyez___street_kingdom___krump_kings___by_ceydoo_blueshine_d7zs50e.png 962w\" data-sizes=\"(max-width: 985px) 100vw, 985px\" src=\"data:image\/svg+xml;base64,PHN2ZyB3aWR0aD0iMSIgaGVpZ2h0PSIxIiB4bWxucz0iaHR0cDovL3d3dy53My5vcmcvMjAwMC9zdmciPjwvc3ZnPg==\" style=\"--smush-placeholder-width: 985px; --smush-placeholder-aspect-ratio: 985\/1024;\" \/><\/a><figcaption class=\"wp-element-caption\"><a href=\"https:\/\/sqardance.com\/index.php\/krump\/que-es\/\" data-type=\"page\" data-id=\"1070\">\u00bfQu\u00e9 es el Krump?<\/a><\/figcaption><\/figure>\n\n\n\n<figure class=\"wp-block-image size-large\"><a href=\"https:\/\/sqardance.com\/index.php\/hip-hop\/elementos\/\"><img decoding=\"async\" width=\"640\" height=\"480\" data-id=\"467\" data-src=\"https:\/\/sqardance.com\/wp-content\/uploads\/2023\/11\/pexels-sarah-trummer-955798-1-edited.jpg\" alt=\"Elementos del Hip Hop\" class=\"wp-image-467 lazyload\" data-srcset=\"https:\/\/sqardance.com\/wp-content\/uploads\/2023\/11\/pexels-sarah-trummer-955798-1-edited.jpg 640w, https:\/\/sqardance.com\/wp-content\/uploads\/2023\/11\/pexels-sarah-trummer-955798-1-edited-300x225.jpg 300w\" data-sizes=\"(max-width: 640px) 100vw, 640px\" src=\"data:image\/svg+xml;base64,PHN2ZyB3aWR0aD0iMSIgaGVpZ2h0PSIxIiB4bWxucz0iaHR0cDovL3d3dy53My5vcmcvMjAwMC9zdmciPjwvc3ZnPg==\" style=\"--smush-placeholder-width: 640px; --smush-placeholder-aspect-ratio: 640\/480;\" \/><\/a><figcaption class=\"wp-element-caption\"><a href=\"https:\/\/sqardance.com\/index.php\/hip-hop\/elementos\/\" data-type=\"page\" data-id=\"437\">Elementos del Hip Hop<\/a><\/figcaption><\/figure>\n<\/figure>\n","protected":false},"excerpt":{"rendered":"<p>El estilo de baile Krump nace en el a\u00f1o 2000 en barrios marginados de Los \u00c1ngeles California, como South Central. Nace de bailarines que practicaban el Clowing, pero buscaban su propio estilo. Ac\u00e1 te explico con m\u00e1s detalle su procedencia y por qu\u00e9 es el baile que es. Contenido Nacimiento del Clowing El movimiento de&hellip;&nbsp;<a href=\"https:\/\/sqardance.com\/index.php\/krump\/historia\/\" rel=\"bookmark\"><span class=\"screen-reader-text\">Historia del Krump<\/span><\/a><\/p>\n","protected":false},"author":1,"featured_media":0,"parent":1069,"menu_order":0,"comment_status":"closed","ping_status":"closed","template":"","meta":{"neve_meta_sidebar":"","neve_meta_container":"","neve_meta_enable_content_width":"","neve_meta_content_width":0,"neve_meta_title_alignment":"","neve_meta_author_avatar":"","neve_post_elements_order":"","neve_meta_disable_header":"","neve_meta_disable_footer":"","neve_meta_disable_title":"","footnotes":""},"class_list":["post-1071","page","type-page","status-publish","hentry"],"_links":{"self":[{"href":"https:\/\/sqardance.com\/index.php\/wp-json\/wp\/v2\/pages\/1071","targetHints":{"allow":["GET"]}}],"collection":[{"href":"https:\/\/sqardance.com\/index.php\/wp-json\/wp\/v2\/pages"}],"about":[{"href":"https:\/\/sqardance.com\/index.php\/wp-json\/wp\/v2\/types\/page"}],"author":[{"embeddable":true,"href":"https:\/\/sqardance.com\/index.php\/wp-json\/wp\/v2\/users\/1"}],"replies":[{"embeddable":true,"href":"https:\/\/sqardance.com\/index.php\/wp-json\/wp\/v2\/comments?post=1071"}],"version-history":[{"count":13,"href":"https:\/\/sqardance.com\/index.php\/wp-json\/wp\/v2\/pages\/1071\/revisions"}],"predecessor-version":[{"id":1204,"href":"https:\/\/sqardance.com\/index.php\/wp-json\/wp\/v2\/pages\/1071\/revisions\/1204"}],"up":[{"embeddable":true,"href":"https:\/\/sqardance.com\/index.php\/wp-json\/wp\/v2\/pages\/1069"}],"wp:attachment":[{"href":"https:\/\/sqardance.com\/index.php\/wp-json\/wp\/v2\/media?parent=1071"}],"curies":[{"name":"wp","href":"https:\/\/api.w.org\/{rel}","templated":true}]}}