{"id":1070,"date":"2024-05-07T08:20:23","date_gmt":"2024-05-07T08:20:23","guid":{"rendered":"https:\/\/sqardance.com\/?page_id=1070"},"modified":"2024-05-09T04:33:47","modified_gmt":"2024-05-09T04:33:47","slug":"que-es","status":"publish","type":"page","link":"https:\/\/sqardance.com\/index.php\/krump\/que-es\/","title":{"rendered":"\u00bfQu\u00e9 es Krump?"},"content":{"rendered":"\n<p>El Krumo o Krumping es un estilo de baile que nace dentro de la cultura del Hip Hop en Los Angeles, California, en Estados Unidos. K.R.U.M.P. es un acr\u00f3nimo que significa Kingdom Radical Uplifted Mighty Praise, la traducci\u00f3n dice algo como Alabanza Poderosa Elevada Radicalmente del Reino. Aunque esa traducci\u00f3n literal al espa\u00f1ol suena un poco raro gramaticalmente (ya que no solemos usar tantos adjetivos continuos), s\u00ed habla de una conexi\u00f3n espiritual que implica este estilo de baile, ya que muchos de ellos iban a la iglesia y usaban este estilo de baile como una forma de desahogar sus frustraciones de vivir en situaciones dif\u00edciles para poder vivir en paz.<\/p>\n\n\n\n<h2 class=\"wp-block-heading\">Contenido<\/h2>\n\n\n\n<ul class=\"wp-block-list\">\n<li><a href=\"#Para-el-creador\" data-type=\"internal\" data-id=\"#Para-el-creador\">\u00bfQu\u00e9 es Krump desde el sentido de uno de los creadores?<\/a><\/li>\n\n\n\n<li><a href=\"#baile\" data-type=\"internal\" data-id=\"#baile\">Caracter\u00edsticas del estilo de baile Krump<\/a><\/li>\n\n\n\n<li><a href=\"#Musica\" data-type=\"internal\" data-id=\"#Musica\">M\u00fasica para bailar Krumping<\/a><\/li>\n<\/ul>\n\n\n\n<h2 class=\"wp-block-heading\" id=\"Para-el-creador\">\u00bfQu\u00e9 es Krump desde el sentido de uno de los creadores?<\/h2>\n\n\n\n<p>Thight Eyez, uno de los creadores del Krump, hizo parte de un corto en el que explica desde su perspectiva qu\u00e9 es el Krump y c\u00f3mo bailarlo. El corto se llama &#8220;Radical Kingdom&#8221;. Y antes de que te muestre mi perspectiva que est\u00e1 en las siguientes secciones, ac\u00e1 te dejo el corto que es impresionante.<\/p>\n\n\n\n<figure class=\"wp-block-embed alignwide is-type-video is-provider-youtube wp-block-embed-youtube\"><div class=\"wp-block-embed__wrapper\">\n<div class=\"nv-iframe-embed\"><div class=\"container-lazyload preview-lazyload container-youtube js-lazyload--not-loaded\"><a href=\"https:\/\/youtu.be\/vVlJkcwXk_E\" class=\"lazy-load-youtube preview-lazyload preview-youtube\" data-video-title=\"Radical Kingdom (OFFICIAL SHORT FILM)\" title=\"Play video &quot;Radical Kingdom (OFFICIAL SHORT FILM)&quot;\" target=\"_blank\" rel=\"noopener\">https:\/\/youtu.be\/vVlJkcwXk_E<\/a><noscript>Video can&#8217;t be loaded because JavaScript is disabled: <a href=\"https:\/\/youtu.be\/vVlJkcwXk_E\" title=\"Radical Kingdom (OFFICIAL SHORT FILM)\" target=\"_blank\" rel=\"noopener\">Radical Kingdom (OFFICIAL SHORT FILM) (https:\/\/youtu.be\/vVlJkcwXk_E)<\/a><\/noscript><\/div><\/div>\n<\/div><\/figure>\n\n\n\n<h2 class=\"wp-block-heading\" id=\"baile\">Caracter\u00edsticas del estilo de baile Krump<\/h2>\n\n\n\n<p>Este baile tiene como caracter\u00edstica principal la agresividad. Es un estilo de baile que nace en la batallas de baile y desahogo. Es un baile que nace en un contexto muy violento y se nota mucho a la hora de expresarse, suele incluir simulaci\u00f3n de golpes, mirar con rabia e incluso hacer sentir miedo.  <\/p>\n\n\n\n<figure class=\"wp-block-embed alignwide is-type-video is-provider-youtube wp-block-embed-youtube\"><div class=\"wp-block-embed__wrapper\">\n<div class=\"nv-iframe-embed\"><div class=\"container-lazyload preview-lazyload container-youtube js-lazyload--not-loaded\"><a href=\"https:\/\/youtu.be\/MQiP8pGbu5o?t=118\" class=\"lazy-load-youtube preview-lazyload preview-youtube\" data-video-title=\"EBS KRUMP WORLD CHAMPIONSHIP - RUIN (USA) VS MONSTA NY AKA GRICHKA (France) - www.ebs-krump.net\" title=\"Play video &quot;EBS KRUMP WORLD CHAMPIONSHIP - RUIN (USA) VS MONSTA NY AKA GRICHKA (France) - www.ebs-krump.net&quot;\" target=\"_blank\" rel=\"noopener\">https:\/\/youtu.be\/MQiP8pGbu5o?t=118<\/a><noscript>Video can&#8217;t be loaded because JavaScript is disabled: <a href=\"https:\/\/youtu.be\/MQiP8pGbu5o?t=118\" title=\"EBS KRUMP WORLD CHAMPIONSHIP - RUIN (USA) VS MONSTA NY AKA GRICHKA (France) - www.ebs-krump.net\" target=\"_blank\" rel=\"noopener\">EBS KRUMP WORLD CHAMPIONSHIP &#8211; RUIN (USA) VS MONSTA NY AKA GRICHKA (France) &#8211; www.ebs-krump.net (https:\/\/youtu.be\/MQiP8pGbu5o?t=118)<\/a><\/noscript><\/div><\/div>\n<\/div><\/figure>\n\n\n\n<div class=\"wp-block-group\"><div class=\"wp-block-group__inner-container is-layout-constrained wp-block-group-is-layout-constrained\">\n<p>Entre los primeros bailarines se hablaba de que en el baile del Krump se tiene un esp\u00edritu. En el documental Rize, muestran una chica que pierde el conocimiento de la misma forma que personas muy dedicadas a la religi\u00f3n pueden perderlo durante rituales religiosos. Y los Krumpers dicen que de eso se trata, de lograr esa conexi\u00f3n espiritual.<\/p>\n\n\n<div class=\"wp-block-image\">\n<figure class=\"alignright size-large is-resized\"><img decoding=\"async\" width=\"985\" height=\"1024\" data-src=\"https:\/\/sqardance.com\/wp-content\/uploads\/2024\/04\/tight_eyez___street_kingdom___krump_kings___by_ceydoo_blueshine_d7zs50e-985x1024.png\" alt=\"\" class=\"wp-image-1134 lazyload\" style=\"--smush-placeholder-width: 985px; --smush-placeholder-aspect-ratio: 985\/1024;width:376px;height:auto\" data-srcset=\"https:\/\/sqardance.com\/wp-content\/uploads\/2024\/04\/tight_eyez___street_kingdom___krump_kings___by_ceydoo_blueshine_d7zs50e-985x1024.png 985w, https:\/\/sqardance.com\/wp-content\/uploads\/2024\/04\/tight_eyez___street_kingdom___krump_kings___by_ceydoo_blueshine_d7zs50e-288x300.png 288w, https:\/\/sqardance.com\/wp-content\/uploads\/2024\/04\/tight_eyez___street_kingdom___krump_kings___by_ceydoo_blueshine_d7zs50e-768x799.png 768w, https:\/\/sqardance.com\/wp-content\/uploads\/2024\/04\/tight_eyez___street_kingdom___krump_kings___by_ceydoo_blueshine_d7zs50e-1477x1536.png 1477w, https:\/\/sqardance.com\/wp-content\/uploads\/2024\/04\/tight_eyez___street_kingdom___krump_kings___by_ceydoo_blueshine_d7zs50e-1969x2048.png 1969w, https:\/\/sqardance.com\/wp-content\/uploads\/2024\/04\/tight_eyez___street_kingdom___krump_kings___by_ceydoo_blueshine_d7zs50e.png 962w\" data-sizes=\"(max-width: 985px) 100vw, 985px\" src=\"data:image\/svg+xml;base64,PHN2ZyB3aWR0aD0iMSIgaGVpZ2h0PSIxIiB4bWxucz0iaHR0cDovL3d3dy53My5vcmcvMjAwMC9zdmciPjwvc3ZnPg==\" \/><\/figure><\/div><\/div><\/div>\n\n\n\n<p>En el Krump se suele usar un personaje, como una especie de alter ego a la hora de batallar. Muchos utilizan animales para ese personaje, un gorila o king kong, el m\u00edo es un le\u00f3n. Adem\u00e1s, se suelen manejar 3 expresiones fundamentales, el asco, la ira y la superioridad (el ego). En el asco se trata de hacerle sentir al oponente de la batalla que es desagradable. La ira busca generar miedo. La superioridad o el ego busca dar a entender que el oponente es inferior. Y aunque, como cualquier estilo de baile que se maneje dentro del freestyle, no est\u00e1 limitado a que se haga as\u00ed siempre, pero s\u00ed es muy com\u00fan verlo y que se ense\u00f1e as\u00ed tambi\u00e9n.<\/p>\n\n\n\n<p>La posici\u00f3n b\u00e1sica del Krump es formar un diamante con las piernas, como si fuera la <a href=\"https:\/\/sqardance.com\/index.php\/fundamentos-de-la-danza\/posicion-primera\/\" data-type=\"page\" data-id=\"584\">primera posici\u00f3n<\/a> con flex, a veces con los talones separados, pero generalmente van unidos, como se ve en la imagen. El torso suele estar un poco curvado. Los m\u00fasculos la mayor parte del tiempo est\u00e1n activos, lo que significan que est\u00e1n haciendo fuerza, que es lo que genera ese aspecto r\u00edgido. <\/p>\n\n\n\n<p>Este estilo de baile no se caracteriza por tener muchos pasos de baile, como lo podr\u00edan ser otros estilos como el <a href=\"https:\/\/sqardance.com\/index.php\/hip-hop\/lista-de-pasos\/\" data-type=\"page\" data-id=\"112\">Hip Hop party dance<\/a> o el Dancehall, ac\u00e1 se tienen movimientos, algo m\u00e1s simple que un paso, no es tan estructurado. La ventaja de tener movimientos es que permite jugar mucho con \u00e9l. Por ejemplo, un movimiento muy sencillo es el Jab, que es b\u00e1sicamente un pu\u00f1o similar al de boxeo, pero las opciones son casi infinitas, no tiene que realizarse con el pu\u00f1o cerrado, puede ser se\u00f1alando, la direcci\u00f3n puede ser al frente, al lado o a arriba. Es un estilo de baile para improvisar y el freestyle es algo que est\u00e1 muy presente.  <\/p>\n\n\n\n<h2 class=\"wp-block-heading\" id=\"Musica\">M\u00fasica para bailar Krumping<\/h2>\n\n\n\n<p>La m\u00fasica del Krump se puede ver de dos maneras. Una es que sea lenta y se rellena mucho con figuras musicales muy r\u00e1pidas como las semicorcheas y las fusas. Si te sientes un poco perdido con las definiciones de las figuras musicales, te recomiendo el art\u00edculos sobre <a href=\"https:\/\/sqardance.com\/index.php\/fundamentos-de-la-danza\/como-contar-los-tiempos-musicales-en-el-baile\/\" data-type=\"page\" data-id=\"601\">c\u00f3mo contar la m\u00fasica en la danza<\/a>.  O la otra es que es una m\u00fasica muy r\u00e1pida, pero que se marcan los acentos con las blancas y no en las negras como en los otros estilos de m\u00fasica. Personalmente prefiero la primera. Para m\u00ed, s\u00f3lo con la percusi\u00f3n ya se sabe que es m\u00fasica para Krump, esa es la caracter\u00edstica principal, aunque hay otras adicionales.<\/p>\n\n\n\n<figure class=\"wp-block-embed alignwide is-type-video is-provider-youtube wp-block-embed-youtube\"><div class=\"wp-block-embed__wrapper\">\n<div class=\"nv-iframe-embed\"><div class=\"container-lazyload preview-lazyload container-youtube js-lazyload--not-loaded\"><a href=\"https:\/\/youtu.be\/lOngk4NzOBw?list=PLNkOfYftjfybq2jU-hPczZrVRyxf3ouyq\" class=\"lazy-load-youtube preview-lazyload preview-youtube\" data-video-title=\"PLAYA | BANGARANG\" title=\"Play video &quot;PLAYA | BANGARANG&quot;\" target=\"_blank\" rel=\"noopener\">https:\/\/youtu.be\/lOngk4NzOBw?list=PLNkOfYftjfybq2jU-hPczZrVRyxf3ouyq<\/a><noscript>Video can&#8217;t be loaded because JavaScript is disabled: <a href=\"https:\/\/youtu.be\/lOngk4NzOBw?list=PLNkOfYftjfybq2jU-hPczZrVRyxf3ouyq\" title=\"PLAYA | BANGARANG\" target=\"_blank\" rel=\"noopener\">PLAYA | BANGARANG (https:\/\/youtu.be\/lOngk4NzOBw?list=PLNkOfYftjfybq2jU-hPczZrVRyxf3ouyq)<\/a><\/noscript><\/div><\/div>\n<\/div><\/figure>\n\n\n\n<p>Adicionalmente, es muy com\u00fan que los sonidos sean de sintetizador, incluso que la percusi\u00f3n no sea natural, sino sonidos muy agresivos de sintetizador o percusiones distorsionadas. Casi no tiene melod\u00eda, aunque puede tener, pero no es com\u00fan. Lo que s\u00ed tiene mucho es sonidos de Samples. La armon\u00eda tambi\u00e9n suele estar hecha con sintetizador o samples. El sonido, se puede decir que es como si hubieran vuelto el futurismo (tendencia musical a inicios de la m\u00fasica electr\u00f3nica de la primera mitad del siglo XX) canciones de Hip Hop.<\/p>\n\n\n\n<p>Si no se escucha en detalle, parece que la m\u00fasica sigue un patr\u00f3n constante. Sin embargo, es s\u00f3lo en un contexto macro, porque si se mira cada detalle, es muy dif\u00edcil que tenga una secuencia con todos los sonidos. O sea, se repite una secuencia general, pero con ciertas variaciones en muchos de los tiempos de algunas percusiones, en especial las que no van siguiendo el Beat de la canci\u00f3n. Puede ser que desaparezca al repetirse la secuencia o puede que se cambie un poco el tiempo en el que aparece. Eso le da un toque especial, porque hace que aprenderla sea un reto.<\/p>\n\n\n\n<h2 class=\"wp-block-heading\">Otros art\u00edculos que te pueden interesar<\/h2>\n\n\n\n<figure class=\"wp-block-gallery has-nested-images columns-default is-cropped wp-block-gallery-1 is-layout-flex wp-block-gallery-is-layout-flex\">\n<figure class=\"wp-block-image size-large\"><a href=\"https:\/\/sqardance.com\/index.php\/krump\/movimientos-o-pasos\/\"><img decoding=\"async\" width=\"1024\" height=\"680\" data-id=\"1162\" data-src=\"https:\/\/sqardance.com\/wp-content\/uploads\/2024\/05\/krump_it_by_an1ken_d1z8gcg-1024x680.jpg\" alt=\"\" class=\"wp-image-1162 lazyload\" data-srcset=\"https:\/\/sqardance.com\/wp-content\/uploads\/2024\/05\/krump_it_by_an1ken_d1z8gcg-1024x680.jpg 1024w, https:\/\/sqardance.com\/wp-content\/uploads\/2024\/05\/krump_it_by_an1ken_d1z8gcg-300x199.jpg 300w, https:\/\/sqardance.com\/wp-content\/uploads\/2024\/05\/krump_it_by_an1ken_d1z8gcg-768x510.jpg 768w, https:\/\/sqardance.com\/wp-content\/uploads\/2024\/05\/krump_it_by_an1ken_d1z8gcg-1536x1020.jpg 1536w, https:\/\/sqardance.com\/wp-content\/uploads\/2024\/05\/krump_it_by_an1ken_d1z8gcg-2048x1360.jpg 2048w, https:\/\/sqardance.com\/wp-content\/uploads\/2024\/05\/krump_it_by_an1ken_d1z8gcg-scaled.jpg 1000w\" data-sizes=\"(max-width: 1024px) 100vw, 1024px\" src=\"data:image\/svg+xml;base64,PHN2ZyB3aWR0aD0iMSIgaGVpZ2h0PSIxIiB4bWxucz0iaHR0cDovL3d3dy53My5vcmcvMjAwMC9zdmciPjwvc3ZnPg==\" style=\"--smush-placeholder-width: 1024px; --smush-placeholder-aspect-ratio: 1024\/680;\" \/><\/a><figcaption class=\"wp-element-caption\"><a href=\"https:\/\/sqardance.com\/index.php\/krump\/movimientos-o-pasos\/\" data-type=\"page\" data-id=\"1072\">Pasos del Krump<\/a><\/figcaption><\/figure>\n\n\n\n<figure class=\"wp-block-image size-large\"><a href=\"https:\/\/sqardance.com\/index.php\/krump\/historia\/\"><img decoding=\"async\" width=\"985\" height=\"1024\" data-id=\"1134\" data-src=\"https:\/\/sqardance.com\/wp-content\/uploads\/2024\/04\/tight_eyez___street_kingdom___krump_kings___by_ceydoo_blueshine_d7zs50e-985x1024.png\" alt=\"\" class=\"wp-image-1134 lazyload\" data-srcset=\"https:\/\/sqardance.com\/wp-content\/uploads\/2024\/04\/tight_eyez___street_kingdom___krump_kings___by_ceydoo_blueshine_d7zs50e-985x1024.png 985w, https:\/\/sqardance.com\/wp-content\/uploads\/2024\/04\/tight_eyez___street_kingdom___krump_kings___by_ceydoo_blueshine_d7zs50e-288x300.png 288w, https:\/\/sqardance.com\/wp-content\/uploads\/2024\/04\/tight_eyez___street_kingdom___krump_kings___by_ceydoo_blueshine_d7zs50e-768x799.png 768w, https:\/\/sqardance.com\/wp-content\/uploads\/2024\/04\/tight_eyez___street_kingdom___krump_kings___by_ceydoo_blueshine_d7zs50e-1477x1536.png 1477w, https:\/\/sqardance.com\/wp-content\/uploads\/2024\/04\/tight_eyez___street_kingdom___krump_kings___by_ceydoo_blueshine_d7zs50e-1969x2048.png 1969w, https:\/\/sqardance.com\/wp-content\/uploads\/2024\/04\/tight_eyez___street_kingdom___krump_kings___by_ceydoo_blueshine_d7zs50e.png 962w\" data-sizes=\"(max-width: 985px) 100vw, 985px\" src=\"data:image\/svg+xml;base64,PHN2ZyB3aWR0aD0iMSIgaGVpZ2h0PSIxIiB4bWxucz0iaHR0cDovL3d3dy53My5vcmcvMjAwMC9zdmciPjwvc3ZnPg==\" style=\"--smush-placeholder-width: 985px; --smush-placeholder-aspect-ratio: 985\/1024;\" \/><\/a><figcaption class=\"wp-element-caption\"><a href=\"https:\/\/sqardance.com\/index.php\/krump\/historia\/\" data-type=\"page\" data-id=\"1071\">Historia del Krump<\/a><\/figcaption><\/figure>\n\n\n\n<figure class=\"wp-block-image size-large\"><a href=\"https:\/\/sqardance.com\/index.php\/hip-hop\/elementos\/\"><img decoding=\"async\" width=\"640\" height=\"480\" data-id=\"467\" data-src=\"https:\/\/sqardance.com\/wp-content\/uploads\/2023\/11\/pexels-sarah-trummer-955798-1-edited.jpg\" alt=\"Elementos del Hip Hop\" class=\"wp-image-467 lazyload\" data-srcset=\"https:\/\/sqardance.com\/wp-content\/uploads\/2023\/11\/pexels-sarah-trummer-955798-1-edited.jpg 640w, https:\/\/sqardance.com\/wp-content\/uploads\/2023\/11\/pexels-sarah-trummer-955798-1-edited-300x225.jpg 300w\" data-sizes=\"(max-width: 640px) 100vw, 640px\" src=\"data:image\/svg+xml;base64,PHN2ZyB3aWR0aD0iMSIgaGVpZ2h0PSIxIiB4bWxucz0iaHR0cDovL3d3dy53My5vcmcvMjAwMC9zdmciPjwvc3ZnPg==\" style=\"--smush-placeholder-width: 640px; --smush-placeholder-aspect-ratio: 640\/480;\" \/><\/a><figcaption class=\"wp-element-caption\"><a href=\"https:\/\/sqardance.com\/index.php\/hip-hop\/elementos\/\" data-type=\"page\" data-id=\"437\">Elementos del Hip Hop<\/a><\/figcaption><\/figure>\n<\/figure>\n","protected":false},"excerpt":{"rendered":"<p>El Krumo o Krumping es un estilo de baile que nace dentro de la cultura del Hip Hop en Los Angeles, California, en Estados Unidos. K.R.U.M.P. es un acr\u00f3nimo que significa Kingdom Radical Uplifted Mighty Praise, la traducci\u00f3n dice algo como Alabanza Poderosa Elevada Radicalmente del Reino. Aunque esa traducci\u00f3n literal al espa\u00f1ol suena un&hellip;&nbsp;<a href=\"https:\/\/sqardance.com\/index.php\/krump\/que-es\/\" rel=\"bookmark\"><span class=\"screen-reader-text\">\u00bfQu\u00e9 es Krump?<\/span><\/a><\/p>\n","protected":false},"author":1,"featured_media":0,"parent":1069,"menu_order":0,"comment_status":"closed","ping_status":"closed","template":"","meta":{"neve_meta_sidebar":"","neve_meta_container":"","neve_meta_enable_content_width":"","neve_meta_content_width":0,"neve_meta_title_alignment":"","neve_meta_author_avatar":"","neve_post_elements_order":"","neve_meta_disable_header":"","neve_meta_disable_footer":"","neve_meta_disable_title":"","footnotes":""},"class_list":["post-1070","page","type-page","status-publish","hentry"],"_links":{"self":[{"href":"https:\/\/sqardance.com\/index.php\/wp-json\/wp\/v2\/pages\/1070","targetHints":{"allow":["GET"]}}],"collection":[{"href":"https:\/\/sqardance.com\/index.php\/wp-json\/wp\/v2\/pages"}],"about":[{"href":"https:\/\/sqardance.com\/index.php\/wp-json\/wp\/v2\/types\/page"}],"author":[{"embeddable":true,"href":"https:\/\/sqardance.com\/index.php\/wp-json\/wp\/v2\/users\/1"}],"replies":[{"embeddable":true,"href":"https:\/\/sqardance.com\/index.php\/wp-json\/wp\/v2\/comments?post=1070"}],"version-history":[{"count":11,"href":"https:\/\/sqardance.com\/index.php\/wp-json\/wp\/v2\/pages\/1070\/revisions"}],"predecessor-version":[{"id":1202,"href":"https:\/\/sqardance.com\/index.php\/wp-json\/wp\/v2\/pages\/1070\/revisions\/1202"}],"up":[{"embeddable":true,"href":"https:\/\/sqardance.com\/index.php\/wp-json\/wp\/v2\/pages\/1069"}],"wp:attachment":[{"href":"https:\/\/sqardance.com\/index.php\/wp-json\/wp\/v2\/media?parent=1070"}],"curies":[{"name":"wp","href":"https:\/\/api.w.org\/{rel}","templated":true}]}}