{"id":107,"date":"2023-10-16T03:51:21","date_gmt":"2023-10-16T03:51:21","guid":{"rendered":"https:\/\/sqardance.com\/?page_id=107"},"modified":"2025-01-15T21:02:10","modified_gmt":"2025-01-15T21:02:10","slug":"origen","status":"publish","type":"page","link":"https:\/\/sqardance.com\/index.php\/shuffle\/origen\/","title":{"rendered":"Historia del Shuffle Dance: \u00bfCu\u00e1l fue el Origen?"},"content":{"rendered":"\n<div class=\"wp-block-group\"><div class=\"wp-block-group__inner-container is-layout-constrained wp-block-group-is-layout-constrained\"><div class=\"wp-block-image\">\n<figure class=\"alignright size-full is-resized\"><img decoding=\"async\" width=\"840\" height=\"857\" data-src=\"https:\/\/sqardance.com\/wp-content\/uploads\/2023\/10\/UV_reflective_phat_pants.jpg\" alt=\"Historia del Shuffle Dance\" class=\"wp-image-324 lazyload\" style=\"--smush-placeholder-width: 840px; --smush-placeholder-aspect-ratio: 840\/857;aspect-ratio:0.9801633605600933;width:409px;height:auto\" data-srcset=\"https:\/\/sqardance.com\/wp-content\/uploads\/2023\/10\/UV_reflective_phat_pants.jpg 840w, https:\/\/sqardance.com\/wp-content\/uploads\/2023\/10\/UV_reflective_phat_pants-294x300.jpg 294w, https:\/\/sqardance.com\/wp-content\/uploads\/2023\/10\/UV_reflective_phat_pants-768x784.jpg 768w\" data-sizes=\"(max-width: 840px) 100vw, 840px\" src=\"data:image\/svg+xml;base64,PHN2ZyB3aWR0aD0iMSIgaGVpZ2h0PSIxIiB4bWxucz0iaHR0cDovL3d3dy53My5vcmcvMjAwMC9zdmciPjwvc3ZnPg==\" \/><\/figure><\/div>\n\n\n<p>Como todo baile, el origen es algo difuso, que no tiene un momento espec\u00edfico, sino que va construy\u00e9ndose a trav\u00e9s de la historia. Eso genera una complicaci\u00f3n a la hora de estudiarlo, se crean muchos mitos, hay poca informaci\u00f3n espec\u00edfica demostrable y el Shuffle es un estilo de baile que no se libra de eso. Por eso ac\u00e1 te voy a traer todo lo que encuentro de su origen, tanto los mitos, como la informaci\u00f3n verificada, tambi\u00e9n analizar\u00e9 los principales fundamentos y sus or\u00edgenes. <\/p>\n<\/div><\/div>\n\n\n\n<h2 class=\"wp-block-heading\">Contenido<\/h2>\n\n\n\n<ul class=\"wp-block-list\">\n<li><a href=\"#OrigenTap\" data-type=\"internal\" data-id=\"#OrigenTap\">Origen m\u00edtico de Shuffle en el Tap<\/a><\/li>\n\n\n\n<li><a href=\"#VeranoAmor\" data-type=\"internal\" data-id=\"#VeranoAmor\">Inicios en el segundo verano del Amor<\/a><\/li>\n\n\n\n<li><a href=\"#EverybodyInThePlace\" data-type=\"internal\" data-id=\"#EverybodyInThePlace\">Canci\u00f3n &#8220;Everybody in the place&#8221;<\/a><\/li>\n\n\n\n<li><a href=\"#RavesMelbourne\" data-type=\"internal\" data-id=\"#RavesMelbourne\">\u00bfPor qu\u00e9 van los raves a Melbourne?<\/a><\/li>\n\n\n\n<li><a href=\"#OrigenMelbourneShuffle\" data-type=\"internal\" data-id=\"#OrigenMelbourneShuffle\">Versi\u00f3n del origen del nombre Melbourne Shuffle<\/a><\/li>\n\n\n\n<li><a href=\"#Fundations\" data-type=\"internal\" data-id=\"#Fundations\">Origen de los Fundations<\/a>\n<ul class=\"wp-block-list\">\n<li><a href=\"#TStep\" data-type=\"internal\" data-id=\"#TStep\">T-Step<\/a><\/li>\n\n\n\n<li><a href=\"#RM\" data-type=\"internal\" data-id=\"#RM\">Running Man<\/a><\/li>\n\n\n\n<li><a href=\"#CrissCross\" data-type=\"internal\" data-id=\"#CrissCross\">Criss Cross<\/a><\/li>\n\n\n\n<li><a href=\"#Charleston\" data-type=\"internal\" data-id=\"#Charleston\">Charleston<\/a><\/li>\n<\/ul>\n<\/li>\n<\/ul>\n\n\n\n<h2 class=\"wp-block-heading\" id=\"OrigenTap\">Origen m\u00edtico en el Claqu\u00e9<\/h2>\n\n\n\n<p>Existe una versi\u00f3n, que no est\u00e1 comprobada, pero es popular en internet de que el Shuffle se cre\u00f3 basado en el estilo de baile del Tap o tambi\u00e9n llamado Claqu\u00e9. Fue un estilo muy popular entre 1920 y 1940. \u00bfQu\u00e9 relaci\u00f3n tiene el shuffle con el Claqu\u00e9? Hay dos espec\u00edficamente, una es la t\u00e9cnica de baile dentro del estilo, llamada Shuffle, que consiste en arrastrar el pie al mismo tiempo que se golpea, a continuaci\u00f3n te dejo un video con la descripci\u00f3n de esta t\u00e9cnica. La otra relaci\u00f3n es un m\u00fasical que se llam\u00f3 &#8220;Shuffle Along&#8221; de 1921, en donde algunos atribuyen que tanto el estilo de baile como el nombre nacen del Tap. <\/p>\n\n\n\n<figure class=\"wp-block-embed is-type-video is-provider-youtube wp-block-embed-youtube\"><div class=\"wp-block-embed__wrapper\">\n<div class=\"nv-iframe-embed\"><div class=\"container-lazyload preview-lazyload container-youtube js-lazyload--not-loaded\"><a href=\"https:\/\/www.youtube.com\/watch?v=7D582WY2Et4\" class=\"lazy-load-youtube preview-lazyload preview-youtube\" data-video-title=\"How to Do Shuffles in Tap Dance\" title=\"Play video &quot;How to Do Shuffles in Tap Dance&quot;\" target=\"_blank\" rel=\"noopener\">https:\/\/www.youtube.com\/watch?v=7D582WY2Et4<\/a><noscript>Video can&#8217;t be loaded because JavaScript is disabled: <a href=\"https:\/\/www.youtube.com\/watch?v=7D582WY2Et4\" title=\"How to Do Shuffles in Tap Dance\" target=\"_blank\" rel=\"noopener\">How to Do Shuffles in Tap Dance (https:\/\/www.youtube.com\/watch?v=7D582WY2Et4)<\/a><\/noscript><\/div><\/div>\n<\/div><\/figure>\n\n\n\n<p>Lo complicado de esta teor\u00eda es que no existe ninguna evidencia de que realmente nazca de ah\u00ed. Tambi\u00e9n es dif\u00edcil ver una relaci\u00f3n entre el Tap y el Shuffle, para m\u00ed son bailes bastante distintos, incluso si comparamos el Shuffle con el Charleston, otro baile de la \u00e9poca, s\u00ed se nota una similitud porque ambos tienen cierta compatibilidad, de hecho, uno de los fundations es el paso llamado Charleston, pero eso lo analizaremos m\u00e1s adelante.<\/p>\n\n\n\n<p><\/p>\n\n\n\n<h2 class=\"wp-block-heading\" id=\"VeranoAmor\">Origen en el segundo verano del amor<\/h2>\n\n\n\n<p>Esta historia me la dijo <a href=\"https:\/\/www.instagram.com\/xhufflis\/?hl=es\" data-type=\"link\" data-id=\"https:\/\/www.instagram.com\/xhufflis\/?hl=es\" target=\"_blank\" rel=\"noopener\">Xhufflis<\/a>, si alguien ha buscado informaci\u00f3n de Shuffle en idioma espa\u00f1ol probablemente haya llegado a gente como Marbiik o Marktore, pues \u00e9l es alguien que ha trabajado con ellos he incluso ha sido profesor de varios campeones de Shuflle, como el mismo Marbiik. \u00c9l ha construido esta historia a partir de conversaciones con personas que vivieron la \u00e9poca y foros, por lo que no vamos a encontrar un documento hist\u00f3rico oficial sobre qu\u00e9 ocurri\u00f3. \u00c9l dice que el Shuffle no nace en Melbourne como la mayor\u00eda de la gente cree, sino que aparece en Inglaterra con el &#8220;segundo verano del amor&#8221;.<\/p>\n\n\n\n<p>Espec\u00edficamente el segundo verano del amor se ubica temporalmente entre 1988 y 1989 en donde se inicia la cultura rave en Inglaterra. La gente se comenz\u00f3 a reunir en lugares abandonados y espaciosos, como bodegas, hangares, debajo de grandes puentes o al aire libre. La m\u00fasica que m\u00e1s se usaba era el House y el Acid House, con discos que ven\u00edan principalmente de Chicago. Eso significa que el baile House tendr\u00eda una influencia bastante grande en este estilo y de hecho lo tiene.<\/p>\n\n\n\n<p>Existe un documental sobre el segundo verano del amor se ve gente bailando con pasos del Shuffle Dance, se llama &#8220;1989 Summer of &#8230; Rave&#8221;. Desafortunadamente el autor no me permite compartir el video en otras webs, as\u00ed que les dejo el link de YouTube ac\u00e1 abajo. El baile lo ver\u00e1s en el minuto 9:02. Lo que vas a encontrar es que hay una persona haciendo el Running Man en un Rave de 1989 al estilo del Shuffle. Para m\u00ed, eso demuestra que s\u00ed existi\u00f3 en esa \u00e9poca, aunque es una evidencia muy peque\u00f1a.<\/p>\n\n\n\n<ul class=\"wp-block-list\">\n<li> <a href=\"https:\/\/youtu.be\/ceQMwyNmPPw?t=540\" target=\"_blank\" rel=\"noreferrer noopener\">https:\/\/youtu.be\/ceQMwyNmPPw?t=540<\/a><\/li>\n<\/ul>\n\n\n\n<p>Esa teor\u00eda explicar\u00eda muy claramente de d\u00f3nde salen los conceptos principales del estilo de baile y por qu\u00e9 adquiere la influencia del Hip Hop. Algo que analizar\u00e9 m\u00e1s adelante en la <a href=\"#Fundations\" data-type=\"internal\" data-id=\"#Fundations\">historia de los fundations<\/a>.<\/p>\n\n\n\n<h2 class=\"wp-block-heading\" id=\"EverybodyInThePlace\">Canci\u00f3n &#8220;Everybody in the place&#8221;<\/h2>\n\n\n\n<p>La canci\u00f3n de The Prodigy llamada &#8220;Everybody in the place&#8221; marca uno de los eventos hist\u00f3ricos del shuffle m\u00e1s relevantes y es el primer video musical en el que se baila Shuffle Dance. Recordemos que ellos vienen de Essex en Inglaterra, apoyando la teor\u00eda de que este estilo de baile se origin\u00f3 en el segundo verano del Amor. Este video es del a\u00f1o 1991, donde apenas se estaba haciendo popular el estilo de baile. Ya se ven los fundamentos del estilo muy definidos como el Running Man, el Stomp, el Charleston, el T-Step y el Criss Cross. Eso indica que para ese momento en Inglaterra ya era el estilo de baile conocido, estructurado y diferente a otras formas de baile.<\/p>\n\n\n\n<figure class=\"wp-block-embed alignwide is-type-video is-provider-youtube wp-block-embed-youtube\"><div class=\"wp-block-embed__wrapper\">\n<div class=\"nv-iframe-embed\"><div class=\"container-lazyload preview-lazyload container-youtube js-lazyload--not-loaded\"><a href=\"https:\/\/youtube.com\/shorts\/2bTA6bmhrzQ\" class=\"lazy-load-youtube preview-lazyload preview-youtube\" data-video-title=\"\u00bfCu\u00e1l es la primera canci\u00f3n en la que se bail\u00f3 Shuffle Dance en su video Clip?\" title=\"Play video &quot;\u00bfCu\u00e1l es la primera canci\u00f3n en la que se bail\u00f3 Shuffle Dance en su video Clip?&quot;\" target=\"_blank\" rel=\"noopener\">https:\/\/youtube.com\/shorts\/2bTA6bmhrzQ<\/a><noscript>Video can&#8217;t be loaded because JavaScript is disabled: <a href=\"https:\/\/youtube.com\/shorts\/2bTA6bmhrzQ\" title=\"\u00bfCu\u00e1l es la primera canci\u00f3n en la que se bail\u00f3 Shuffle Dance en su video Clip?\" target=\"_blank\" rel=\"noopener\">\u00bfCu\u00e1l es la primera canci\u00f3n en la que se bail\u00f3 Shuffle Dance en su video Clip? (https:\/\/youtube.com\/shorts\/2bTA6bmhrzQ)<\/a><\/noscript><\/div><\/div>\n<\/div><\/figure>\n\n\n\n<h2 class=\"wp-block-heading\" id=\"RavesMelbourne\">\u00bfPor qu\u00e9 los raves se van a Australia?<\/h2>\n\n\n\n<p>El motivo por el que se hacen tan populares los Raves en Australia, donde se desarrolla y adquiere m\u00e1s popularidad el Shuffle, es porque en Inglaterra estaban en una zona gris, no era ilegales del todo, pero tampoco eran legales. Entonces eran perseguidos de cierta manera por la polic\u00eda. Eso hizo que en 1994 se creara la ley llamada &#8220;Criminal Justice and Public Order Act&#8221; donde ya se vuelven completamente ilegales, por lo que se fueron a otros pa\u00edses. Uno de esos fue Australia, donde s\u00f3lo fueron ilegales en algunos estados, pero no en todo el territorio.<\/p>\n\n\n\n<h2 class=\"wp-block-heading\" id=\"OrigenMelbourneShuffle\">Origen del nombre Melbourne Shuffle<\/h2>\n\n\n\n<p>Shuffle es una palabra que tiene varios significados, uno de ellos es arrastrar los pies, lo que es coherente con el estilo de baile y, para haber nacido en un pa\u00eds de habla inglesa, ser\u00eda una descripci\u00f3n literal, ya sea en Inglaterra o Australia. Sin embargo, no se sabe exactamente en qu\u00e9 momento se comenz\u00f3 a llamar as\u00ed. De todas maneras, otro de los mitos es que el nombre se hizo popular desde que Ruppert Keiller, un integrante de Sonic Animation, lo dijo en una entrevista aparentemente para el medio de comunicaci\u00f3n &#8220;Rage&#8221;. Lo que he encontrado es que le preguntan sobre el estilo de baile y responde que es Melbourne Shuffle. Previamente s\u00f3lo se llamaba Shuffle para los locales, pero de ah\u00ed en adelante se agreg\u00f3 la ciudad. Esa caracter\u00edstica la agregar\u00edan otros subestilos posteriores como el Malasian Shuffle, Russian Shuffle y Cali Shuffle (de California), siendo Cutting Shapes de Inglaterra el \u00fanico popular que no tiene esa caracter\u00edstica. <br><br>En el momento no he encontrado esa entrevista, hay incluso unos sitios web que mencionan que fue en 1990. Sin embargo, muchos de esos sitios han sido borrados. Adem\u00e1s, Sonic Animation se cre\u00f3 en 1994 y logr\u00f3 fama en 1999, por lo que creo que debe ser una entrevista en un a\u00f1o posterior o tal vez es s\u00f3lo una mentira m\u00e1s de internet.<\/p>\n\n\n\n<h2 class=\"wp-block-heading\" id=\"Fundations\">Origen de los Fundations<\/h2>\n\n\n\n<p>Otra forma de guiarnos a trav\u00e9s de la historia es mirar de d\u00f3nde vienen los pasos b\u00e1sicos del estilo de baile, esos que dieron vida a los dem\u00e1s pasos. As\u00ed, nos dar\u00e1 una visi\u00f3n distinta. Ac\u00e1 no explicar\u00e9 c\u00f3mo se hacen los pasos, para eso ya est\u00e1 la <a href=\"https:\/\/sqardance.com\/index.php\/shuffle\/lista-de-pasos\/\" data-type=\"page\" data-id=\"75\">lista de pasos de Shuffle<\/a>, ac\u00e1 s\u00f3lo hablar\u00e9 de la historia.<\/p>\n\n\n\n<h3 class=\"wp-block-heading\" id=\"TStep\">\u00bfC\u00f3mo inici\u00f3 el T-Step?<\/h3>\n\n\n\n<p>El T-Step es un paso original del Shuffle Dance, sin embargo, sus componentes tienen una historia previa. El stomp, viene del House, lo que es coherente con el origen de la m\u00fasica en el segundo verano del amor, que casi toda la m\u00fasica ven\u00eda de Chicago, que es la ciudad origen del House. El Stomp hace parte de lo que se llama House Dance Old School, que es un estilo de baile previo al Shuffle.<\/p>\n\n\n\n<p>Si vamos m\u00e1s atr\u00e1s, existen muchos bailes de los que pudo ser influenciado el House. Existen en Estados Unidos bailes tribales que se llaman Stomp Dance. Tambi\u00e9n pudo ser influenciado por raices africanas, que utilizaban golpes similares al piso. Hasta el momento no he podido rastrear el origen exacto, aunque con esto ya tienes una idea de d\u00f3nde sale. <\/p>\n\n\n\n<h3 class=\"wp-block-heading\" id=\"RM\">Origen del Running Man<\/h3>\n\n\n\n<p>El origen es desconocido, aunque muchos mencionan que viene de bailes africanos y de ah\u00ed es que se incluye en el Hip Hop. Se populariza a nivel mundial gracias a un video de Janeth Jackson de la canci\u00f3n Rythm Nation en 1989. En ese momento se estaba formando las bases del Shuffle y para 1991 en el video de &#8220;Everybody in the place&#8221; de The Prodigy se observa que ya se hab\u00eda introducido en el baile de la m\u00fasica electr\u00f3nica junto a otros pasos del Shuffle.<\/p>\n\n\n\n<figure class=\"wp-block-embed aligncenter is-type-video is-provider-youtube wp-block-embed-youtube\"><div class=\"wp-block-embed__wrapper\">\n<div class=\"nv-iframe-embed\"><div class=\"container-lazyload preview-lazyload container-youtube js-lazyload--not-loaded\"><a href=\"https:\/\/youtu.be\/OAwaNWGLM0c\" class=\"lazy-load-youtube preview-lazyload preview-youtube\" data-video-title=\"Janet Jackson - Rhythm Nation\" title=\"Play video &quot;Janet Jackson - Rhythm Nation&quot;\" target=\"_blank\" rel=\"noopener\">https:\/\/youtu.be\/OAwaNWGLM0c<\/a><noscript>Video can&#8217;t be loaded because JavaScript is disabled: <a href=\"https:\/\/youtu.be\/OAwaNWGLM0c\" title=\"Janet Jackson - Rhythm Nation\" target=\"_blank\" rel=\"noopener\">Janet Jackson &#8211; Rhythm Nation (https:\/\/youtu.be\/OAwaNWGLM0c)<\/a><\/noscript><\/div><\/div>\n<\/div><\/figure>\n\n\n\n<h3 class=\"wp-block-heading\" id=\"CrissCross\">\u00bfCu\u00e1l es el origen del Criss Cross? <\/h3>\n\n\n\n<p>Realmente no hay una historia concreta, pero tengo mi hip\u00f3tesis. Muchos pasos del Hip Hop llegan al House y este es el caso del Criss Cross. Lo que ocurr\u00eda en la \u00e9poca de los 80&#8217;s y 90&#8217;s, como lo menciona Buddha Stretch en el documental New School Dictionary, es que los clubes nocturnos un d\u00eda pon\u00edan House y otro Hip Hop, por lo que los clientes que bailaban un g\u00e9nero musical comenzaron a bailar el otro. Ah\u00ed es donde muchos pasos pasan del Hip Hop al House. Es natural que haya sido uno de los pasos que llega al Shuffle con la m\u00fasica House desde el inicio.<\/p>\n\n\n\n<p>Previamente al Hip Hop, Criss Cross es un paso muy natural y ha existido en otros estilos de baile m\u00e1s antiguos. El Ballet es un ejemplo de eso, ah\u00ed se conoce como \u00c9chap\u00e9. Pasa de primera a quinta posici\u00f3n por medio de un salto y luego se devuelve, lo puedes ver en el siguiente video. El hecho de que exista en varios estilos tan antiguos hace que sea un movimiento que su fuente puede ser cualquiera, por lo que es de esperarse que no importa el origen estar\u00e1 presente en cualquier estilo de baile. Aun as\u00ed, que se le llame de la misma manera que en el Hip Hop hace que sea obvia su procedencia.<\/p>\n\n\n\n<figure class=\"wp-block-embed aligncenter is-type-video is-provider-youtube wp-block-embed-youtube\"><div class=\"wp-block-embed__wrapper\">\n<div class=\"nv-iframe-embed\"><div class=\"container-lazyload preview-lazyload container-youtube js-lazyload--not-loaded\"><a href=\"https:\/\/youtu.be\/P79-1C9Yags?t=32\" class=\"lazy-load-youtube preview-lazyload preview-youtube\" data-video-title=\"Saltos b\u00e1sicos de ballet en la barra \u2013 Mi danza Irene Blanco\" title=\"Play video &quot;Saltos b\u00e1sicos de ballet en la barra \u2013 Mi danza Irene Blanco&quot;\" target=\"_blank\" rel=\"noopener\">https:\/\/youtu.be\/P79-1C9Yags?t=32<\/a><noscript>Video can&#8217;t be loaded because JavaScript is disabled: <a href=\"https:\/\/youtu.be\/P79-1C9Yags?t=32\" title=\"Saltos b\u00e1sicos de ballet en la barra \u2013 Mi danza Irene Blanco\" target=\"_blank\" rel=\"noopener\">Saltos b\u00e1sicos de ballet en la barra \u2013 Mi danza Irene Blanco (https:\/\/youtu.be\/P79-1C9Yags?t=32)<\/a><\/noscript><\/div><\/div>\n<\/div><\/figure>\n\n\n\n<h3 class=\"wp-block-heading\" id=\"Charleston\">\u00bfDe d\u00f3nde surge el Charleston?<\/h3>\n\n\n\n<p>El paso Charleston viene del estilo de baile del mismo nombre que nace a principios del sigo XX. Ese baile se populariza en los a\u00f1os 20&#8217;s y dio paso a la creaci\u00f3n de estilos como Lindy Hop y el Swing, que posteriormente con la aparici\u00f3n de artistas como James Brown influencian la creaci\u00f3n del Boogaloo a trav\u00e9s del Funk. El Boogaloo es un estilo de baile que forma parte del Hip Hop y de ah\u00ed se puede explicar la influencia que ha tenido el Charleston en todo este movimiento. Y c\u00f3mo llega al shuffle se explica mediante la influencia del Hip Hop en el estilo para bailar m\u00fasica electr\u00f3nica probablemente de la forma que he explicado anteriormente.<\/p>\n\n\n\n<p>En definitiva, el Shuffle es un tesoro cultural cuyo origen se pierde en la mara\u00f1a del tiempo. De todas maneras, he intentado rescatar lo que m\u00e1s me ha dado mi capacidad para hacernos una idea de su origen.<\/p>\n","protected":false},"excerpt":{"rendered":"<p>Como todo baile, el origen es algo difuso, que no tiene un momento espec\u00edfico, sino que va construy\u00e9ndose a trav\u00e9s de la historia. Eso genera una complicaci\u00f3n a la hora de estudiarlo, se crean muchos mitos, hay poca informaci\u00f3n espec\u00edfica demostrable y el Shuffle es un estilo de baile que no se libra de eso.&hellip;&nbsp;<a href=\"https:\/\/sqardance.com\/index.php\/shuffle\/origen\/\" rel=\"bookmark\"><span class=\"screen-reader-text\">Historia del Shuffle Dance: \u00bfCu\u00e1l fue el Origen?<\/span><\/a><\/p>\n","protected":false},"author":1,"featured_media":0,"parent":73,"menu_order":0,"comment_status":"closed","ping_status":"closed","template":"","meta":{"neve_meta_sidebar":"","neve_meta_container":"","neve_meta_enable_content_width":"","neve_meta_content_width":0,"neve_meta_title_alignment":"","neve_meta_author_avatar":"","neve_post_elements_order":"","neve_meta_disable_header":"","neve_meta_disable_footer":"","neve_meta_disable_title":"","footnotes":""},"class_list":["post-107","page","type-page","status-publish","hentry"],"_links":{"self":[{"href":"https:\/\/sqardance.com\/index.php\/wp-json\/wp\/v2\/pages\/107","targetHints":{"allow":["GET"]}}],"collection":[{"href":"https:\/\/sqardance.com\/index.php\/wp-json\/wp\/v2\/pages"}],"about":[{"href":"https:\/\/sqardance.com\/index.php\/wp-json\/wp\/v2\/types\/page"}],"author":[{"embeddable":true,"href":"https:\/\/sqardance.com\/index.php\/wp-json\/wp\/v2\/users\/1"}],"replies":[{"embeddable":true,"href":"https:\/\/sqardance.com\/index.php\/wp-json\/wp\/v2\/comments?post=107"}],"version-history":[{"count":33,"href":"https:\/\/sqardance.com\/index.php\/wp-json\/wp\/v2\/pages\/107\/revisions"}],"predecessor-version":[{"id":1552,"href":"https:\/\/sqardance.com\/index.php\/wp-json\/wp\/v2\/pages\/107\/revisions\/1552"}],"up":[{"embeddable":true,"href":"https:\/\/sqardance.com\/index.php\/wp-json\/wp\/v2\/pages\/73"}],"wp:attachment":[{"href":"https:\/\/sqardance.com\/index.php\/wp-json\/wp\/v2\/media?parent=107"}],"curies":[{"name":"wp","href":"https:\/\/api.w.org\/{rel}","templated":true}]}}