{"id":1069,"date":"2024-05-07T08:05:13","date_gmt":"2024-05-07T08:05:13","guid":{"rendered":"https:\/\/sqardance.com\/?page_id=1069"},"modified":"2024-05-07T08:29:20","modified_gmt":"2024-05-07T08:29:20","slug":"krump","status":"publish","type":"page","link":"https:\/\/sqardance.com\/index.php\/krump\/","title":{"rendered":"Krump"},"content":{"rendered":"\n<p>El estilo de baile Krump es m\u00e1s que s\u00f3lo un baile, es una expresi\u00f3n cultural y religiosa si se ve como en sus or\u00edgenes. Ac\u00e1 te los art\u00edculos necesarios para que entiendas este estilo y c\u00f3mo bailarlo.<\/p>\n\n\n\n<p> <\/p>\n\n\n\n<figure class=\"wp-block-gallery has-nested-images columns-default is-cropped wp-block-gallery-1 is-layout-flex wp-block-gallery-is-layout-flex\">\n<figure class=\"wp-block-image size-large\"><a href=\"https:\/\/sqardance.com\/index.php\/krump\/que-es\/\"><img decoding=\"async\" width=\"985\" height=\"1024\" data-id=\"1134\" data-src=\"https:\/\/sqardance.com\/wp-content\/uploads\/2024\/04\/tight_eyez___street_kingdom___krump_kings___by_ceydoo_blueshine_d7zs50e-985x1024.png\" alt=\"\" class=\"wp-image-1134 lazyload\" data-srcset=\"https:\/\/sqardance.com\/wp-content\/uploads\/2024\/04\/tight_eyez___street_kingdom___krump_kings___by_ceydoo_blueshine_d7zs50e-985x1024.png 985w, https:\/\/sqardance.com\/wp-content\/uploads\/2024\/04\/tight_eyez___street_kingdom___krump_kings___by_ceydoo_blueshine_d7zs50e-288x300.png 288w, https:\/\/sqardance.com\/wp-content\/uploads\/2024\/04\/tight_eyez___street_kingdom___krump_kings___by_ceydoo_blueshine_d7zs50e-768x799.png 768w, https:\/\/sqardance.com\/wp-content\/uploads\/2024\/04\/tight_eyez___street_kingdom___krump_kings___by_ceydoo_blueshine_d7zs50e-1477x1536.png 1477w, https:\/\/sqardance.com\/wp-content\/uploads\/2024\/04\/tight_eyez___street_kingdom___krump_kings___by_ceydoo_blueshine_d7zs50e-1969x2048.png 1969w, https:\/\/sqardance.com\/wp-content\/uploads\/2024\/04\/tight_eyez___street_kingdom___krump_kings___by_ceydoo_blueshine_d7zs50e.png 962w\" data-sizes=\"(max-width: 985px) 100vw, 985px\" src=\"data:image\/svg+xml;base64,PHN2ZyB3aWR0aD0iMSIgaGVpZ2h0PSIxIiB4bWxucz0iaHR0cDovL3d3dy53My5vcmcvMjAwMC9zdmciPjwvc3ZnPg==\" style=\"--smush-placeholder-width: 985px; --smush-placeholder-aspect-ratio: 985\/1024;\" \/><\/a><figcaption class=\"wp-element-caption\"><a href=\"https:\/\/sqardance.com\/index.php\/krump\/que-es\/\" data-type=\"page\" data-id=\"1070\">\u00bfQu\u00e9 es el Krump?<\/a><\/figcaption><\/figure>\n\n\n\n<figure class=\"wp-block-image size-large\"><a href=\"https:\/\/sqardance.com\/index.php\/krump\/historia\/\"><img decoding=\"async\" width=\"700\" height=\"309\" data-id=\"1163\" data-src=\"https:\/\/sqardance.com\/wp-content\/uploads\/2024\/05\/Marge-Krump.jpg\" alt=\"\" class=\"wp-image-1163 lazyload\" data-srcset=\"https:\/\/sqardance.com\/wp-content\/uploads\/2024\/05\/Marge-Krump.jpg 700w, https:\/\/sqardance.com\/wp-content\/uploads\/2024\/05\/Marge-Krump-300x132.jpg 300w\" data-sizes=\"(max-width: 700px) 100vw, 700px\" src=\"data:image\/svg+xml;base64,PHN2ZyB3aWR0aD0iMSIgaGVpZ2h0PSIxIiB4bWxucz0iaHR0cDovL3d3dy53My5vcmcvMjAwMC9zdmciPjwvc3ZnPg==\" style=\"--smush-placeholder-width: 700px; --smush-placeholder-aspect-ratio: 700\/309;\" \/><\/a><figcaption class=\"wp-element-caption\"><a href=\"https:\/\/sqardance.com\/index.php\/krump\/historia\/\" data-type=\"page\" data-id=\"1071\">Historia del Krump desde el Clowing hasta el meme de Marge Simpson<\/a><\/figcaption><\/figure>\n\n\n\n<figure class=\"wp-block-image size-large\"><a href=\"https:\/\/sqardance.com\/index.php\/krump\/movimientos-o-pasos\/\"><img decoding=\"async\" width=\"1024\" height=\"680\" data-id=\"1162\" data-src=\"https:\/\/sqardance.com\/wp-content\/uploads\/2024\/05\/krump_it_by_an1ken_d1z8gcg-1024x680.jpg\" alt=\"\" class=\"wp-image-1162 lazyload\" data-srcset=\"https:\/\/sqardance.com\/wp-content\/uploads\/2024\/05\/krump_it_by_an1ken_d1z8gcg-1024x680.jpg 1024w, https:\/\/sqardance.com\/wp-content\/uploads\/2024\/05\/krump_it_by_an1ken_d1z8gcg-300x199.jpg 300w, https:\/\/sqardance.com\/wp-content\/uploads\/2024\/05\/krump_it_by_an1ken_d1z8gcg-768x510.jpg 768w, https:\/\/sqardance.com\/wp-content\/uploads\/2024\/05\/krump_it_by_an1ken_d1z8gcg-1536x1020.jpg 1536w, https:\/\/sqardance.com\/wp-content\/uploads\/2024\/05\/krump_it_by_an1ken_d1z8gcg-2048x1360.jpg 2048w, https:\/\/sqardance.com\/wp-content\/uploads\/2024\/05\/krump_it_by_an1ken_d1z8gcg-scaled.jpg 1000w\" data-sizes=\"(max-width: 1024px) 100vw, 1024px\" src=\"data:image\/svg+xml;base64,PHN2ZyB3aWR0aD0iMSIgaGVpZ2h0PSIxIiB4bWxucz0iaHR0cDovL3d3dy53My5vcmcvMjAwMC9zdmciPjwvc3ZnPg==\" style=\"--smush-placeholder-width: 1024px; --smush-placeholder-aspect-ratio: 1024\/680;\" \/><\/a><figcaption class=\"wp-element-caption\"><a href=\"https:\/\/sqardance.com\/index.php\/krump\/movimientos-o-pasos\/\" data-type=\"page\" data-id=\"1072\">Pasos del Krump<\/a><\/figcaption><\/figure>\n<\/figure>\n","protected":false},"excerpt":{"rendered":"<p>El estilo de baile Krump es m\u00e1s que s\u00f3lo un baile, es una expresi\u00f3n cultural y religiosa si se ve como en sus or\u00edgenes. Ac\u00e1 te los art\u00edculos necesarios para que entiendas este estilo y c\u00f3mo bailarlo.<\/p>\n","protected":false},"author":1,"featured_media":0,"parent":0,"menu_order":0,"comment_status":"closed","ping_status":"closed","template":"","meta":{"neve_meta_sidebar":"","neve_meta_container":"","neve_meta_enable_content_width":"","neve_meta_content_width":0,"neve_meta_title_alignment":"","neve_meta_author_avatar":"","neve_post_elements_order":"","neve_meta_disable_header":"","neve_meta_disable_footer":"","neve_meta_disable_title":"","footnotes":""},"class_list":["post-1069","page","type-page","status-publish","hentry"],"_links":{"self":[{"href":"https:\/\/sqardance.com\/index.php\/wp-json\/wp\/v2\/pages\/1069","targetHints":{"allow":["GET"]}}],"collection":[{"href":"https:\/\/sqardance.com\/index.php\/wp-json\/wp\/v2\/pages"}],"about":[{"href":"https:\/\/sqardance.com\/index.php\/wp-json\/wp\/v2\/types\/page"}],"author":[{"embeddable":true,"href":"https:\/\/sqardance.com\/index.php\/wp-json\/wp\/v2\/users\/1"}],"replies":[{"embeddable":true,"href":"https:\/\/sqardance.com\/index.php\/wp-json\/wp\/v2\/comments?post=1069"}],"version-history":[{"count":4,"href":"https:\/\/sqardance.com\/index.php\/wp-json\/wp\/v2\/pages\/1069\/revisions"}],"predecessor-version":[{"id":1183,"href":"https:\/\/sqardance.com\/index.php\/wp-json\/wp\/v2\/pages\/1069\/revisions\/1183"}],"wp:attachment":[{"href":"https:\/\/sqardance.com\/index.php\/wp-json\/wp\/v2\/media?parent=1069"}],"curies":[{"name":"wp","href":"https:\/\/api.w.org\/{rel}","templated":true}]}}