{"id":1001,"date":"2024-04-03T08:36:22","date_gmt":"2024-04-03T08:36:22","guid":{"rendered":"https:\/\/sqardance.com\/?page_id=1001"},"modified":"2025-01-23T09:48:18","modified_gmt":"2025-01-23T09:48:18","slug":"chicken-nooddle-soup","status":"publish","type":"page","link":"https:\/\/sqardance.com\/index.php\/litefeet-dance\/lista-de-pasos\/chicken-nooddle-soup\/","title":{"rendered":"Chicken Noodle Soup paso de Lite Feet"},"content":{"rendered":"\n<p>Entre los pasos m\u00e1s ic\u00f3nicos del estilo de baile Lite Feet, de hecho uno de los padres del Lite Feet lo llama como uno de los dos pasos fundamentales que dieron paso a la creaci\u00f3n del Lite Feet. Qu\u00e9date a aprender c\u00f3mo se hace el paso y su historia.<\/p>\n\n\n\n<h2 class=\"wp-block-heading\">Contenido<\/h2>\n\n\n\n<ul class=\"wp-block-list\">\n<li><a href=\"#Descripcion\" data-type=\"internal\" data-id=\"#Descripcion\">\u00bfC\u00f3mo se hace el paso Chicken Noodle Soup?<\/a><\/li>\n\n\n\n<li><a href=\"#Entrenar\" data-type=\"internal\" data-id=\"#Entrenar\">\u00bfC\u00f3mo entrenar el paso Chicken Noodle Soup?<\/a><\/li>\n\n\n\n<li><a href=\"#Historia\" data-type=\"internal\" data-id=\"#Historia\">Historia del paso Chicken Noodle Soup de LiteFeet<\/a>\n<ul class=\"wp-block-list\">\n<li><a href=\"#cancion\" data-type=\"internal\" data-id=\"#cancion\">Canci\u00f3n Chicken Noodle Soup<\/a><\/li>\n\n\n\n<li><a href=\"#k-pop\" data-type=\"internal\" data-id=\"#k-pop\">Chicken Noodle Soup en el K-Pop<\/a><\/li>\n<\/ul>\n<\/li>\n<\/ul>\n\n\n\n<h2 class=\"wp-block-heading\" id=\"Descripcion\">\u00bfC\u00f3mo se hace el paso Chicken Noodle Soup?<\/h2>\n\n\n\n<p>Este paso se basa en el movimiento de los pies, los brazos tienen un movimiento libre, pero igual hay unas tendencias que las analizaremos. <\/p>\n\n\n<div class=\"wp-block-image\">\n<figure class=\"aligncenter size-full is-resized\"><img decoding=\"async\" width=\"600\" height=\"469\" data-src=\"https:\/\/sqardance.com\/wp-content\/uploads\/2024\/03\/ChickenNoodelSoup-1.png\" alt=\"Chicken Noodle Soup paso de Lite Feet\" class=\"wp-image-1035 lazyload\" style=\"--smush-placeholder-width: 600px; --smush-placeholder-aspect-ratio: 600\/469;width:380px;height:auto\" data-srcset=\"https:\/\/sqardance.com\/wp-content\/uploads\/2024\/03\/ChickenNoodelSoup-1.png 600w, https:\/\/sqardance.com\/wp-content\/uploads\/2024\/03\/ChickenNoodelSoup-1-300x235.png 300w\" data-sizes=\"(max-width: 600px) 100vw, 600px\" src=\"data:image\/svg+xml;base64,PHN2ZyB3aWR0aD0iMSIgaGVpZ2h0PSIxIiB4bWxucz0iaHR0cDovL3d3dy53My5vcmcvMjAwMC9zdmciPjwvc3ZnPg==\" \/><\/figure><\/div>\n\n\n<h3 class=\"wp-block-heading\">Los pies<\/h3>\n\n\n\n<p>Comencemos con el movimiento de los pies.<\/p>\n\n\n\n<ol class=\"wp-block-list\">\n<li>Partes de la posici\u00f3n neutral de Hip Hop, que es los pies separados la distancia de los hombros, con todo el cuerpo relajado, las rodillas un poco flexionadas.<\/li>\n\n\n\n<li>Comienza haciendo tres saltos peque\u00f1os en el que al caer apoyas un pie y el otro lo estiras a un lado. En cada salto cambias el pie de apoyo y el pie que estiras. Tambi\u00e9n puedes en vez de estirar s\u00f3lo sacar a un lado el tal\u00f3n.<\/li>\n<\/ol>\n\n\n\n<figure class=\"wp-block-embed alignwide is-type-video is-provider-youtube wp-block-embed-youtube\"><div class=\"wp-block-embed__wrapper\">\n<div class=\"nv-iframe-embed\"><div class=\"container-lazyload preview-lazyload container-youtube js-lazyload--not-loaded\"><a href=\"https:\/\/youtu.be\/unK6tArCLOg?t=363\" class=\"lazy-load-youtube preview-lazyload preview-youtube\" data-video-title=\"Mr Youtube - Lite Feet Tutorial\" title=\"Play video &quot;Mr Youtube - Lite Feet Tutorial&quot;\" target=\"_blank\" rel=\"noopener\">https:\/\/youtu.be\/unK6tArCLOg?t=363<\/a><noscript>Video can&#8217;t be loaded because JavaScript is disabled: <a href=\"https:\/\/youtu.be\/unK6tArCLOg?t=363\" title=\"Mr Youtube - Lite Feet Tutorial\" target=\"_blank\" rel=\"noopener\">Mr Youtube &#8211; Lite Feet Tutorial (https:\/\/youtu.be\/unK6tArCLOg?t=363)<\/a><\/noscript><\/div><\/div>\n<\/div><\/figure>\n\n\n\n<h3 class=\"wp-block-heading\">Los brazos<\/h3>\n\n\n\n<p>Hay varias formas de mover los brazos y en realidad son un poco libres. Ac\u00e1 te traigo algunas ideas.<\/p>\n\n\n\n<ul class=\"wp-block-list\">\n<li>Uno es mover los brazos como una gallina al ritmo de los saltos.<\/li>\n\n\n\n<li>Pon las palamas de las manos mirando a la cara con los codos abajo de la manos. Mientras ejecutas el movimiento de los pies, baja las manos y mueve los dedos sin doblar las falanges. <\/li>\n\n\n\n<li>Pon las manos frente a la cadera con la palma mirando al piso. Mientras ejecutas el paso, abre los brazos manteniendo las palmas mirando al piso hasta que las manos queden al lado de tus caderas.<\/li>\n\n\n\n<li>Mueve los brazos como si estuvieras saltando lazo. Pon las manos a los lados y dibuja un peque\u00f1o c\u00edrculo por cada salto que haces.<\/li>\n<\/ul>\n\n\n\n<h2 class=\"wp-block-heading\" id=\"Entrenar\">\u00bfC\u00f3mo entrenar el paso Chicken Noodle Soup?<\/h2>\n\n\n\n<p>Este paso no deber\u00eda costarte mucho aprenderlo. Lo que te recomiendo es que disocies un poco para poder hacer los movimientos de las piernas y brazos, ya que las distintas versiones del paso suelen tener distintos movimientos de brazos. Entonces te recomiendo los siguientes consejos.<\/p>\n\n\n\n<ul class=\"wp-block-list\">\n<li>Inicia practicando la posici\u00f3n de los pies y hazlo muchas veces. Pract\u00edcalo incluso as\u00ed ya lo puedas hacer, la idea es que lo puedas hacer incluso sin pensar en ello. As\u00ed podr\u00e1s hacerlo mientras piensas en otros movimientos.<\/li>\n\n\n\n<li>Antes de unir los brazos, realiza sus movimientos por separado. Y al unir, trata de tener en cuenta instantes de tiempo en los que coinciden movimientos de los brazos y pies para que puedas hacerlos coincidir.<\/li>\n<\/ul>\n\n\n\n<h2 class=\"wp-block-heading\" id=\"Historia\">Historia del paso Chicken Noodle Soup de LiteFeet<\/h2>\n\n\n\n<p>El origen del paso lo relata Webstar, una artista que hizo parte de la creaci\u00f3n de la canci\u00f3n que da origen al paso, seg\u00fan un <a href=\"https:\/\/www.worldradiohistory.com\/Archive-All-Music\/Billboard\/00s\/2006\/BB-2006-09-30.pdf#page=44\" target=\"_blank\" rel=\"noopener\">art\u00edculo de la revista Bilboard<\/a>. Ellos iniciaron con la canci\u00f3n que tiene ese nombre y la comenzaron a tocar en diferentes fiestas en Harlem, Nueva York. Los chicos que asistieron crearon el paso y ellos lo vieron y lo incluyeron en el video que hicieron posteriormente. A continuaci\u00f3n vemos un video subido a YouTube el 18 de agosto de 2006 con un instructional de pasos de LiteFeet en el que se incluye Chicken Noodle Soup. <\/p>\n\n\n\n<figure class=\"wp-block-embed is-type-video is-provider-youtube wp-block-embed-youtube\"><div class=\"wp-block-embed__wrapper\">\n<div class=\"nv-iframe-embed\"><div class=\"container-lazyload preview-lazyload container-youtube js-lazyload--not-loaded\"><a href=\"https:\/\/www.youtube.com\/watch?v=cmdF1r8rjJ0&#038;ab_channel=lbdigital\" class=\"lazy-load-youtube preview-lazyload preview-youtube\" data-video-title=\"Chicken Noodle Soup Music Video-Official Version\" title=\"Play video &quot;Chicken Noodle Soup Music Video-Official Version&quot;\" target=\"_blank\" rel=\"noopener\">https:\/\/www.youtube.com\/watch?v=cmdF1r8rjJ0&#038;ab_channel=lbdigital<\/a><noscript>Video can&#8217;t be loaded because JavaScript is disabled: <a href=\"https:\/\/www.youtube.com\/watch?v=cmdF1r8rjJ0&#038;ab_channel=lbdigital\" title=\"Chicken Noodle Soup Music Video-Official Version\" target=\"_blank\" rel=\"noopener\">Chicken Noodle Soup Music Video-Official Version (https:\/\/www.youtube.com\/watch?v=cmdF1r8rjJ0&#038;ab_channel=lbdigital)<\/a><\/noscript><\/div><\/div>\n<\/div><\/figure>\n\n\n\n<h3 class=\"wp-block-heading\" id=\"cancion\">Canci\u00f3n Chicken Noodle Soup<\/h3>\n\n\n\n<p>Aunque el baile ya se conoc\u00eda previamente al lanzamiento del sencillo de la canci\u00f3n fue en septiembre de 2006. El paso se vuelve a\u00fan m\u00e1s popular gracias al video de la canci\u00f3n &#8220;Chicken Nooddle Soup&#8221; de Webstar and Young B feat. The Voice of Harlem.<\/p>\n\n\n\n<figure class=\"wp-block-embed alignwide is-type-video is-provider-youtube wp-block-embed-youtube\"><div class=\"wp-block-embed__wrapper\">\n<div class=\"nv-iframe-embed\"><div class=\"container-lazyload preview-lazyload container-youtube js-lazyload--not-loaded\"><a href=\"https:\/\/youtu.be\/sFav9P54JUA\" class=\"lazy-load-youtube preview-lazyload preview-youtube\" data-video-title=\"Webstar, Young B - Chicken Noodle Soup ft. AG aka The Voice of Harlem\" title=\"Play video &quot;Webstar, Young B - Chicken Noodle Soup ft. AG aka The Voice of Harlem&quot;\" target=\"_blank\" rel=\"noopener\">https:\/\/youtu.be\/sFav9P54JUA<\/a><noscript>Video can&#8217;t be loaded because JavaScript is disabled: <a href=\"https:\/\/youtu.be\/sFav9P54JUA\" title=\"Webstar, Young B - Chicken Noodle Soup ft. AG aka The Voice of Harlem\" target=\"_blank\" rel=\"noopener\">Webstar, Young B &#8211; Chicken Noodle Soup ft. AG aka The Voice of Harlem (https:\/\/youtu.be\/sFav9P54JUA)<\/a><\/noscript><\/div><\/div>\n<\/div><\/figure>\n\n\n\n<p>Este baile se volvi\u00f3 viral en una \u00e9poca donde era todav\u00eda muy extra\u00f1o que algo se volviera viral, de hecho YouTube apenas ten\u00eda un poco m\u00e1s de un a\u00f1o de haberse creado cuando sali\u00f3 la canci\u00f3n y ya en esta plataforma se hicieron virales videos del paso.<\/p>\n\n\n\n<figure class=\"wp-block-embed alignwide is-type-video is-provider-youtube wp-block-embed-youtube\"><div class=\"wp-block-embed__wrapper\">\n<div class=\"nv-iframe-embed\"><div class=\"container-lazyload preview-lazyload container-youtube js-lazyload--not-loaded\"><a href=\"https:\/\/youtu.be\/vZvZ3G65E1c\" class=\"lazy-load-youtube preview-lazyload preview-youtube\" data-video-title=\"Chicken Noodle Soup Dance\" title=\"Play video &quot;Chicken Noodle Soup Dance&quot;\" target=\"_blank\" rel=\"noopener\">https:\/\/youtu.be\/vZvZ3G65E1c<\/a><noscript>Video can&#8217;t be loaded because JavaScript is disabled: <a href=\"https:\/\/youtu.be\/vZvZ3G65E1c\" title=\"Chicken Noodle Soup Dance\" target=\"_blank\" rel=\"noopener\">Chicken Noodle Soup Dance (https:\/\/youtu.be\/vZvZ3G65E1c)<\/a><\/noscript><\/div><\/div>\n<\/div><\/figure>\n\n\n\n<h3 class=\"wp-block-heading\" id=\"k-pop\">Chicken Noodle Soup en el K-Pop<\/h3>\n\n\n\n<p>Su popularidad lleg\u00f3 al K-pop gracias a J-Hope feat. Becky G. En septiembre de 2019 lanzan el sencillo llamado Chicken Noodle Soup y que su baile fue hecho tendencia ya que se ret\u00f3 a seguidores a hacer un challenge de baile con los pasos del video musical, algo que fue convocado desde las cuentas de BTS.<\/p>\n\n\n\n<figure class=\"wp-block-embed alignwide is-type-video is-provider-youtube wp-block-embed-youtube\"><div class=\"wp-block-embed__wrapper\">\n<div class=\"nv-iframe-embed\"><div class=\"container-lazyload preview-lazyload container-youtube js-lazyload--not-loaded\"><a href=\"https:\/\/youtu.be\/i23NEQEFpgQ\" class=\"lazy-load-youtube preview-lazyload preview-youtube\" data-video-title=\"j-hope &#039;Chicken Noodle Soup (feat. Becky G)&#039; MV\" title=\"Play video &quot;j-hope &#039;Chicken Noodle Soup (feat. Becky G)&#039; MV&quot;\" target=\"_blank\" rel=\"noopener\">https:\/\/youtu.be\/i23NEQEFpgQ<\/a><noscript>Video can&#8217;t be loaded because JavaScript is disabled: <a href=\"https:\/\/youtu.be\/i23NEQEFpgQ\" title=\"j-hope &#039;Chicken Noodle Soup (feat. Becky G)&#039; MV\" target=\"_blank\" rel=\"noopener\">j-hope &#039;Chicken Noodle Soup (feat. Becky G)&#039; MV (https:\/\/youtu.be\/i23NEQEFpgQ)<\/a><\/noscript><\/div><\/div>\n<\/div><\/figure>\n\n\n\n<h2 class=\"wp-block-heading\">Otros pasos de Hip Hop<\/h2>\n\n\n\n<figure class=\"wp-block-gallery has-nested-images columns-default is-cropped wp-block-gallery-1 is-layout-flex wp-block-gallery-is-layout-flex\">\n<figure class=\"wp-block-image size-full\"><a href=\"https:\/\/sqardance.com\/index.php\/hip-hop\/lista-de-pasos\/criss-cross\/\"><img decoding=\"async\" width=\"700\" height=\"425\" data-id=\"855\" data-src=\"https:\/\/sqardance.com\/wp-content\/uploads\/2024\/03\/CrissCross.png\" alt=\"Paso Criss Cross de Shuffle Dance\" class=\"wp-image-855 lazyload\" data-srcset=\"https:\/\/sqardance.com\/wp-content\/uploads\/2024\/03\/CrissCross.png 700w, https:\/\/sqardance.com\/wp-content\/uploads\/2024\/03\/CrissCross-300x182.png 300w\" data-sizes=\"(max-width: 700px) 100vw, 700px\" src=\"data:image\/svg+xml;base64,PHN2ZyB3aWR0aD0iMSIgaGVpZ2h0PSIxIiB4bWxucz0iaHR0cDovL3d3dy53My5vcmcvMjAwMC9zdmciPjwvc3ZnPg==\" style=\"--smush-placeholder-width: 700px; --smush-placeholder-aspect-ratio: 700\/425;\" \/><\/a><figcaption class=\"wp-element-caption\"><a href=\"https:\/\/sqardance.com\/index.php\/hip-hop\/lista-de-pasos\/criss-cross\/\" data-type=\"page\" data-id=\"731\">Paso Criss Cross de Hip Hop<\/a><\/figcaption><\/figure>\n\n\n\n<figure class=\"wp-block-image size-large\"><a href=\"https:\/\/sqardance.com\/index.php\/hip-hop\/lista-de-pasos\/smurf\/\"><img decoding=\"async\" width=\"696\" height=\"1024\" data-id=\"835\" data-src=\"https:\/\/sqardance.com\/wp-content\/uploads\/2024\/02\/Pitufos-696x1024.jpg\" alt=\"Smurf origen del paso de baile\" class=\"wp-image-835 lazyload\" data-srcset=\"https:\/\/sqardance.com\/wp-content\/uploads\/2024\/02\/Pitufos-696x1024.jpg 696w, https:\/\/sqardance.com\/wp-content\/uploads\/2024\/02\/Pitufos-204x300.jpg 204w, https:\/\/sqardance.com\/wp-content\/uploads\/2024\/02\/Pitufos-768x1129.jpg 768w, https:\/\/sqardance.com\/wp-content\/uploads\/2024\/02\/Pitufos-1045x1536.jpg 1045w, https:\/\/sqardance.com\/wp-content\/uploads\/2024\/02\/Pitufos-scaled.jpg 680w\" data-sizes=\"(max-width: 696px) 100vw, 696px\" src=\"data:image\/svg+xml;base64,PHN2ZyB3aWR0aD0iMSIgaGVpZ2h0PSIxIiB4bWxucz0iaHR0cDovL3d3dy53My5vcmcvMjAwMC9zdmciPjwvc3ZnPg==\" style=\"--smush-placeholder-width: 696px; --smush-placeholder-aspect-ratio: 696\/1024;\" \/><\/a><figcaption class=\"wp-element-caption\"><a href=\"https:\/\/sqardance.com\/index.php\/hip-hop\/lista-de-pasos\/smurf\/\" data-type=\"page\" data-id=\"811\">Paso Smurf de Hip Hop Party Dance<\/a><\/figcaption><\/figure>\n\n\n\n<figure class=\"wp-block-image size-large\"><a href=\"https:\/\/sqardance.com\/index.php\/hip-hop\/lista-de-pasos\/roger-rabbit\/\"><img decoding=\"async\" width=\"640\" height=\"1024\" data-id=\"728\" data-src=\"https:\/\/sqardance.com\/wp-content\/uploads\/2024\/02\/who_framed_roger_rabbit_poster_by_theaven_ddqphk8-414w-2x-640x1024.jpg\" alt=\"\" class=\"wp-image-728 lazyload\" data-srcset=\"https:\/\/sqardance.com\/wp-content\/uploads\/2024\/02\/who_framed_roger_rabbit_poster_by_theaven_ddqphk8-414w-2x-640x1024.jpg 640w, https:\/\/sqardance.com\/wp-content\/uploads\/2024\/02\/who_framed_roger_rabbit_poster_by_theaven_ddqphk8-414w-2x-187x300.jpg 187w, https:\/\/sqardance.com\/wp-content\/uploads\/2024\/02\/who_framed_roger_rabbit_poster_by_theaven_ddqphk8-414w-2x-768x1230.jpg 768w, https:\/\/sqardance.com\/wp-content\/uploads\/2024\/02\/who_framed_roger_rabbit_poster_by_theaven_ddqphk8-414w-2x-scaled.jpg 625w\" data-sizes=\"(max-width: 640px) 100vw, 640px\" src=\"data:image\/svg+xml;base64,PHN2ZyB3aWR0aD0iMSIgaGVpZ2h0PSIxIiB4bWxucz0iaHR0cDovL3d3dy53My5vcmcvMjAwMC9zdmciPjwvc3ZnPg==\" style=\"--smush-placeholder-width: 640px; --smush-placeholder-aspect-ratio: 640\/1024;\" \/><\/a><figcaption class=\"wp-element-caption\"><a href=\"https:\/\/sqardance.com\/index.php\/hip-hop\/lista-de-pasos\/roger-rabbit\/\" data-type=\"page\" data-id=\"327\">Roger Rabbit en Hip Hop<\/a><\/figcaption><\/figure>\n<\/figure>\n","protected":false},"excerpt":{"rendered":"<p>Entre los pasos m\u00e1s ic\u00f3nicos del estilo de baile Lite Feet, de hecho uno de los padres del Lite Feet lo llama como uno de los dos pasos fundamentales que dieron paso a la creaci\u00f3n del Lite Feet. Qu\u00e9date a aprender c\u00f3mo se hace el paso y su historia. Contenido \u00bfC\u00f3mo se hace el paso&hellip;&nbsp;<a href=\"https:\/\/sqardance.com\/index.php\/litefeet-dance\/lista-de-pasos\/chicken-nooddle-soup\/\" rel=\"bookmark\"><span class=\"screen-reader-text\">Chicken Noodle Soup paso de Lite Feet<\/span><\/a><\/p>\n","protected":false},"author":1,"featured_media":0,"parent":999,"menu_order":0,"comment_status":"closed","ping_status":"closed","template":"","meta":{"neve_meta_sidebar":"","neve_meta_container":"","neve_meta_enable_content_width":"","neve_meta_content_width":0,"neve_meta_title_alignment":"","neve_meta_author_avatar":"","neve_post_elements_order":"","neve_meta_disable_header":"","neve_meta_disable_footer":"","neve_meta_disable_title":"","footnotes":""},"class_list":["post-1001","page","type-page","status-publish","hentry"],"_links":{"self":[{"href":"https:\/\/sqardance.com\/index.php\/wp-json\/wp\/v2\/pages\/1001","targetHints":{"allow":["GET"]}}],"collection":[{"href":"https:\/\/sqardance.com\/index.php\/wp-json\/wp\/v2\/pages"}],"about":[{"href":"https:\/\/sqardance.com\/index.php\/wp-json\/wp\/v2\/types\/page"}],"author":[{"embeddable":true,"href":"https:\/\/sqardance.com\/index.php\/wp-json\/wp\/v2\/users\/1"}],"replies":[{"embeddable":true,"href":"https:\/\/sqardance.com\/index.php\/wp-json\/wp\/v2\/comments?post=1001"}],"version-history":[{"count":14,"href":"https:\/\/sqardance.com\/index.php\/wp-json\/wp\/v2\/pages\/1001\/revisions"}],"predecessor-version":[{"id":1557,"href":"https:\/\/sqardance.com\/index.php\/wp-json\/wp\/v2\/pages\/1001\/revisions\/1557"}],"up":[{"embeddable":true,"href":"https:\/\/sqardance.com\/index.php\/wp-json\/wp\/v2\/pages\/999"}],"wp:attachment":[{"href":"https:\/\/sqardance.com\/index.php\/wp-json\/wp\/v2\/media?parent=1001"}],"curies":[{"name":"wp","href":"https:\/\/api.w.org\/{rel}","templated":true}]}}